{"id":510,"date":"2019-04-12T13:14:13","date_gmt":"2019-04-12T19:14:13","guid":{"rendered":"http:\/\/159.203.44.46\/?post_type=product&#038;p=510"},"modified":"2024-11-15T15:01:25","modified_gmt":"2024-11-15T22:01:25","slug":"v-clamp","status":"publish","type":"product","link":"https:\/\/miteytitan.com\/fr\/product\/v-clamp\/","title":{"rendered":"Collier de serrage en V"},"content":{"rendered":"Le collier de serrage en V permet d&#039;assembler solidement des composants cylindriques tels que les tuyaux d&#039;\u00e9chappement et les turbocompresseurs. Il est constitu\u00e9 d&#039;une bande m\u00e9tallique en forme de \u00ab\u00a0V\u00a0\u00bb et d&#039;un m\u00e9canisme de serrage assurant une \u00e9tanch\u00e9it\u00e9 parfaite et emp\u00eachant les fuites. Les colliers de serrage en V sont fiables, faciles \u00e0 utiliser et r\u00e9sistent aux hautes temp\u00e9ratures et pressions.","protected":false},"excerpt":{"rendered":"<p>Le collier de serrage en V permet d&#039;assembler solidement des composants cylindriques tels que les tuyaux d&#039;\u00e9chappement et les turbocompresseurs. Il est constitu\u00e9 d&#039;une bande m\u00e9tallique en forme de \u00ab\u00a0V\u00a0\u00bb\u2026<\/p>","protected":false},"featured_media":14078,"template":"","meta":{"_acf_changed":false,"om_disable_all_campaigns":false,"_monsterinsights_skip_tracking":false,"_monsterinsights_sitenote_active":false,"_monsterinsights_sitenote_note":"","_monsterinsights_sitenote_category":0},"product_brand":[],"product_cat":[31],"product_tag":[],"class_list":{"0":"post-510","1":"product","2":"type-product","3":"status-publish","4":"has-post-thumbnail","6":"product_cat-e-commerce","8":"first","9":"instock","10":"taxable","11":"shipping-taxable","12":"purchasable","13":"product-type-simple"},"acf":[],"aioseo_notices":[],"yoast_head":"<!-- This site is optimized with the Yoast SEO plugin v27.4 - https:\/\/yoast.com\/product\/yoast-seo-wordpress\/ -->\n<title>V Clamp - Mitey Titan Industries Inc<\/title>\n<meta name=\"robots\" content=\"index, follow, max-snippet:-1, max-image-preview:large, max-video-preview:-1\" \/>\n<link rel=\"canonical\" href=\"https:\/\/miteytitan.com\/fr\/product\/v-clamp\/\" \/>\n<meta property=\"og:locale\" content=\"fr_CA\" \/>\n<meta property=\"og:type\" content=\"article\" \/>\n<meta property=\"og:title\" content=\"V Clamp - Mitey Titan Industries Inc\" \/>\n<meta property=\"og:description\" content=\"V-band clamp securely joins cylindrical components like exhaust pipes and turbochargers. It features a metal band in a &#8220;V&#8221; shape with a&hellip;\" \/>\n<meta property=\"og:url\" content=\"https:\/\/miteytitan.com\/fr\/product\/v-clamp\/\" \/>\n<meta property=\"og:site_name\" content=\"Mitey Titan Industries Inc\" \/>\n<meta property=\"article:publisher\" content=\"https:\/\/www.facebook.com\/miteytitanindustriesinc\/\" \/>\n<meta property=\"article:modified_time\" content=\"2024-11-15T22:01:25+00:00\" \/>\n<meta property=\"og:image\" content=\"https:\/\/miteytitan.com\/wp-content\/uploads\/2019\/04\/DSC2640-Edit-scaled-1.jpg\" \/>\n\t<meta property=\"og:image:width\" content=\"1920\" \/>\n\t<meta property=\"og:image:height\" content=\"1322\" \/>\n\t<meta property=\"og:image:type\" content=\"image\/jpeg\" \/>\n<meta name=\"twitter:card\" content=\"summary_large_image\" \/>\n<meta name=\"twitter:label1\" content=\"Est. reading time\" \/>\n\t<meta name=\"twitter:data1\" content=\"1 minute\" \/>\n<script type=\"application\/ld+json\" class=\"yoast-schema-graph\">{\"@context\":\"https:\\\/\\\/schema.org\",\"@graph\":[{\"@type\":\"WebPage\",\"@id\":\"https:\\\/\\\/miteytitan.com\\\/product\\\/v-clamp\\\/\",\"url\":\"https:\\\/\\\/miteytitan.com\\\/product\\\/v-clamp\\\/\",\"name\":\"V Clamp - Mitey Titan Industries Inc\",\"isPartOf\":{\"@id\":\"https:\\\/\\\/miteytitan.com\\\/#website\"},\"primaryImageOfPage\":{\"@id\":\"https:\\\/\\\/miteytitan.com\\\/product\\\/v-clamp\\\/#primaryimage\"},\"image\":{\"@id\":\"https:\\\/\\\/miteytitan.com\\\/product\\\/v-clamp\\\/#primaryimage\"},\"thumbnailUrl\":\"https:\\\/\\\/miteytitan.com\\\/wp-content\\\/uploads\\\/2019\\\/04\\\/DSC2640-Edit-scaled-1.jpg\",\"datePublished\":\"2019-04-12T19:14:13+00:00\",\"dateModified\":\"2024-11-15T22:01:25+00:00\",\"breadcrumb\":{\"@id\":\"https:\\\/\\\/miteytitan.com\\\/product\\\/v-clamp\\\/#breadcrumb\"},\"inLanguage\":\"fr-CA\",\"potentialAction\":[{\"@type\":\"ReadAction\",\"target\":[\"https:\\\/\\\/miteytitan.com\\\/product\\\/v-clamp\\\/\"]}]},{\"@type\":\"ImageObject\",\"inLanguage\":\"fr-CA\",\"@id\":\"https:\\\/\\\/miteytitan.com\\\/product\\\/v-clamp\\\/#primaryimage\",\"url\":\"https:\\\/\\\/miteytitan.com\\\/wp-content\\\/uploads\\\/2019\\\/04\\\/DSC2640-Edit-scaled-1.jpg\",\"contentUrl\":\"https:\\\/\\\/miteytitan.com\\\/wp-content\\\/uploads\\\/2019\\\/04\\\/DSC2640-Edit-scaled-1.jpg\",\"width\":1920,\"height\":1322},{\"@type\":\"BreadcrumbList\",\"@id\":\"https:\\\/\\\/miteytitan.com\\\/product\\\/v-clamp\\\/#breadcrumb\",\"itemListElement\":[{\"@type\":\"ListItem\",\"position\":1,\"name\":\"Home\",\"item\":\"https:\\\/\\\/miteytitan.com\\\/\"},{\"@type\":\"ListItem\",\"position\":2,\"name\":\"V Clamp\"}]},{\"@type\":\"WebSite\",\"@id\":\"https:\\\/\\\/miteytitan.com\\\/#website\",\"url\":\"https:\\\/\\\/miteytitan.com\\\/\",\"name\":\"Mitey Titan Industries Inc\",\"description\":\"The Future ||Is {{Mitey}}\",\"publisher\":{\"@id\":\"https:\\\/\\\/miteytitan.com\\\/#organization\"},\"potentialAction\":[{\"@type\":\"SearchAction\",\"target\":{\"@type\":\"EntryPoint\",\"urlTemplate\":\"https:\\\/\\\/miteytitan.com\\\/?s={search_term_string}\"},\"query-input\":{\"@type\":\"PropertyValueSpecification\",\"valueRequired\":true,\"valueName\":\"search_term_string\"}}],\"inLanguage\":\"fr-CA\"},{\"@type\":\"Organization\",\"@id\":\"https:\\\/\\\/miteytitan.com\\\/#organization\",\"name\":\"Mitey Titan Industries Inc\",\"url\":\"https:\\\/\\\/miteytitan.com\\\/\",\"logo\":{\"@type\":\"ImageObject\",\"inLanguage\":\"fr-CA\",\"@id\":\"https:\\\/\\\/miteytitan.com\\\/#\\\/schema\\\/logo\\\/image\\\/\",\"url\":\"https:\\\/\\\/miteytitan.com\\\/wp-content\\\/uploads\\\/2024\\\/08\\\/miteytitan_logo.png\",\"contentUrl\":\"https:\\\/\\\/miteytitan.com\\\/wp-content\\\/uploads\\\/2024\\\/08\\\/miteytitan_logo.png\",\"width\":256,\"height\":60,\"caption\":\"Mitey Titan Industries Inc\"},\"image\":{\"@id\":\"https:\\\/\\\/miteytitan.com\\\/#\\\/schema\\\/logo\\\/image\\\/\"},\"sameAs\":[\"https:\\\/\\\/www.facebook.com\\\/miteytitanindustriesinc\\\/\",\"https:\\\/\\\/www.linkedin.com\\\/company\\\/mitey-titan-industries-inc.\",\"https:\\\/\\\/www.instagram.com\\\/miteytitan\\\/\",\"https:\\\/\\\/www.youtube.com\\\/channel\\\/UCwfPhYcHE5oLLdR1hjuRKJQ\"]}]}<\/script>\n<!-- \/ Yoast SEO plugin. -->","yoast_head_json":{"title":"Pince en V - Mitey Titan Industries Inc.","robots":{"index":"index","follow":"follow","max-snippet":"max-snippet:-1","max-image-preview":"max-image-preview:large","max-video-preview":"max-video-preview:-1"},"canonical":"https:\/\/miteytitan.com\/fr\/product\/v-clamp\/","og_locale":"fr_CA","og_type":"article","og_title":"V Clamp - Mitey Titan Industries Inc","og_description":"V-band clamp securely joins cylindrical components like exhaust pipes and turbochargers. It features a metal band in a &#8220;V&#8221; shape with a&hellip;","og_url":"https:\/\/miteytitan.com\/fr\/product\/v-clamp\/","og_site_name":"Mitey Titan Industries Inc","article_publisher":"https:\/\/www.facebook.com\/miteytitanindustriesinc\/","article_modified_time":"2024-11-15T22:01:25+00:00","og_image":[{"width":1920,"height":1322,"url":"https:\/\/miteytitan.com\/wp-content\/uploads\/2019\/04\/DSC2640-Edit-scaled-1.jpg","type":"image\/jpeg"}],"twitter_card":"summary_large_image","twitter_misc":{"Est. reading time":"1 minute"},"schema":{"@context":"https:\/\/schema.org","@graph":[{"@type":"WebPage","@id":"https:\/\/miteytitan.com\/product\/v-clamp\/","url":"https:\/\/miteytitan.com\/product\/v-clamp\/","name":"Pince en V - Mitey Titan Industries Inc.","isPartOf":{"@id":"https:\/\/miteytitan.com\/#website"},"primaryImageOfPage":{"@id":"https:\/\/miteytitan.com\/product\/v-clamp\/#primaryimage"},"image":{"@id":"https:\/\/miteytitan.com\/product\/v-clamp\/#primaryimage"},"thumbnailUrl":"https:\/\/miteytitan.com\/wp-content\/uploads\/2019\/04\/DSC2640-Edit-scaled-1.jpg","datePublished":"2019-04-12T19:14:13+00:00","dateModified":"2024-11-15T22:01:25+00:00","breadcrumb":{"@id":"https:\/\/miteytitan.com\/product\/v-clamp\/#breadcrumb"},"inLanguage":"fr-CA","potentialAction":[{"@type":"ReadAction","target":["https:\/\/miteytitan.com\/product\/v-clamp\/"]}]},{"@type":"ImageObject","inLanguage":"fr-CA","@id":"https:\/\/miteytitan.com\/product\/v-clamp\/#primaryimage","url":"https:\/\/miteytitan.com\/wp-content\/uploads\/2019\/04\/DSC2640-Edit-scaled-1.jpg","contentUrl":"https:\/\/miteytitan.com\/wp-content\/uploads\/2019\/04\/DSC2640-Edit-scaled-1.jpg","width":1920,"height":1322},{"@type":"BreadcrumbList","@id":"https:\/\/miteytitan.com\/product\/v-clamp\/#breadcrumb","itemListElement":[{"@type":"ListItem","position":1,"name":"Home","item":"https:\/\/miteytitan.com\/"},{"@type":"ListItem","position":2,"name":"V Clamp"}]},{"@type":"WebSite","@id":"https:\/\/miteytitan.com\/#website","url":"https:\/\/miteytitan.com\/","name":"Mitey Titan Industries Inc","description":"L&#039;avenir || est {{Mitey}}","publisher":{"@id":"https:\/\/miteytitan.com\/#organization"},"potentialAction":[{"@type":"SearchAction","target":{"@type":"EntryPoint","urlTemplate":"https:\/\/miteytitan.com\/?s={search_term_string}"},"query-input":{"@type":"PropertyValueSpecification","valueRequired":true,"valueName":"search_term_string"}}],"inLanguage":"fr-CA"},{"@type":"Organization","@id":"https:\/\/miteytitan.com\/#organization","name":"Mitey Titan Industries Inc","url":"https:\/\/miteytitan.com\/","logo":{"@type":"ImageObject","inLanguage":"fr-CA","@id":"https:\/\/miteytitan.com\/#\/schema\/logo\/image\/","url":"https:\/\/miteytitan.com\/wp-content\/uploads\/2024\/08\/miteytitan_logo.png","contentUrl":"https:\/\/miteytitan.com\/wp-content\/uploads\/2024\/08\/miteytitan_logo.png","width":256,"height":60,"caption":"Mitey Titan Industries Inc"},"image":{"@id":"https:\/\/miteytitan.com\/#\/schema\/logo\/image\/"},"sameAs":["https:\/\/www.facebook.com\/miteytitanindustriesinc\/","https:\/\/www.linkedin.com\/company\/mitey-titan-industries-inc.","https:\/\/www.instagram.com\/miteytitan\/","https:\/\/www.youtube.com\/channel\/UCwfPhYcHE5oLLdR1hjuRKJQ"]}]}},"_links":{"self":[{"href":"https:\/\/miteytitan.com\/fr\/wp-json\/wp\/v2\/product\/510","targetHints":{"allow":["GET"]}}],"collection":[{"href":"https:\/\/miteytitan.com\/fr\/wp-json\/wp\/v2\/product"}],"about":[{"href":"https:\/\/miteytitan.com\/fr\/wp-json\/wp\/v2\/types\/product"}],"wp:featuredmedia":[{"embeddable":true,"href":"https:\/\/miteytitan.com\/fr\/wp-json\/wp\/v2\/media\/14078"}],"wp:attachment":[{"href":"https:\/\/miteytitan.com\/fr\/wp-json\/wp\/v2\/media?parent=510"}],"wp:term":[{"taxonomy":"product_brand","embeddable":true,"href":"https:\/\/miteytitan.com\/fr\/wp-json\/wp\/v2\/product_brand?post=510"},{"taxonomy":"product_cat","embeddable":true,"href":"https:\/\/miteytitan.com\/fr\/wp-json\/wp\/v2\/product_cat?post=510"},{"taxonomy":"product_tag","embeddable":true,"href":"https:\/\/miteytitan.com\/fr\/wp-json\/wp\/v2\/product_tag?post=510"}],"curies":[{"name":"wp","href":"https:\/\/api.w.org\/{rel}","templated":true}]}}