{"id":251,"date":"2019-03-26T10:31:18","date_gmt":"2019-03-26T16:31:18","guid":{"rendered":"http:\/\/159.203.44.46\/?post_type=product&#038;p=251"},"modified":"2024-11-15T12:44:42","modified_gmt":"2024-11-15T19:44:42","slug":"oilfield-freeze-units","status":"publish","type":"product","link":"https:\/\/miteytitan.com\/fr\/product\/oilfield-freeze-units\/","title":{"rendered":"Unit\u00e9s de cong\u00e9lation"},"content":{"rendered":"Mitey Titan Industries fabrique et commercialise des unit\u00e9s de cong\u00e9lation cryog\u00e9nique permettant de cr\u00e9er un bouchon de cong\u00e9lation temporaire dans les puits soumis \u00e0 une pression de forage allant de faible (par exemple, 500 psi) \u00e0 \u00e9lev\u00e9e (jusqu&#039;\u00e0 15\u00a0000 psi). Les unit\u00e9s de cong\u00e9lation Mitey Titan sont utilis\u00e9es lorsqu&#039;il est impossible de contenir la pression du puits pour remplacer un \u00e9quipement endommag\u00e9 (par exemple, pour retirer des composants d&#039;un sapin de No\u00ebl inutilisables) ou pour acc\u00e9der \u00e0 l&#039;\u00e9quipement (par exemple, un sapin de No\u00ebl), sans d\u00e9truire le puits. Les unit\u00e9s de cong\u00e9lation Mitey Titan offrent une m\u00e9thode efficace et s\u00fbre pour cr\u00e9er des bouchons de cong\u00e9lation lorsque l&#039;application l&#039;exige.","protected":false},"excerpt":{"rendered":"<p>Mitey Titan Industries fabrique et vend des unit\u00e9s de cong\u00e9lation cryog\u00e9nique utilis\u00e9es pour cr\u00e9er un bouchon de cong\u00e9lation temporaire dans des puits \u00e0 basse ou haute pression\u2026<\/p>","protected":false},"featured_media":13993,"template":"","meta":{"_acf_changed":false,"om_disable_all_campaigns":false,"_monsterinsights_skip_tracking":false,"_monsterinsights_sitenote_active":false,"_monsterinsights_sitenote_note":"","_monsterinsights_sitenote_category":0},"product_brand":[],"product_cat":[30],"product_tag":[],"class_list":{"0":"post-251","1":"product","2":"type-product","3":"status-publish","4":"has-post-thumbnail","6":"product_cat-request-a-quote","8":"first","9":"instock","10":"taxable","11":"shipping-taxable","12":"product-type-simple"},"acf":[],"aioseo_notices":[],"yoast_head":"<!-- This site is optimized with the Yoast SEO plugin v27.4 - https:\/\/yoast.com\/product\/yoast-seo-wordpress\/ -->\n<title>Cryogenic Freezing Units | Mitey Titan\u2019s Solutions for Temporary Freeze Plugs<\/title>\n<meta name=\"description\" content=\"Mitey Titan\u2019s Cryogenic Freezing Units create temporary freeze plugs in wells with pressures ranging from 500 PSI to 15,000 PSI, allowing for safe equipment replacement and access.\" \/>\n<meta name=\"robots\" content=\"index, follow, max-snippet:-1, max-image-preview:large, max-video-preview:-1\" \/>\n<link rel=\"canonical\" href=\"https:\/\/miteytitan.com\/fr\/product\/oilfield-freeze-units\/\" \/>\n<meta property=\"og:locale\" content=\"fr_CA\" \/>\n<meta property=\"og:type\" content=\"article\" \/>\n<meta property=\"og:title\" content=\"Cryogenic Freezing Units | Mitey Titan\u2019s Solutions for Temporary Freeze Plugs\" \/>\n<meta property=\"og:description\" content=\"Mitey Titan\u2019s Cryogenic Freezing Units create temporary freeze plugs in wells with pressures ranging from 500 PSI to 15,000 PSI, allowing for safe equipment replacement and access.\" \/>\n<meta property=\"og:url\" content=\"https:\/\/miteytitan.com\/fr\/product\/oilfield-freeze-units\/\" \/>\n<meta property=\"og:site_name\" content=\"Mitey Titan Industries Inc\" \/>\n<meta property=\"article:publisher\" content=\"https:\/\/www.facebook.com\/miteytitanindustriesinc\/\" \/>\n<meta property=\"article:modified_time\" content=\"2024-11-15T19:44:42+00:00\" \/>\n<meta property=\"og:image\" content=\"https:\/\/miteytitan.com\/wp-content\/uploads\/2019\/03\/Oilfreeze-Unit-2-2.jpg\" \/>\n\t<meta property=\"og:image:width\" content=\"1920\" \/>\n\t<meta property=\"og:image:height\" content=\"1440\" \/>\n\t<meta property=\"og:image:type\" content=\"image\/jpeg\" \/>\n<meta name=\"twitter:card\" content=\"summary_large_image\" \/>\n<meta name=\"twitter:label1\" content=\"Est. reading time\" \/>\n\t<meta name=\"twitter:data1\" content=\"1 minute\" \/>\n<script type=\"application\/ld+json\" class=\"yoast-schema-graph\">{\"@context\":\"https:\\\/\\\/schema.org\",\"@graph\":[{\"@type\":\"WebPage\",\"@id\":\"https:\\\/\\\/miteytitan.com\\\/product\\\/oilfield-freeze-units\\\/\",\"url\":\"https:\\\/\\\/miteytitan.com\\\/product\\\/oilfield-freeze-units\\\/\",\"name\":\"Cryogenic Freezing Units | Mitey Titan\u2019s Solutions for Temporary Freeze Plugs\",\"isPartOf\":{\"@id\":\"https:\\\/\\\/miteytitan.com\\\/#website\"},\"primaryImageOfPage\":{\"@id\":\"https:\\\/\\\/miteytitan.com\\\/product\\\/oilfield-freeze-units\\\/#primaryimage\"},\"image\":{\"@id\":\"https:\\\/\\\/miteytitan.com\\\/product\\\/oilfield-freeze-units\\\/#primaryimage\"},\"thumbnailUrl\":\"https:\\\/\\\/miteytitan.com\\\/wp-content\\\/uploads\\\/2019\\\/03\\\/Oilfreeze-Unit-2-2.jpg\",\"datePublished\":\"2019-03-26T16:31:18+00:00\",\"dateModified\":\"2024-11-15T19:44:42+00:00\",\"description\":\"Mitey Titan\u2019s Cryogenic Freezing Units create temporary freeze plugs in wells with pressures ranging from 500 PSI to 15,000 PSI, allowing for safe equipment replacement and access.\",\"breadcrumb\":{\"@id\":\"https:\\\/\\\/miteytitan.com\\\/product\\\/oilfield-freeze-units\\\/#breadcrumb\"},\"inLanguage\":\"fr-CA\",\"potentialAction\":[{\"@type\":\"ReadAction\",\"target\":[\"https:\\\/\\\/miteytitan.com\\\/product\\\/oilfield-freeze-units\\\/\"]}]},{\"@type\":\"ImageObject\",\"inLanguage\":\"fr-CA\",\"@id\":\"https:\\\/\\\/miteytitan.com\\\/product\\\/oilfield-freeze-units\\\/#primaryimage\",\"url\":\"https:\\\/\\\/miteytitan.com\\\/wp-content\\\/uploads\\\/2019\\\/03\\\/Oilfreeze-Unit-2-2.jpg\",\"contentUrl\":\"https:\\\/\\\/miteytitan.com\\\/wp-content\\\/uploads\\\/2019\\\/03\\\/Oilfreeze-Unit-2-2.jpg\",\"width\":1920,\"height\":1440},{\"@type\":\"BreadcrumbList\",\"@id\":\"https:\\\/\\\/miteytitan.com\\\/product\\\/oilfield-freeze-units\\\/#breadcrumb\",\"itemListElement\":[{\"@type\":\"ListItem\",\"position\":1,\"name\":\"Home\",\"item\":\"https:\\\/\\\/miteytitan.com\\\/\"},{\"@type\":\"ListItem\",\"position\":2,\"name\":\"Freeze Units\"}]},{\"@type\":\"WebSite\",\"@id\":\"https:\\\/\\\/miteytitan.com\\\/#website\",\"url\":\"https:\\\/\\\/miteytitan.com\\\/\",\"name\":\"Mitey Titan Industries Inc\",\"description\":\"The Future ||Is {{Mitey}}\",\"publisher\":{\"@id\":\"https:\\\/\\\/miteytitan.com\\\/#organization\"},\"potentialAction\":[{\"@type\":\"SearchAction\",\"target\":{\"@type\":\"EntryPoint\",\"urlTemplate\":\"https:\\\/\\\/miteytitan.com\\\/?s={search_term_string}\"},\"query-input\":{\"@type\":\"PropertyValueSpecification\",\"valueRequired\":true,\"valueName\":\"search_term_string\"}}],\"inLanguage\":\"fr-CA\"},{\"@type\":\"Organization\",\"@id\":\"https:\\\/\\\/miteytitan.com\\\/#organization\",\"name\":\"Mitey Titan Industries Inc\",\"url\":\"https:\\\/\\\/miteytitan.com\\\/\",\"logo\":{\"@type\":\"ImageObject\",\"inLanguage\":\"fr-CA\",\"@id\":\"https:\\\/\\\/miteytitan.com\\\/#\\\/schema\\\/logo\\\/image\\\/\",\"url\":\"https:\\\/\\\/miteytitan.com\\\/wp-content\\\/uploads\\\/2024\\\/08\\\/miteytitan_logo.png\",\"contentUrl\":\"https:\\\/\\\/miteytitan.com\\\/wp-content\\\/uploads\\\/2024\\\/08\\\/miteytitan_logo.png\",\"width\":256,\"height\":60,\"caption\":\"Mitey Titan Industries Inc\"},\"image\":{\"@id\":\"https:\\\/\\\/miteytitan.com\\\/#\\\/schema\\\/logo\\\/image\\\/\"},\"sameAs\":[\"https:\\\/\\\/www.facebook.com\\\/miteytitanindustriesinc\\\/\",\"https:\\\/\\\/www.linkedin.com\\\/company\\\/mitey-titan-industries-inc.\",\"https:\\\/\\\/www.instagram.com\\\/miteytitan\\\/\",\"https:\\\/\\\/www.youtube.com\\\/channel\\\/UCwfPhYcHE5oLLdR1hjuRKJQ\"]}]}<\/script>\n<!-- \/ Yoast SEO plugin. -->","yoast_head_json":{"title":"Unit\u00e9s de cong\u00e9lation cryog\u00e9nique | Solutions Mitey Titan pour bouchons de cong\u00e9lation temporaires","description":"Les unit\u00e9s de cong\u00e9lation cryog\u00e9nique de Mitey Titan cr\u00e9ent des bouchons de cong\u00e9lation temporaires dans les puits avec des pressions allant de 500 PSI \u00e0 15 000 PSI, permettant un remplacement et un acc\u00e8s s\u00fbrs aux \u00e9quipements.","robots":{"index":"index","follow":"follow","max-snippet":"max-snippet:-1","max-image-preview":"max-image-preview:large","max-video-preview":"max-video-preview:-1"},"canonical":"https:\/\/miteytitan.com\/fr\/product\/oilfield-freeze-units\/","og_locale":"fr_CA","og_type":"article","og_title":"Cryogenic Freezing Units | Mitey Titan\u2019s Solutions for Temporary Freeze Plugs","og_description":"Mitey Titan\u2019s Cryogenic Freezing Units create temporary freeze plugs in wells with pressures ranging from 500 PSI to 15,000 PSI, allowing for safe equipment replacement and access.","og_url":"https:\/\/miteytitan.com\/fr\/product\/oilfield-freeze-units\/","og_site_name":"Mitey Titan Industries Inc","article_publisher":"https:\/\/www.facebook.com\/miteytitanindustriesinc\/","article_modified_time":"2024-11-15T19:44:42+00:00","og_image":[{"width":1920,"height":1440,"url":"https:\/\/miteytitan.com\/wp-content\/uploads\/2019\/03\/Oilfreeze-Unit-2-2.jpg","type":"image\/jpeg"}],"twitter_card":"summary_large_image","twitter_misc":{"Est. reading time":"1 minute"},"schema":{"@context":"https:\/\/schema.org","@graph":[{"@type":"WebPage","@id":"https:\/\/miteytitan.com\/product\/oilfield-freeze-units\/","url":"https:\/\/miteytitan.com\/product\/oilfield-freeze-units\/","name":"Unit\u00e9s de cong\u00e9lation cryog\u00e9nique | Solutions Mitey Titan pour bouchons de cong\u00e9lation temporaires","isPartOf":{"@id":"https:\/\/miteytitan.com\/#website"},"primaryImageOfPage":{"@id":"https:\/\/miteytitan.com\/product\/oilfield-freeze-units\/#primaryimage"},"image":{"@id":"https:\/\/miteytitan.com\/product\/oilfield-freeze-units\/#primaryimage"},"thumbnailUrl":"https:\/\/miteytitan.com\/wp-content\/uploads\/2019\/03\/Oilfreeze-Unit-2-2.jpg","datePublished":"2019-03-26T16:31:18+00:00","dateModified":"2024-11-15T19:44:42+00:00","description":"Les unit\u00e9s de cong\u00e9lation cryog\u00e9nique de Mitey Titan cr\u00e9ent des bouchons de cong\u00e9lation temporaires dans les puits avec des pressions allant de 500 PSI \u00e0 15 000 PSI, permettant un remplacement et un acc\u00e8s s\u00fbrs aux \u00e9quipements.","breadcrumb":{"@id":"https:\/\/miteytitan.com\/product\/oilfield-freeze-units\/#breadcrumb"},"inLanguage":"fr-CA","potentialAction":[{"@type":"ReadAction","target":["https:\/\/miteytitan.com\/product\/oilfield-freeze-units\/"]}]},{"@type":"ImageObject","inLanguage":"fr-CA","@id":"https:\/\/miteytitan.com\/product\/oilfield-freeze-units\/#primaryimage","url":"https:\/\/miteytitan.com\/wp-content\/uploads\/2019\/03\/Oilfreeze-Unit-2-2.jpg","contentUrl":"https:\/\/miteytitan.com\/wp-content\/uploads\/2019\/03\/Oilfreeze-Unit-2-2.jpg","width":1920,"height":1440},{"@type":"BreadcrumbList","@id":"https:\/\/miteytitan.com\/product\/oilfield-freeze-units\/#breadcrumb","itemListElement":[{"@type":"ListItem","position":1,"name":"Home","item":"https:\/\/miteytitan.com\/"},{"@type":"ListItem","position":2,"name":"Freeze Units"}]},{"@type":"WebSite","@id":"https:\/\/miteytitan.com\/#website","url":"https:\/\/miteytitan.com\/","name":"Mitey Titan Industries Inc","description":"L&#039;avenir || est {{Mitey}}","publisher":{"@id":"https:\/\/miteytitan.com\/#organization"},"potentialAction":[{"@type":"SearchAction","target":{"@type":"EntryPoint","urlTemplate":"https:\/\/miteytitan.com\/?s={search_term_string}"},"query-input":{"@type":"PropertyValueSpecification","valueRequired":true,"valueName":"search_term_string"}}],"inLanguage":"fr-CA"},{"@type":"Organization","@id":"https:\/\/miteytitan.com\/#organization","name":"Mitey Titan Industries Inc","url":"https:\/\/miteytitan.com\/","logo":{"@type":"ImageObject","inLanguage":"fr-CA","@id":"https:\/\/miteytitan.com\/#\/schema\/logo\/image\/","url":"https:\/\/miteytitan.com\/wp-content\/uploads\/2024\/08\/miteytitan_logo.png","contentUrl":"https:\/\/miteytitan.com\/wp-content\/uploads\/2024\/08\/miteytitan_logo.png","width":256,"height":60,"caption":"Mitey Titan Industries Inc"},"image":{"@id":"https:\/\/miteytitan.com\/#\/schema\/logo\/image\/"},"sameAs":["https:\/\/www.facebook.com\/miteytitanindustriesinc\/","https:\/\/www.linkedin.com\/company\/mitey-titan-industries-inc.","https:\/\/www.instagram.com\/miteytitan\/","https:\/\/www.youtube.com\/channel\/UCwfPhYcHE5oLLdR1hjuRKJQ"]}]}},"_links":{"self":[{"href":"https:\/\/miteytitan.com\/fr\/wp-json\/wp\/v2\/product\/251","targetHints":{"allow":["GET"]}}],"collection":[{"href":"https:\/\/miteytitan.com\/fr\/wp-json\/wp\/v2\/product"}],"about":[{"href":"https:\/\/miteytitan.com\/fr\/wp-json\/wp\/v2\/types\/product"}],"wp:featuredmedia":[{"embeddable":true,"href":"https:\/\/miteytitan.com\/fr\/wp-json\/wp\/v2\/media\/13993"}],"wp:attachment":[{"href":"https:\/\/miteytitan.com\/fr\/wp-json\/wp\/v2\/media?parent=251"}],"wp:term":[{"taxonomy":"product_brand","embeddable":true,"href":"https:\/\/miteytitan.com\/fr\/wp-json\/wp\/v2\/product_brand?post=251"},{"taxonomy":"product_cat","embeddable":true,"href":"https:\/\/miteytitan.com\/fr\/wp-json\/wp\/v2\/product_cat?post=251"},{"taxonomy":"product_tag","embeddable":true,"href":"https:\/\/miteytitan.com\/fr\/wp-json\/wp\/v2\/product_tag?post=251"}],"curies":[{"name":"wp","href":"https:\/\/api.w.org\/{rel}","templated":true}]}}