{"id":249,"date":"2019-03-27T23:30:12","date_gmt":"2019-03-28T05:30:12","guid":{"rendered":"http:\/\/159.203.44.46\/?post_type=product&#038;p=249"},"modified":"2024-11-15T14:09:15","modified_gmt":"2024-11-15T21:09:15","slug":"manual-and-hydraulic-catwalks","status":"publish","type":"product","link":"https:\/\/miteytitan.com\/fr\/product\/manual-and-hydraulic-catwalks\/","title":{"rendered":"Passerelles manuelles et hydrauliques"},"content":{"rendered":"Les passerelles Mitey Titan sont disponibles en deux configurations\u00a0: manuelles avec auge int\u00e9gr\u00e9e et hydrauliques t\u00e9l\u00e9command\u00e9es. Ces passerelles sont con\u00e7ues pour acheminer les tubes \u00e0 la hauteur requise vers les unit\u00e9s de reconditionnement hydraulique, les plateformes de maintenance ou les plateformes de forage.","protected":false},"excerpt":{"rendered":"<p>Mitey Titan Catwalks are available as simple Manual Catwalks with a built-in Trough or as Remote-Controlled Hydraulic Catwalks for delivery of tubulars&hellip;<\/p>","protected":false},"featured_media":297,"template":"","meta":{"_acf_changed":false,"om_disable_all_campaigns":false,"_monsterinsights_skip_tracking":false,"_monsterinsights_sitenote_active":false,"_monsterinsights_sitenote_note":"","_monsterinsights_sitenote_category":0},"product_brand":[],"product_cat":[30],"product_tag":[],"class_list":{"0":"post-249","1":"product","2":"type-product","3":"status-publish","4":"has-post-thumbnail","6":"product_cat-request-a-quote","8":"first","9":"instock","10":"taxable","11":"shipping-taxable","12":"product-type-simple"},"acf":[],"aioseo_notices":[],"yoast_head":"<!-- This site is optimized with the Yoast SEO plugin v27.4 - https:\/\/yoast.com\/product\/yoast-seo-wordpress\/ -->\n<title>Hydraulic Catwalks | Mitey Titan\u2019s Advanced Tubular Delivery Solutions<\/title>\n<meta name=\"description\" content=\"Explore Mitey Titan&#039;s Hydraulic Catwalks, available in manual and remote-controlled configurations, designed for efficient tubular delivery to workover, service, and drilling rigs.\" \/>\n<meta name=\"robots\" content=\"index, follow, max-snippet:-1, max-image-preview:large, max-video-preview:-1\" \/>\n<link rel=\"canonical\" href=\"https:\/\/miteytitan.com\/fr\/product\/manual-and-hydraulic-catwalks\/\" \/>\n<meta property=\"og:locale\" content=\"fr_CA\" \/>\n<meta property=\"og:type\" content=\"article\" \/>\n<meta property=\"og:title\" content=\"Hydraulic Catwalks | Mitey Titan\u2019s Advanced Tubular Delivery Solutions\" \/>\n<meta property=\"og:description\" content=\"Explore Mitey Titan&#039;s Hydraulic Catwalks, available in manual and remote-controlled configurations, designed for efficient tubular delivery to workover, service, and drilling rigs.\" \/>\n<meta property=\"og:url\" content=\"https:\/\/miteytitan.com\/fr\/product\/manual-and-hydraulic-catwalks\/\" \/>\n<meta property=\"og:site_name\" content=\"Mitey Titan Industries Inc\" \/>\n<meta property=\"article:publisher\" content=\"https:\/\/www.facebook.com\/miteytitanindustriesinc\/\" \/>\n<meta property=\"article:modified_time\" content=\"2024-11-15T21:09:15+00:00\" \/>\n<meta property=\"og:image\" content=\"https:\/\/miteytitan.com\/wp-content\/uploads\/2019\/03\/Hydraulic-Catwalk-Cover-Photo-2-1.jpg\" \/>\n\t<meta property=\"og:image:width\" content=\"4752\" \/>\n\t<meta property=\"og:image:height\" content=\"3168\" \/>\n\t<meta property=\"og:image:type\" content=\"image\/jpeg\" \/>\n<meta name=\"twitter:card\" content=\"summary_large_image\" \/>\n<meta name=\"twitter:label1\" content=\"Est. reading time\" \/>\n\t<meta name=\"twitter:data1\" content=\"1 minute\" \/>\n<script type=\"application\/ld+json\" class=\"yoast-schema-graph\">{\"@context\":\"https:\\\/\\\/schema.org\",\"@graph\":[{\"@type\":\"WebPage\",\"@id\":\"https:\\\/\\\/miteytitan.com\\\/product\\\/manual-and-hydraulic-catwalks\\\/\",\"url\":\"https:\\\/\\\/miteytitan.com\\\/product\\\/manual-and-hydraulic-catwalks\\\/\",\"name\":\"Hydraulic Catwalks | Mitey Titan\u2019s Advanced Tubular Delivery Solutions\",\"isPartOf\":{\"@id\":\"https:\\\/\\\/miteytitan.com\\\/#website\"},\"primaryImageOfPage\":{\"@id\":\"https:\\\/\\\/miteytitan.com\\\/product\\\/manual-and-hydraulic-catwalks\\\/#primaryimage\"},\"image\":{\"@id\":\"https:\\\/\\\/miteytitan.com\\\/product\\\/manual-and-hydraulic-catwalks\\\/#primaryimage\"},\"thumbnailUrl\":\"https:\\\/\\\/miteytitan.com\\\/wp-content\\\/uploads\\\/2019\\\/03\\\/Hydraulic-Catwalk-Cover-Photo-2-1.jpg\",\"datePublished\":\"2019-03-28T05:30:12+00:00\",\"dateModified\":\"2024-11-15T21:09:15+00:00\",\"description\":\"Explore Mitey Titan's Hydraulic Catwalks, available in manual and remote-controlled configurations, designed for efficient tubular delivery to workover, service, and drilling rigs.\",\"breadcrumb\":{\"@id\":\"https:\\\/\\\/miteytitan.com\\\/product\\\/manual-and-hydraulic-catwalks\\\/#breadcrumb\"},\"inLanguage\":\"fr-CA\",\"potentialAction\":[{\"@type\":\"ReadAction\",\"target\":[\"https:\\\/\\\/miteytitan.com\\\/product\\\/manual-and-hydraulic-catwalks\\\/\"]}]},{\"@type\":\"ImageObject\",\"inLanguage\":\"fr-CA\",\"@id\":\"https:\\\/\\\/miteytitan.com\\\/product\\\/manual-and-hydraulic-catwalks\\\/#primaryimage\",\"url\":\"https:\\\/\\\/miteytitan.com\\\/wp-content\\\/uploads\\\/2019\\\/03\\\/Hydraulic-Catwalk-Cover-Photo-2-1.jpg\",\"contentUrl\":\"https:\\\/\\\/miteytitan.com\\\/wp-content\\\/uploads\\\/2019\\\/03\\\/Hydraulic-Catwalk-Cover-Photo-2-1.jpg\",\"width\":4752,\"height\":3168,\"caption\":\"Efficient Access Solutions: Manual and Hydraulic Catwalks designed for safe and convenient access to drilling rigs or well platforms in the oil and gas industry.\"},{\"@type\":\"BreadcrumbList\",\"@id\":\"https:\\\/\\\/miteytitan.com\\\/product\\\/manual-and-hydraulic-catwalks\\\/#breadcrumb\",\"itemListElement\":[{\"@type\":\"ListItem\",\"position\":1,\"name\":\"Home\",\"item\":\"https:\\\/\\\/miteytitan.com\\\/\"},{\"@type\":\"ListItem\",\"position\":2,\"name\":\"Manual and Hydraulic Catwalks\"}]},{\"@type\":\"WebSite\",\"@id\":\"https:\\\/\\\/miteytitan.com\\\/#website\",\"url\":\"https:\\\/\\\/miteytitan.com\\\/\",\"name\":\"Mitey Titan Industries Inc\",\"description\":\"The Future ||Is {{Mitey}}\",\"publisher\":{\"@id\":\"https:\\\/\\\/miteytitan.com\\\/#organization\"},\"potentialAction\":[{\"@type\":\"SearchAction\",\"target\":{\"@type\":\"EntryPoint\",\"urlTemplate\":\"https:\\\/\\\/miteytitan.com\\\/?s={search_term_string}\"},\"query-input\":{\"@type\":\"PropertyValueSpecification\",\"valueRequired\":true,\"valueName\":\"search_term_string\"}}],\"inLanguage\":\"fr-CA\"},{\"@type\":\"Organization\",\"@id\":\"https:\\\/\\\/miteytitan.com\\\/#organization\",\"name\":\"Mitey Titan Industries Inc\",\"url\":\"https:\\\/\\\/miteytitan.com\\\/\",\"logo\":{\"@type\":\"ImageObject\",\"inLanguage\":\"fr-CA\",\"@id\":\"https:\\\/\\\/miteytitan.com\\\/#\\\/schema\\\/logo\\\/image\\\/\",\"url\":\"https:\\\/\\\/miteytitan.com\\\/wp-content\\\/uploads\\\/2024\\\/08\\\/miteytitan_logo.png\",\"contentUrl\":\"https:\\\/\\\/miteytitan.com\\\/wp-content\\\/uploads\\\/2024\\\/08\\\/miteytitan_logo.png\",\"width\":256,\"height\":60,\"caption\":\"Mitey Titan Industries Inc\"},\"image\":{\"@id\":\"https:\\\/\\\/miteytitan.com\\\/#\\\/schema\\\/logo\\\/image\\\/\"},\"sameAs\":[\"https:\\\/\\\/www.facebook.com\\\/miteytitanindustriesinc\\\/\",\"https:\\\/\\\/www.linkedin.com\\\/company\\\/mitey-titan-industries-inc.\",\"https:\\\/\\\/www.instagram.com\\\/miteytitan\\\/\",\"https:\\\/\\\/www.youtube.com\\\/channel\\\/UCwfPhYcHE5oLLdR1hjuRKJQ\"]}]}<\/script>\n<!-- \/ Yoast SEO plugin. -->","yoast_head_json":{"title":"Hydraulic Catwalks | Mitey Titan\u2019s Advanced Tubular Delivery Solutions","description":"Explore Mitey Titan's Hydraulic Catwalks, available in manual and remote-controlled configurations, designed for efficient tubular delivery to workover, service, and drilling rigs.","robots":{"index":"index","follow":"follow","max-snippet":"max-snippet:-1","max-image-preview":"max-image-preview:large","max-video-preview":"max-video-preview:-1"},"canonical":"https:\/\/miteytitan.com\/fr\/product\/manual-and-hydraulic-catwalks\/","og_locale":"fr_CA","og_type":"article","og_title":"Hydraulic Catwalks | Mitey Titan\u2019s Advanced Tubular Delivery Solutions","og_description":"Explore Mitey Titan's Hydraulic Catwalks, available in manual and remote-controlled configurations, designed for efficient tubular delivery to workover, service, and drilling rigs.","og_url":"https:\/\/miteytitan.com\/fr\/product\/manual-and-hydraulic-catwalks\/","og_site_name":"Mitey Titan Industries Inc","article_publisher":"https:\/\/www.facebook.com\/miteytitanindustriesinc\/","article_modified_time":"2024-11-15T21:09:15+00:00","og_image":[{"width":4752,"height":3168,"url":"https:\/\/miteytitan.com\/wp-content\/uploads\/2019\/03\/Hydraulic-Catwalk-Cover-Photo-2-1.jpg","type":"image\/jpeg"}],"twitter_card":"summary_large_image","twitter_misc":{"Est. reading time":"1 minute"},"schema":{"@context":"https:\/\/schema.org","@graph":[{"@type":"WebPage","@id":"https:\/\/miteytitan.com\/product\/manual-and-hydraulic-catwalks\/","url":"https:\/\/miteytitan.com\/product\/manual-and-hydraulic-catwalks\/","name":"Hydraulic Catwalks | Mitey Titan\u2019s Advanced Tubular Delivery Solutions","isPartOf":{"@id":"https:\/\/miteytitan.com\/#website"},"primaryImageOfPage":{"@id":"https:\/\/miteytitan.com\/product\/manual-and-hydraulic-catwalks\/#primaryimage"},"image":{"@id":"https:\/\/miteytitan.com\/product\/manual-and-hydraulic-catwalks\/#primaryimage"},"thumbnailUrl":"https:\/\/miteytitan.com\/wp-content\/uploads\/2019\/03\/Hydraulic-Catwalk-Cover-Photo-2-1.jpg","datePublished":"2019-03-28T05:30:12+00:00","dateModified":"2024-11-15T21:09:15+00:00","description":"Explore Mitey Titan's Hydraulic Catwalks, available in manual and remote-controlled configurations, designed for efficient tubular delivery to workover, service, and drilling rigs.","breadcrumb":{"@id":"https:\/\/miteytitan.com\/product\/manual-and-hydraulic-catwalks\/#breadcrumb"},"inLanguage":"fr-CA","potentialAction":[{"@type":"ReadAction","target":["https:\/\/miteytitan.com\/product\/manual-and-hydraulic-catwalks\/"]}]},{"@type":"ImageObject","inLanguage":"fr-CA","@id":"https:\/\/miteytitan.com\/product\/manual-and-hydraulic-catwalks\/#primaryimage","url":"https:\/\/miteytitan.com\/wp-content\/uploads\/2019\/03\/Hydraulic-Catwalk-Cover-Photo-2-1.jpg","contentUrl":"https:\/\/miteytitan.com\/wp-content\/uploads\/2019\/03\/Hydraulic-Catwalk-Cover-Photo-2-1.jpg","width":4752,"height":3168,"caption":"Efficient Access Solutions: Manual and Hydraulic Catwalks designed for safe and convenient access to drilling rigs or well platforms in the oil and gas industry."},{"@type":"BreadcrumbList","@id":"https:\/\/miteytitan.com\/product\/manual-and-hydraulic-catwalks\/#breadcrumb","itemListElement":[{"@type":"ListItem","position":1,"name":"Home","item":"https:\/\/miteytitan.com\/"},{"@type":"ListItem","position":2,"name":"Manual and Hydraulic Catwalks"}]},{"@type":"WebSite","@id":"https:\/\/miteytitan.com\/#website","url":"https:\/\/miteytitan.com\/","name":"Mitey Titan Industries Inc","description":"L&#039;avenir || est {{Mitey}}","publisher":{"@id":"https:\/\/miteytitan.com\/#organization"},"potentialAction":[{"@type":"SearchAction","target":{"@type":"EntryPoint","urlTemplate":"https:\/\/miteytitan.com\/?s={search_term_string}"},"query-input":{"@type":"PropertyValueSpecification","valueRequired":true,"valueName":"search_term_string"}}],"inLanguage":"fr-CA"},{"@type":"Organization","@id":"https:\/\/miteytitan.com\/#organization","name":"Mitey Titan Industries Inc","url":"https:\/\/miteytitan.com\/","logo":{"@type":"ImageObject","inLanguage":"fr-CA","@id":"https:\/\/miteytitan.com\/#\/schema\/logo\/image\/","url":"https:\/\/miteytitan.com\/wp-content\/uploads\/2024\/08\/miteytitan_logo.png","contentUrl":"https:\/\/miteytitan.com\/wp-content\/uploads\/2024\/08\/miteytitan_logo.png","width":256,"height":60,"caption":"Mitey Titan Industries Inc"},"image":{"@id":"https:\/\/miteytitan.com\/#\/schema\/logo\/image\/"},"sameAs":["https:\/\/www.facebook.com\/miteytitanindustriesinc\/","https:\/\/www.linkedin.com\/company\/mitey-titan-industries-inc.","https:\/\/www.instagram.com\/miteytitan\/","https:\/\/www.youtube.com\/channel\/UCwfPhYcHE5oLLdR1hjuRKJQ"]}]}},"_links":{"self":[{"href":"https:\/\/miteytitan.com\/fr\/wp-json\/wp\/v2\/product\/249","targetHints":{"allow":["GET"]}}],"collection":[{"href":"https:\/\/miteytitan.com\/fr\/wp-json\/wp\/v2\/product"}],"about":[{"href":"https:\/\/miteytitan.com\/fr\/wp-json\/wp\/v2\/types\/product"}],"wp:featuredmedia":[{"embeddable":true,"href":"https:\/\/miteytitan.com\/fr\/wp-json\/wp\/v2\/media\/297"}],"wp:attachment":[{"href":"https:\/\/miteytitan.com\/fr\/wp-json\/wp\/v2\/media?parent=249"}],"wp:term":[{"taxonomy":"product_brand","embeddable":true,"href":"https:\/\/miteytitan.com\/fr\/wp-json\/wp\/v2\/product_brand?post=249"},{"taxonomy":"product_cat","embeddable":true,"href":"https:\/\/miteytitan.com\/fr\/wp-json\/wp\/v2\/product_cat?post=249"},{"taxonomy":"product_tag","embeddable":true,"href":"https:\/\/miteytitan.com\/fr\/wp-json\/wp\/v2\/product_tag?post=249"}],"curies":[{"name":"wp","href":"https:\/\/api.w.org\/{rel}","templated":true}]}}