{"id":246,"date":"2019-03-26T20:20:32","date_gmt":"2019-03-27T02:20:32","guid":{"rendered":"http:\/\/159.203.44.46\/?post_type=product&#038;p=246"},"modified":"2024-11-15T13:55:37","modified_gmt":"2024-11-15T20:55:37","slug":"gravel-pack-blender-and-sand-mixing-units","status":"publish","type":"product","link":"https:\/\/miteytitan.com\/fr\/product\/gravel-pack-blender-and-sand-mixing-units\/","title":{"rendered":"Unit\u00e9s de m\u00e9lange de gravier et de sable"},"content":{"rendered":"Mitey Titan Industries se sp\u00e9cialise dans la fabrication et la fourniture de m\u00e9langeurs de gravier (GPB) et d&#039;unit\u00e9s de m\u00e9lange de sable (SMU) hautes performances, con\u00e7us pour r\u00e9pondre aux divers besoins des champs p\u00e9trolif\u00e8res terrestres et offshore. Sp\u00e9cialement con\u00e7us pour le m\u00e9lange continu de boues de gravier dans des environnements offshore, les GPB et SMU r\u00e9gulent avec pr\u00e9cision les concentrations de sable, m\u00eame \u00e0 de faibles d\u00e9bits de pompage et \u00e0 de faibles rapports solide\/liquide. Cette unit\u00e9 \u00e9conomique est particuli\u00e8rement bien adapt\u00e9e aux op\u00e9rations de gravier et de conditionnement d&#039;eau \u00e0 haut d\u00e9bit.","protected":false},"excerpt":{"rendered":"<p>Mitey Titan Industries est sp\u00e9cialis\u00e9e dans la production et la distribution de m\u00e9langeurs de gravier (GPB) et d&#039;unit\u00e9s de m\u00e9lange de sable (SMU) haute performance con\u00e7us pour\u2026<\/p>","protected":false},"featured_media":14005,"template":"","meta":{"_acf_changed":false,"om_disable_all_campaigns":false,"_monsterinsights_skip_tracking":false,"_monsterinsights_sitenote_active":false,"_monsterinsights_sitenote_note":"","_monsterinsights_sitenote_category":0},"product_brand":[],"product_cat":[30],"product_tag":[],"class_list":{"0":"post-246","1":"product","2":"type-product","3":"status-publish","4":"has-post-thumbnail","6":"product_cat-request-a-quote","8":"first","9":"instock","10":"taxable","11":"shipping-taxable","12":"product-type-simple"},"acf":[],"aioseo_notices":[],"yoast_head":"<!-- This site is optimized with the Yoast SEO plugin v27.4 - https:\/\/yoast.com\/product\/yoast-seo-wordpress\/ -->\n<title>High-Performance Gravel Pack Blenders and Sand Mixing Units | Mitey Titan Industries Inc.<\/title>\n<meta name=\"description\" content=\"Explore Mitey Titan\u2019s Gravel Pack Blenders and Sand Mixing Units, designed for precise slurry mixing in onshore and offshore oilfield operations. Durable, efficient, and cost-effective solutions\" \/>\n<meta name=\"robots\" content=\"index, follow, max-snippet:-1, max-image-preview:large, max-video-preview:-1\" \/>\n<link rel=\"canonical\" href=\"https:\/\/miteytitan.com\/fr\/product\/gravel-pack-blender-and-sand-mixing-units\/\" \/>\n<meta property=\"og:locale\" content=\"fr_CA\" \/>\n<meta property=\"og:type\" content=\"article\" \/>\n<meta property=\"og:title\" content=\"High-Performance Gravel Pack Blenders and Sand Mixing Units | Mitey Titan Industries Inc.\" \/>\n<meta property=\"og:description\" content=\"Explore Mitey Titan\u2019s Gravel Pack Blenders and Sand Mixing Units, designed for precise slurry mixing in onshore and offshore oilfield operations. Durable, efficient, and cost-effective solutions\" \/>\n<meta property=\"og:url\" content=\"https:\/\/miteytitan.com\/fr\/product\/gravel-pack-blender-and-sand-mixing-units\/\" \/>\n<meta property=\"og:site_name\" content=\"Mitey Titan Industries Inc\" \/>\n<meta property=\"article:publisher\" content=\"https:\/\/www.facebook.com\/miteytitanindustriesinc\/\" \/>\n<meta property=\"article:modified_time\" content=\"2024-11-15T20:55:37+00:00\" \/>\n<meta property=\"og:image\" content=\"https:\/\/miteytitan.com\/wp-content\/uploads\/2019\/03\/Gravel-Blender-1.jpg\" \/>\n\t<meta property=\"og:image:width\" content=\"1920\" \/>\n\t<meta property=\"og:image:height\" content=\"1440\" \/>\n\t<meta property=\"og:image:type\" content=\"image\/jpeg\" \/>\n<meta name=\"twitter:card\" content=\"summary_large_image\" \/>\n<meta name=\"twitter:label1\" content=\"Est. reading time\" \/>\n\t<meta name=\"twitter:data1\" content=\"1 minute\" \/>\n<script type=\"application\/ld+json\" class=\"yoast-schema-graph\">{\"@context\":\"https:\\\/\\\/schema.org\",\"@graph\":[{\"@type\":\"WebPage\",\"@id\":\"https:\\\/\\\/miteytitan.com\\\/product\\\/gravel-pack-blender-and-sand-mixing-units\\\/\",\"url\":\"https:\\\/\\\/miteytitan.com\\\/product\\\/gravel-pack-blender-and-sand-mixing-units\\\/\",\"name\":\"High-Performance Gravel Pack Blenders and Sand Mixing Units | Mitey Titan Industries Inc.\",\"isPartOf\":{\"@id\":\"https:\\\/\\\/miteytitan.com\\\/#website\"},\"primaryImageOfPage\":{\"@id\":\"https:\\\/\\\/miteytitan.com\\\/product\\\/gravel-pack-blender-and-sand-mixing-units\\\/#primaryimage\"},\"image\":{\"@id\":\"https:\\\/\\\/miteytitan.com\\\/product\\\/gravel-pack-blender-and-sand-mixing-units\\\/#primaryimage\"},\"thumbnailUrl\":\"https:\\\/\\\/miteytitan.com\\\/wp-content\\\/uploads\\\/2019\\\/03\\\/Gravel-Blender-1.jpg\",\"datePublished\":\"2019-03-27T02:20:32+00:00\",\"dateModified\":\"2024-11-15T20:55:37+00:00\",\"description\":\"Explore Mitey Titan\u2019s Gravel Pack Blenders and Sand Mixing Units, designed for precise slurry mixing in onshore and offshore oilfield operations. Durable, efficient, and cost-effective solutions\",\"breadcrumb\":{\"@id\":\"https:\\\/\\\/miteytitan.com\\\/product\\\/gravel-pack-blender-and-sand-mixing-units\\\/#breadcrumb\"},\"inLanguage\":\"fr-CA\",\"potentialAction\":[{\"@type\":\"ReadAction\",\"target\":[\"https:\\\/\\\/miteytitan.com\\\/product\\\/gravel-pack-blender-and-sand-mixing-units\\\/\"]}]},{\"@type\":\"ImageObject\",\"inLanguage\":\"fr-CA\",\"@id\":\"https:\\\/\\\/miteytitan.com\\\/product\\\/gravel-pack-blender-and-sand-mixing-units\\\/#primaryimage\",\"url\":\"https:\\\/\\\/miteytitan.com\\\/wp-content\\\/uploads\\\/2019\\\/03\\\/Gravel-Blender-1.jpg\",\"contentUrl\":\"https:\\\/\\\/miteytitan.com\\\/wp-content\\\/uploads\\\/2019\\\/03\\\/Gravel-Blender-1.jpg\",\"width\":1920,\"height\":1440},{\"@type\":\"BreadcrumbList\",\"@id\":\"https:\\\/\\\/miteytitan.com\\\/product\\\/gravel-pack-blender-and-sand-mixing-units\\\/#breadcrumb\",\"itemListElement\":[{\"@type\":\"ListItem\",\"position\":1,\"name\":\"Home\",\"item\":\"https:\\\/\\\/miteytitan.com\\\/\"},{\"@type\":\"ListItem\",\"position\":2,\"name\":\"Gravel Pack Blender and Sand Mixing Units\"}]},{\"@type\":\"WebSite\",\"@id\":\"https:\\\/\\\/miteytitan.com\\\/#website\",\"url\":\"https:\\\/\\\/miteytitan.com\\\/\",\"name\":\"Mitey Titan Industries Inc\",\"description\":\"The Future ||Is {{Mitey}}\",\"publisher\":{\"@id\":\"https:\\\/\\\/miteytitan.com\\\/#organization\"},\"potentialAction\":[{\"@type\":\"SearchAction\",\"target\":{\"@type\":\"EntryPoint\",\"urlTemplate\":\"https:\\\/\\\/miteytitan.com\\\/?s={search_term_string}\"},\"query-input\":{\"@type\":\"PropertyValueSpecification\",\"valueRequired\":true,\"valueName\":\"search_term_string\"}}],\"inLanguage\":\"fr-CA\"},{\"@type\":\"Organization\",\"@id\":\"https:\\\/\\\/miteytitan.com\\\/#organization\",\"name\":\"Mitey Titan Industries Inc\",\"url\":\"https:\\\/\\\/miteytitan.com\\\/\",\"logo\":{\"@type\":\"ImageObject\",\"inLanguage\":\"fr-CA\",\"@id\":\"https:\\\/\\\/miteytitan.com\\\/#\\\/schema\\\/logo\\\/image\\\/\",\"url\":\"https:\\\/\\\/miteytitan.com\\\/wp-content\\\/uploads\\\/2024\\\/08\\\/miteytitan_logo.png\",\"contentUrl\":\"https:\\\/\\\/miteytitan.com\\\/wp-content\\\/uploads\\\/2024\\\/08\\\/miteytitan_logo.png\",\"width\":256,\"height\":60,\"caption\":\"Mitey Titan Industries Inc\"},\"image\":{\"@id\":\"https:\\\/\\\/miteytitan.com\\\/#\\\/schema\\\/logo\\\/image\\\/\"},\"sameAs\":[\"https:\\\/\\\/www.facebook.com\\\/miteytitanindustriesinc\\\/\",\"https:\\\/\\\/www.linkedin.com\\\/company\\\/mitey-titan-industries-inc.\",\"https:\\\/\\\/www.instagram.com\\\/miteytitan\\\/\",\"https:\\\/\\\/www.youtube.com\\\/channel\\\/UCwfPhYcHE5oLLdR1hjuRKJQ\"]}]}<\/script>\n<!-- \/ Yoast SEO plugin. -->","yoast_head_json":{"title":"M\u00e9langeurs de gravier et unit\u00e9s de m\u00e9lange de sable haute performance | Mitey Titan Industries Inc.","description":"D\u00e9couvrez les m\u00e9langeurs de gravier et les unit\u00e9s de m\u00e9lange de sable de Mitey Titan, con\u00e7us pour un m\u00e9lange pr\u00e9cis de boues dans les op\u00e9rations p\u00e9troli\u00e8res terrestres et offshore. Des solutions durables, efficaces et \u00e9conomiques.","robots":{"index":"index","follow":"follow","max-snippet":"max-snippet:-1","max-image-preview":"max-image-preview:large","max-video-preview":"max-video-preview:-1"},"canonical":"https:\/\/miteytitan.com\/fr\/product\/gravel-pack-blender-and-sand-mixing-units\/","og_locale":"fr_CA","og_type":"article","og_title":"High-Performance Gravel Pack Blenders and Sand Mixing Units | Mitey Titan Industries Inc.","og_description":"Explore Mitey Titan\u2019s Gravel Pack Blenders and Sand Mixing Units, designed for precise slurry mixing in onshore and offshore oilfield operations. Durable, efficient, and cost-effective solutions","og_url":"https:\/\/miteytitan.com\/fr\/product\/gravel-pack-blender-and-sand-mixing-units\/","og_site_name":"Mitey Titan Industries Inc","article_publisher":"https:\/\/www.facebook.com\/miteytitanindustriesinc\/","article_modified_time":"2024-11-15T20:55:37+00:00","og_image":[{"width":1920,"height":1440,"url":"https:\/\/miteytitan.com\/wp-content\/uploads\/2019\/03\/Gravel-Blender-1.jpg","type":"image\/jpeg"}],"twitter_card":"summary_large_image","twitter_misc":{"Est. reading time":"1 minute"},"schema":{"@context":"https:\/\/schema.org","@graph":[{"@type":"WebPage","@id":"https:\/\/miteytitan.com\/product\/gravel-pack-blender-and-sand-mixing-units\/","url":"https:\/\/miteytitan.com\/product\/gravel-pack-blender-and-sand-mixing-units\/","name":"M\u00e9langeurs de gravier et unit\u00e9s de m\u00e9lange de sable haute performance | Mitey Titan Industries Inc.","isPartOf":{"@id":"https:\/\/miteytitan.com\/#website"},"primaryImageOfPage":{"@id":"https:\/\/miteytitan.com\/product\/gravel-pack-blender-and-sand-mixing-units\/#primaryimage"},"image":{"@id":"https:\/\/miteytitan.com\/product\/gravel-pack-blender-and-sand-mixing-units\/#primaryimage"},"thumbnailUrl":"https:\/\/miteytitan.com\/wp-content\/uploads\/2019\/03\/Gravel-Blender-1.jpg","datePublished":"2019-03-27T02:20:32+00:00","dateModified":"2024-11-15T20:55:37+00:00","description":"D\u00e9couvrez les m\u00e9langeurs de gravier et les unit\u00e9s de m\u00e9lange de sable de Mitey Titan, con\u00e7us pour un m\u00e9lange pr\u00e9cis de boues dans les op\u00e9rations p\u00e9troli\u00e8res terrestres et offshore. Des solutions durables, efficaces et \u00e9conomiques.","breadcrumb":{"@id":"https:\/\/miteytitan.com\/product\/gravel-pack-blender-and-sand-mixing-units\/#breadcrumb"},"inLanguage":"fr-CA","potentialAction":[{"@type":"ReadAction","target":["https:\/\/miteytitan.com\/product\/gravel-pack-blender-and-sand-mixing-units\/"]}]},{"@type":"ImageObject","inLanguage":"fr-CA","@id":"https:\/\/miteytitan.com\/product\/gravel-pack-blender-and-sand-mixing-units\/#primaryimage","url":"https:\/\/miteytitan.com\/wp-content\/uploads\/2019\/03\/Gravel-Blender-1.jpg","contentUrl":"https:\/\/miteytitan.com\/wp-content\/uploads\/2019\/03\/Gravel-Blender-1.jpg","width":1920,"height":1440},{"@type":"BreadcrumbList","@id":"https:\/\/miteytitan.com\/product\/gravel-pack-blender-and-sand-mixing-units\/#breadcrumb","itemListElement":[{"@type":"ListItem","position":1,"name":"Home","item":"https:\/\/miteytitan.com\/"},{"@type":"ListItem","position":2,"name":"Gravel Pack Blender and Sand Mixing Units"}]},{"@type":"WebSite","@id":"https:\/\/miteytitan.com\/#website","url":"https:\/\/miteytitan.com\/","name":"Mitey Titan Industries Inc","description":"L&#039;avenir || est {{Mitey}}","publisher":{"@id":"https:\/\/miteytitan.com\/#organization"},"potentialAction":[{"@type":"SearchAction","target":{"@type":"EntryPoint","urlTemplate":"https:\/\/miteytitan.com\/?s={search_term_string}"},"query-input":{"@type":"PropertyValueSpecification","valueRequired":true,"valueName":"search_term_string"}}],"inLanguage":"fr-CA"},{"@type":"Organization","@id":"https:\/\/miteytitan.com\/#organization","name":"Mitey Titan Industries Inc","url":"https:\/\/miteytitan.com\/","logo":{"@type":"ImageObject","inLanguage":"fr-CA","@id":"https:\/\/miteytitan.com\/#\/schema\/logo\/image\/","url":"https:\/\/miteytitan.com\/wp-content\/uploads\/2024\/08\/miteytitan_logo.png","contentUrl":"https:\/\/miteytitan.com\/wp-content\/uploads\/2024\/08\/miteytitan_logo.png","width":256,"height":60,"caption":"Mitey Titan Industries Inc"},"image":{"@id":"https:\/\/miteytitan.com\/#\/schema\/logo\/image\/"},"sameAs":["https:\/\/www.facebook.com\/miteytitanindustriesinc\/","https:\/\/www.linkedin.com\/company\/mitey-titan-industries-inc.","https:\/\/www.instagram.com\/miteytitan\/","https:\/\/www.youtube.com\/channel\/UCwfPhYcHE5oLLdR1hjuRKJQ"]}]}},"_links":{"self":[{"href":"https:\/\/miteytitan.com\/fr\/wp-json\/wp\/v2\/product\/246","targetHints":{"allow":["GET"]}}],"collection":[{"href":"https:\/\/miteytitan.com\/fr\/wp-json\/wp\/v2\/product"}],"about":[{"href":"https:\/\/miteytitan.com\/fr\/wp-json\/wp\/v2\/types\/product"}],"wp:featuredmedia":[{"embeddable":true,"href":"https:\/\/miteytitan.com\/fr\/wp-json\/wp\/v2\/media\/14005"}],"wp:attachment":[{"href":"https:\/\/miteytitan.com\/fr\/wp-json\/wp\/v2\/media?parent=246"}],"wp:term":[{"taxonomy":"product_brand","embeddable":true,"href":"https:\/\/miteytitan.com\/fr\/wp-json\/wp\/v2\/product_brand?post=246"},{"taxonomy":"product_cat","embeddable":true,"href":"https:\/\/miteytitan.com\/fr\/wp-json\/wp\/v2\/product_cat?post=246"},{"taxonomy":"product_tag","embeddable":true,"href":"https:\/\/miteytitan.com\/fr\/wp-json\/wp\/v2\/product_tag?post=246"}],"curies":[{"name":"wp","href":"https:\/\/api.w.org\/{rel}","templated":true}]}}