{"id":239,"date":"2019-03-27T22:00:39","date_gmt":"2019-03-28T04:00:39","guid":{"rendered":"http:\/\/159.203.44.46\/?post_type=product&#038;p=239"},"modified":"2024-11-15T13:59:10","modified_gmt":"2024-11-15T20:59:10","slug":"hanger-flanges","status":"publish","type":"product","link":"https:\/\/miteytitan.com\/fr\/product\/hanger-flanges\/","title":{"rendered":"Brides de suspension"},"content":{"rendered":"Les brides de suspension Mitey Titan servent d&#039;appareil de s\u00e9curit\u00e9 vital pendant l&#039;entretien des puits et les op\u00e9rations de forage sous \u00e9quilibrage, permettant la suspension s\u00e9curis\u00e9e des colonnes de tubes. Ces brides sont con\u00e7ues avec des v\u00e9rins extensibles et r\u00e9tractables manuellement, capables d&#039;engager une gamme de tailles tubulaires tout en garantissant un al\u00e9sage complet lorsque les v\u00e9rins sont enti\u00e8rement r\u00e9tract\u00e9s. Les extr\u00e9mit\u00e9s du v\u00e9rin de la bride de suspension sont con\u00e7ues de mani\u00e8re similaire aux matrices de glissement MT Gripper, fournissant un support vertical pour maintenir la colonne tubulaire en place \u00e0 l&#039;aide de la bride de suspension.","protected":false},"excerpt":{"rendered":"<p>Les brides de suspension Mitey Titan sont essentielles pour la s\u00e9curit\u00e9 lors des op\u00e9rations d&#039;entretien des puits et du forage sous pression. Elles permettent une suspension s\u00e9curis\u00e9e\u2026<\/p>","protected":false},"featured_media":11299,"template":"","meta":{"_acf_changed":false,"om_disable_all_campaigns":false,"_monsterinsights_skip_tracking":false,"_monsterinsights_sitenote_active":false,"_monsterinsights_sitenote_note":"","_monsterinsights_sitenote_category":0},"product_brand":[],"product_cat":[30],"product_tag":[],"class_list":{"0":"post-239","1":"product","2":"type-product","3":"status-publish","4":"has-post-thumbnail","6":"product_cat-request-a-quote","8":"first","9":"instock","10":"taxable","11":"shipping-taxable","12":"product-type-simple"},"acf":[],"aioseo_notices":[],"yoast_head":"<!-- This site is optimized with the Yoast SEO plugin v27.4 - https:\/\/yoast.com\/product\/yoast-seo-wordpress\/ -->\n<title>Hanger Flanges - Mitey Titan Industries Inc<\/title>\n<meta name=\"description\" content=\"Discover Mitey Titan&#039;s Hanger Flanges designed for safe and efficient well servicing and under balance drilling. Featuring extendable and retractable rams for secure tubular hanging.\" \/>\n<meta name=\"robots\" content=\"index, follow, max-snippet:-1, max-image-preview:large, max-video-preview:-1\" \/>\n<link rel=\"canonical\" href=\"https:\/\/miteytitan.com\/fr\/product\/hanger-flanges\/\" \/>\n<meta property=\"og:locale\" content=\"fr_CA\" \/>\n<meta property=\"og:type\" content=\"article\" \/>\n<meta property=\"og:title\" content=\"Hanger Flanges - Mitey Titan Industries Inc\" \/>\n<meta property=\"og:description\" content=\"Discover Mitey Titan&#039;s Hanger Flanges designed for safe and efficient well servicing and under balance drilling. Featuring extendable and retractable rams for secure tubular hanging.\" \/>\n<meta property=\"og:url\" content=\"https:\/\/miteytitan.com\/fr\/product\/hanger-flanges\/\" \/>\n<meta property=\"og:site_name\" content=\"Mitey Titan Industries Inc\" \/>\n<meta property=\"article:publisher\" content=\"https:\/\/www.facebook.com\/miteytitanindustriesinc\/\" \/>\n<meta property=\"article:modified_time\" content=\"2024-11-15T20:59:10+00:00\" \/>\n<meta property=\"og:image\" content=\"https:\/\/miteytitan.com\/wp-content\/uploads\/2019\/03\/DSC3359-Edit-scaled.jpg\" \/>\n\t<meta property=\"og:image:width\" content=\"2560\" \/>\n\t<meta property=\"og:image:height\" content=\"1778\" \/>\n\t<meta property=\"og:image:type\" content=\"image\/jpeg\" \/>\n<meta name=\"twitter:card\" content=\"summary_large_image\" \/>\n<meta name=\"twitter:label1\" content=\"Est. reading time\" \/>\n\t<meta name=\"twitter:data1\" content=\"1 minute\" \/>\n<script type=\"application\/ld+json\" class=\"yoast-schema-graph\">{\"@context\":\"https:\\\/\\\/schema.org\",\"@graph\":[{\"@type\":\"WebPage\",\"@id\":\"https:\\\/\\\/miteytitan.com\\\/product\\\/hanger-flanges\\\/\",\"url\":\"https:\\\/\\\/miteytitan.com\\\/product\\\/hanger-flanges\\\/\",\"name\":\"Hanger Flanges - Mitey Titan Industries Inc\",\"isPartOf\":{\"@id\":\"https:\\\/\\\/miteytitan.com\\\/#website\"},\"primaryImageOfPage\":{\"@id\":\"https:\\\/\\\/miteytitan.com\\\/product\\\/hanger-flanges\\\/#primaryimage\"},\"image\":{\"@id\":\"https:\\\/\\\/miteytitan.com\\\/product\\\/hanger-flanges\\\/#primaryimage\"},\"thumbnailUrl\":\"https:\\\/\\\/miteytitan.com\\\/wp-content\\\/uploads\\\/2019\\\/03\\\/DSC3359-Edit-scaled.jpg\",\"datePublished\":\"2019-03-28T04:00:39+00:00\",\"dateModified\":\"2024-11-15T20:59:10+00:00\",\"description\":\"Discover Mitey Titan's Hanger Flanges designed for safe and efficient well servicing and under balance drilling. Featuring extendable and retractable rams for secure tubular hanging.\",\"breadcrumb\":{\"@id\":\"https:\\\/\\\/miteytitan.com\\\/product\\\/hanger-flanges\\\/#breadcrumb\"},\"inLanguage\":\"fr-CA\",\"potentialAction\":[{\"@type\":\"ReadAction\",\"target\":[\"https:\\\/\\\/miteytitan.com\\\/product\\\/hanger-flanges\\\/\"]}]},{\"@type\":\"ImageObject\",\"inLanguage\":\"fr-CA\",\"@id\":\"https:\\\/\\\/miteytitan.com\\\/product\\\/hanger-flanges\\\/#primaryimage\",\"url\":\"https:\\\/\\\/miteytitan.com\\\/wp-content\\\/uploads\\\/2019\\\/03\\\/DSC3359-Edit-scaled.jpg\",\"contentUrl\":\"https:\\\/\\\/miteytitan.com\\\/wp-content\\\/uploads\\\/2019\\\/03\\\/DSC3359-Edit-scaled.jpg\",\"width\":2560,\"height\":1778,\"caption\":\"Hanger flanges: Crucial elements in the oil and gas sector, providing secure support and alignment for wellhead equipment and associated components.\"},{\"@type\":\"BreadcrumbList\",\"@id\":\"https:\\\/\\\/miteytitan.com\\\/product\\\/hanger-flanges\\\/#breadcrumb\",\"itemListElement\":[{\"@type\":\"ListItem\",\"position\":1,\"name\":\"Home\",\"item\":\"https:\\\/\\\/miteytitan.com\\\/\"},{\"@type\":\"ListItem\",\"position\":2,\"name\":\"Hanger Flanges\"}]},{\"@type\":\"WebSite\",\"@id\":\"https:\\\/\\\/miteytitan.com\\\/#website\",\"url\":\"https:\\\/\\\/miteytitan.com\\\/\",\"name\":\"Mitey Titan Industries Inc\",\"description\":\"The Future ||Is {{Mitey}}\",\"publisher\":{\"@id\":\"https:\\\/\\\/miteytitan.com\\\/#organization\"},\"potentialAction\":[{\"@type\":\"SearchAction\",\"target\":{\"@type\":\"EntryPoint\",\"urlTemplate\":\"https:\\\/\\\/miteytitan.com\\\/?s={search_term_string}\"},\"query-input\":{\"@type\":\"PropertyValueSpecification\",\"valueRequired\":true,\"valueName\":\"search_term_string\"}}],\"inLanguage\":\"fr-CA\"},{\"@type\":\"Organization\",\"@id\":\"https:\\\/\\\/miteytitan.com\\\/#organization\",\"name\":\"Mitey Titan Industries Inc\",\"url\":\"https:\\\/\\\/miteytitan.com\\\/\",\"logo\":{\"@type\":\"ImageObject\",\"inLanguage\":\"fr-CA\",\"@id\":\"https:\\\/\\\/miteytitan.com\\\/#\\\/schema\\\/logo\\\/image\\\/\",\"url\":\"https:\\\/\\\/miteytitan.com\\\/wp-content\\\/uploads\\\/2024\\\/08\\\/miteytitan_logo.png\",\"contentUrl\":\"https:\\\/\\\/miteytitan.com\\\/wp-content\\\/uploads\\\/2024\\\/08\\\/miteytitan_logo.png\",\"width\":256,\"height\":60,\"caption\":\"Mitey Titan Industries Inc\"},\"image\":{\"@id\":\"https:\\\/\\\/miteytitan.com\\\/#\\\/schema\\\/logo\\\/image\\\/\"},\"sameAs\":[\"https:\\\/\\\/www.facebook.com\\\/miteytitanindustriesinc\\\/\",\"https:\\\/\\\/www.linkedin.com\\\/company\\\/mitey-titan-industries-inc.\",\"https:\\\/\\\/www.instagram.com\\\/miteytitan\\\/\",\"https:\\\/\\\/www.youtube.com\\\/channel\\\/UCwfPhYcHE5oLLdR1hjuRKJQ\"]}]}<\/script>\n<!-- \/ Yoast SEO plugin. -->","yoast_head_json":{"title":"Brides de suspension - Mitey Titan Industries Inc.","description":"D\u00e9couvrez les brides de suspension Mitey Titan, con\u00e7ues pour une maintenance de puits s\u00fbre et efficace, ainsi que pour le forage sous pression. Elles sont dot\u00e9es de v\u00e9rins extensibles et r\u00e9tractables pour une suspension tubulaire s\u00e9curis\u00e9e.","robots":{"index":"index","follow":"follow","max-snippet":"max-snippet:-1","max-image-preview":"max-image-preview:large","max-video-preview":"max-video-preview:-1"},"canonical":"https:\/\/miteytitan.com\/fr\/product\/hanger-flanges\/","og_locale":"fr_CA","og_type":"article","og_title":"Hanger Flanges - Mitey Titan Industries Inc","og_description":"Discover Mitey Titan's Hanger Flanges designed for safe and efficient well servicing and under balance drilling. Featuring extendable and retractable rams for secure tubular hanging.","og_url":"https:\/\/miteytitan.com\/fr\/product\/hanger-flanges\/","og_site_name":"Mitey Titan Industries Inc","article_publisher":"https:\/\/www.facebook.com\/miteytitanindustriesinc\/","article_modified_time":"2024-11-15T20:59:10+00:00","og_image":[{"width":2560,"height":1778,"url":"https:\/\/miteytitan.com\/wp-content\/uploads\/2019\/03\/DSC3359-Edit-scaled.jpg","type":"image\/jpeg"}],"twitter_card":"summary_large_image","twitter_misc":{"Est. reading time":"1 minute"},"schema":{"@context":"https:\/\/schema.org","@graph":[{"@type":"WebPage","@id":"https:\/\/miteytitan.com\/product\/hanger-flanges\/","url":"https:\/\/miteytitan.com\/product\/hanger-flanges\/","name":"Brides de suspension - Mitey Titan Industries Inc.","isPartOf":{"@id":"https:\/\/miteytitan.com\/#website"},"primaryImageOfPage":{"@id":"https:\/\/miteytitan.com\/product\/hanger-flanges\/#primaryimage"},"image":{"@id":"https:\/\/miteytitan.com\/product\/hanger-flanges\/#primaryimage"},"thumbnailUrl":"https:\/\/miteytitan.com\/wp-content\/uploads\/2019\/03\/DSC3359-Edit-scaled.jpg","datePublished":"2019-03-28T04:00:39+00:00","dateModified":"2024-11-15T20:59:10+00:00","description":"D\u00e9couvrez les brides de suspension Mitey Titan, con\u00e7ues pour une maintenance de puits s\u00fbre et efficace, ainsi que pour le forage sous pression. Elles sont dot\u00e9es de v\u00e9rins extensibles et r\u00e9tractables pour une suspension tubulaire s\u00e9curis\u00e9e.","breadcrumb":{"@id":"https:\/\/miteytitan.com\/product\/hanger-flanges\/#breadcrumb"},"inLanguage":"fr-CA","potentialAction":[{"@type":"ReadAction","target":["https:\/\/miteytitan.com\/product\/hanger-flanges\/"]}]},{"@type":"ImageObject","inLanguage":"fr-CA","@id":"https:\/\/miteytitan.com\/product\/hanger-flanges\/#primaryimage","url":"https:\/\/miteytitan.com\/wp-content\/uploads\/2019\/03\/DSC3359-Edit-scaled.jpg","contentUrl":"https:\/\/miteytitan.com\/wp-content\/uploads\/2019\/03\/DSC3359-Edit-scaled.jpg","width":2560,"height":1778,"caption":"Hanger flanges: Crucial elements in the oil and gas sector, providing secure support and alignment for wellhead equipment and associated components."},{"@type":"BreadcrumbList","@id":"https:\/\/miteytitan.com\/product\/hanger-flanges\/#breadcrumb","itemListElement":[{"@type":"ListItem","position":1,"name":"Home","item":"https:\/\/miteytitan.com\/"},{"@type":"ListItem","position":2,"name":"Hanger Flanges"}]},{"@type":"WebSite","@id":"https:\/\/miteytitan.com\/#website","url":"https:\/\/miteytitan.com\/","name":"Mitey Titan Industries Inc","description":"L&#039;avenir || est {{Mitey}}","publisher":{"@id":"https:\/\/miteytitan.com\/#organization"},"potentialAction":[{"@type":"SearchAction","target":{"@type":"EntryPoint","urlTemplate":"https:\/\/miteytitan.com\/?s={search_term_string}"},"query-input":{"@type":"PropertyValueSpecification","valueRequired":true,"valueName":"search_term_string"}}],"inLanguage":"fr-CA"},{"@type":"Organization","@id":"https:\/\/miteytitan.com\/#organization","name":"Mitey Titan Industries Inc","url":"https:\/\/miteytitan.com\/","logo":{"@type":"ImageObject","inLanguage":"fr-CA","@id":"https:\/\/miteytitan.com\/#\/schema\/logo\/image\/","url":"https:\/\/miteytitan.com\/wp-content\/uploads\/2024\/08\/miteytitan_logo.png","contentUrl":"https:\/\/miteytitan.com\/wp-content\/uploads\/2024\/08\/miteytitan_logo.png","width":256,"height":60,"caption":"Mitey Titan Industries Inc"},"image":{"@id":"https:\/\/miteytitan.com\/#\/schema\/logo\/image\/"},"sameAs":["https:\/\/www.facebook.com\/miteytitanindustriesinc\/","https:\/\/www.linkedin.com\/company\/mitey-titan-industries-inc.","https:\/\/www.instagram.com\/miteytitan\/","https:\/\/www.youtube.com\/channel\/UCwfPhYcHE5oLLdR1hjuRKJQ"]}]}},"_links":{"self":[{"href":"https:\/\/miteytitan.com\/fr\/wp-json\/wp\/v2\/product\/239","targetHints":{"allow":["GET"]}}],"collection":[{"href":"https:\/\/miteytitan.com\/fr\/wp-json\/wp\/v2\/product"}],"about":[{"href":"https:\/\/miteytitan.com\/fr\/wp-json\/wp\/v2\/types\/product"}],"wp:featuredmedia":[{"embeddable":true,"href":"https:\/\/miteytitan.com\/fr\/wp-json\/wp\/v2\/media\/11299"}],"wp:attachment":[{"href":"https:\/\/miteytitan.com\/fr\/wp-json\/wp\/v2\/media?parent=239"}],"wp:term":[{"taxonomy":"product_brand","embeddable":true,"href":"https:\/\/miteytitan.com\/fr\/wp-json\/wp\/v2\/product_brand?post=239"},{"taxonomy":"product_cat","embeddable":true,"href":"https:\/\/miteytitan.com\/fr\/wp-json\/wp\/v2\/product_cat?post=239"},{"taxonomy":"product_tag","embeddable":true,"href":"https:\/\/miteytitan.com\/fr\/wp-json\/wp\/v2\/product_tag?post=239"}],"curies":[{"name":"wp","href":"https:\/\/api.w.org\/{rel}","templated":true}]}}