{"id":237,"date":"2019-03-24T13:11:54","date_gmt":"2019-03-24T19:11:54","guid":{"rendered":"http:\/\/159.203.44.46\/?post_type=product&#038;p=237"},"modified":"2024-11-15T14:13:24","modified_gmt":"2024-11-15T21:13:24","slug":"mitey-titan-crossover-spools-adapters-and-tees","status":"publish","type":"product","link":"https:\/\/miteytitan.com\/fr\/product\/mitey-titan-crossover-spools-adapters-and-tees\/","title":{"rendered":"Bobines, adaptateurs et t\u00e9s crois\u00e9s Mitey Titan"},"content":{"rendered":"Mitey Titan Industries propose une gamme sup\u00e9rieure d&#039;\u00e9quipements pour le p\u00e9trole et le gaz, notamment des bobines de croisement, des adaptateurs, des t\u00e9s et des croix, des bobines de forage et des brides sp\u00e9cialement con\u00e7us pour les connexions API et ANSI. Nos produits, fabriqu\u00e9s conform\u00e9ment aux normes industrielles, garantissent des performances fiables dans les secteurs du p\u00e9trole et du gaz, de la fabrication et de la construction. Besoin d&#039;une solution personnalis\u00e9e\u00a0? Mitey Titan est sp\u00e9cialis\u00e9 dans la conception et la fabrication d&#039;adaptateurs adapt\u00e9s \u00e0 vos besoins sp\u00e9cifiques, offrant adaptabilit\u00e9 et qualit\u00e9 exceptionnelle pour vos projets. Ces composants offrent des solutions polyvalentes essentielles \u00e0 un fonctionnement fluide, compatibles avec une large gamme de connexions et de configurations. Fabriqu\u00e9s \u00e0 partir de mat\u00e9riaux durables, ils r\u00e9sistent aux environnements rigoureux et aux utilisations intensives, n\u00e9cessitant un entretien minimal tout en offrant une fiabilit\u00e9 \u00e0 long terme. Con\u00e7us avec pr\u00e9cision pour un alignement et une connexion pr\u00e9cis, nos adaptateurs, bobines, risers et croisements r\u00e9duisent les temps d&#039;arr\u00eat et am\u00e9liorent l&#039;efficacit\u00e9 op\u00e9rationnelle, privil\u00e9giant la s\u00e9curit\u00e9 et respectant les normes industrielles en mati\u00e8re de fiabilit\u00e9 globale et de s\u00e9curit\u00e9 op\u00e9rationnelle.","protected":false},"excerpt":{"rendered":"<p>Mitey Titan Industries propose une s\u00e9lection haut de gamme d&#039;\u00e9quipements p\u00e9troliers et gaziers, notamment des raccords de croisement, des adaptateurs, des t\u00e9s et des croix, des bobines de forage, et\u2026<\/p>","protected":false},"featured_media":11977,"template":"","meta":{"_acf_changed":false,"om_disable_all_campaigns":false,"_monsterinsights_skip_tracking":false,"_monsterinsights_sitenote_active":false,"_monsterinsights_sitenote_note":"","_monsterinsights_sitenote_category":0},"product_brand":[],"product_cat":[30],"product_tag":[],"class_list":{"0":"post-237","1":"product","2":"type-product","3":"status-publish","4":"has-post-thumbnail","6":"product_cat-request-a-quote","8":"first","9":"instock","10":"taxable","11":"shipping-taxable","12":"product-type-simple"},"acf":[],"aioseo_notices":[],"yoast_head":"<!-- This site is optimized with the Yoast SEO plugin v27.4 - https:\/\/yoast.com\/product\/yoast-seo-wordpress\/ -->\n<title>Adapters, Spools, Risers, and Crossovers | Mitey Titan\u2019s Superior Oil &amp; Gas Equipment<\/title>\n<meta name=\"description\" content=\"Explore Mitey Titan\u2019s range of Adapters, Spools, Risers, and Crossovers for API and ANSI connections, designed for onshore and offshore units. Custom solutions available for enhanced performance and reliability.\" \/>\n<meta name=\"robots\" content=\"index, follow, max-snippet:-1, max-image-preview:large, max-video-preview:-1\" \/>\n<link rel=\"canonical\" href=\"https:\/\/miteytitan.com\/fr\/product\/mitey-titan-crossover-spools-adapters-and-tees\/\" \/>\n<meta property=\"og:locale\" content=\"fr_CA\" \/>\n<meta property=\"og:type\" content=\"article\" \/>\n<meta property=\"og:title\" content=\"Adapters, Spools, Risers, and Crossovers | Mitey Titan\u2019s Superior Oil &amp; Gas Equipment\" \/>\n<meta property=\"og:description\" content=\"Explore Mitey Titan\u2019s range of Adapters, Spools, Risers, and Crossovers for API and ANSI connections, designed for onshore and offshore units. Custom solutions available for enhanced performance and reliability.\" \/>\n<meta property=\"og:url\" content=\"https:\/\/miteytitan.com\/fr\/product\/mitey-titan-crossover-spools-adapters-and-tees\/\" \/>\n<meta property=\"og:site_name\" content=\"Mitey Titan Industries Inc\" \/>\n<meta property=\"article:publisher\" content=\"https:\/\/www.facebook.com\/miteytitanindustriesinc\/\" \/>\n<meta property=\"article:modified_time\" content=\"2024-11-15T21:13:24+00:00\" \/>\n<meta property=\"og:image\" content=\"https:\/\/miteytitan.com\/wp-content\/uploads\/2019\/03\/Spool-7-20-22-scaled.jpg\" \/>\n\t<meta property=\"og:image:width\" content=\"1709\" \/>\n\t<meta property=\"og:image:height\" content=\"2560\" \/>\n\t<meta property=\"og:image:type\" content=\"image\/jpeg\" \/>\n<meta name=\"twitter:card\" content=\"summary_large_image\" \/>\n<meta name=\"twitter:label1\" content=\"Est. reading time\" \/>\n\t<meta name=\"twitter:data1\" content=\"1 minute\" \/>\n<script type=\"application\/ld+json\" class=\"yoast-schema-graph\">{\"@context\":\"https:\\\/\\\/schema.org\",\"@graph\":[{\"@type\":\"WebPage\",\"@id\":\"https:\\\/\\\/miteytitan.com\\\/product\\\/mitey-titan-crossover-spools-adapters-and-tees\\\/\",\"url\":\"https:\\\/\\\/miteytitan.com\\\/product\\\/mitey-titan-crossover-spools-adapters-and-tees\\\/\",\"name\":\"Adapters, Spools, Risers, and Crossovers | Mitey Titan\u2019s Superior Oil & Gas Equipment\",\"isPartOf\":{\"@id\":\"https:\\\/\\\/miteytitan.com\\\/#website\"},\"primaryImageOfPage\":{\"@id\":\"https:\\\/\\\/miteytitan.com\\\/product\\\/mitey-titan-crossover-spools-adapters-and-tees\\\/#primaryimage\"},\"image\":{\"@id\":\"https:\\\/\\\/miteytitan.com\\\/product\\\/mitey-titan-crossover-spools-adapters-and-tees\\\/#primaryimage\"},\"thumbnailUrl\":\"https:\\\/\\\/miteytitan.com\\\/wp-content\\\/uploads\\\/2019\\\/03\\\/Spool-7-20-22-scaled.jpg\",\"datePublished\":\"2019-03-24T19:11:54+00:00\",\"dateModified\":\"2024-11-15T21:13:24+00:00\",\"description\":\"Explore Mitey Titan\u2019s range of Adapters, Spools, Risers, and Crossovers for API and ANSI connections, designed for onshore and offshore units. Custom solutions available for enhanced performance and reliability.\",\"breadcrumb\":{\"@id\":\"https:\\\/\\\/miteytitan.com\\\/product\\\/mitey-titan-crossover-spools-adapters-and-tees\\\/#breadcrumb\"},\"inLanguage\":\"fr-CA\",\"potentialAction\":[{\"@type\":\"ReadAction\",\"target\":[\"https:\\\/\\\/miteytitan.com\\\/product\\\/mitey-titan-crossover-spools-adapters-and-tees\\\/\"]}]},{\"@type\":\"ImageObject\",\"inLanguage\":\"fr-CA\",\"@id\":\"https:\\\/\\\/miteytitan.com\\\/product\\\/mitey-titan-crossover-spools-adapters-and-tees\\\/#primaryimage\",\"url\":\"https:\\\/\\\/miteytitan.com\\\/wp-content\\\/uploads\\\/2019\\\/03\\\/Spool-7-20-22-scaled.jpg\",\"contentUrl\":\"https:\\\/\\\/miteytitan.com\\\/wp-content\\\/uploads\\\/2019\\\/03\\\/Spool-7-20-22-scaled.jpg\",\"width\":1709,\"height\":2560,\"caption\":\"Drilling spools: Key components in oil and gas drilling systems, serving as crucial connectors and pressure control points for managing drilling fluids and maintaining wellbore integrity.\"},{\"@type\":\"BreadcrumbList\",\"@id\":\"https:\\\/\\\/miteytitan.com\\\/product\\\/mitey-titan-crossover-spools-adapters-and-tees\\\/#breadcrumb\",\"itemListElement\":[{\"@type\":\"ListItem\",\"position\":1,\"name\":\"Home\",\"item\":\"https:\\\/\\\/miteytitan.com\\\/\"},{\"@type\":\"ListItem\",\"position\":2,\"name\":\"Mitey Titan Crossover Spools, Adapters, and Tees\"}]},{\"@type\":\"WebSite\",\"@id\":\"https:\\\/\\\/miteytitan.com\\\/#website\",\"url\":\"https:\\\/\\\/miteytitan.com\\\/\",\"name\":\"Mitey Titan Industries Inc\",\"description\":\"The Future ||Is {{Mitey}}\",\"publisher\":{\"@id\":\"https:\\\/\\\/miteytitan.com\\\/#organization\"},\"potentialAction\":[{\"@type\":\"SearchAction\",\"target\":{\"@type\":\"EntryPoint\",\"urlTemplate\":\"https:\\\/\\\/miteytitan.com\\\/?s={search_term_string}\"},\"query-input\":{\"@type\":\"PropertyValueSpecification\",\"valueRequired\":true,\"valueName\":\"search_term_string\"}}],\"inLanguage\":\"fr-CA\"},{\"@type\":\"Organization\",\"@id\":\"https:\\\/\\\/miteytitan.com\\\/#organization\",\"name\":\"Mitey Titan Industries Inc\",\"url\":\"https:\\\/\\\/miteytitan.com\\\/\",\"logo\":{\"@type\":\"ImageObject\",\"inLanguage\":\"fr-CA\",\"@id\":\"https:\\\/\\\/miteytitan.com\\\/#\\\/schema\\\/logo\\\/image\\\/\",\"url\":\"https:\\\/\\\/miteytitan.com\\\/wp-content\\\/uploads\\\/2024\\\/08\\\/miteytitan_logo.png\",\"contentUrl\":\"https:\\\/\\\/miteytitan.com\\\/wp-content\\\/uploads\\\/2024\\\/08\\\/miteytitan_logo.png\",\"width\":256,\"height\":60,\"caption\":\"Mitey Titan Industries Inc\"},\"image\":{\"@id\":\"https:\\\/\\\/miteytitan.com\\\/#\\\/schema\\\/logo\\\/image\\\/\"},\"sameAs\":[\"https:\\\/\\\/www.facebook.com\\\/miteytitanindustriesinc\\\/\",\"https:\\\/\\\/www.linkedin.com\\\/company\\\/mitey-titan-industries-inc.\",\"https:\\\/\\\/www.instagram.com\\\/miteytitan\\\/\",\"https:\\\/\\\/www.youtube.com\\\/channel\\\/UCwfPhYcHE5oLLdR1hjuRKJQ\"]}]}<\/script>\n<!-- \/ Yoast SEO plugin. -->","yoast_head_json":{"title":"Adaptateurs, bobines, colonnes montantes et raccords de croisement | \u00c9quipements p\u00e9troliers et gaziers de qualit\u00e9 sup\u00e9rieure Mitey Titan","description":"D\u00e9couvrez la gamme d&#039;adaptateurs, de bobines, de colonnes montantes et de raccords Mitey Titan pour les connexions API et ANSI, con\u00e7us pour les installations terrestres et offshore. Des solutions sur mesure sont disponibles pour une performance et une fiabilit\u00e9 accrues.","robots":{"index":"index","follow":"follow","max-snippet":"max-snippet:-1","max-image-preview":"max-image-preview:large","max-video-preview":"max-video-preview:-1"},"canonical":"https:\/\/miteytitan.com\/fr\/product\/mitey-titan-crossover-spools-adapters-and-tees\/","og_locale":"fr_CA","og_type":"article","og_title":"Adapters, Spools, Risers, and Crossovers | Mitey Titan\u2019s Superior Oil & Gas Equipment","og_description":"Explore Mitey Titan\u2019s range of Adapters, Spools, Risers, and Crossovers for API and ANSI connections, designed for onshore and offshore units. Custom solutions available for enhanced performance and reliability.","og_url":"https:\/\/miteytitan.com\/fr\/product\/mitey-titan-crossover-spools-adapters-and-tees\/","og_site_name":"Mitey Titan Industries Inc","article_publisher":"https:\/\/www.facebook.com\/miteytitanindustriesinc\/","article_modified_time":"2024-11-15T21:13:24+00:00","og_image":[{"width":1709,"height":2560,"url":"https:\/\/miteytitan.com\/wp-content\/uploads\/2019\/03\/Spool-7-20-22-scaled.jpg","type":"image\/jpeg"}],"twitter_card":"summary_large_image","twitter_misc":{"Est. reading time":"1 minute"},"schema":{"@context":"https:\/\/schema.org","@graph":[{"@type":"WebPage","@id":"https:\/\/miteytitan.com\/product\/mitey-titan-crossover-spools-adapters-and-tees\/","url":"https:\/\/miteytitan.com\/product\/mitey-titan-crossover-spools-adapters-and-tees\/","name":"Adaptateurs, bobines, colonnes montantes et raccords de croisement | \u00c9quipements p\u00e9troliers et gaziers de qualit\u00e9 sup\u00e9rieure Mitey Titan","isPartOf":{"@id":"https:\/\/miteytitan.com\/#website"},"primaryImageOfPage":{"@id":"https:\/\/miteytitan.com\/product\/mitey-titan-crossover-spools-adapters-and-tees\/#primaryimage"},"image":{"@id":"https:\/\/miteytitan.com\/product\/mitey-titan-crossover-spools-adapters-and-tees\/#primaryimage"},"thumbnailUrl":"https:\/\/miteytitan.com\/wp-content\/uploads\/2019\/03\/Spool-7-20-22-scaled.jpg","datePublished":"2019-03-24T19:11:54+00:00","dateModified":"2024-11-15T21:13:24+00:00","description":"D\u00e9couvrez la gamme d&#039;adaptateurs, de bobines, de colonnes montantes et de raccords Mitey Titan pour les connexions API et ANSI, con\u00e7us pour les installations terrestres et offshore. Des solutions sur mesure sont disponibles pour une performance et une fiabilit\u00e9 accrues.","breadcrumb":{"@id":"https:\/\/miteytitan.com\/product\/mitey-titan-crossover-spools-adapters-and-tees\/#breadcrumb"},"inLanguage":"fr-CA","potentialAction":[{"@type":"ReadAction","target":["https:\/\/miteytitan.com\/product\/mitey-titan-crossover-spools-adapters-and-tees\/"]}]},{"@type":"ImageObject","inLanguage":"fr-CA","@id":"https:\/\/miteytitan.com\/product\/mitey-titan-crossover-spools-adapters-and-tees\/#primaryimage","url":"https:\/\/miteytitan.com\/wp-content\/uploads\/2019\/03\/Spool-7-20-22-scaled.jpg","contentUrl":"https:\/\/miteytitan.com\/wp-content\/uploads\/2019\/03\/Spool-7-20-22-scaled.jpg","width":1709,"height":2560,"caption":"Drilling spools: Key components in oil and gas drilling systems, serving as crucial connectors and pressure control points for managing drilling fluids and maintaining wellbore integrity."},{"@type":"BreadcrumbList","@id":"https:\/\/miteytitan.com\/product\/mitey-titan-crossover-spools-adapters-and-tees\/#breadcrumb","itemListElement":[{"@type":"ListItem","position":1,"name":"Home","item":"https:\/\/miteytitan.com\/"},{"@type":"ListItem","position":2,"name":"Mitey Titan Crossover Spools, Adapters, and Tees"}]},{"@type":"WebSite","@id":"https:\/\/miteytitan.com\/#website","url":"https:\/\/miteytitan.com\/","name":"Mitey Titan Industries Inc","description":"L&#039;avenir || est {{Mitey}}","publisher":{"@id":"https:\/\/miteytitan.com\/#organization"},"potentialAction":[{"@type":"SearchAction","target":{"@type":"EntryPoint","urlTemplate":"https:\/\/miteytitan.com\/?s={search_term_string}"},"query-input":{"@type":"PropertyValueSpecification","valueRequired":true,"valueName":"search_term_string"}}],"inLanguage":"fr-CA"},{"@type":"Organization","@id":"https:\/\/miteytitan.com\/#organization","name":"Mitey Titan Industries Inc","url":"https:\/\/miteytitan.com\/","logo":{"@type":"ImageObject","inLanguage":"fr-CA","@id":"https:\/\/miteytitan.com\/#\/schema\/logo\/image\/","url":"https:\/\/miteytitan.com\/wp-content\/uploads\/2024\/08\/miteytitan_logo.png","contentUrl":"https:\/\/miteytitan.com\/wp-content\/uploads\/2024\/08\/miteytitan_logo.png","width":256,"height":60,"caption":"Mitey Titan Industries Inc"},"image":{"@id":"https:\/\/miteytitan.com\/#\/schema\/logo\/image\/"},"sameAs":["https:\/\/www.facebook.com\/miteytitanindustriesinc\/","https:\/\/www.linkedin.com\/company\/mitey-titan-industries-inc.","https:\/\/www.instagram.com\/miteytitan\/","https:\/\/www.youtube.com\/channel\/UCwfPhYcHE5oLLdR1hjuRKJQ"]}]}},"_links":{"self":[{"href":"https:\/\/miteytitan.com\/fr\/wp-json\/wp\/v2\/product\/237","targetHints":{"allow":["GET"]}}],"collection":[{"href":"https:\/\/miteytitan.com\/fr\/wp-json\/wp\/v2\/product"}],"about":[{"href":"https:\/\/miteytitan.com\/fr\/wp-json\/wp\/v2\/types\/product"}],"wp:featuredmedia":[{"embeddable":true,"href":"https:\/\/miteytitan.com\/fr\/wp-json\/wp\/v2\/media\/11977"}],"wp:attachment":[{"href":"https:\/\/miteytitan.com\/fr\/wp-json\/wp\/v2\/media?parent=237"}],"wp:term":[{"taxonomy":"product_brand","embeddable":true,"href":"https:\/\/miteytitan.com\/fr\/wp-json\/wp\/v2\/product_brand?post=237"},{"taxonomy":"product_cat","embeddable":true,"href":"https:\/\/miteytitan.com\/fr\/wp-json\/wp\/v2\/product_cat?post=237"},{"taxonomy":"product_tag","embeddable":true,"href":"https:\/\/miteytitan.com\/fr\/wp-json\/wp\/v2\/product_tag?post=237"}],"curies":[{"name":"wp","href":"https:\/\/api.w.org\/{rel}","templated":true}]}}