{"id":231,"date":"2019-04-01T10:26:18","date_gmt":"2019-04-01T16:26:18","guid":{"rendered":"http:\/\/159.203.44.46\/?post_type=product&#038;p=231"},"modified":"2024-11-15T13:50:00","modified_gmt":"2024-11-15T20:50:00","slug":"hydraulic-workover-pulling-unit","status":"publish","type":"product","link":"https:\/\/miteytitan.com\/fr\/product\/hydraulic-workover-pulling-unit\/","title":{"rendered":"Unit\u00e9 de reconditionnement hydraulique (HWO)"},"content":{"rendered":"Chez Mitey Titan Industries Inc., nos unit\u00e9s modulaires de reconditionnement hydraulique offshore sont con\u00e7ues pour offrir des performances et une flexibilit\u00e9 exceptionnelles pour les op\u00e9rations p\u00e9troli\u00e8res et gazi\u00e8res offshore. Ces unit\u00e9s sont con\u00e7ues pour g\u00e9rer des t\u00e2ches complexes d&#039;intervention sur les puits, notamment les op\u00e9rations d&#039;entretien, de maintenance et de compl\u00e9tion des puits. Construites \u00e0 partir de mat\u00e9riaux durables de haute qualit\u00e9, elles sont capables de r\u00e9sister aux environnements offshore difficiles tout en offrant une fiabilit\u00e9 durable et une maintenance minimale. Leur conception modulaire permet un transport facile et un assemblage rapide, r\u00e9duisant les temps d&#039;arr\u00eat et am\u00e9liorant l&#039;efficacit\u00e9 op\u00e9rationnelle. \u00c9quip\u00e9es de fonctions de s\u00e9curit\u00e9 avanc\u00e9es et de commandes intuitives, nos unit\u00e9s de reconditionnement hydraulique garantissent des op\u00e9rations s\u00fbres, pr\u00e9cises et efficaces. Choisissez Mitey Titan Industries Inc. pour des solutions de reconditionnement innovantes qui r\u00e9pondent aux normes industrielles les plus \u00e9lev\u00e9es et r\u00e9pondent \u00e0 vos besoins op\u00e9rationnels offshore.","protected":false},"excerpt":{"rendered":"<p>Chez Mitey Titan Industries Inc., nos unit\u00e9s de reconditionnement hydrauliques modulaires offshore sont con\u00e7ues pour offrir des performances et une flexibilit\u00e9 exceptionnelles pour l&#039;industrie p\u00e9troli\u00e8re offshore\u2026<\/p>","protected":false},"featured_media":14001,"template":"","meta":{"_acf_changed":false,"om_disable_all_campaigns":false,"_monsterinsights_skip_tracking":false,"_monsterinsights_sitenote_active":false,"_monsterinsights_sitenote_note":"","_monsterinsights_sitenote_category":0},"product_brand":[],"product_cat":[30],"product_tag":[],"class_list":{"0":"post-231","1":"product","2":"type-product","3":"status-publish","4":"has-post-thumbnail","6":"product_cat-request-a-quote","8":"first","9":"instock","10":"taxable","11":"shipping-taxable","12":"product-type-simple"},"acf":[],"aioseo_notices":[],"yoast_head":"<!-- This site is optimized with the Yoast SEO plugin v27.4 - https:\/\/yoast.com\/product\/yoast-seo-wordpress\/ -->\n<title>Hydraulic Workover (HWO) Pulling Unit - Mitey Titan Industries Inc<\/title>\n<meta name=\"robots\" content=\"index, follow, max-snippet:-1, max-image-preview:large, max-video-preview:-1\" \/>\n<link rel=\"canonical\" href=\"https:\/\/miteytitan.com\/fr\/product\/hydraulic-workover-pulling-unit\/\" \/>\n<meta property=\"og:locale\" content=\"fr_CA\" \/>\n<meta property=\"og:type\" content=\"article\" \/>\n<meta property=\"og:title\" content=\"Hydraulic Workover (HWO) Pulling Unit - Mitey Titan Industries Inc\" \/>\n<meta property=\"og:description\" content=\"At Mitey Titan Industries Inc., our modular offshore hydraulic workover units are designed to deliver exceptional performance and flexibility for offshore oil&hellip;\" \/>\n<meta property=\"og:url\" content=\"https:\/\/miteytitan.com\/fr\/product\/hydraulic-workover-pulling-unit\/\" \/>\n<meta property=\"og:site_name\" content=\"Mitey Titan Industries Inc\" \/>\n<meta property=\"article:publisher\" content=\"https:\/\/www.facebook.com\/miteytitanindustriesinc\/\" \/>\n<meta property=\"article:modified_time\" content=\"2024-11-15T20:50:00+00:00\" \/>\n<meta property=\"og:image\" content=\"https:\/\/miteytitan.com\/wp-content\/uploads\/2019\/04\/G0060115-scaled-1.jpg\" \/>\n\t<meta property=\"og:image:width\" content=\"1920\" \/>\n\t<meta property=\"og:image:height\" content=\"1440\" \/>\n\t<meta property=\"og:image:type\" content=\"image\/jpeg\" \/>\n<meta name=\"twitter:card\" content=\"summary_large_image\" \/>\n<meta name=\"twitter:label1\" content=\"Est. reading time\" \/>\n\t<meta name=\"twitter:data1\" content=\"1 minute\" \/>\n<script type=\"application\/ld+json\" class=\"yoast-schema-graph\">{\"@context\":\"https:\\\/\\\/schema.org\",\"@graph\":[{\"@type\":\"WebPage\",\"@id\":\"https:\\\/\\\/miteytitan.com\\\/product\\\/hydraulic-workover-pulling-unit\\\/\",\"url\":\"https:\\\/\\\/miteytitan.com\\\/product\\\/hydraulic-workover-pulling-unit\\\/\",\"name\":\"Hydraulic Workover (HWO) Pulling Unit - Mitey Titan Industries Inc\",\"isPartOf\":{\"@id\":\"https:\\\/\\\/miteytitan.com\\\/#website\"},\"primaryImageOfPage\":{\"@id\":\"https:\\\/\\\/miteytitan.com\\\/product\\\/hydraulic-workover-pulling-unit\\\/#primaryimage\"},\"image\":{\"@id\":\"https:\\\/\\\/miteytitan.com\\\/product\\\/hydraulic-workover-pulling-unit\\\/#primaryimage\"},\"thumbnailUrl\":\"https:\\\/\\\/miteytitan.com\\\/wp-content\\\/uploads\\\/2019\\\/04\\\/G0060115-scaled-1.jpg\",\"datePublished\":\"2019-04-01T16:26:18+00:00\",\"dateModified\":\"2024-11-15T20:50:00+00:00\",\"breadcrumb\":{\"@id\":\"https:\\\/\\\/miteytitan.com\\\/product\\\/hydraulic-workover-pulling-unit\\\/#breadcrumb\"},\"inLanguage\":\"fr-CA\",\"potentialAction\":[{\"@type\":\"ReadAction\",\"target\":[\"https:\\\/\\\/miteytitan.com\\\/product\\\/hydraulic-workover-pulling-unit\\\/\"]}]},{\"@type\":\"ImageObject\",\"inLanguage\":\"fr-CA\",\"@id\":\"https:\\\/\\\/miteytitan.com\\\/product\\\/hydraulic-workover-pulling-unit\\\/#primaryimage\",\"url\":\"https:\\\/\\\/miteytitan.com\\\/wp-content\\\/uploads\\\/2019\\\/04\\\/G0060115-scaled-1.jpg\",\"contentUrl\":\"https:\\\/\\\/miteytitan.com\\\/wp-content\\\/uploads\\\/2019\\\/04\\\/G0060115-scaled-1.jpg\",\"width\":1920,\"height\":1440,\"caption\":\"t\\\/sdcard\\\/DCIM\\\/100GOPRO\\\/G0060115\"},{\"@type\":\"BreadcrumbList\",\"@id\":\"https:\\\/\\\/miteytitan.com\\\/product\\\/hydraulic-workover-pulling-unit\\\/#breadcrumb\",\"itemListElement\":[{\"@type\":\"ListItem\",\"position\":1,\"name\":\"Home\",\"item\":\"https:\\\/\\\/miteytitan.com\\\/\"},{\"@type\":\"ListItem\",\"position\":2,\"name\":\"Hydraulic Workover (HWO) Pulling Unit\"}]},{\"@type\":\"WebSite\",\"@id\":\"https:\\\/\\\/miteytitan.com\\\/#website\",\"url\":\"https:\\\/\\\/miteytitan.com\\\/\",\"name\":\"Mitey Titan Industries Inc\",\"description\":\"The Future ||Is {{Mitey}}\",\"publisher\":{\"@id\":\"https:\\\/\\\/miteytitan.com\\\/#organization\"},\"potentialAction\":[{\"@type\":\"SearchAction\",\"target\":{\"@type\":\"EntryPoint\",\"urlTemplate\":\"https:\\\/\\\/miteytitan.com\\\/?s={search_term_string}\"},\"query-input\":{\"@type\":\"PropertyValueSpecification\",\"valueRequired\":true,\"valueName\":\"search_term_string\"}}],\"inLanguage\":\"fr-CA\"},{\"@type\":\"Organization\",\"@id\":\"https:\\\/\\\/miteytitan.com\\\/#organization\",\"name\":\"Mitey Titan Industries Inc\",\"url\":\"https:\\\/\\\/miteytitan.com\\\/\",\"logo\":{\"@type\":\"ImageObject\",\"inLanguage\":\"fr-CA\",\"@id\":\"https:\\\/\\\/miteytitan.com\\\/#\\\/schema\\\/logo\\\/image\\\/\",\"url\":\"https:\\\/\\\/miteytitan.com\\\/wp-content\\\/uploads\\\/2024\\\/08\\\/miteytitan_logo.png\",\"contentUrl\":\"https:\\\/\\\/miteytitan.com\\\/wp-content\\\/uploads\\\/2024\\\/08\\\/miteytitan_logo.png\",\"width\":256,\"height\":60,\"caption\":\"Mitey Titan Industries Inc\"},\"image\":{\"@id\":\"https:\\\/\\\/miteytitan.com\\\/#\\\/schema\\\/logo\\\/image\\\/\"},\"sameAs\":[\"https:\\\/\\\/www.facebook.com\\\/miteytitanindustriesinc\\\/\",\"https:\\\/\\\/www.linkedin.com\\\/company\\\/mitey-titan-industries-inc.\",\"https:\\\/\\\/www.instagram.com\\\/miteytitan\\\/\",\"https:\\\/\\\/www.youtube.com\\\/channel\\\/UCwfPhYcHE5oLLdR1hjuRKJQ\"]}]}<\/script>\n<!-- \/ Yoast SEO plugin. -->","yoast_head_json":{"title":"Unit\u00e9 de traction pour interventions hydrauliques (HWO) - Mitey Titan Industries Inc.","robots":{"index":"index","follow":"follow","max-snippet":"max-snippet:-1","max-image-preview":"max-image-preview:large","max-video-preview":"max-video-preview:-1"},"canonical":"https:\/\/miteytitan.com\/fr\/product\/hydraulic-workover-pulling-unit\/","og_locale":"fr_CA","og_type":"article","og_title":"Hydraulic Workover (HWO) Pulling Unit - Mitey Titan Industries Inc","og_description":"At Mitey Titan Industries Inc., our modular offshore hydraulic workover units are designed to deliver exceptional performance and flexibility for offshore oil&hellip;","og_url":"https:\/\/miteytitan.com\/fr\/product\/hydraulic-workover-pulling-unit\/","og_site_name":"Mitey Titan Industries Inc","article_publisher":"https:\/\/www.facebook.com\/miteytitanindustriesinc\/","article_modified_time":"2024-11-15T20:50:00+00:00","og_image":[{"width":1920,"height":1440,"url":"https:\/\/miteytitan.com\/wp-content\/uploads\/2019\/04\/G0060115-scaled-1.jpg","type":"image\/jpeg"}],"twitter_card":"summary_large_image","twitter_misc":{"Est. reading time":"1 minute"},"schema":{"@context":"https:\/\/schema.org","@graph":[{"@type":"WebPage","@id":"https:\/\/miteytitan.com\/product\/hydraulic-workover-pulling-unit\/","url":"https:\/\/miteytitan.com\/product\/hydraulic-workover-pulling-unit\/","name":"Unit\u00e9 de traction pour interventions hydrauliques (HWO) - Mitey Titan Industries Inc.","isPartOf":{"@id":"https:\/\/miteytitan.com\/#website"},"primaryImageOfPage":{"@id":"https:\/\/miteytitan.com\/product\/hydraulic-workover-pulling-unit\/#primaryimage"},"image":{"@id":"https:\/\/miteytitan.com\/product\/hydraulic-workover-pulling-unit\/#primaryimage"},"thumbnailUrl":"https:\/\/miteytitan.com\/wp-content\/uploads\/2019\/04\/G0060115-scaled-1.jpg","datePublished":"2019-04-01T16:26:18+00:00","dateModified":"2024-11-15T20:50:00+00:00","breadcrumb":{"@id":"https:\/\/miteytitan.com\/product\/hydraulic-workover-pulling-unit\/#breadcrumb"},"inLanguage":"fr-CA","potentialAction":[{"@type":"ReadAction","target":["https:\/\/miteytitan.com\/product\/hydraulic-workover-pulling-unit\/"]}]},{"@type":"ImageObject","inLanguage":"fr-CA","@id":"https:\/\/miteytitan.com\/product\/hydraulic-workover-pulling-unit\/#primaryimage","url":"https:\/\/miteytitan.com\/wp-content\/uploads\/2019\/04\/G0060115-scaled-1.jpg","contentUrl":"https:\/\/miteytitan.com\/wp-content\/uploads\/2019\/04\/G0060115-scaled-1.jpg","width":1920,"height":1440,"caption":"t\/sdcard\/DCIM\/100GOPRO\/G0060115"},{"@type":"BreadcrumbList","@id":"https:\/\/miteytitan.com\/product\/hydraulic-workover-pulling-unit\/#breadcrumb","itemListElement":[{"@type":"ListItem","position":1,"name":"Home","item":"https:\/\/miteytitan.com\/"},{"@type":"ListItem","position":2,"name":"Hydraulic Workover (HWO) Pulling Unit"}]},{"@type":"WebSite","@id":"https:\/\/miteytitan.com\/#website","url":"https:\/\/miteytitan.com\/","name":"Mitey Titan Industries Inc","description":"L&#039;avenir || est {{Mitey}}","publisher":{"@id":"https:\/\/miteytitan.com\/#organization"},"potentialAction":[{"@type":"SearchAction","target":{"@type":"EntryPoint","urlTemplate":"https:\/\/miteytitan.com\/?s={search_term_string}"},"query-input":{"@type":"PropertyValueSpecification","valueRequired":true,"valueName":"search_term_string"}}],"inLanguage":"fr-CA"},{"@type":"Organization","@id":"https:\/\/miteytitan.com\/#organization","name":"Mitey Titan Industries Inc","url":"https:\/\/miteytitan.com\/","logo":{"@type":"ImageObject","inLanguage":"fr-CA","@id":"https:\/\/miteytitan.com\/#\/schema\/logo\/image\/","url":"https:\/\/miteytitan.com\/wp-content\/uploads\/2024\/08\/miteytitan_logo.png","contentUrl":"https:\/\/miteytitan.com\/wp-content\/uploads\/2024\/08\/miteytitan_logo.png","width":256,"height":60,"caption":"Mitey Titan Industries Inc"},"image":{"@id":"https:\/\/miteytitan.com\/#\/schema\/logo\/image\/"},"sameAs":["https:\/\/www.facebook.com\/miteytitanindustriesinc\/","https:\/\/www.linkedin.com\/company\/mitey-titan-industries-inc.","https:\/\/www.instagram.com\/miteytitan\/","https:\/\/www.youtube.com\/channel\/UCwfPhYcHE5oLLdR1hjuRKJQ"]}]}},"_links":{"self":[{"href":"https:\/\/miteytitan.com\/fr\/wp-json\/wp\/v2\/product\/231","targetHints":{"allow":["GET"]}}],"collection":[{"href":"https:\/\/miteytitan.com\/fr\/wp-json\/wp\/v2\/product"}],"about":[{"href":"https:\/\/miteytitan.com\/fr\/wp-json\/wp\/v2\/types\/product"}],"wp:featuredmedia":[{"embeddable":true,"href":"https:\/\/miteytitan.com\/fr\/wp-json\/wp\/v2\/media\/14001"}],"wp:attachment":[{"href":"https:\/\/miteytitan.com\/fr\/wp-json\/wp\/v2\/media?parent=231"}],"wp:term":[{"taxonomy":"product_brand","embeddable":true,"href":"https:\/\/miteytitan.com\/fr\/wp-json\/wp\/v2\/product_brand?post=231"},{"taxonomy":"product_cat","embeddable":true,"href":"https:\/\/miteytitan.com\/fr\/wp-json\/wp\/v2\/product_cat?post=231"},{"taxonomy":"product_tag","embeddable":true,"href":"https:\/\/miteytitan.com\/fr\/wp-json\/wp\/v2\/product_tag?post=231"}],"curies":[{"name":"wp","href":"https:\/\/api.w.org\/{rel}","templated":true}]}}