{"id":228,"date":"2019-07-06T10:17:52","date_gmt":"2019-07-06T16:17:52","guid":{"rendered":"http:\/\/159.203.44.46\/?post_type=product&#038;p=228"},"modified":"2024-11-15T15:25:38","modified_gmt":"2024-11-15T22:25:38","slug":"auto-trip-rpm-switch","status":"publish","type":"product","link":"https:\/\/miteytitan.com\/fr\/product\/auto-trip-rpm-switch\/","title":{"rendered":"Harnais de tr\/min pour d\u00e9clenchement automatique"},"content":{"rendered":"Nos syst\u00e8mes de d\u00e9bardage int\u00e9gr\u00e9s avec gestionnaires de charge sont con\u00e7us pour optimiser l&#039;efficacit\u00e9 et la s\u00e9curit\u00e9 des op\u00e9rations lourdes dans des secteurs tels que la construction, la fabrication et le p\u00e9trole et le gaz. Ces syst\u00e8mes avanc\u00e9s assurent une surveillance et une gestion pr\u00e9cises des charges, \u00e9vitant les probl\u00e8mes de surcharge et de d\u00e9s\u00e9quilibre tout en facilitant le mouvement et le positionnement en douceur des \u00e9quipements lourds. Fabriqu\u00e9s \u00e0 partir de mat\u00e9riaux durables, nos syst\u00e8mes de d\u00e9bardage r\u00e9sistent aux environnements difficiles, offrant des performances constantes avec un minimum d&#039;entretien. L&#039;interface conviviale permet une utilisation facile et des r\u00e9glages rapides, r\u00e9duisant les temps d&#039;arr\u00eat et am\u00e9liorant la productivit\u00e9. Gr\u00e2ce \u00e0 des fonctions de s\u00e9curit\u00e9 avanc\u00e9es, notamment des alarmes et des arr\u00eats automatiques, nos syst\u00e8mes donnent la priorit\u00e9 \u00e0 la s\u00e9curit\u00e9 op\u00e9rationnelle et du personnel.","protected":false},"excerpt":{"rendered":"<p>Activ\u00e9 par la limite pr\u00e9d\u00e9finie. Une fois le r\u00e9gime moteur d\u00e9pass\u00e9, l&#039;interrupteur active le PASV. Kit syst\u00e8me\u00a0: faisceau de c\u00e2bles\u00a0; aimant\u2026<\/p>","protected":false},"featured_media":14104,"template":"","meta":{"_acf_changed":false,"om_disable_all_campaigns":false,"_monsterinsights_skip_tracking":false,"_monsterinsights_sitenote_active":false,"_monsterinsights_sitenote_note":"","_monsterinsights_sitenote_category":0},"product_brand":[],"product_cat":[31],"product_tag":[],"class_list":{"0":"post-228","1":"product","2":"type-product","3":"status-publish","4":"has-post-thumbnail","6":"product_cat-e-commerce","8":"first","9":"instock","10":"taxable","11":"shipping-taxable","12":"purchasable","13":"product-type-simple"},"acf":[],"aioseo_notices":[],"yoast_head":"<!-- This site is optimized with the Yoast SEO plugin v27.4 - https:\/\/yoast.com\/product\/yoast-seo-wordpress\/ -->\n<title>Auto Trip RPM Harness - Mitey Titan Industries Inc<\/title>\n<meta name=\"robots\" content=\"index, follow, max-snippet:-1, max-image-preview:large, max-video-preview:-1\" \/>\n<link rel=\"canonical\" href=\"https:\/\/miteytitan.com\/fr\/product\/auto-trip-rpm-switch\/\" \/>\n<meta property=\"og:locale\" content=\"fr_CA\" \/>\n<meta property=\"og:type\" content=\"article\" \/>\n<meta property=\"og:title\" content=\"Auto Trip RPM Harness - Mitey Titan Industries Inc\" \/>\n<meta property=\"og:description\" content=\"Activated by the pre-set limit. Once the engine goes past this RPM, the switch activates the PASV. Kit System: Wire Harness; Magnetic&hellip;\" \/>\n<meta property=\"og:url\" content=\"https:\/\/miteytitan.com\/fr\/product\/auto-trip-rpm-switch\/\" \/>\n<meta property=\"og:site_name\" content=\"Mitey Titan Industries Inc\" \/>\n<meta property=\"article:publisher\" content=\"https:\/\/www.facebook.com\/miteytitanindustriesinc\/\" \/>\n<meta property=\"article:modified_time\" content=\"2024-11-15T22:25:38+00:00\" \/>\n<meta property=\"og:image\" content=\"https:\/\/miteytitan.com\/wp-content\/uploads\/2019\/07\/new-kit-scaled-2.jpg\" \/>\n\t<meta property=\"og:image:width\" content=\"1920\" \/>\n\t<meta property=\"og:image:height\" content=\"1347\" \/>\n\t<meta property=\"og:image:type\" content=\"image\/jpeg\" \/>\n<meta name=\"twitter:card\" content=\"summary_large_image\" \/>\n<meta name=\"twitter:label1\" content=\"Est. reading time\" \/>\n\t<meta name=\"twitter:data1\" content=\"1 minute\" \/>\n<script type=\"application\/ld+json\" class=\"yoast-schema-graph\">{\"@context\":\"https:\\\/\\\/schema.org\",\"@graph\":[{\"@type\":\"WebPage\",\"@id\":\"https:\\\/\\\/miteytitan.com\\\/product\\\/auto-trip-rpm-switch\\\/\",\"url\":\"https:\\\/\\\/miteytitan.com\\\/product\\\/auto-trip-rpm-switch\\\/\",\"name\":\"Auto Trip RPM Harness - Mitey Titan Industries Inc\",\"isPartOf\":{\"@id\":\"https:\\\/\\\/miteytitan.com\\\/#website\"},\"primaryImageOfPage\":{\"@id\":\"https:\\\/\\\/miteytitan.com\\\/product\\\/auto-trip-rpm-switch\\\/#primaryimage\"},\"image\":{\"@id\":\"https:\\\/\\\/miteytitan.com\\\/product\\\/auto-trip-rpm-switch\\\/#primaryimage\"},\"thumbnailUrl\":\"https:\\\/\\\/miteytitan.com\\\/wp-content\\\/uploads\\\/2019\\\/07\\\/new-kit-scaled-2.jpg\",\"datePublished\":\"2019-07-06T16:17:52+00:00\",\"dateModified\":\"2024-11-15T22:25:38+00:00\",\"breadcrumb\":{\"@id\":\"https:\\\/\\\/miteytitan.com\\\/product\\\/auto-trip-rpm-switch\\\/#breadcrumb\"},\"inLanguage\":\"fr-CA\",\"potentialAction\":[{\"@type\":\"ReadAction\",\"target\":[\"https:\\\/\\\/miteytitan.com\\\/product\\\/auto-trip-rpm-switch\\\/\"]}]},{\"@type\":\"ImageObject\",\"inLanguage\":\"fr-CA\",\"@id\":\"https:\\\/\\\/miteytitan.com\\\/product\\\/auto-trip-rpm-switch\\\/#primaryimage\",\"url\":\"https:\\\/\\\/miteytitan.com\\\/wp-content\\\/uploads\\\/2019\\\/07\\\/new-kit-scaled-2.jpg\",\"contentUrl\":\"https:\\\/\\\/miteytitan.com\\\/wp-content\\\/uploads\\\/2019\\\/07\\\/new-kit-scaled-2.jpg\",\"width\":1920,\"height\":1347},{\"@type\":\"BreadcrumbList\",\"@id\":\"https:\\\/\\\/miteytitan.com\\\/product\\\/auto-trip-rpm-switch\\\/#breadcrumb\",\"itemListElement\":[{\"@type\":\"ListItem\",\"position\":1,\"name\":\"Home\",\"item\":\"https:\\\/\\\/miteytitan.com\\\/\"},{\"@type\":\"ListItem\",\"position\":2,\"name\":\"Auto Trip RPM Harness\"}]},{\"@type\":\"WebSite\",\"@id\":\"https:\\\/\\\/miteytitan.com\\\/#website\",\"url\":\"https:\\\/\\\/miteytitan.com\\\/\",\"name\":\"Mitey Titan Industries Inc\",\"description\":\"The Future ||Is {{Mitey}}\",\"publisher\":{\"@id\":\"https:\\\/\\\/miteytitan.com\\\/#organization\"},\"potentialAction\":[{\"@type\":\"SearchAction\",\"target\":{\"@type\":\"EntryPoint\",\"urlTemplate\":\"https:\\\/\\\/miteytitan.com\\\/?s={search_term_string}\"},\"query-input\":{\"@type\":\"PropertyValueSpecification\",\"valueRequired\":true,\"valueName\":\"search_term_string\"}}],\"inLanguage\":\"fr-CA\"},{\"@type\":\"Organization\",\"@id\":\"https:\\\/\\\/miteytitan.com\\\/#organization\",\"name\":\"Mitey Titan Industries Inc\",\"url\":\"https:\\\/\\\/miteytitan.com\\\/\",\"logo\":{\"@type\":\"ImageObject\",\"inLanguage\":\"fr-CA\",\"@id\":\"https:\\\/\\\/miteytitan.com\\\/#\\\/schema\\\/logo\\\/image\\\/\",\"url\":\"https:\\\/\\\/miteytitan.com\\\/wp-content\\\/uploads\\\/2024\\\/08\\\/miteytitan_logo.png\",\"contentUrl\":\"https:\\\/\\\/miteytitan.com\\\/wp-content\\\/uploads\\\/2024\\\/08\\\/miteytitan_logo.png\",\"width\":256,\"height\":60,\"caption\":\"Mitey Titan Industries Inc\"},\"image\":{\"@id\":\"https:\\\/\\\/miteytitan.com\\\/#\\\/schema\\\/logo\\\/image\\\/\"},\"sameAs\":[\"https:\\\/\\\/www.facebook.com\\\/miteytitanindustriesinc\\\/\",\"https:\\\/\\\/www.linkedin.com\\\/company\\\/mitey-titan-industries-inc.\",\"https:\\\/\\\/www.instagram.com\\\/miteytitan\\\/\",\"https:\\\/\\\/www.youtube.com\\\/channel\\\/UCwfPhYcHE5oLLdR1hjuRKJQ\"]}]}<\/script>\n<!-- \/ Yoast SEO plugin. -->","yoast_head_json":{"title":"Faisceau de c\u00e2bles RPM \u00e0 d\u00e9clenchement automatique - Mitey Titan Industries Inc.","robots":{"index":"index","follow":"follow","max-snippet":"max-snippet:-1","max-image-preview":"max-image-preview:large","max-video-preview":"max-video-preview:-1"},"canonical":"https:\/\/miteytitan.com\/fr\/product\/auto-trip-rpm-switch\/","og_locale":"fr_CA","og_type":"article","og_title":"Auto Trip RPM Harness - Mitey Titan Industries Inc","og_description":"Activated by the pre-set limit. Once the engine goes past this RPM, the switch activates the PASV. Kit System: Wire Harness; Magnetic&hellip;","og_url":"https:\/\/miteytitan.com\/fr\/product\/auto-trip-rpm-switch\/","og_site_name":"Mitey Titan Industries Inc","article_publisher":"https:\/\/www.facebook.com\/miteytitanindustriesinc\/","article_modified_time":"2024-11-15T22:25:38+00:00","og_image":[{"width":1920,"height":1347,"url":"https:\/\/miteytitan.com\/wp-content\/uploads\/2019\/07\/new-kit-scaled-2.jpg","type":"image\/jpeg"}],"twitter_card":"summary_large_image","twitter_misc":{"Est. reading time":"1 minute"},"schema":{"@context":"https:\/\/schema.org","@graph":[{"@type":"WebPage","@id":"https:\/\/miteytitan.com\/product\/auto-trip-rpm-switch\/","url":"https:\/\/miteytitan.com\/product\/auto-trip-rpm-switch\/","name":"Faisceau de c\u00e2bles RPM \u00e0 d\u00e9clenchement automatique - Mitey Titan Industries Inc.","isPartOf":{"@id":"https:\/\/miteytitan.com\/#website"},"primaryImageOfPage":{"@id":"https:\/\/miteytitan.com\/product\/auto-trip-rpm-switch\/#primaryimage"},"image":{"@id":"https:\/\/miteytitan.com\/product\/auto-trip-rpm-switch\/#primaryimage"},"thumbnailUrl":"https:\/\/miteytitan.com\/wp-content\/uploads\/2019\/07\/new-kit-scaled-2.jpg","datePublished":"2019-07-06T16:17:52+00:00","dateModified":"2024-11-15T22:25:38+00:00","breadcrumb":{"@id":"https:\/\/miteytitan.com\/product\/auto-trip-rpm-switch\/#breadcrumb"},"inLanguage":"fr-CA","potentialAction":[{"@type":"ReadAction","target":["https:\/\/miteytitan.com\/product\/auto-trip-rpm-switch\/"]}]},{"@type":"ImageObject","inLanguage":"fr-CA","@id":"https:\/\/miteytitan.com\/product\/auto-trip-rpm-switch\/#primaryimage","url":"https:\/\/miteytitan.com\/wp-content\/uploads\/2019\/07\/new-kit-scaled-2.jpg","contentUrl":"https:\/\/miteytitan.com\/wp-content\/uploads\/2019\/07\/new-kit-scaled-2.jpg","width":1920,"height":1347},{"@type":"BreadcrumbList","@id":"https:\/\/miteytitan.com\/product\/auto-trip-rpm-switch\/#breadcrumb","itemListElement":[{"@type":"ListItem","position":1,"name":"Home","item":"https:\/\/miteytitan.com\/"},{"@type":"ListItem","position":2,"name":"Auto Trip RPM Harness"}]},{"@type":"WebSite","@id":"https:\/\/miteytitan.com\/#website","url":"https:\/\/miteytitan.com\/","name":"Mitey Titan Industries Inc","description":"L&#039;avenir || est {{Mitey}}","publisher":{"@id":"https:\/\/miteytitan.com\/#organization"},"potentialAction":[{"@type":"SearchAction","target":{"@type":"EntryPoint","urlTemplate":"https:\/\/miteytitan.com\/?s={search_term_string}"},"query-input":{"@type":"PropertyValueSpecification","valueRequired":true,"valueName":"search_term_string"}}],"inLanguage":"fr-CA"},{"@type":"Organization","@id":"https:\/\/miteytitan.com\/#organization","name":"Mitey Titan Industries Inc","url":"https:\/\/miteytitan.com\/","logo":{"@type":"ImageObject","inLanguage":"fr-CA","@id":"https:\/\/miteytitan.com\/#\/schema\/logo\/image\/","url":"https:\/\/miteytitan.com\/wp-content\/uploads\/2024\/08\/miteytitan_logo.png","contentUrl":"https:\/\/miteytitan.com\/wp-content\/uploads\/2024\/08\/miteytitan_logo.png","width":256,"height":60,"caption":"Mitey Titan Industries Inc"},"image":{"@id":"https:\/\/miteytitan.com\/#\/schema\/logo\/image\/"},"sameAs":["https:\/\/www.facebook.com\/miteytitanindustriesinc\/","https:\/\/www.linkedin.com\/company\/mitey-titan-industries-inc.","https:\/\/www.instagram.com\/miteytitan\/","https:\/\/www.youtube.com\/channel\/UCwfPhYcHE5oLLdR1hjuRKJQ"]}]}},"_links":{"self":[{"href":"https:\/\/miteytitan.com\/fr\/wp-json\/wp\/v2\/product\/228","targetHints":{"allow":["GET"]}}],"collection":[{"href":"https:\/\/miteytitan.com\/fr\/wp-json\/wp\/v2\/product"}],"about":[{"href":"https:\/\/miteytitan.com\/fr\/wp-json\/wp\/v2\/types\/product"}],"wp:featuredmedia":[{"embeddable":true,"href":"https:\/\/miteytitan.com\/fr\/wp-json\/wp\/v2\/media\/14104"}],"wp:attachment":[{"href":"https:\/\/miteytitan.com\/fr\/wp-json\/wp\/v2\/media?parent=228"}],"wp:term":[{"taxonomy":"product_brand","embeddable":true,"href":"https:\/\/miteytitan.com\/fr\/wp-json\/wp\/v2\/product_brand?post=228"},{"taxonomy":"product_cat","embeddable":true,"href":"https:\/\/miteytitan.com\/fr\/wp-json\/wp\/v2\/product_cat?post=228"},{"taxonomy":"product_tag","embeddable":true,"href":"https:\/\/miteytitan.com\/fr\/wp-json\/wp\/v2\/product_tag?post=228"}],"curies":[{"name":"wp","href":"https:\/\/api.w.org\/{rel}","templated":true}]}}