{"id":13865,"date":"2024-11-15T12:07:44","date_gmt":"2024-11-15T19:07:44","guid":{"rendered":"http:\/\/159.203.44.46\/?post_type=product&#038;p=13865"},"modified":"2024-11-15T12:27:48","modified_gmt":"2024-11-15T19:27:48","slug":"bushings","status":"publish","type":"product","link":"https:\/\/miteytitan.com\/fr\/product\/bushings\/","title":{"rendered":"Bagues"},"content":{"rendered":"Nos bagues sur mesure sont con\u00e7ues pour un soutien exceptionnel dans diverses applications, notamment l&#039;automobile, la fabrication et la construction. Fabriqu\u00e9es \u00e0 partir de mat\u00e9riaux haut de gamme, elles offrent une durabilit\u00e9 optimale pour r\u00e9sister aux conditions difficiles, tandis que leur polyvalence les rend adapt\u00e9es aux v\u00e9hicules, aux machines lourdes et aux \u00e9quipements industriels. En r\u00e9duisant les frottements, nos bagues am\u00e9liorent l&#039;efficacit\u00e9 et minimisent l&#039;usure des composants. Nous proposons \u00e9galement des solutions sur mesure pour r\u00e9pondre aux besoins sp\u00e9cifiques de chaque secteur. Choisissez Mitey Titan Industries Inc. pour des bagues offrant un soutien et une fiabilit\u00e9 in\u00e9gal\u00e9s, gage du bon fonctionnement de vos op\u00e9rations.","protected":false},"excerpt":{"rendered":"<p>Nos silentblocs sur mesure sont con\u00e7us pour offrir un support exceptionnel dans diverses applications, notamment l&#039;automobile, la fabrication et la construction. Fabriqu\u00e9s \u00e0 partir de mat\u00e9riaux de premi\u00e8re qualit\u00e9, ils offrent\u2026<\/p>","protected":false},"featured_media":13975,"template":"","meta":{"_acf_changed":false,"om_disable_all_campaigns":false,"_monsterinsights_skip_tracking":false,"_monsterinsights_sitenote_active":false,"_monsterinsights_sitenote_note":"","_monsterinsights_sitenote_category":0},"product_brand":[],"product_cat":[15],"product_tag":[],"class_list":{"0":"post-13865","1":"product","2":"type-product","3":"status-publish","4":"has-post-thumbnail","6":"product_cat-general","8":"first","9":"instock","10":"taxable","11":"shipping-taxable","12":"product-type-simple"},"acf":[],"aioseo_notices":[],"yoast_head":"<!-- This site is optimized with the Yoast SEO plugin v27.4 - https:\/\/yoast.com\/product\/yoast-seo-wordpress\/ -->\n<title>High-Quality Custom Bushings | Durable &amp; Versatile Solutions by Mitey Titan<\/title>\n<meta name=\"description\" content=\"Discover Mitey Titan\u2019s custom bushings designed for durability and efficiency across various applications. Engineered to reduce friction and enhance performance in automotive, manufacturing, and construction sectors.\" \/>\n<meta name=\"robots\" content=\"index, follow, max-snippet:-1, max-image-preview:large, max-video-preview:-1\" \/>\n<link rel=\"canonical\" href=\"https:\/\/miteytitan.com\/fr\/product\/bushings\/\" \/>\n<meta property=\"og:locale\" content=\"fr_CA\" \/>\n<meta property=\"og:type\" content=\"article\" \/>\n<meta property=\"og:title\" content=\"High-Quality Custom Bushings | Durable &amp; Versatile Solutions by Mitey Titan\" \/>\n<meta property=\"og:description\" content=\"Discover Mitey Titan\u2019s custom bushings designed for durability and efficiency across various applications. Engineered to reduce friction and enhance performance in automotive, manufacturing, and construction sectors.\" \/>\n<meta property=\"og:url\" content=\"https:\/\/miteytitan.com\/fr\/product\/bushings\/\" \/>\n<meta property=\"og:site_name\" content=\"Mitey Titan Industries Inc\" \/>\n<meta property=\"article:publisher\" content=\"https:\/\/www.facebook.com\/miteytitanindustriesinc\/\" \/>\n<meta property=\"article:modified_time\" content=\"2024-11-15T19:27:48+00:00\" \/>\n<meta property=\"og:image\" content=\"https:\/\/miteytitan.com\/wp-content\/uploads\/2024\/11\/Bushing-4-Accessories-main-photo.jpg\" \/>\n\t<meta property=\"og:image:width\" content=\"1920\" \/>\n\t<meta property=\"og:image:height\" content=\"1422\" \/>\n\t<meta property=\"og:image:type\" content=\"image\/jpeg\" \/>\n<meta name=\"twitter:card\" content=\"summary_large_image\" \/>\n<meta name=\"twitter:label1\" content=\"Est. reading time\" \/>\n\t<meta name=\"twitter:data1\" content=\"1 minute\" \/>\n<script type=\"application\/ld+json\" class=\"yoast-schema-graph\">{\"@context\":\"https:\\\/\\\/schema.org\",\"@graph\":[{\"@type\":\"WebPage\",\"@id\":\"https:\\\/\\\/miteytitan.com\\\/product\\\/bushings\\\/\",\"url\":\"https:\\\/\\\/miteytitan.com\\\/product\\\/bushings\\\/\",\"name\":\"High-Quality Custom Bushings | Durable & Versatile Solutions by Mitey Titan\",\"isPartOf\":{\"@id\":\"https:\\\/\\\/miteytitan.com\\\/#website\"},\"primaryImageOfPage\":{\"@id\":\"https:\\\/\\\/miteytitan.com\\\/product\\\/bushings\\\/#primaryimage\"},\"image\":{\"@id\":\"https:\\\/\\\/miteytitan.com\\\/product\\\/bushings\\\/#primaryimage\"},\"thumbnailUrl\":\"https:\\\/\\\/miteytitan.com\\\/wp-content\\\/uploads\\\/2024\\\/11\\\/Bushing-4-Accessories-main-photo.jpg\",\"datePublished\":\"2024-11-15T19:07:44+00:00\",\"dateModified\":\"2024-11-15T19:27:48+00:00\",\"description\":\"Discover Mitey Titan\u2019s custom bushings designed for durability and efficiency across various applications. Engineered to reduce friction and enhance performance in automotive, manufacturing, and construction sectors.\",\"breadcrumb\":{\"@id\":\"https:\\\/\\\/miteytitan.com\\\/product\\\/bushings\\\/#breadcrumb\"},\"inLanguage\":\"fr-CA\",\"potentialAction\":[{\"@type\":\"ReadAction\",\"target\":[\"https:\\\/\\\/miteytitan.com\\\/product\\\/bushings\\\/\"]}]},{\"@type\":\"ImageObject\",\"inLanguage\":\"fr-CA\",\"@id\":\"https:\\\/\\\/miteytitan.com\\\/product\\\/bushings\\\/#primaryimage\",\"url\":\"https:\\\/\\\/miteytitan.com\\\/wp-content\\\/uploads\\\/2024\\\/11\\\/Bushing-4-Accessories-main-photo.jpg\",\"contentUrl\":\"https:\\\/\\\/miteytitan.com\\\/wp-content\\\/uploads\\\/2024\\\/11\\\/Bushing-4-Accessories-main-photo.jpg\",\"width\":1920,\"height\":1422},{\"@type\":\"BreadcrumbList\",\"@id\":\"https:\\\/\\\/miteytitan.com\\\/product\\\/bushings\\\/#breadcrumb\",\"itemListElement\":[{\"@type\":\"ListItem\",\"position\":1,\"name\":\"Home\",\"item\":\"https:\\\/\\\/miteytitan.com\\\/\"},{\"@type\":\"ListItem\",\"position\":2,\"name\":\"Bushings\"}]},{\"@type\":\"WebSite\",\"@id\":\"https:\\\/\\\/miteytitan.com\\\/#website\",\"url\":\"https:\\\/\\\/miteytitan.com\\\/\",\"name\":\"Mitey Titan Industries Inc\",\"description\":\"The Future ||Is {{Mitey}}\",\"publisher\":{\"@id\":\"https:\\\/\\\/miteytitan.com\\\/#organization\"},\"potentialAction\":[{\"@type\":\"SearchAction\",\"target\":{\"@type\":\"EntryPoint\",\"urlTemplate\":\"https:\\\/\\\/miteytitan.com\\\/?s={search_term_string}\"},\"query-input\":{\"@type\":\"PropertyValueSpecification\",\"valueRequired\":true,\"valueName\":\"search_term_string\"}}],\"inLanguage\":\"fr-CA\"},{\"@type\":\"Organization\",\"@id\":\"https:\\\/\\\/miteytitan.com\\\/#organization\",\"name\":\"Mitey Titan Industries Inc\",\"url\":\"https:\\\/\\\/miteytitan.com\\\/\",\"logo\":{\"@type\":\"ImageObject\",\"inLanguage\":\"fr-CA\",\"@id\":\"https:\\\/\\\/miteytitan.com\\\/#\\\/schema\\\/logo\\\/image\\\/\",\"url\":\"https:\\\/\\\/miteytitan.com\\\/wp-content\\\/uploads\\\/2024\\\/08\\\/miteytitan_logo.png\",\"contentUrl\":\"https:\\\/\\\/miteytitan.com\\\/wp-content\\\/uploads\\\/2024\\\/08\\\/miteytitan_logo.png\",\"width\":256,\"height\":60,\"caption\":\"Mitey Titan Industries Inc\"},\"image\":{\"@id\":\"https:\\\/\\\/miteytitan.com\\\/#\\\/schema\\\/logo\\\/image\\\/\"},\"sameAs\":[\"https:\\\/\\\/www.facebook.com\\\/miteytitanindustriesinc\\\/\",\"https:\\\/\\\/www.linkedin.com\\\/company\\\/mitey-titan-industries-inc.\",\"https:\\\/\\\/www.instagram.com\\\/miteytitan\\\/\",\"https:\\\/\\\/www.youtube.com\\\/channel\\\/UCwfPhYcHE5oLLdR1hjuRKJQ\"]}]}<\/script>\n<!-- \/ Yoast SEO plugin. -->","yoast_head_json":{"title":"Douilles sur mesure de haute qualit\u00e9 | Solutions durables et polyvalentes par Mitey Titan","description":"D\u00e9couvrez les bagues sur mesure Mitey Titan, con\u00e7ues pour une durabilit\u00e9 et une efficacit\u00e9 optimales dans diverses applications. Elles sont pens\u00e9es pour r\u00e9duire la friction et am\u00e9liorer les performances dans les secteurs de l&#039;automobile, de la fabrication et de la construction.","robots":{"index":"index","follow":"follow","max-snippet":"max-snippet:-1","max-image-preview":"max-image-preview:large","max-video-preview":"max-video-preview:-1"},"canonical":"https:\/\/miteytitan.com\/fr\/product\/bushings\/","og_locale":"fr_CA","og_type":"article","og_title":"High-Quality Custom Bushings | Durable & Versatile Solutions by Mitey Titan","og_description":"Discover Mitey Titan\u2019s custom bushings designed for durability and efficiency across various applications. Engineered to reduce friction and enhance performance in automotive, manufacturing, and construction sectors.","og_url":"https:\/\/miteytitan.com\/fr\/product\/bushings\/","og_site_name":"Mitey Titan Industries Inc","article_publisher":"https:\/\/www.facebook.com\/miteytitanindustriesinc\/","article_modified_time":"2024-11-15T19:27:48+00:00","og_image":[{"width":1920,"height":1422,"url":"https:\/\/miteytitan.com\/wp-content\/uploads\/2024\/11\/Bushing-4-Accessories-main-photo.jpg","type":"image\/jpeg"}],"twitter_card":"summary_large_image","twitter_misc":{"Est. reading time":"1 minute"},"schema":{"@context":"https:\/\/schema.org","@graph":[{"@type":"WebPage","@id":"https:\/\/miteytitan.com\/product\/bushings\/","url":"https:\/\/miteytitan.com\/product\/bushings\/","name":"Douilles sur mesure de haute qualit\u00e9 | Solutions durables et polyvalentes par Mitey Titan","isPartOf":{"@id":"https:\/\/miteytitan.com\/#website"},"primaryImageOfPage":{"@id":"https:\/\/miteytitan.com\/product\/bushings\/#primaryimage"},"image":{"@id":"https:\/\/miteytitan.com\/product\/bushings\/#primaryimage"},"thumbnailUrl":"https:\/\/miteytitan.com\/wp-content\/uploads\/2024\/11\/Bushing-4-Accessories-main-photo.jpg","datePublished":"2024-11-15T19:07:44+00:00","dateModified":"2024-11-15T19:27:48+00:00","description":"D\u00e9couvrez les bagues sur mesure Mitey Titan, con\u00e7ues pour une durabilit\u00e9 et une efficacit\u00e9 optimales dans diverses applications. Elles sont pens\u00e9es pour r\u00e9duire la friction et am\u00e9liorer les performances dans les secteurs de l&#039;automobile, de la fabrication et de la construction.","breadcrumb":{"@id":"https:\/\/miteytitan.com\/product\/bushings\/#breadcrumb"},"inLanguage":"fr-CA","potentialAction":[{"@type":"ReadAction","target":["https:\/\/miteytitan.com\/product\/bushings\/"]}]},{"@type":"ImageObject","inLanguage":"fr-CA","@id":"https:\/\/miteytitan.com\/product\/bushings\/#primaryimage","url":"https:\/\/miteytitan.com\/wp-content\/uploads\/2024\/11\/Bushing-4-Accessories-main-photo.jpg","contentUrl":"https:\/\/miteytitan.com\/wp-content\/uploads\/2024\/11\/Bushing-4-Accessories-main-photo.jpg","width":1920,"height":1422},{"@type":"BreadcrumbList","@id":"https:\/\/miteytitan.com\/product\/bushings\/#breadcrumb","itemListElement":[{"@type":"ListItem","position":1,"name":"Home","item":"https:\/\/miteytitan.com\/"},{"@type":"ListItem","position":2,"name":"Bushings"}]},{"@type":"WebSite","@id":"https:\/\/miteytitan.com\/#website","url":"https:\/\/miteytitan.com\/","name":"Mitey Titan Industries Inc","description":"L&#039;avenir || est {{Mitey}}","publisher":{"@id":"https:\/\/miteytitan.com\/#organization"},"potentialAction":[{"@type":"SearchAction","target":{"@type":"EntryPoint","urlTemplate":"https:\/\/miteytitan.com\/?s={search_term_string}"},"query-input":{"@type":"PropertyValueSpecification","valueRequired":true,"valueName":"search_term_string"}}],"inLanguage":"fr-CA"},{"@type":"Organization","@id":"https:\/\/miteytitan.com\/#organization","name":"Mitey Titan Industries Inc","url":"https:\/\/miteytitan.com\/","logo":{"@type":"ImageObject","inLanguage":"fr-CA","@id":"https:\/\/miteytitan.com\/#\/schema\/logo\/image\/","url":"https:\/\/miteytitan.com\/wp-content\/uploads\/2024\/08\/miteytitan_logo.png","contentUrl":"https:\/\/miteytitan.com\/wp-content\/uploads\/2024\/08\/miteytitan_logo.png","width":256,"height":60,"caption":"Mitey Titan Industries Inc"},"image":{"@id":"https:\/\/miteytitan.com\/#\/schema\/logo\/image\/"},"sameAs":["https:\/\/www.facebook.com\/miteytitanindustriesinc\/","https:\/\/www.linkedin.com\/company\/mitey-titan-industries-inc.","https:\/\/www.instagram.com\/miteytitan\/","https:\/\/www.youtube.com\/channel\/UCwfPhYcHE5oLLdR1hjuRKJQ"]}]}},"_links":{"self":[{"href":"https:\/\/miteytitan.com\/fr\/wp-json\/wp\/v2\/product\/13865","targetHints":{"allow":["GET"]}}],"collection":[{"href":"https:\/\/miteytitan.com\/fr\/wp-json\/wp\/v2\/product"}],"about":[{"href":"https:\/\/miteytitan.com\/fr\/wp-json\/wp\/v2\/types\/product"}],"wp:featuredmedia":[{"embeddable":true,"href":"https:\/\/miteytitan.com\/fr\/wp-json\/wp\/v2\/media\/13975"}],"wp:attachment":[{"href":"https:\/\/miteytitan.com\/fr\/wp-json\/wp\/v2\/media?parent=13865"}],"wp:term":[{"taxonomy":"product_brand","embeddable":true,"href":"https:\/\/miteytitan.com\/fr\/wp-json\/wp\/v2\/product_brand?post=13865"},{"taxonomy":"product_cat","embeddable":true,"href":"https:\/\/miteytitan.com\/fr\/wp-json\/wp\/v2\/product_cat?post=13865"},{"taxonomy":"product_tag","embeddable":true,"href":"https:\/\/miteytitan.com\/fr\/wp-json\/wp\/v2\/product_tag?post=13865"}],"curies":[{"name":"wp","href":"https:\/\/api.w.org\/{rel}","templated":true}]}}