{"id":13863,"date":"2024-11-15T12:25:27","date_gmt":"2024-11-15T19:25:27","guid":{"rendered":"http:\/\/159.203.44.46\/?post_type=product&#038;p=13863"},"modified":"2024-11-15T14:48:56","modified_gmt":"2024-11-15T21:48:56","slug":"rs-bags","status":"publish","type":"product","link":"https:\/\/miteytitan.com\/fr\/product\/rs-bags\/","title":{"rendered":"Sacs RS"},"content":{"rendered":"Chez Mitey Titan Industries Inc., nos sacs RS sont con\u00e7us pour offrir des solutions fiables de confinement de mat\u00e9riaux pour diverses applications industrielles. Fabriqu\u00e9s \u00e0 partir de mat\u00e9riaux de haute qualit\u00e9, ils garantissent durabilit\u00e9 et r\u00e9sistance \u00e0 l&#039;abrasion et aux d\u00e9chirures, ce qui les rend parfaits pour la manutention et le transport de mat\u00e9riaux dans des environnements difficiles. Ax\u00e9s sur la s\u00e9curit\u00e9 et l&#039;efficacit\u00e9, nos sacs RS sont \u00e9quip\u00e9s de fermetures s\u00e9curis\u00e9es et de fonctionnalit\u00e9s optionnelles telles que des doublures pour une protection renforc\u00e9e contre les fuites et les d\u00e9versements. Que ce soit dans la construction, l&#039;exploitation mini\u00e8re ou la fabrication, nos sacs RS offrent des solutions polyvalentes et fiables pour r\u00e9pondre \u00e0 vos besoins sp\u00e9cifiques de confinement.","protected":false},"excerpt":{"rendered":"<p>Chez Mitey Titan Industries Inc., nos sacs RS sont con\u00e7us pour offrir des solutions fiables de confinement de mat\u00e9riaux pour diverses applications industrielles. Ces sacs\u2026<\/p>","protected":false},"featured_media":14064,"template":"","meta":{"_acf_changed":false,"om_disable_all_campaigns":false,"_monsterinsights_skip_tracking":false,"_monsterinsights_sitenote_active":false,"_monsterinsights_sitenote_note":"","_monsterinsights_sitenote_category":0},"product_brand":[],"product_cat":[30],"product_tag":[],"class_list":{"0":"post-13863","1":"product","2":"type-product","3":"status-publish","4":"has-post-thumbnail","6":"product_cat-request-a-quote","8":"first","9":"instock","10":"taxable","11":"shipping-taxable","12":"product-type-simple"},"acf":[],"aioseo_notices":[],"yoast_head":"<!-- This site is optimized with the Yoast SEO plugin v27.4 - https:\/\/yoast.com\/product\/yoast-seo-wordpress\/ -->\n<title>Durable RS Bags | Reliable Material Containment Solutions by Mitey Titan<\/title>\n<meta name=\"description\" content=\"Discover Mitey Titan\u2019s RS Bags, designed for reliable material containment in industrial applications. Made from high-quality, abrasion-resistant materials with optional liners for enhanced leak protection.\" \/>\n<meta name=\"robots\" content=\"index, follow, max-snippet:-1, max-image-preview:large, max-video-preview:-1\" \/>\n<link rel=\"canonical\" href=\"https:\/\/miteytitan.com\/fr\/product\/rs-bags\/\" \/>\n<meta property=\"og:locale\" content=\"fr_CA\" \/>\n<meta property=\"og:type\" content=\"article\" \/>\n<meta property=\"og:title\" content=\"Durable RS Bags | Reliable Material Containment Solutions by Mitey Titan\" \/>\n<meta property=\"og:description\" content=\"Discover Mitey Titan\u2019s RS Bags, designed for reliable material containment in industrial applications. Made from high-quality, abrasion-resistant materials with optional liners for enhanced leak protection.\" \/>\n<meta property=\"og:url\" content=\"https:\/\/miteytitan.com\/fr\/product\/rs-bags\/\" \/>\n<meta property=\"og:site_name\" content=\"Mitey Titan Industries Inc\" \/>\n<meta property=\"article:publisher\" content=\"https:\/\/www.facebook.com\/miteytitanindustriesinc\/\" \/>\n<meta property=\"article:modified_time\" content=\"2024-11-15T21:48:56+00:00\" \/>\n<meta property=\"og:image\" content=\"https:\/\/miteytitan.com\/wp-content\/uploads\/2024\/11\/Rs-bag-Accessories.jpg\" \/>\n\t<meta property=\"og:image:width\" content=\"1920\" \/>\n\t<meta property=\"og:image:height\" content=\"1334\" \/>\n\t<meta property=\"og:image:type\" content=\"image\/jpeg\" \/>\n<meta name=\"twitter:card\" content=\"summary_large_image\" \/>\n<meta name=\"twitter:label1\" content=\"Est. reading time\" \/>\n\t<meta name=\"twitter:data1\" content=\"1 minute\" \/>\n<script type=\"application\/ld+json\" class=\"yoast-schema-graph\">{\"@context\":\"https:\\\/\\\/schema.org\",\"@graph\":[{\"@type\":\"WebPage\",\"@id\":\"https:\\\/\\\/miteytitan.com\\\/product\\\/rs-bags\\\/\",\"url\":\"https:\\\/\\\/miteytitan.com\\\/product\\\/rs-bags\\\/\",\"name\":\"Durable RS Bags | Reliable Material Containment Solutions by Mitey Titan\",\"isPartOf\":{\"@id\":\"https:\\\/\\\/miteytitan.com\\\/#website\"},\"primaryImageOfPage\":{\"@id\":\"https:\\\/\\\/miteytitan.com\\\/product\\\/rs-bags\\\/#primaryimage\"},\"image\":{\"@id\":\"https:\\\/\\\/miteytitan.com\\\/product\\\/rs-bags\\\/#primaryimage\"},\"thumbnailUrl\":\"https:\\\/\\\/miteytitan.com\\\/wp-content\\\/uploads\\\/2024\\\/11\\\/Rs-bag-Accessories.jpg\",\"datePublished\":\"2024-11-15T19:25:27+00:00\",\"dateModified\":\"2024-11-15T21:48:56+00:00\",\"description\":\"Discover Mitey Titan\u2019s RS Bags, designed for reliable material containment in industrial applications. Made from high-quality, abrasion-resistant materials with optional liners for enhanced leak protection.\",\"breadcrumb\":{\"@id\":\"https:\\\/\\\/miteytitan.com\\\/product\\\/rs-bags\\\/#breadcrumb\"},\"inLanguage\":\"fr-CA\",\"potentialAction\":[{\"@type\":\"ReadAction\",\"target\":[\"https:\\\/\\\/miteytitan.com\\\/product\\\/rs-bags\\\/\"]}]},{\"@type\":\"ImageObject\",\"inLanguage\":\"fr-CA\",\"@id\":\"https:\\\/\\\/miteytitan.com\\\/product\\\/rs-bags\\\/#primaryimage\",\"url\":\"https:\\\/\\\/miteytitan.com\\\/wp-content\\\/uploads\\\/2024\\\/11\\\/Rs-bag-Accessories.jpg\",\"contentUrl\":\"https:\\\/\\\/miteytitan.com\\\/wp-content\\\/uploads\\\/2024\\\/11\\\/Rs-bag-Accessories.jpg\",\"width\":1920,\"height\":1334},{\"@type\":\"BreadcrumbList\",\"@id\":\"https:\\\/\\\/miteytitan.com\\\/product\\\/rs-bags\\\/#breadcrumb\",\"itemListElement\":[{\"@type\":\"ListItem\",\"position\":1,\"name\":\"Home\",\"item\":\"https:\\\/\\\/miteytitan.com\\\/\"},{\"@type\":\"ListItem\",\"position\":2,\"name\":\"RS Bags\"}]},{\"@type\":\"WebSite\",\"@id\":\"https:\\\/\\\/miteytitan.com\\\/#website\",\"url\":\"https:\\\/\\\/miteytitan.com\\\/\",\"name\":\"Mitey Titan Industries Inc\",\"description\":\"The Future ||Is {{Mitey}}\",\"publisher\":{\"@id\":\"https:\\\/\\\/miteytitan.com\\\/#organization\"},\"potentialAction\":[{\"@type\":\"SearchAction\",\"target\":{\"@type\":\"EntryPoint\",\"urlTemplate\":\"https:\\\/\\\/miteytitan.com\\\/?s={search_term_string}\"},\"query-input\":{\"@type\":\"PropertyValueSpecification\",\"valueRequired\":true,\"valueName\":\"search_term_string\"}}],\"inLanguage\":\"fr-CA\"},{\"@type\":\"Organization\",\"@id\":\"https:\\\/\\\/miteytitan.com\\\/#organization\",\"name\":\"Mitey Titan Industries Inc\",\"url\":\"https:\\\/\\\/miteytitan.com\\\/\",\"logo\":{\"@type\":\"ImageObject\",\"inLanguage\":\"fr-CA\",\"@id\":\"https:\\\/\\\/miteytitan.com\\\/#\\\/schema\\\/logo\\\/image\\\/\",\"url\":\"https:\\\/\\\/miteytitan.com\\\/wp-content\\\/uploads\\\/2024\\\/08\\\/miteytitan_logo.png\",\"contentUrl\":\"https:\\\/\\\/miteytitan.com\\\/wp-content\\\/uploads\\\/2024\\\/08\\\/miteytitan_logo.png\",\"width\":256,\"height\":60,\"caption\":\"Mitey Titan Industries Inc\"},\"image\":{\"@id\":\"https:\\\/\\\/miteytitan.com\\\/#\\\/schema\\\/logo\\\/image\\\/\"},\"sameAs\":[\"https:\\\/\\\/www.facebook.com\\\/miteytitanindustriesinc\\\/\",\"https:\\\/\\\/www.linkedin.com\\\/company\\\/mitey-titan-industries-inc.\",\"https:\\\/\\\/www.instagram.com\\\/miteytitan\\\/\",\"https:\\\/\\\/www.youtube.com\\\/channel\\\/UCwfPhYcHE5oLLdR1hjuRKJQ\"]}]}<\/script>\n<!-- \/ Yoast SEO plugin. -->","yoast_head_json":{"title":"Sacs RS r\u00e9sistants | Solutions fiables de confinement de mat\u00e9riaux par Mitey Titan","description":"D\u00e9couvrez les sacs RS de Mitey Titan, con\u00e7us pour un confinement fiable des mat\u00e9riaux dans les applications industrielles. Fabriqu\u00e9s \u00e0 partir de mat\u00e9riaux de haute qualit\u00e9 et r\u00e9sistants \u00e0 l&#039;abrasion, ils sont disponibles avec des doublures optionnelles pour une protection anti-fuites renforc\u00e9e.","robots":{"index":"index","follow":"follow","max-snippet":"max-snippet:-1","max-image-preview":"max-image-preview:large","max-video-preview":"max-video-preview:-1"},"canonical":"https:\/\/miteytitan.com\/fr\/product\/rs-bags\/","og_locale":"fr_CA","og_type":"article","og_title":"Durable RS Bags | Reliable Material Containment Solutions by Mitey Titan","og_description":"Discover Mitey Titan\u2019s RS Bags, designed for reliable material containment in industrial applications. Made from high-quality, abrasion-resistant materials with optional liners for enhanced leak protection.","og_url":"https:\/\/miteytitan.com\/fr\/product\/rs-bags\/","og_site_name":"Mitey Titan Industries Inc","article_publisher":"https:\/\/www.facebook.com\/miteytitanindustriesinc\/","article_modified_time":"2024-11-15T21:48:56+00:00","og_image":[{"width":1920,"height":1334,"url":"https:\/\/miteytitan.com\/wp-content\/uploads\/2024\/11\/Rs-bag-Accessories.jpg","type":"image\/jpeg"}],"twitter_card":"summary_large_image","twitter_misc":{"Est. reading time":"1 minute"},"schema":{"@context":"https:\/\/schema.org","@graph":[{"@type":"WebPage","@id":"https:\/\/miteytitan.com\/product\/rs-bags\/","url":"https:\/\/miteytitan.com\/product\/rs-bags\/","name":"Sacs RS r\u00e9sistants | Solutions fiables de confinement de mat\u00e9riaux par Mitey Titan","isPartOf":{"@id":"https:\/\/miteytitan.com\/#website"},"primaryImageOfPage":{"@id":"https:\/\/miteytitan.com\/product\/rs-bags\/#primaryimage"},"image":{"@id":"https:\/\/miteytitan.com\/product\/rs-bags\/#primaryimage"},"thumbnailUrl":"https:\/\/miteytitan.com\/wp-content\/uploads\/2024\/11\/Rs-bag-Accessories.jpg","datePublished":"2024-11-15T19:25:27+00:00","dateModified":"2024-11-15T21:48:56+00:00","description":"D\u00e9couvrez les sacs RS de Mitey Titan, con\u00e7us pour un confinement fiable des mat\u00e9riaux dans les applications industrielles. Fabriqu\u00e9s \u00e0 partir de mat\u00e9riaux de haute qualit\u00e9 et r\u00e9sistants \u00e0 l&#039;abrasion, ils sont disponibles avec des doublures optionnelles pour une protection anti-fuites renforc\u00e9e.","breadcrumb":{"@id":"https:\/\/miteytitan.com\/product\/rs-bags\/#breadcrumb"},"inLanguage":"fr-CA","potentialAction":[{"@type":"ReadAction","target":["https:\/\/miteytitan.com\/product\/rs-bags\/"]}]},{"@type":"ImageObject","inLanguage":"fr-CA","@id":"https:\/\/miteytitan.com\/product\/rs-bags\/#primaryimage","url":"https:\/\/miteytitan.com\/wp-content\/uploads\/2024\/11\/Rs-bag-Accessories.jpg","contentUrl":"https:\/\/miteytitan.com\/wp-content\/uploads\/2024\/11\/Rs-bag-Accessories.jpg","width":1920,"height":1334},{"@type":"BreadcrumbList","@id":"https:\/\/miteytitan.com\/product\/rs-bags\/#breadcrumb","itemListElement":[{"@type":"ListItem","position":1,"name":"Home","item":"https:\/\/miteytitan.com\/"},{"@type":"ListItem","position":2,"name":"RS Bags"}]},{"@type":"WebSite","@id":"https:\/\/miteytitan.com\/#website","url":"https:\/\/miteytitan.com\/","name":"Mitey Titan Industries Inc","description":"L&#039;avenir || est {{Mitey}}","publisher":{"@id":"https:\/\/miteytitan.com\/#organization"},"potentialAction":[{"@type":"SearchAction","target":{"@type":"EntryPoint","urlTemplate":"https:\/\/miteytitan.com\/?s={search_term_string}"},"query-input":{"@type":"PropertyValueSpecification","valueRequired":true,"valueName":"search_term_string"}}],"inLanguage":"fr-CA"},{"@type":"Organization","@id":"https:\/\/miteytitan.com\/#organization","name":"Mitey Titan Industries Inc","url":"https:\/\/miteytitan.com\/","logo":{"@type":"ImageObject","inLanguage":"fr-CA","@id":"https:\/\/miteytitan.com\/#\/schema\/logo\/image\/","url":"https:\/\/miteytitan.com\/wp-content\/uploads\/2024\/08\/miteytitan_logo.png","contentUrl":"https:\/\/miteytitan.com\/wp-content\/uploads\/2024\/08\/miteytitan_logo.png","width":256,"height":60,"caption":"Mitey Titan Industries Inc"},"image":{"@id":"https:\/\/miteytitan.com\/#\/schema\/logo\/image\/"},"sameAs":["https:\/\/www.facebook.com\/miteytitanindustriesinc\/","https:\/\/www.linkedin.com\/company\/mitey-titan-industries-inc.","https:\/\/www.instagram.com\/miteytitan\/","https:\/\/www.youtube.com\/channel\/UCwfPhYcHE5oLLdR1hjuRKJQ"]}]}},"_links":{"self":[{"href":"https:\/\/miteytitan.com\/fr\/wp-json\/wp\/v2\/product\/13863","targetHints":{"allow":["GET"]}}],"collection":[{"href":"https:\/\/miteytitan.com\/fr\/wp-json\/wp\/v2\/product"}],"about":[{"href":"https:\/\/miteytitan.com\/fr\/wp-json\/wp\/v2\/types\/product"}],"wp:featuredmedia":[{"embeddable":true,"href":"https:\/\/miteytitan.com\/fr\/wp-json\/wp\/v2\/media\/14064"}],"wp:attachment":[{"href":"https:\/\/miteytitan.com\/fr\/wp-json\/wp\/v2\/media?parent=13863"}],"wp:term":[{"taxonomy":"product_brand","embeddable":true,"href":"https:\/\/miteytitan.com\/fr\/wp-json\/wp\/v2\/product_brand?post=13863"},{"taxonomy":"product_cat","embeddable":true,"href":"https:\/\/miteytitan.com\/fr\/wp-json\/wp\/v2\/product_cat?post=13863"},{"taxonomy":"product_tag","embeddable":true,"href":"https:\/\/miteytitan.com\/fr\/wp-json\/wp\/v2\/product_tag?post=13863"}],"curies":[{"name":"wp","href":"https:\/\/api.w.org\/{rel}","templated":true}]}}