{"id":13858,"date":"2024-10-09T15:32:21","date_gmt":"2024-10-09T21:32:21","guid":{"rendered":"http:\/\/159.203.44.46\/?post_type=product&#038;p=13858"},"modified":"2024-11-15T14:52:51","modified_gmt":"2024-11-15T21:52:51","slug":"slips","status":"publish","type":"product","link":"https:\/\/miteytitan.com\/fr\/product\/slips\/","title":{"rendered":"Glissades"},"content":{"rendered":"Les cales sont des outils essentiels dans les op\u00e9rations p\u00e9troli\u00e8res et gazi\u00e8res, sp\u00e9cialement con\u00e7us pour saisir et soutenir en toute s\u00e9curit\u00e9 les colonnes de tubage lors de diverses activit\u00e9s d&#039;intervention sur les puits. Chez Mitey Titan Industries Inc., nos cales sont con\u00e7ues pour la fiabilit\u00e9, la pr\u00e9cision et la s\u00e9curit\u00e9 dans la manipulation des tubages et des tubes. Disponibles dans une vari\u00e9t\u00e9 de configurations, y compris des cales stationnaires et mobiles, elles s&#039;adaptent \u00e0 une large gamme de tailles de tuyaux de 1&quot; \u00e0 48&quot;. Construites \u00e0 partir de mat\u00e9riaux \u00e0 haute r\u00e9sistance, nos cales assurent durabilit\u00e9 et performance dans des environnements exigeants, offrant un ancrage et un soutien s\u00fbrs pendant les op\u00e9rations telles que le forage de puits, la compl\u00e9tion et le reconditionnement. Avec des conceptions avanc\u00e9es et un contr\u00f4le qualit\u00e9 rigoureux, nos cales contribuent \u00e0 l&#039;efficacit\u00e9 et \u00e0 la s\u00e9curit\u00e9 op\u00e9rationnelles, r\u00e9pondant aux normes rigoureuses de l&#039;industrie p\u00e9troli\u00e8re et gazi\u00e8re.","protected":false},"excerpt":{"rendered":"<p>Slips are essential tools in oil and gas operations, specifically designed to securely grip and support casing strings during various well intervention&hellip;<\/p>","protected":false},"featured_media":13971,"template":"","meta":{"_acf_changed":false,"om_disable_all_campaigns":false,"_monsterinsights_skip_tracking":false,"_monsterinsights_sitenote_active":false,"_monsterinsights_sitenote_note":"","_monsterinsights_sitenote_category":0},"product_brand":[],"product_cat":[30],"product_tag":[],"class_list":{"0":"post-13858","1":"product","2":"type-product","3":"status-publish","4":"has-post-thumbnail","6":"product_cat-request-a-quote","8":"first","9":"instock","10":"taxable","11":"shipping-taxable","12":"product-type-simple"},"acf":[],"aioseo_notices":[],"yoast_head":"<!-- This site is optimized with the Yoast SEO plugin v27.4 - https:\/\/yoast.com\/product\/yoast-seo-wordpress\/ -->\n<title>High-Strength Slips | Mitey Titan\u2019s Reliable Tools for Casing and Tubing<\/title>\n<meta name=\"description\" content=\"Explore Mitey Titan\u2019s Slips, designed for secure gripping and support of casing strings in oil and gas operations. Available in stationary and traveling configurations, accommodating pipe sizes from 2 3\/4\u201d to 7\u201d.\" \/>\n<meta name=\"robots\" content=\"index, follow, max-snippet:-1, max-image-preview:large, max-video-preview:-1\" \/>\n<link rel=\"canonical\" href=\"https:\/\/miteytitan.com\/fr\/product\/slips\/\" \/>\n<meta property=\"og:locale\" content=\"fr_CA\" \/>\n<meta property=\"og:type\" content=\"article\" \/>\n<meta property=\"og:title\" content=\"High-Strength Slips | Mitey Titan\u2019s Reliable Tools for Casing and Tubing\" \/>\n<meta property=\"og:description\" content=\"Explore Mitey Titan\u2019s Slips, designed for secure gripping and support of casing strings in oil and gas operations. Available in stationary and traveling configurations, accommodating pipe sizes from 2 3\/4\u201d to 7\u201d.\" \/>\n<meta property=\"og:url\" content=\"https:\/\/miteytitan.com\/fr\/product\/slips\/\" \/>\n<meta property=\"og:site_name\" content=\"Mitey Titan Industries Inc\" \/>\n<meta property=\"article:publisher\" content=\"https:\/\/www.facebook.com\/miteytitanindustriesinc\/\" \/>\n<meta property=\"article:modified_time\" content=\"2024-11-15T21:52:51+00:00\" \/>\n<meta property=\"og:image\" content=\"https:\/\/miteytitan.com\/wp-content\/uploads\/2024\/10\/63.jpg\" \/>\n\t<meta property=\"og:image:width\" content=\"1920\" \/>\n\t<meta property=\"og:image:height\" content=\"1440\" \/>\n\t<meta property=\"og:image:type\" content=\"image\/jpeg\" \/>\n<meta name=\"twitter:card\" content=\"summary_large_image\" \/>\n<meta name=\"twitter:label1\" content=\"Est. reading time\" \/>\n\t<meta name=\"twitter:data1\" content=\"1 minute\" \/>\n<script type=\"application\/ld+json\" class=\"yoast-schema-graph\">{\"@context\":\"https:\\\/\\\/schema.org\",\"@graph\":[{\"@type\":\"WebPage\",\"@id\":\"https:\\\/\\\/miteytitan.com\\\/product\\\/slips\\\/\",\"url\":\"https:\\\/\\\/miteytitan.com\\\/product\\\/slips\\\/\",\"name\":\"High-Strength Slips | Mitey Titan\u2019s Reliable Tools for Casing and Tubing\",\"isPartOf\":{\"@id\":\"https:\\\/\\\/miteytitan.com\\\/#website\"},\"primaryImageOfPage\":{\"@id\":\"https:\\\/\\\/miteytitan.com\\\/product\\\/slips\\\/#primaryimage\"},\"image\":{\"@id\":\"https:\\\/\\\/miteytitan.com\\\/product\\\/slips\\\/#primaryimage\"},\"thumbnailUrl\":\"https:\\\/\\\/miteytitan.com\\\/wp-content\\\/uploads\\\/2024\\\/10\\\/63.jpg\",\"datePublished\":\"2024-10-09T21:32:21+00:00\",\"dateModified\":\"2024-11-15T21:52:51+00:00\",\"description\":\"Explore Mitey Titan\u2019s Slips, designed for secure gripping and support of casing strings in oil and gas operations. Available in stationary and traveling configurations, accommodating pipe sizes from 2 3\\\/4\u201d to 7\u201d.\",\"breadcrumb\":{\"@id\":\"https:\\\/\\\/miteytitan.com\\\/product\\\/slips\\\/#breadcrumb\"},\"inLanguage\":\"fr-CA\",\"potentialAction\":[{\"@type\":\"ReadAction\",\"target\":[\"https:\\\/\\\/miteytitan.com\\\/product\\\/slips\\\/\"]}]},{\"@type\":\"ImageObject\",\"inLanguage\":\"fr-CA\",\"@id\":\"https:\\\/\\\/miteytitan.com\\\/product\\\/slips\\\/#primaryimage\",\"url\":\"https:\\\/\\\/miteytitan.com\\\/wp-content\\\/uploads\\\/2024\\\/10\\\/63.jpg\",\"contentUrl\":\"https:\\\/\\\/miteytitan.com\\\/wp-content\\\/uploads\\\/2024\\\/10\\\/63.jpg\",\"width\":1920,\"height\":1440},{\"@type\":\"BreadcrumbList\",\"@id\":\"https:\\\/\\\/miteytitan.com\\\/product\\\/slips\\\/#breadcrumb\",\"itemListElement\":[{\"@type\":\"ListItem\",\"position\":1,\"name\":\"Home\",\"item\":\"https:\\\/\\\/miteytitan.com\\\/\"},{\"@type\":\"ListItem\",\"position\":2,\"name\":\"Slips\"}]},{\"@type\":\"WebSite\",\"@id\":\"https:\\\/\\\/miteytitan.com\\\/#website\",\"url\":\"https:\\\/\\\/miteytitan.com\\\/\",\"name\":\"Mitey Titan Industries Inc\",\"description\":\"The Future ||Is {{Mitey}}\",\"publisher\":{\"@id\":\"https:\\\/\\\/miteytitan.com\\\/#organization\"},\"potentialAction\":[{\"@type\":\"SearchAction\",\"target\":{\"@type\":\"EntryPoint\",\"urlTemplate\":\"https:\\\/\\\/miteytitan.com\\\/?s={search_term_string}\"},\"query-input\":{\"@type\":\"PropertyValueSpecification\",\"valueRequired\":true,\"valueName\":\"search_term_string\"}}],\"inLanguage\":\"fr-CA\"},{\"@type\":\"Organization\",\"@id\":\"https:\\\/\\\/miteytitan.com\\\/#organization\",\"name\":\"Mitey Titan Industries Inc\",\"url\":\"https:\\\/\\\/miteytitan.com\\\/\",\"logo\":{\"@type\":\"ImageObject\",\"inLanguage\":\"fr-CA\",\"@id\":\"https:\\\/\\\/miteytitan.com\\\/#\\\/schema\\\/logo\\\/image\\\/\",\"url\":\"https:\\\/\\\/miteytitan.com\\\/wp-content\\\/uploads\\\/2024\\\/08\\\/miteytitan_logo.png\",\"contentUrl\":\"https:\\\/\\\/miteytitan.com\\\/wp-content\\\/uploads\\\/2024\\\/08\\\/miteytitan_logo.png\",\"width\":256,\"height\":60,\"caption\":\"Mitey Titan Industries Inc\"},\"image\":{\"@id\":\"https:\\\/\\\/miteytitan.com\\\/#\\\/schema\\\/logo\\\/image\\\/\"},\"sameAs\":[\"https:\\\/\\\/www.facebook.com\\\/miteytitanindustriesinc\\\/\",\"https:\\\/\\\/www.linkedin.com\\\/company\\\/mitey-titan-industries-inc.\",\"https:\\\/\\\/www.instagram.com\\\/miteytitan\\\/\",\"https:\\\/\\\/www.youtube.com\\\/channel\\\/UCwfPhYcHE5oLLdR1hjuRKJQ\"]}]}<\/script>\n<!-- \/ Yoast SEO plugin. -->","yoast_head_json":{"title":"High-Strength Slips | Mitey Titan\u2019s Reliable Tools for Casing and Tubing","description":"Explore Mitey Titan\u2019s Slips, designed for secure gripping and support of casing strings in oil and gas operations. Available in stationary and traveling configurations, accommodating pipe sizes from 2 3\/4\u201d to 7\u201d.","robots":{"index":"index","follow":"follow","max-snippet":"max-snippet:-1","max-image-preview":"max-image-preview:large","max-video-preview":"max-video-preview:-1"},"canonical":"https:\/\/miteytitan.com\/fr\/product\/slips\/","og_locale":"fr_CA","og_type":"article","og_title":"High-Strength Slips | Mitey Titan\u2019s Reliable Tools for Casing and Tubing","og_description":"Explore Mitey Titan\u2019s Slips, designed for secure gripping and support of casing strings in oil and gas operations. Available in stationary and traveling configurations, accommodating pipe sizes from 2 3\/4\u201d to 7\u201d.","og_url":"https:\/\/miteytitan.com\/fr\/product\/slips\/","og_site_name":"Mitey Titan Industries Inc","article_publisher":"https:\/\/www.facebook.com\/miteytitanindustriesinc\/","article_modified_time":"2024-11-15T21:52:51+00:00","og_image":[{"width":1920,"height":1440,"url":"https:\/\/miteytitan.com\/wp-content\/uploads\/2024\/10\/63.jpg","type":"image\/jpeg"}],"twitter_card":"summary_large_image","twitter_misc":{"Est. reading time":"1 minute"},"schema":{"@context":"https:\/\/schema.org","@graph":[{"@type":"WebPage","@id":"https:\/\/miteytitan.com\/product\/slips\/","url":"https:\/\/miteytitan.com\/product\/slips\/","name":"High-Strength Slips | Mitey Titan\u2019s Reliable Tools for Casing and Tubing","isPartOf":{"@id":"https:\/\/miteytitan.com\/#website"},"primaryImageOfPage":{"@id":"https:\/\/miteytitan.com\/product\/slips\/#primaryimage"},"image":{"@id":"https:\/\/miteytitan.com\/product\/slips\/#primaryimage"},"thumbnailUrl":"https:\/\/miteytitan.com\/wp-content\/uploads\/2024\/10\/63.jpg","datePublished":"2024-10-09T21:32:21+00:00","dateModified":"2024-11-15T21:52:51+00:00","description":"Explore Mitey Titan\u2019s Slips, designed for secure gripping and support of casing strings in oil and gas operations. Available in stationary and traveling configurations, accommodating pipe sizes from 2 3\/4\u201d to 7\u201d.","breadcrumb":{"@id":"https:\/\/miteytitan.com\/product\/slips\/#breadcrumb"},"inLanguage":"fr-CA","potentialAction":[{"@type":"ReadAction","target":["https:\/\/miteytitan.com\/product\/slips\/"]}]},{"@type":"ImageObject","inLanguage":"fr-CA","@id":"https:\/\/miteytitan.com\/product\/slips\/#primaryimage","url":"https:\/\/miteytitan.com\/wp-content\/uploads\/2024\/10\/63.jpg","contentUrl":"https:\/\/miteytitan.com\/wp-content\/uploads\/2024\/10\/63.jpg","width":1920,"height":1440},{"@type":"BreadcrumbList","@id":"https:\/\/miteytitan.com\/product\/slips\/#breadcrumb","itemListElement":[{"@type":"ListItem","position":1,"name":"Home","item":"https:\/\/miteytitan.com\/"},{"@type":"ListItem","position":2,"name":"Slips"}]},{"@type":"WebSite","@id":"https:\/\/miteytitan.com\/#website","url":"https:\/\/miteytitan.com\/","name":"Mitey Titan Industries Inc","description":"L&#039;avenir || est {{Mitey}}","publisher":{"@id":"https:\/\/miteytitan.com\/#organization"},"potentialAction":[{"@type":"SearchAction","target":{"@type":"EntryPoint","urlTemplate":"https:\/\/miteytitan.com\/?s={search_term_string}"},"query-input":{"@type":"PropertyValueSpecification","valueRequired":true,"valueName":"search_term_string"}}],"inLanguage":"fr-CA"},{"@type":"Organization","@id":"https:\/\/miteytitan.com\/#organization","name":"Mitey Titan Industries Inc","url":"https:\/\/miteytitan.com\/","logo":{"@type":"ImageObject","inLanguage":"fr-CA","@id":"https:\/\/miteytitan.com\/#\/schema\/logo\/image\/","url":"https:\/\/miteytitan.com\/wp-content\/uploads\/2024\/08\/miteytitan_logo.png","contentUrl":"https:\/\/miteytitan.com\/wp-content\/uploads\/2024\/08\/miteytitan_logo.png","width":256,"height":60,"caption":"Mitey Titan Industries Inc"},"image":{"@id":"https:\/\/miteytitan.com\/#\/schema\/logo\/image\/"},"sameAs":["https:\/\/www.facebook.com\/miteytitanindustriesinc\/","https:\/\/www.linkedin.com\/company\/mitey-titan-industries-inc.","https:\/\/www.instagram.com\/miteytitan\/","https:\/\/www.youtube.com\/channel\/UCwfPhYcHE5oLLdR1hjuRKJQ"]}]}},"_links":{"self":[{"href":"https:\/\/miteytitan.com\/fr\/wp-json\/wp\/v2\/product\/13858","targetHints":{"allow":["GET"]}}],"collection":[{"href":"https:\/\/miteytitan.com\/fr\/wp-json\/wp\/v2\/product"}],"about":[{"href":"https:\/\/miteytitan.com\/fr\/wp-json\/wp\/v2\/types\/product"}],"wp:featuredmedia":[{"embeddable":true,"href":"https:\/\/miteytitan.com\/fr\/wp-json\/wp\/v2\/media\/13971"}],"wp:attachment":[{"href":"https:\/\/miteytitan.com\/fr\/wp-json\/wp\/v2\/media?parent=13858"}],"wp:term":[{"taxonomy":"product_brand","embeddable":true,"href":"https:\/\/miteytitan.com\/fr\/wp-json\/wp\/v2\/product_brand?post=13858"},{"taxonomy":"product_cat","embeddable":true,"href":"https:\/\/miteytitan.com\/fr\/wp-json\/wp\/v2\/product_cat?post=13858"},{"taxonomy":"product_tag","embeddable":true,"href":"https:\/\/miteytitan.com\/fr\/wp-json\/wp\/v2\/product_tag?post=13858"}],"curies":[{"name":"wp","href":"https:\/\/api.w.org\/{rel}","templated":true}]}}