{"id":13733,"date":"2024-09-17T15:15:02","date_gmt":"2024-09-17T21:15:02","guid":{"rendered":"http:\/\/159.203.44.46\/?post_type=product&#038;p=13733"},"modified":"2024-11-15T12:47:04","modified_gmt":"2024-11-15T19:47:04","slug":"gin-pole","status":"publish","type":"product","link":"https:\/\/miteytitan.com\/fr\/product\/gin-pole\/","title":{"rendered":"P\u00f4le Gin"},"content":{"rendered":"Chez Mitey Titan Industries Inc., nos m\u00e2ts de levage sont con\u00e7us pour fournir des solutions de levage sup\u00e9rieures pour les industries telles que la construction, les t\u00e9l\u00e9communications et le p\u00e9trole et le gaz. Con\u00e7us pour supporter des poids importants, nos m\u00e2ts de levage durables garantissent des performances fiables dans des environnements difficiles avec un minimum d&#039;entretien. Ils sont polyvalents et adapt\u00e9s aux t\u00e2ches de levage, notamment l&#039;\u00e9rection de tours et les op\u00e9rations sur le terrain. \u00c9quip\u00e9s de m\u00e9canismes de s\u00e9curit\u00e9 avanc\u00e9s tels que des syst\u00e8mes d&#039;ancrage s\u00e9curis\u00e9 et de contr\u00f4le de charge, nos m\u00e2ts de levage donnent la priorit\u00e9 \u00e0 la s\u00e9curit\u00e9 op\u00e9rationnelle et du personnel. Faciles \u00e0 assembler et \u00e0 utiliser, ils facilitent une installation rapide et un fonctionnement efficace, r\u00e9duisant les temps d&#039;arr\u00eat et am\u00e9liorant la productivit\u00e9. Choisissez Mitey Titan Industries Inc. pour des m\u00e2ts de levage hautes performances, durables et s\u00fbrs qui r\u00e9pondent aux normes industrielles les plus \u00e9lev\u00e9es.","protected":false},"excerpt":{"rendered":"<p>Chez Mitey Titan Industries Inc., nos m\u00e2ts de levage sont con\u00e7us pour fournir des solutions de levage sup\u00e9rieures \u00e0 des secteurs tels que la construction, les t\u00e9l\u00e9communications et\u2026<\/p>","protected":false},"featured_media":13995,"template":"","meta":{"_acf_changed":false,"om_disable_all_campaigns":false,"_monsterinsights_skip_tracking":false,"_monsterinsights_sitenote_active":false,"_monsterinsights_sitenote_note":"","_monsterinsights_sitenote_category":0},"product_brand":[],"product_cat":[15],"product_tag":[],"class_list":{"0":"post-13733","1":"product","2":"type-product","3":"status-publish","4":"has-post-thumbnail","6":"product_cat-general","8":"first","9":"instock","10":"taxable","11":"shipping-taxable","12":"product-type-simple"},"acf":[],"aioseo_notices":[],"yoast_head":"<!-- This site is optimized with the Yoast SEO plugin v27.4 - https:\/\/yoast.com\/product\/yoast-seo-wordpress\/ -->\n<title>Durable Gin Poles for Lifting Solutions | Mitey Titan Industries Inc.<\/title>\n<meta name=\"description\" content=\"Discover Mitey Titan\u2019s gin poles, engineered for superior lifting solutions in construction, telecommunications, and oil and gas industries. Durable, versatile, and safe for demanding environments.\" \/>\n<meta name=\"robots\" content=\"index, follow, max-snippet:-1, max-image-preview:large, max-video-preview:-1\" \/>\n<link rel=\"canonical\" href=\"https:\/\/miteytitan.com\/fr\/product\/gin-pole\/\" \/>\n<meta property=\"og:locale\" content=\"fr_CA\" \/>\n<meta property=\"og:type\" content=\"article\" \/>\n<meta property=\"og:title\" content=\"Durable Gin Poles for Lifting Solutions | Mitey Titan Industries Inc.\" \/>\n<meta property=\"og:description\" content=\"Discover Mitey Titan\u2019s gin poles, engineered for superior lifting solutions in construction, telecommunications, and oil and gas industries. Durable, versatile, and safe for demanding environments.\" \/>\n<meta property=\"og:url\" content=\"https:\/\/miteytitan.com\/fr\/product\/gin-pole\/\" \/>\n<meta property=\"og:site_name\" content=\"Mitey Titan Industries Inc\" \/>\n<meta property=\"article:publisher\" content=\"https:\/\/www.facebook.com\/miteytitanindustriesinc\/\" \/>\n<meta property=\"article:modified_time\" content=\"2024-11-15T19:47:04+00:00\" \/>\n<meta property=\"og:image\" content=\"https:\/\/miteytitan.com\/wp-content\/uploads\/2024\/09\/miteytitan_offshore_12-1.jpg\" \/>\n\t<meta property=\"og:image:width\" content=\"656\" \/>\n\t<meta property=\"og:image:height\" content=\"415\" \/>\n\t<meta property=\"og:image:type\" content=\"image\/jpeg\" \/>\n<meta name=\"twitter:card\" content=\"summary_large_image\" \/>\n<meta name=\"twitter:label1\" content=\"Est. reading time\" \/>\n\t<meta name=\"twitter:data1\" content=\"1 minute\" \/>\n<script type=\"application\/ld+json\" class=\"yoast-schema-graph\">{\"@context\":\"https:\\\/\\\/schema.org\",\"@graph\":[{\"@type\":\"WebPage\",\"@id\":\"https:\\\/\\\/miteytitan.com\\\/product\\\/gin-pole\\\/\",\"url\":\"https:\\\/\\\/miteytitan.com\\\/product\\\/gin-pole\\\/\",\"name\":\"Durable Gin Poles for Lifting Solutions | Mitey Titan Industries Inc.\",\"isPartOf\":{\"@id\":\"https:\\\/\\\/miteytitan.com\\\/#website\"},\"primaryImageOfPage\":{\"@id\":\"https:\\\/\\\/miteytitan.com\\\/product\\\/gin-pole\\\/#primaryimage\"},\"image\":{\"@id\":\"https:\\\/\\\/miteytitan.com\\\/product\\\/gin-pole\\\/#primaryimage\"},\"thumbnailUrl\":\"https:\\\/\\\/miteytitan.com\\\/wp-content\\\/uploads\\\/2024\\\/09\\\/miteytitan_offshore_12-1.jpg\",\"datePublished\":\"2024-09-17T21:15:02+00:00\",\"dateModified\":\"2024-11-15T19:47:04+00:00\",\"description\":\"Discover Mitey Titan\u2019s gin poles, engineered for superior lifting solutions in construction, telecommunications, and oil and gas industries. Durable, versatile, and safe for demanding environments.\",\"breadcrumb\":{\"@id\":\"https:\\\/\\\/miteytitan.com\\\/product\\\/gin-pole\\\/#breadcrumb\"},\"inLanguage\":\"fr-CA\",\"potentialAction\":[{\"@type\":\"ReadAction\",\"target\":[\"https:\\\/\\\/miteytitan.com\\\/product\\\/gin-pole\\\/\"]}]},{\"@type\":\"ImageObject\",\"inLanguage\":\"fr-CA\",\"@id\":\"https:\\\/\\\/miteytitan.com\\\/product\\\/gin-pole\\\/#primaryimage\",\"url\":\"https:\\\/\\\/miteytitan.com\\\/wp-content\\\/uploads\\\/2024\\\/09\\\/miteytitan_offshore_12-1.jpg\",\"contentUrl\":\"https:\\\/\\\/miteytitan.com\\\/wp-content\\\/uploads\\\/2024\\\/09\\\/miteytitan_offshore_12-1.jpg\",\"width\":656,\"height\":415},{\"@type\":\"BreadcrumbList\",\"@id\":\"https:\\\/\\\/miteytitan.com\\\/product\\\/gin-pole\\\/#breadcrumb\",\"itemListElement\":[{\"@type\":\"ListItem\",\"position\":1,\"name\":\"Home\",\"item\":\"https:\\\/\\\/miteytitan.com\\\/\"},{\"@type\":\"ListItem\",\"position\":2,\"name\":\"Gin Pole\"}]},{\"@type\":\"WebSite\",\"@id\":\"https:\\\/\\\/miteytitan.com\\\/#website\",\"url\":\"https:\\\/\\\/miteytitan.com\\\/\",\"name\":\"Mitey Titan Industries Inc\",\"description\":\"The Future ||Is {{Mitey}}\",\"publisher\":{\"@id\":\"https:\\\/\\\/miteytitan.com\\\/#organization\"},\"potentialAction\":[{\"@type\":\"SearchAction\",\"target\":{\"@type\":\"EntryPoint\",\"urlTemplate\":\"https:\\\/\\\/miteytitan.com\\\/?s={search_term_string}\"},\"query-input\":{\"@type\":\"PropertyValueSpecification\",\"valueRequired\":true,\"valueName\":\"search_term_string\"}}],\"inLanguage\":\"fr-CA\"},{\"@type\":\"Organization\",\"@id\":\"https:\\\/\\\/miteytitan.com\\\/#organization\",\"name\":\"Mitey Titan Industries Inc\",\"url\":\"https:\\\/\\\/miteytitan.com\\\/\",\"logo\":{\"@type\":\"ImageObject\",\"inLanguage\":\"fr-CA\",\"@id\":\"https:\\\/\\\/miteytitan.com\\\/#\\\/schema\\\/logo\\\/image\\\/\",\"url\":\"https:\\\/\\\/miteytitan.com\\\/wp-content\\\/uploads\\\/2024\\\/08\\\/miteytitan_logo.png\",\"contentUrl\":\"https:\\\/\\\/miteytitan.com\\\/wp-content\\\/uploads\\\/2024\\\/08\\\/miteytitan_logo.png\",\"width\":256,\"height\":60,\"caption\":\"Mitey Titan Industries Inc\"},\"image\":{\"@id\":\"https:\\\/\\\/miteytitan.com\\\/#\\\/schema\\\/logo\\\/image\\\/\"},\"sameAs\":[\"https:\\\/\\\/www.facebook.com\\\/miteytitanindustriesinc\\\/\",\"https:\\\/\\\/www.linkedin.com\\\/company\\\/mitey-titan-industries-inc.\",\"https:\\\/\\\/www.instagram.com\\\/miteytitan\\\/\",\"https:\\\/\\\/www.youtube.com\\\/channel\\\/UCwfPhYcHE5oLLdR1hjuRKJQ\"]}]}<\/script>\n<!-- \/ Yoast SEO plugin. -->","yoast_head_json":{"title":"Poteaux de levage robustes pour solutions de levage | Mitey Titan Industries Inc.","description":"D\u00e9couvrez les m\u00e2ts de levage Mitey Titan, con\u00e7us pour des solutions de levage optimales dans les secteurs de la construction, des t\u00e9l\u00e9communications et des hydrocarbures. Durables, polyvalents et s\u00fbrs pour les environnements exigeants.","robots":{"index":"index","follow":"follow","max-snippet":"max-snippet:-1","max-image-preview":"max-image-preview:large","max-video-preview":"max-video-preview:-1"},"canonical":"https:\/\/miteytitan.com\/fr\/product\/gin-pole\/","og_locale":"fr_CA","og_type":"article","og_title":"Durable Gin Poles for Lifting Solutions | Mitey Titan Industries Inc.","og_description":"Discover Mitey Titan\u2019s gin poles, engineered for superior lifting solutions in construction, telecommunications, and oil and gas industries. Durable, versatile, and safe for demanding environments.","og_url":"https:\/\/miteytitan.com\/fr\/product\/gin-pole\/","og_site_name":"Mitey Titan Industries Inc","article_publisher":"https:\/\/www.facebook.com\/miteytitanindustriesinc\/","article_modified_time":"2024-11-15T19:47:04+00:00","og_image":[{"width":656,"height":415,"url":"https:\/\/miteytitan.com\/wp-content\/uploads\/2024\/09\/miteytitan_offshore_12-1.jpg","type":"image\/jpeg"}],"twitter_card":"summary_large_image","twitter_misc":{"Est. reading time":"1 minute"},"schema":{"@context":"https:\/\/schema.org","@graph":[{"@type":"WebPage","@id":"https:\/\/miteytitan.com\/product\/gin-pole\/","url":"https:\/\/miteytitan.com\/product\/gin-pole\/","name":"Poteaux de levage robustes pour solutions de levage | Mitey Titan Industries Inc.","isPartOf":{"@id":"https:\/\/miteytitan.com\/#website"},"primaryImageOfPage":{"@id":"https:\/\/miteytitan.com\/product\/gin-pole\/#primaryimage"},"image":{"@id":"https:\/\/miteytitan.com\/product\/gin-pole\/#primaryimage"},"thumbnailUrl":"https:\/\/miteytitan.com\/wp-content\/uploads\/2024\/09\/miteytitan_offshore_12-1.jpg","datePublished":"2024-09-17T21:15:02+00:00","dateModified":"2024-11-15T19:47:04+00:00","description":"D\u00e9couvrez les m\u00e2ts de levage Mitey Titan, con\u00e7us pour des solutions de levage optimales dans les secteurs de la construction, des t\u00e9l\u00e9communications et des hydrocarbures. Durables, polyvalents et s\u00fbrs pour les environnements exigeants.","breadcrumb":{"@id":"https:\/\/miteytitan.com\/product\/gin-pole\/#breadcrumb"},"inLanguage":"fr-CA","potentialAction":[{"@type":"ReadAction","target":["https:\/\/miteytitan.com\/product\/gin-pole\/"]}]},{"@type":"ImageObject","inLanguage":"fr-CA","@id":"https:\/\/miteytitan.com\/product\/gin-pole\/#primaryimage","url":"https:\/\/miteytitan.com\/wp-content\/uploads\/2024\/09\/miteytitan_offshore_12-1.jpg","contentUrl":"https:\/\/miteytitan.com\/wp-content\/uploads\/2024\/09\/miteytitan_offshore_12-1.jpg","width":656,"height":415},{"@type":"BreadcrumbList","@id":"https:\/\/miteytitan.com\/product\/gin-pole\/#breadcrumb","itemListElement":[{"@type":"ListItem","position":1,"name":"Home","item":"https:\/\/miteytitan.com\/"},{"@type":"ListItem","position":2,"name":"Gin Pole"}]},{"@type":"WebSite","@id":"https:\/\/miteytitan.com\/#website","url":"https:\/\/miteytitan.com\/","name":"Mitey Titan Industries Inc","description":"L&#039;avenir || est {{Mitey}}","publisher":{"@id":"https:\/\/miteytitan.com\/#organization"},"potentialAction":[{"@type":"SearchAction","target":{"@type":"EntryPoint","urlTemplate":"https:\/\/miteytitan.com\/?s={search_term_string}"},"query-input":{"@type":"PropertyValueSpecification","valueRequired":true,"valueName":"search_term_string"}}],"inLanguage":"fr-CA"},{"@type":"Organization","@id":"https:\/\/miteytitan.com\/#organization","name":"Mitey Titan Industries Inc","url":"https:\/\/miteytitan.com\/","logo":{"@type":"ImageObject","inLanguage":"fr-CA","@id":"https:\/\/miteytitan.com\/#\/schema\/logo\/image\/","url":"https:\/\/miteytitan.com\/wp-content\/uploads\/2024\/08\/miteytitan_logo.png","contentUrl":"https:\/\/miteytitan.com\/wp-content\/uploads\/2024\/08\/miteytitan_logo.png","width":256,"height":60,"caption":"Mitey Titan Industries Inc"},"image":{"@id":"https:\/\/miteytitan.com\/#\/schema\/logo\/image\/"},"sameAs":["https:\/\/www.facebook.com\/miteytitanindustriesinc\/","https:\/\/www.linkedin.com\/company\/mitey-titan-industries-inc.","https:\/\/www.instagram.com\/miteytitan\/","https:\/\/www.youtube.com\/channel\/UCwfPhYcHE5oLLdR1hjuRKJQ"]}]}},"_links":{"self":[{"href":"https:\/\/miteytitan.com\/fr\/wp-json\/wp\/v2\/product\/13733","targetHints":{"allow":["GET"]}}],"collection":[{"href":"https:\/\/miteytitan.com\/fr\/wp-json\/wp\/v2\/product"}],"about":[{"href":"https:\/\/miteytitan.com\/fr\/wp-json\/wp\/v2\/types\/product"}],"wp:featuredmedia":[{"embeddable":true,"href":"https:\/\/miteytitan.com\/fr\/wp-json\/wp\/v2\/media\/13995"}],"wp:attachment":[{"href":"https:\/\/miteytitan.com\/fr\/wp-json\/wp\/v2\/media?parent=13733"}],"wp:term":[{"taxonomy":"product_brand","embeddable":true,"href":"https:\/\/miteytitan.com\/fr\/wp-json\/wp\/v2\/product_brand?post=13733"},{"taxonomy":"product_cat","embeddable":true,"href":"https:\/\/miteytitan.com\/fr\/wp-json\/wp\/v2\/product_cat?post=13733"},{"taxonomy":"product_tag","embeddable":true,"href":"https:\/\/miteytitan.com\/fr\/wp-json\/wp\/v2\/product_tag?post=13733"}],"curies":[{"name":"wp","href":"https:\/\/api.w.org\/{rel}","templated":true}]}}