{"id":13727,"date":"2024-09-17T15:13:59","date_gmt":"2024-09-17T21:13:59","guid":{"rendered":"http:\/\/159.203.44.46\/?post_type=product&#038;p=13727"},"modified":"2024-11-15T12:09:44","modified_gmt":"2024-11-15T19:09:44","slug":"centrifugal-pump","status":"publish","type":"product","link":"https:\/\/miteytitan.com\/fr\/product\/centrifugal-pump\/","title":{"rendered":"Pompe centrifuge"},"content":{"rendered":"Les pompes centrifuges sont indispensables dans de nombreux secteurs industriels, exploitant la force centrifuge pour transf\u00e9rer efficacement les fluides dans les canalisations et les syst\u00e8mes. Elles excellent dans le transfert d&#039;une large gamme de liquides, de l&#039;eau et des produits chimiques aux boues abrasives et aux fluides visqueux, ce qui les rend polyvalentes pour les applications industrielles. Con\u00e7ues pour leur fiabilit\u00e9 et leur durabilit\u00e9, ces pompes sont robustes et fabriqu\u00e9es avec des mat\u00e9riaux de pointe qui r\u00e9sistent aux conditions difficiles et garantissent une longue dur\u00e9e de vie. Leur conception efficace minimise la consommation d&#039;\u00e9nergie, contribuant ainsi \u00e0 la rentabilit\u00e9 des op\u00e9rations. Les pompes centrifuges jouent un r\u00f4le crucial dans des secteurs tels que le p\u00e9trole et le gaz, le traitement des eaux, l&#039;exploitation mini\u00e8re et l&#039;industrie manufacturi\u00e8re, o\u00f9 la r\u00e9gularit\u00e9 du traitement des fluides est primordiale.","protected":false},"excerpt":{"rendered":"<p>Les pompes centrifuges sont indispensables dans de nombreux secteurs industriels. Elles exploitent la force centrifuge pour transf\u00e9rer efficacement les fluides \u00e0 travers les canalisations et les syst\u00e8mes. Elles excellent notamment dans la manutention\u2026<\/p>","protected":false},"featured_media":13979,"template":"","meta":{"_acf_changed":false,"om_disable_all_campaigns":false,"_monsterinsights_skip_tracking":false,"_monsterinsights_sitenote_active":false,"_monsterinsights_sitenote_note":"","_monsterinsights_sitenote_category":0},"product_brand":[],"product_cat":[15],"product_tag":[],"class_list":{"0":"post-13727","1":"product","2":"type-product","3":"status-publish","4":"has-post-thumbnail","6":"product_cat-general","8":"first","9":"instock","10":"taxable","11":"shipping-taxable","12":"product-type-simple"},"acf":[],"aioseo_notices":[],"yoast_head":"<!-- This site is optimized with the Yoast SEO plugin v27.5 - https:\/\/yoast.com\/product\/yoast-seo-wordpress\/ -->\n<title>High-Performance Centrifugal Pumps | Mitey Titan Industries Inc.<\/title>\n<meta name=\"description\" content=\"Discover Mitey Titan\u2019s centrifugal pumps designed for efficient fluid transfer. Reliable, durable, and energy-efficient solutions for oil and gas, water treatment, mining, and manufacturing.\" \/>\n<meta name=\"robots\" content=\"index, follow, max-snippet:-1, max-image-preview:large, max-video-preview:-1\" \/>\n<link rel=\"canonical\" href=\"https:\/\/miteytitan.com\/fr\/product\/centrifugal-pump\/\" \/>\n<meta property=\"og:locale\" content=\"fr_CA\" \/>\n<meta property=\"og:type\" content=\"article\" \/>\n<meta property=\"og:title\" content=\"High-Performance Centrifugal Pumps | Mitey Titan Industries Inc.\" \/>\n<meta property=\"og:description\" content=\"Discover Mitey Titan\u2019s centrifugal pumps designed for efficient fluid transfer. Reliable, durable, and energy-efficient solutions for oil and gas, water treatment, mining, and manufacturing.\" \/>\n<meta property=\"og:url\" content=\"https:\/\/miteytitan.com\/fr\/product\/centrifugal-pump\/\" \/>\n<meta property=\"og:site_name\" content=\"Mitey Titan Industries Inc\" \/>\n<meta property=\"article:publisher\" content=\"https:\/\/www.facebook.com\/miteytitanindustriesinc\/\" \/>\n<meta property=\"article:modified_time\" content=\"2024-11-15T19:09:44+00:00\" \/>\n<meta property=\"og:image\" content=\"https:\/\/miteytitan.com\/wp-content\/uploads\/2024\/09\/miteytitan_offshore_04-1.jpg\" \/>\n\t<meta property=\"og:image:width\" content=\"364\" \/>\n\t<meta property=\"og:image:height\" content=\"236\" \/>\n\t<meta property=\"og:image:type\" content=\"image\/jpeg\" \/>\n<meta name=\"twitter:card\" content=\"summary_large_image\" \/>\n<meta name=\"twitter:label1\" content=\"Est. reading time\" \/>\n\t<meta name=\"twitter:data1\" content=\"1 minute\" \/>\n<script type=\"application\/ld+json\" class=\"yoast-schema-graph\">{\"@context\":\"https:\\\/\\\/schema.org\",\"@graph\":[{\"@type\":\"WebPage\",\"@id\":\"https:\\\/\\\/miteytitan.com\\\/product\\\/centrifugal-pump\\\/\",\"url\":\"https:\\\/\\\/miteytitan.com\\\/product\\\/centrifugal-pump\\\/\",\"name\":\"High-Performance Centrifugal Pumps | Mitey Titan Industries Inc.\",\"isPartOf\":{\"@id\":\"https:\\\/\\\/miteytitan.com\\\/#website\"},\"primaryImageOfPage\":{\"@id\":\"https:\\\/\\\/miteytitan.com\\\/product\\\/centrifugal-pump\\\/#primaryimage\"},\"image\":{\"@id\":\"https:\\\/\\\/miteytitan.com\\\/product\\\/centrifugal-pump\\\/#primaryimage\"},\"thumbnailUrl\":\"https:\\\/\\\/miteytitan.com\\\/wp-content\\\/uploads\\\/2024\\\/09\\\/miteytitan_offshore_04-1.jpg\",\"datePublished\":\"2024-09-17T21:13:59+00:00\",\"dateModified\":\"2024-11-15T19:09:44+00:00\",\"description\":\"Discover Mitey Titan\u2019s centrifugal pumps designed for efficient fluid transfer. Reliable, durable, and energy-efficient solutions for oil and gas, water treatment, mining, and manufacturing.\",\"breadcrumb\":{\"@id\":\"https:\\\/\\\/miteytitan.com\\\/product\\\/centrifugal-pump\\\/#breadcrumb\"},\"inLanguage\":\"fr-CA\",\"potentialAction\":[{\"@type\":\"ReadAction\",\"target\":[\"https:\\\/\\\/miteytitan.com\\\/product\\\/centrifugal-pump\\\/\"]}]},{\"@type\":\"ImageObject\",\"inLanguage\":\"fr-CA\",\"@id\":\"https:\\\/\\\/miteytitan.com\\\/product\\\/centrifugal-pump\\\/#primaryimage\",\"url\":\"https:\\\/\\\/miteytitan.com\\\/wp-content\\\/uploads\\\/2024\\\/09\\\/miteytitan_offshore_04-1.jpg\",\"contentUrl\":\"https:\\\/\\\/miteytitan.com\\\/wp-content\\\/uploads\\\/2024\\\/09\\\/miteytitan_offshore_04-1.jpg\",\"width\":364,\"height\":236},{\"@type\":\"BreadcrumbList\",\"@id\":\"https:\\\/\\\/miteytitan.com\\\/product\\\/centrifugal-pump\\\/#breadcrumb\",\"itemListElement\":[{\"@type\":\"ListItem\",\"position\":1,\"name\":\"Home\",\"item\":\"https:\\\/\\\/miteytitan.com\\\/\"},{\"@type\":\"ListItem\",\"position\":2,\"name\":\"Centrifugal Pump\"}]},{\"@type\":\"WebSite\",\"@id\":\"https:\\\/\\\/miteytitan.com\\\/#website\",\"url\":\"https:\\\/\\\/miteytitan.com\\\/\",\"name\":\"Mitey Titan Industries Inc\",\"description\":\"The Future ||Is {{Mitey}}\",\"publisher\":{\"@id\":\"https:\\\/\\\/miteytitan.com\\\/#organization\"},\"potentialAction\":[{\"@type\":\"SearchAction\",\"target\":{\"@type\":\"EntryPoint\",\"urlTemplate\":\"https:\\\/\\\/miteytitan.com\\\/?s={search_term_string}\"},\"query-input\":{\"@type\":\"PropertyValueSpecification\",\"valueRequired\":true,\"valueName\":\"search_term_string\"}}],\"inLanguage\":\"fr-CA\"},{\"@type\":\"Organization\",\"@id\":\"https:\\\/\\\/miteytitan.com\\\/#organization\",\"name\":\"Mitey Titan Industries Inc\",\"url\":\"https:\\\/\\\/miteytitan.com\\\/\",\"logo\":{\"@type\":\"ImageObject\",\"inLanguage\":\"fr-CA\",\"@id\":\"https:\\\/\\\/miteytitan.com\\\/#\\\/schema\\\/logo\\\/image\\\/\",\"url\":\"https:\\\/\\\/miteytitan.com\\\/wp-content\\\/uploads\\\/2024\\\/08\\\/miteytitan_logo.png\",\"contentUrl\":\"https:\\\/\\\/miteytitan.com\\\/wp-content\\\/uploads\\\/2024\\\/08\\\/miteytitan_logo.png\",\"width\":256,\"height\":60,\"caption\":\"Mitey Titan Industries Inc\"},\"image\":{\"@id\":\"https:\\\/\\\/miteytitan.com\\\/#\\\/schema\\\/logo\\\/image\\\/\"},\"sameAs\":[\"https:\\\/\\\/www.facebook.com\\\/miteytitanindustriesinc\\\/\",\"https:\\\/\\\/www.linkedin.com\\\/company\\\/mitey-titan-industries-inc.\",\"https:\\\/\\\/www.instagram.com\\\/miteytitan\\\/\",\"https:\\\/\\\/www.youtube.com\\\/channel\\\/UCwfPhYcHE5oLLdR1hjuRKJQ\"]}]}<\/script>\n<!-- \/ Yoast SEO plugin. -->","yoast_head_json":{"title":"Pompes centrifuges haute performance | Mitey Titan Industries Inc.","description":"D\u00e9couvrez les pompes centrifuges Mitey Titan, con\u00e7ues pour un transfert de fluides optimal. Des solutions fiables, durables et \u00e9co\u00e9nerg\u00e9tiques pour les secteurs du p\u00e9trole et du gaz, du traitement de l&#039;eau, des mines et de la fabrication.","robots":{"index":"index","follow":"follow","max-snippet":"max-snippet:-1","max-image-preview":"max-image-preview:large","max-video-preview":"max-video-preview:-1"},"canonical":"https:\/\/miteytitan.com\/fr\/product\/centrifugal-pump\/","og_locale":"fr_CA","og_type":"article","og_title":"High-Performance Centrifugal Pumps | Mitey Titan Industries Inc.","og_description":"Discover Mitey Titan\u2019s centrifugal pumps designed for efficient fluid transfer. Reliable, durable, and energy-efficient solutions for oil and gas, water treatment, mining, and manufacturing.","og_url":"https:\/\/miteytitan.com\/fr\/product\/centrifugal-pump\/","og_site_name":"Mitey Titan Industries Inc","article_publisher":"https:\/\/www.facebook.com\/miteytitanindustriesinc\/","article_modified_time":"2024-11-15T19:09:44+00:00","og_image":[{"width":364,"height":236,"url":"https:\/\/miteytitan.com\/wp-content\/uploads\/2024\/09\/miteytitan_offshore_04-1.jpg","type":"image\/jpeg"}],"twitter_card":"summary_large_image","twitter_misc":{"Est. reading time":"1 minute"},"schema":{"@context":"https:\/\/schema.org","@graph":[{"@type":"WebPage","@id":"https:\/\/miteytitan.com\/product\/centrifugal-pump\/","url":"https:\/\/miteytitan.com\/product\/centrifugal-pump\/","name":"Pompes centrifuges haute performance | Mitey Titan Industries Inc.","isPartOf":{"@id":"https:\/\/miteytitan.com\/#website"},"primaryImageOfPage":{"@id":"https:\/\/miteytitan.com\/product\/centrifugal-pump\/#primaryimage"},"image":{"@id":"https:\/\/miteytitan.com\/product\/centrifugal-pump\/#primaryimage"},"thumbnailUrl":"https:\/\/miteytitan.com\/wp-content\/uploads\/2024\/09\/miteytitan_offshore_04-1.jpg","datePublished":"2024-09-17T21:13:59+00:00","dateModified":"2024-11-15T19:09:44+00:00","description":"D\u00e9couvrez les pompes centrifuges Mitey Titan, con\u00e7ues pour un transfert de fluides optimal. Des solutions fiables, durables et \u00e9co\u00e9nerg\u00e9tiques pour les secteurs du p\u00e9trole et du gaz, du traitement de l&#039;eau, des mines et de la fabrication.","breadcrumb":{"@id":"https:\/\/miteytitan.com\/product\/centrifugal-pump\/#breadcrumb"},"inLanguage":"fr-CA","potentialAction":[{"@type":"ReadAction","target":["https:\/\/miteytitan.com\/product\/centrifugal-pump\/"]}]},{"@type":"ImageObject","inLanguage":"fr-CA","@id":"https:\/\/miteytitan.com\/product\/centrifugal-pump\/#primaryimage","url":"https:\/\/miteytitan.com\/wp-content\/uploads\/2024\/09\/miteytitan_offshore_04-1.jpg","contentUrl":"https:\/\/miteytitan.com\/wp-content\/uploads\/2024\/09\/miteytitan_offshore_04-1.jpg","width":364,"height":236},{"@type":"BreadcrumbList","@id":"https:\/\/miteytitan.com\/product\/centrifugal-pump\/#breadcrumb","itemListElement":[{"@type":"ListItem","position":1,"name":"Home","item":"https:\/\/miteytitan.com\/"},{"@type":"ListItem","position":2,"name":"Centrifugal Pump"}]},{"@type":"WebSite","@id":"https:\/\/miteytitan.com\/#website","url":"https:\/\/miteytitan.com\/","name":"Mitey Titan Industries Inc","description":"L&#039;avenir || est {{Mitey}}","publisher":{"@id":"https:\/\/miteytitan.com\/#organization"},"potentialAction":[{"@type":"SearchAction","target":{"@type":"EntryPoint","urlTemplate":"https:\/\/miteytitan.com\/?s={search_term_string}"},"query-input":{"@type":"PropertyValueSpecification","valueRequired":true,"valueName":"search_term_string"}}],"inLanguage":"fr-CA"},{"@type":"Organization","@id":"https:\/\/miteytitan.com\/#organization","name":"Mitey Titan Industries Inc","url":"https:\/\/miteytitan.com\/","logo":{"@type":"ImageObject","inLanguage":"fr-CA","@id":"https:\/\/miteytitan.com\/#\/schema\/logo\/image\/","url":"https:\/\/miteytitan.com\/wp-content\/uploads\/2024\/08\/miteytitan_logo.png","contentUrl":"https:\/\/miteytitan.com\/wp-content\/uploads\/2024\/08\/miteytitan_logo.png","width":256,"height":60,"caption":"Mitey Titan Industries Inc"},"image":{"@id":"https:\/\/miteytitan.com\/#\/schema\/logo\/image\/"},"sameAs":["https:\/\/www.facebook.com\/miteytitanindustriesinc\/","https:\/\/www.linkedin.com\/company\/mitey-titan-industries-inc.","https:\/\/www.instagram.com\/miteytitan\/","https:\/\/www.youtube.com\/channel\/UCwfPhYcHE5oLLdR1hjuRKJQ"]}]}},"_links":{"self":[{"href":"https:\/\/miteytitan.com\/fr\/wp-json\/wp\/v2\/product\/13727","targetHints":{"allow":["GET"]}}],"collection":[{"href":"https:\/\/miteytitan.com\/fr\/wp-json\/wp\/v2\/product"}],"about":[{"href":"https:\/\/miteytitan.com\/fr\/wp-json\/wp\/v2\/types\/product"}],"wp:featuredmedia":[{"embeddable":true,"href":"https:\/\/miteytitan.com\/fr\/wp-json\/wp\/v2\/media\/13979"}],"wp:attachment":[{"href":"https:\/\/miteytitan.com\/fr\/wp-json\/wp\/v2\/media?parent=13727"}],"wp:term":[{"taxonomy":"product_brand","embeddable":true,"href":"https:\/\/miteytitan.com\/fr\/wp-json\/wp\/v2\/product_brand?post=13727"},{"taxonomy":"product_cat","embeddable":true,"href":"https:\/\/miteytitan.com\/fr\/wp-json\/wp\/v2\/product_cat?post=13727"},{"taxonomy":"product_tag","embeddable":true,"href":"https:\/\/miteytitan.com\/fr\/wp-json\/wp\/v2\/product_tag?post=13727"}],"curies":[{"name":"wp","href":"https:\/\/api.w.org\/{rel}","templated":true}]}}