{"id":13724,"date":"2024-09-17T15:13:24","date_gmt":"2024-09-17T21:13:24","guid":{"rendered":"http:\/\/159.203.44.46\/?post_type=product&#038;p=13724"},"modified":"2024-11-15T12:33:12","modified_gmt":"2024-11-15T19:33:12","slug":"degasser-hopper","status":"publish","type":"product","link":"https:\/\/miteytitan.com\/fr\/product\/degasser-hopper\/","title":{"rendered":"D\u00e9gazeur\/Tr\u00e9mie"},"content":{"rendered":"Le syst\u00e8me D\u00e9gazeur et Tr\u00e9mie est essentiel aux op\u00e9rations de forage. Il est con\u00e7u pour pr\u00e9server l&#039;int\u00e9grit\u00e9 du fluide de forage en \u00e9liminant les gaz entra\u00een\u00e9s, comme le sulfure d&#039;hydrog\u00e8ne et le m\u00e9thane, et en g\u00e9rant efficacement les d\u00e9blais de forage. Le D\u00e9gazeur \u00e9limine les gaz susceptibles d&#039;interf\u00e9rer avec le forage, garantissant ainsi la stabilit\u00e9 du puits et la s\u00e9curit\u00e9 op\u00e9rationnelle, tandis que la Tr\u00e9mie facilite la s\u00e9paration et la gestion des d\u00e9blais du fluide. Ce syst\u00e8me fonctionne en continu pour minimiser les temps d&#039;arr\u00eat, am\u00e9liorer l&#039;efficacit\u00e9 du forage et r\u00e9duire les co\u00fbts d&#039;exploitation. Il s&#039;int\u00e8gre parfaitement aux syst\u00e8mes de gestion des fluides de forage existants, contribuant ainsi au respect des normes environnementales en minimisant les d\u00e9chets et en optimisant la circulation du fluide.","protected":false},"excerpt":{"rendered":"<p>Le syst\u00e8me de d\u00e9gazage et de tr\u00e9mie est essentiel dans les op\u00e9rations de forage\u00a0; il est con\u00e7u pour maintenir l\u2019int\u00e9grit\u00e9 du fluide de forage en \u00e9liminant les gaz entra\u00een\u00e9s comme l\u2019hydrog\u00e8ne\u2026<\/p>","protected":false},"featured_media":13984,"template":"","meta":{"_acf_changed":false,"om_disable_all_campaigns":false,"_monsterinsights_skip_tracking":false,"_monsterinsights_sitenote_active":false,"_monsterinsights_sitenote_note":"","_monsterinsights_sitenote_category":0},"product_brand":[],"product_cat":[15],"product_tag":[],"class_list":{"0":"post-13724","1":"product","2":"type-product","3":"status-publish","4":"has-post-thumbnail","6":"product_cat-general","8":"first","9":"instock","10":"taxable","11":"shipping-taxable","12":"product-type-simple"},"acf":[],"aioseo_notices":[],"yoast_head":"<!-- This site is optimized with the Yoast SEO plugin v27.5 - https:\/\/yoast.com\/product\/yoast-seo-wordpress\/ -->\n<title>Advanced Degasser &amp; Hopper Systems | Mitey Titan Industries Inc.<\/title>\n<meta name=\"description\" content=\"Discover Mitey Titan\u2019s Degasser &amp; Hopper systems designed to enhance drilling efficiency, ensure wellbore stability, and support environmental compliance. Ideal for oil and gas, geothermal, and mining operations.\" \/>\n<meta name=\"robots\" content=\"index, follow, max-snippet:-1, max-image-preview:large, max-video-preview:-1\" \/>\n<link rel=\"canonical\" href=\"https:\/\/miteytitan.com\/fr\/product\/degasser-hopper\/\" \/>\n<meta property=\"og:locale\" content=\"fr_CA\" \/>\n<meta property=\"og:type\" content=\"article\" \/>\n<meta property=\"og:title\" content=\"Advanced Degasser &amp; Hopper Systems | Mitey Titan Industries Inc.\" \/>\n<meta property=\"og:description\" content=\"Discover Mitey Titan\u2019s Degasser &amp; Hopper systems designed to enhance drilling efficiency, ensure wellbore stability, and support environmental compliance. Ideal for oil and gas, geothermal, and mining operations.\" \/>\n<meta property=\"og:url\" content=\"https:\/\/miteytitan.com\/fr\/product\/degasser-hopper\/\" \/>\n<meta property=\"og:site_name\" content=\"Mitey Titan Industries Inc\" \/>\n<meta property=\"article:publisher\" content=\"https:\/\/www.facebook.com\/miteytitanindustriesinc\/\" \/>\n<meta property=\"article:modified_time\" content=\"2024-11-15T19:33:12+00:00\" \/>\n<meta property=\"og:image\" content=\"https:\/\/miteytitan.com\/wp-content\/uploads\/2024\/09\/IMG_1307.jpg\" \/>\n\t<meta property=\"og:image:width\" content=\"1920\" \/>\n\t<meta property=\"og:image:height\" content=\"965\" \/>\n\t<meta property=\"og:image:type\" content=\"image\/jpeg\" \/>\n<meta name=\"twitter:card\" content=\"summary_large_image\" \/>\n<meta name=\"twitter:label1\" content=\"Est. reading time\" \/>\n\t<meta name=\"twitter:data1\" content=\"1 minute\" \/>\n<script type=\"application\/ld+json\" class=\"yoast-schema-graph\">{\"@context\":\"https:\\\/\\\/schema.org\",\"@graph\":[{\"@type\":\"WebPage\",\"@id\":\"https:\\\/\\\/miteytitan.com\\\/product\\\/degasser-hopper\\\/\",\"url\":\"https:\\\/\\\/miteytitan.com\\\/product\\\/degasser-hopper\\\/\",\"name\":\"Advanced Degasser & Hopper Systems | Mitey Titan Industries Inc.\",\"isPartOf\":{\"@id\":\"https:\\\/\\\/miteytitan.com\\\/#website\"},\"primaryImageOfPage\":{\"@id\":\"https:\\\/\\\/miteytitan.com\\\/product\\\/degasser-hopper\\\/#primaryimage\"},\"image\":{\"@id\":\"https:\\\/\\\/miteytitan.com\\\/product\\\/degasser-hopper\\\/#primaryimage\"},\"thumbnailUrl\":\"https:\\\/\\\/miteytitan.com\\\/wp-content\\\/uploads\\\/2024\\\/09\\\/IMG_1307.jpg\",\"datePublished\":\"2024-09-17T21:13:24+00:00\",\"dateModified\":\"2024-11-15T19:33:12+00:00\",\"description\":\"Discover Mitey Titan\u2019s Degasser & Hopper systems designed to enhance drilling efficiency, ensure wellbore stability, and support environmental compliance. Ideal for oil and gas, geothermal, and mining operations.\",\"breadcrumb\":{\"@id\":\"https:\\\/\\\/miteytitan.com\\\/product\\\/degasser-hopper\\\/#breadcrumb\"},\"inLanguage\":\"fr-CA\",\"potentialAction\":[{\"@type\":\"ReadAction\",\"target\":[\"https:\\\/\\\/miteytitan.com\\\/product\\\/degasser-hopper\\\/\"]}]},{\"@type\":\"ImageObject\",\"inLanguage\":\"fr-CA\",\"@id\":\"https:\\\/\\\/miteytitan.com\\\/product\\\/degasser-hopper\\\/#primaryimage\",\"url\":\"https:\\\/\\\/miteytitan.com\\\/wp-content\\\/uploads\\\/2024\\\/09\\\/IMG_1307.jpg\",\"contentUrl\":\"https:\\\/\\\/miteytitan.com\\\/wp-content\\\/uploads\\\/2024\\\/09\\\/IMG_1307.jpg\",\"width\":1920,\"height\":965},{\"@type\":\"BreadcrumbList\",\"@id\":\"https:\\\/\\\/miteytitan.com\\\/product\\\/degasser-hopper\\\/#breadcrumb\",\"itemListElement\":[{\"@type\":\"ListItem\",\"position\":1,\"name\":\"Home\",\"item\":\"https:\\\/\\\/miteytitan.com\\\/\"},{\"@type\":\"ListItem\",\"position\":2,\"name\":\"Degasser\\\/Hopper\"}]},{\"@type\":\"WebSite\",\"@id\":\"https:\\\/\\\/miteytitan.com\\\/#website\",\"url\":\"https:\\\/\\\/miteytitan.com\\\/\",\"name\":\"Mitey Titan Industries Inc\",\"description\":\"The Future ||Is {{Mitey}}\",\"publisher\":{\"@id\":\"https:\\\/\\\/miteytitan.com\\\/#organization\"},\"potentialAction\":[{\"@type\":\"SearchAction\",\"target\":{\"@type\":\"EntryPoint\",\"urlTemplate\":\"https:\\\/\\\/miteytitan.com\\\/?s={search_term_string}\"},\"query-input\":{\"@type\":\"PropertyValueSpecification\",\"valueRequired\":true,\"valueName\":\"search_term_string\"}}],\"inLanguage\":\"fr-CA\"},{\"@type\":\"Organization\",\"@id\":\"https:\\\/\\\/miteytitan.com\\\/#organization\",\"name\":\"Mitey Titan Industries Inc\",\"url\":\"https:\\\/\\\/miteytitan.com\\\/\",\"logo\":{\"@type\":\"ImageObject\",\"inLanguage\":\"fr-CA\",\"@id\":\"https:\\\/\\\/miteytitan.com\\\/#\\\/schema\\\/logo\\\/image\\\/\",\"url\":\"https:\\\/\\\/miteytitan.com\\\/wp-content\\\/uploads\\\/2024\\\/08\\\/miteytitan_logo.png\",\"contentUrl\":\"https:\\\/\\\/miteytitan.com\\\/wp-content\\\/uploads\\\/2024\\\/08\\\/miteytitan_logo.png\",\"width\":256,\"height\":60,\"caption\":\"Mitey Titan Industries Inc\"},\"image\":{\"@id\":\"https:\\\/\\\/miteytitan.com\\\/#\\\/schema\\\/logo\\\/image\\\/\"},\"sameAs\":[\"https:\\\/\\\/www.facebook.com\\\/miteytitanindustriesinc\\\/\",\"https:\\\/\\\/www.linkedin.com\\\/company\\\/mitey-titan-industries-inc.\",\"https:\\\/\\\/www.instagram.com\\\/miteytitan\\\/\",\"https:\\\/\\\/www.youtube.com\\\/channel\\\/UCwfPhYcHE5oLLdR1hjuRKJQ\"]}]}<\/script>\n<!-- \/ Yoast SEO plugin. -->","yoast_head_json":{"title":"Syst\u00e8mes avanc\u00e9s de d\u00e9gazage et de tr\u00e9mie | Mitey Titan Industries Inc.","description":"D\u00e9couvrez les syst\u00e8mes de d\u00e9gazage et de tr\u00e9mie Mitey Titan, con\u00e7us pour optimiser l&#039;efficacit\u00e9 du forage, garantir la stabilit\u00e9 du puits et assurer la conformit\u00e9 environnementale. Id\u00e9aux pour les op\u00e9rations p\u00e9troli\u00e8res et gazi\u00e8res, g\u00e9othermiques et mini\u00e8res.","robots":{"index":"index","follow":"follow","max-snippet":"max-snippet:-1","max-image-preview":"max-image-preview:large","max-video-preview":"max-video-preview:-1"},"canonical":"https:\/\/miteytitan.com\/fr\/product\/degasser-hopper\/","og_locale":"fr_CA","og_type":"article","og_title":"Advanced Degasser & Hopper Systems | Mitey Titan Industries Inc.","og_description":"Discover Mitey Titan\u2019s Degasser & Hopper systems designed to enhance drilling efficiency, ensure wellbore stability, and support environmental compliance. Ideal for oil and gas, geothermal, and mining operations.","og_url":"https:\/\/miteytitan.com\/fr\/product\/degasser-hopper\/","og_site_name":"Mitey Titan Industries Inc","article_publisher":"https:\/\/www.facebook.com\/miteytitanindustriesinc\/","article_modified_time":"2024-11-15T19:33:12+00:00","og_image":[{"width":1920,"height":965,"url":"https:\/\/miteytitan.com\/wp-content\/uploads\/2024\/09\/IMG_1307.jpg","type":"image\/jpeg"}],"twitter_card":"summary_large_image","twitter_misc":{"Est. reading time":"1 minute"},"schema":{"@context":"https:\/\/schema.org","@graph":[{"@type":"WebPage","@id":"https:\/\/miteytitan.com\/product\/degasser-hopper\/","url":"https:\/\/miteytitan.com\/product\/degasser-hopper\/","name":"Syst\u00e8mes avanc\u00e9s de d\u00e9gazage et de tr\u00e9mie | Mitey Titan Industries Inc.","isPartOf":{"@id":"https:\/\/miteytitan.com\/#website"},"primaryImageOfPage":{"@id":"https:\/\/miteytitan.com\/product\/degasser-hopper\/#primaryimage"},"image":{"@id":"https:\/\/miteytitan.com\/product\/degasser-hopper\/#primaryimage"},"thumbnailUrl":"https:\/\/miteytitan.com\/wp-content\/uploads\/2024\/09\/IMG_1307.jpg","datePublished":"2024-09-17T21:13:24+00:00","dateModified":"2024-11-15T19:33:12+00:00","description":"D\u00e9couvrez les syst\u00e8mes de d\u00e9gazage et de tr\u00e9mie Mitey Titan, con\u00e7us pour optimiser l&#039;efficacit\u00e9 du forage, garantir la stabilit\u00e9 du puits et assurer la conformit\u00e9 environnementale. Id\u00e9aux pour les op\u00e9rations p\u00e9troli\u00e8res et gazi\u00e8res, g\u00e9othermiques et mini\u00e8res.","breadcrumb":{"@id":"https:\/\/miteytitan.com\/product\/degasser-hopper\/#breadcrumb"},"inLanguage":"fr-CA","potentialAction":[{"@type":"ReadAction","target":["https:\/\/miteytitan.com\/product\/degasser-hopper\/"]}]},{"@type":"ImageObject","inLanguage":"fr-CA","@id":"https:\/\/miteytitan.com\/product\/degasser-hopper\/#primaryimage","url":"https:\/\/miteytitan.com\/wp-content\/uploads\/2024\/09\/IMG_1307.jpg","contentUrl":"https:\/\/miteytitan.com\/wp-content\/uploads\/2024\/09\/IMG_1307.jpg","width":1920,"height":965},{"@type":"BreadcrumbList","@id":"https:\/\/miteytitan.com\/product\/degasser-hopper\/#breadcrumb","itemListElement":[{"@type":"ListItem","position":1,"name":"Home","item":"https:\/\/miteytitan.com\/"},{"@type":"ListItem","position":2,"name":"Degasser\/Hopper"}]},{"@type":"WebSite","@id":"https:\/\/miteytitan.com\/#website","url":"https:\/\/miteytitan.com\/","name":"Mitey Titan Industries Inc","description":"L&#039;avenir || est {{Mitey}}","publisher":{"@id":"https:\/\/miteytitan.com\/#organization"},"potentialAction":[{"@type":"SearchAction","target":{"@type":"EntryPoint","urlTemplate":"https:\/\/miteytitan.com\/?s={search_term_string}"},"query-input":{"@type":"PropertyValueSpecification","valueRequired":true,"valueName":"search_term_string"}}],"inLanguage":"fr-CA"},{"@type":"Organization","@id":"https:\/\/miteytitan.com\/#organization","name":"Mitey Titan Industries Inc","url":"https:\/\/miteytitan.com\/","logo":{"@type":"ImageObject","inLanguage":"fr-CA","@id":"https:\/\/miteytitan.com\/#\/schema\/logo\/image\/","url":"https:\/\/miteytitan.com\/wp-content\/uploads\/2024\/08\/miteytitan_logo.png","contentUrl":"https:\/\/miteytitan.com\/wp-content\/uploads\/2024\/08\/miteytitan_logo.png","width":256,"height":60,"caption":"Mitey Titan Industries Inc"},"image":{"@id":"https:\/\/miteytitan.com\/#\/schema\/logo\/image\/"},"sameAs":["https:\/\/www.facebook.com\/miteytitanindustriesinc\/","https:\/\/www.linkedin.com\/company\/mitey-titan-industries-inc.","https:\/\/www.instagram.com\/miteytitan\/","https:\/\/www.youtube.com\/channel\/UCwfPhYcHE5oLLdR1hjuRKJQ"]}]}},"_links":{"self":[{"href":"https:\/\/miteytitan.com\/fr\/wp-json\/wp\/v2\/product\/13724","targetHints":{"allow":["GET"]}}],"collection":[{"href":"https:\/\/miteytitan.com\/fr\/wp-json\/wp\/v2\/product"}],"about":[{"href":"https:\/\/miteytitan.com\/fr\/wp-json\/wp\/v2\/types\/product"}],"wp:featuredmedia":[{"embeddable":true,"href":"https:\/\/miteytitan.com\/fr\/wp-json\/wp\/v2\/media\/13984"}],"wp:attachment":[{"href":"https:\/\/miteytitan.com\/fr\/wp-json\/wp\/v2\/media?parent=13724"}],"wp:term":[{"taxonomy":"product_brand","embeddable":true,"href":"https:\/\/miteytitan.com\/fr\/wp-json\/wp\/v2\/product_brand?post=13724"},{"taxonomy":"product_cat","embeddable":true,"href":"https:\/\/miteytitan.com\/fr\/wp-json\/wp\/v2\/product_cat?post=13724"},{"taxonomy":"product_tag","embeddable":true,"href":"https:\/\/miteytitan.com\/fr\/wp-json\/wp\/v2\/product_tag?post=13724"}],"curies":[{"name":"wp","href":"https:\/\/api.w.org\/{rel}","templated":true}]}}