{"id":13714,"date":"2024-09-17T15:06:43","date_gmt":"2024-09-17T21:06:43","guid":{"rendered":"http:\/\/159.203.44.46\/?post_type=product&#038;p=13714"},"modified":"2024-11-15T14:19:13","modified_gmt":"2024-11-15T21:19:13","slug":"multi-service-plug-abandonment-decommissioning-units","status":"publish","type":"product","link":"https:\/\/miteytitan.com\/fr\/product\/multi-service-plug-abandonment-decommissioning-units\/","title":{"rendered":"Unit\u00e9s de prise et d&#039;abandon multiservices (mise hors service)"},"content":{"rendered":"Mitey Titan Industries est sp\u00e9cialis\u00e9 dans les ensembles d&#039;\u00e9quipements de pointe pour les applications de bouchage et d&#039;abandon (P&amp;A) et de d\u00e9mant\u00e8lement. Nos unit\u00e9s multiservices de bouchage et d&#039;abandon (P&amp;A) int\u00e8grent le nettoyage des puits, la d\u00e9coupe du tubage, la cimentation et la pose de bouchons dans une plateforme polyvalente, id\u00e9ale pour les op\u00e9rations terrestres et offshore. Dot\u00e9es de conceptions modulaires et de syst\u00e8mes hydrauliques robustes, ces unit\u00e9s garantissent des performances pr\u00e9cises et puissantes tout en minimisant les temps d&#039;arr\u00eat et les co\u00fbts d&#039;exploitation. Des mesures de s\u00e9curit\u00e9 renforc\u00e9es et des commandes automatis\u00e9es optimisent les op\u00e9rations, garantissant la conformit\u00e9 aux normes r\u00e9glementaires et r\u00e9duisant les risques environnementaux. Les v\u00e9rins de tubage Mitey Titan, capables de tirer jusqu&#039;\u00e0 500 tonnes US (1\u00a0000\u00a0000 lb), prennent en charge diverses op\u00e9rations, notamment l&#039;entretien des puits, la pose du tubage, la r\u00e9cup\u00e9ration des fentes, la d\u00e9viation en trou ouvert et le P&amp;A. Avec des capacit\u00e9s de traction allant de 20 T (40 000 lb) \u00e0 500 T (1 000 000 lb) et s&#039;adaptant \u00e0 des tailles de tuyaux de 2 \u00be \u00e0 7, nos v\u00e9rins de tubage utilisent une vari\u00e9t\u00e9 de patins de pr\u00e9hension et de patins de tubage dans des configurations de patins stationnaires et de patins mobiles pour fournir des solutions fiables et efficaces pour les t\u00e2ches de d\u00e9classement de puits.","protected":false},"excerpt":{"rendered":"<p>Mitey Titan Industries se sp\u00e9cialise dans les \u00e9quipements de pointe pour les op\u00e9rations de mise hors service et de d\u00e9mant\u00e8lement. Notre solution multiservices de mise hors service et de d\u00e9mant\u00e8lement\u2026<\/p>","protected":false},"featured_media":0,"template":"","meta":{"_acf_changed":false,"om_disable_all_campaigns":false,"_monsterinsights_skip_tracking":false,"_monsterinsights_sitenote_active":false,"_monsterinsights_sitenote_note":"","_monsterinsights_sitenote_category":0},"product_brand":[],"product_cat":[30],"product_tag":[],"class_list":{"0":"post-13714","1":"product","2":"type-product","3":"status-publish","5":"product_cat-request-a-quote","7":"first","8":"instock","9":"taxable","10":"shipping-taxable","11":"product-type-simple"},"acf":[],"aioseo_notices":[],"yoast_head":"<!-- This site is optimized with the Yoast SEO plugin v27.4 - https:\/\/yoast.com\/product\/yoast-seo-wordpress\/ -->\n<title>Multi-Service Plug &amp; Abandonment Units | Mitey Titan&#039;s Advanced Decommissioning Solutions<\/title>\n<meta name=\"description\" content=\"Mitey Titan&#039;s Multi-Service Plug &amp; Abandonment Units offer versatile solutions for well decommissioning, integrating wellbore cleaning, casing cutting, and more for onshore and offshore operations.\" \/>\n<meta name=\"robots\" content=\"index, follow, max-snippet:-1, max-image-preview:large, max-video-preview:-1\" \/>\n<link rel=\"canonical\" href=\"https:\/\/miteytitan.com\/fr\/product\/multi-service-plug-abandonment-decommissioning-units\/\" \/>\n<meta property=\"og:locale\" content=\"fr_CA\" \/>\n<meta property=\"og:type\" content=\"article\" \/>\n<meta property=\"og:title\" content=\"Multi-Service Plug &amp; Abandonment Units | Mitey Titan&#039;s Advanced Decommissioning Solutions\" \/>\n<meta property=\"og:description\" content=\"Mitey Titan&#039;s Multi-Service Plug &amp; Abandonment Units offer versatile solutions for well decommissioning, integrating wellbore cleaning, casing cutting, and more for onshore and offshore operations.\" \/>\n<meta property=\"og:url\" content=\"https:\/\/miteytitan.com\/fr\/product\/multi-service-plug-abandonment-decommissioning-units\/\" \/>\n<meta property=\"og:site_name\" content=\"Mitey Titan Industries Inc\" \/>\n<meta property=\"article:publisher\" content=\"https:\/\/www.facebook.com\/miteytitanindustriesinc\/\" \/>\n<meta property=\"article:modified_time\" content=\"2024-11-15T21:19:13+00:00\" \/>\n<meta name=\"twitter:card\" content=\"summary_large_image\" \/>\n<meta name=\"twitter:label1\" content=\"Est. reading time\" \/>\n\t<meta name=\"twitter:data1\" content=\"1 minute\" \/>\n<script type=\"application\/ld+json\" class=\"yoast-schema-graph\">{\"@context\":\"https:\\\/\\\/schema.org\",\"@graph\":[{\"@type\":\"WebPage\",\"@id\":\"https:\\\/\\\/miteytitan.com\\\/product\\\/multi-service-plug-abandonment-decommissioning-units\\\/\",\"url\":\"https:\\\/\\\/miteytitan.com\\\/product\\\/multi-service-plug-abandonment-decommissioning-units\\\/\",\"name\":\"Multi-Service Plug & Abandonment Units | Mitey Titan's Advanced Decommissioning Solutions\",\"isPartOf\":{\"@id\":\"https:\\\/\\\/miteytitan.com\\\/#website\"},\"datePublished\":\"2024-09-17T21:06:43+00:00\",\"dateModified\":\"2024-11-15T21:19:13+00:00\",\"description\":\"Mitey Titan's Multi-Service Plug & Abandonment Units offer versatile solutions for well decommissioning, integrating wellbore cleaning, casing cutting, and more for onshore and offshore operations.\",\"breadcrumb\":{\"@id\":\"https:\\\/\\\/miteytitan.com\\\/product\\\/multi-service-plug-abandonment-decommissioning-units\\\/#breadcrumb\"},\"inLanguage\":\"fr-CA\",\"potentialAction\":[{\"@type\":\"ReadAction\",\"target\":[\"https:\\\/\\\/miteytitan.com\\\/product\\\/multi-service-plug-abandonment-decommissioning-units\\\/\"]}]},{\"@type\":\"BreadcrumbList\",\"@id\":\"https:\\\/\\\/miteytitan.com\\\/product\\\/multi-service-plug-abandonment-decommissioning-units\\\/#breadcrumb\",\"itemListElement\":[{\"@type\":\"ListItem\",\"position\":1,\"name\":\"Home\",\"item\":\"https:\\\/\\\/miteytitan.com\\\/\"},{\"@type\":\"ListItem\",\"position\":2,\"name\":\"Multi-Service Plug &#038; Abandonment (Decommissioning) Units\"}]},{\"@type\":\"WebSite\",\"@id\":\"https:\\\/\\\/miteytitan.com\\\/#website\",\"url\":\"https:\\\/\\\/miteytitan.com\\\/\",\"name\":\"Mitey Titan Industries Inc\",\"description\":\"The Future ||Is {{Mitey}}\",\"publisher\":{\"@id\":\"https:\\\/\\\/miteytitan.com\\\/#organization\"},\"potentialAction\":[{\"@type\":\"SearchAction\",\"target\":{\"@type\":\"EntryPoint\",\"urlTemplate\":\"https:\\\/\\\/miteytitan.com\\\/?s={search_term_string}\"},\"query-input\":{\"@type\":\"PropertyValueSpecification\",\"valueRequired\":true,\"valueName\":\"search_term_string\"}}],\"inLanguage\":\"fr-CA\"},{\"@type\":\"Organization\",\"@id\":\"https:\\\/\\\/miteytitan.com\\\/#organization\",\"name\":\"Mitey Titan Industries Inc\",\"url\":\"https:\\\/\\\/miteytitan.com\\\/\",\"logo\":{\"@type\":\"ImageObject\",\"inLanguage\":\"fr-CA\",\"@id\":\"https:\\\/\\\/miteytitan.com\\\/#\\\/schema\\\/logo\\\/image\\\/\",\"url\":\"https:\\\/\\\/miteytitan.com\\\/wp-content\\\/uploads\\\/2024\\\/08\\\/miteytitan_logo.png\",\"contentUrl\":\"https:\\\/\\\/miteytitan.com\\\/wp-content\\\/uploads\\\/2024\\\/08\\\/miteytitan_logo.png\",\"width\":256,\"height\":60,\"caption\":\"Mitey Titan Industries Inc\"},\"image\":{\"@id\":\"https:\\\/\\\/miteytitan.com\\\/#\\\/schema\\\/logo\\\/image\\\/\"},\"sameAs\":[\"https:\\\/\\\/www.facebook.com\\\/miteytitanindustriesinc\\\/\",\"https:\\\/\\\/www.linkedin.com\\\/company\\\/mitey-titan-industries-inc.\",\"https:\\\/\\\/www.instagram.com\\\/miteytitan\\\/\",\"https:\\\/\\\/www.youtube.com\\\/channel\\\/UCwfPhYcHE5oLLdR1hjuRKJQ\"]}]}<\/script>\n<!-- \/ Yoast SEO plugin. -->","yoast_head_json":{"title":"Unit\u00e9s de mise en service et d&#039;abandon multiservices | Solutions de d\u00e9mant\u00e8lement avanc\u00e9es de Mitey Titan","description":"Les unit\u00e9s de bouchage et d&#039;abandon multiservices de Mitey Titan offrent des solutions polyvalentes pour la mise hors service des puits, int\u00e9grant le nettoyage du puits, la d\u00e9coupe du tubage et bien plus encore pour les op\u00e9rations terrestres et en mer.","robots":{"index":"index","follow":"follow","max-snippet":"max-snippet:-1","max-image-preview":"max-image-preview:large","max-video-preview":"max-video-preview:-1"},"canonical":"https:\/\/miteytitan.com\/fr\/product\/multi-service-plug-abandonment-decommissioning-units\/","og_locale":"fr_CA","og_type":"article","og_title":"Multi-Service Plug & Abandonment Units | Mitey Titan's Advanced Decommissioning Solutions","og_description":"Mitey Titan's Multi-Service Plug & Abandonment Units offer versatile solutions for well decommissioning, integrating wellbore cleaning, casing cutting, and more for onshore and offshore operations.","og_url":"https:\/\/miteytitan.com\/fr\/product\/multi-service-plug-abandonment-decommissioning-units\/","og_site_name":"Mitey Titan Industries Inc","article_publisher":"https:\/\/www.facebook.com\/miteytitanindustriesinc\/","article_modified_time":"2024-11-15T21:19:13+00:00","twitter_card":"summary_large_image","twitter_misc":{"Est. reading time":"1 minute"},"schema":{"@context":"https:\/\/schema.org","@graph":[{"@type":"WebPage","@id":"https:\/\/miteytitan.com\/product\/multi-service-plug-abandonment-decommissioning-units\/","url":"https:\/\/miteytitan.com\/product\/multi-service-plug-abandonment-decommissioning-units\/","name":"Unit\u00e9s de mise en service et d&#039;abandon multiservices | Solutions de d\u00e9mant\u00e8lement avanc\u00e9es de Mitey Titan","isPartOf":{"@id":"https:\/\/miteytitan.com\/#website"},"datePublished":"2024-09-17T21:06:43+00:00","dateModified":"2024-11-15T21:19:13+00:00","description":"Les unit\u00e9s de bouchage et d&#039;abandon multiservices de Mitey Titan offrent des solutions polyvalentes pour la mise hors service des puits, int\u00e9grant le nettoyage du puits, la d\u00e9coupe du tubage et bien plus encore pour les op\u00e9rations terrestres et en mer.","breadcrumb":{"@id":"https:\/\/miteytitan.com\/product\/multi-service-plug-abandonment-decommissioning-units\/#breadcrumb"},"inLanguage":"fr-CA","potentialAction":[{"@type":"ReadAction","target":["https:\/\/miteytitan.com\/product\/multi-service-plug-abandonment-decommissioning-units\/"]}]},{"@type":"BreadcrumbList","@id":"https:\/\/miteytitan.com\/product\/multi-service-plug-abandonment-decommissioning-units\/#breadcrumb","itemListElement":[{"@type":"ListItem","position":1,"name":"Home","item":"https:\/\/miteytitan.com\/"},{"@type":"ListItem","position":2,"name":"Multi-Service Plug &#038; Abandonment (Decommissioning) Units"}]},{"@type":"WebSite","@id":"https:\/\/miteytitan.com\/#website","url":"https:\/\/miteytitan.com\/","name":"Mitey Titan Industries Inc","description":"L&#039;avenir || est {{Mitey}}","publisher":{"@id":"https:\/\/miteytitan.com\/#organization"},"potentialAction":[{"@type":"SearchAction","target":{"@type":"EntryPoint","urlTemplate":"https:\/\/miteytitan.com\/?s={search_term_string}"},"query-input":{"@type":"PropertyValueSpecification","valueRequired":true,"valueName":"search_term_string"}}],"inLanguage":"fr-CA"},{"@type":"Organization","@id":"https:\/\/miteytitan.com\/#organization","name":"Mitey Titan Industries Inc","url":"https:\/\/miteytitan.com\/","logo":{"@type":"ImageObject","inLanguage":"fr-CA","@id":"https:\/\/miteytitan.com\/#\/schema\/logo\/image\/","url":"https:\/\/miteytitan.com\/wp-content\/uploads\/2024\/08\/miteytitan_logo.png","contentUrl":"https:\/\/miteytitan.com\/wp-content\/uploads\/2024\/08\/miteytitan_logo.png","width":256,"height":60,"caption":"Mitey Titan Industries Inc"},"image":{"@id":"https:\/\/miteytitan.com\/#\/schema\/logo\/image\/"},"sameAs":["https:\/\/www.facebook.com\/miteytitanindustriesinc\/","https:\/\/www.linkedin.com\/company\/mitey-titan-industries-inc.","https:\/\/www.instagram.com\/miteytitan\/","https:\/\/www.youtube.com\/channel\/UCwfPhYcHE5oLLdR1hjuRKJQ"]}]}},"_links":{"self":[{"href":"https:\/\/miteytitan.com\/fr\/wp-json\/wp\/v2\/product\/13714","targetHints":{"allow":["GET"]}}],"collection":[{"href":"https:\/\/miteytitan.com\/fr\/wp-json\/wp\/v2\/product"}],"about":[{"href":"https:\/\/miteytitan.com\/fr\/wp-json\/wp\/v2\/types\/product"}],"wp:attachment":[{"href":"https:\/\/miteytitan.com\/fr\/wp-json\/wp\/v2\/media?parent=13714"}],"wp:term":[{"taxonomy":"product_brand","embeddable":true,"href":"https:\/\/miteytitan.com\/fr\/wp-json\/wp\/v2\/product_brand?post=13714"},{"taxonomy":"product_cat","embeddable":true,"href":"https:\/\/miteytitan.com\/fr\/wp-json\/wp\/v2\/product_cat?post=13714"},{"taxonomy":"product_tag","embeddable":true,"href":"https:\/\/miteytitan.com\/fr\/wp-json\/wp\/v2\/product_tag?post=13714"}],"curies":[{"name":"wp","href":"https:\/\/api.w.org\/{rel}","templated":true}]}}