{"id":13712,"date":"2024-09-17T15:06:27","date_gmt":"2024-09-17T21:06:27","guid":{"rendered":"http:\/\/159.203.44.46\/?post_type=product&#038;p=13712"},"modified":"2024-11-15T12:38:45","modified_gmt":"2024-11-15T19:38:45","slug":"drilling-rigs","status":"publish","type":"product","link":"https:\/\/miteytitan.com\/fr\/product\/drilling-rigs\/","title":{"rendered":"Appareils de forage"},"content":{"rendered":"Les appareils de forage sont des machines de pointe essentielles \u00e0 l&#039;exploration et \u00e0 l&#039;extraction de ressources naturelles telles que le p\u00e9trole et le gaz, issues de diverses formations g\u00e9ologiques, tant \u00e0 terre qu&#039;en mer. Polyvalents, ces appareils sont \u00e9quip\u00e9s de technologies de pointe, notamment de moteurs \u00e0 entra\u00eenement par le haut, de tables rotatives et de puissants syst\u00e8mes de boue, permettant des op\u00e9rations efficaces dans le respect de normes de s\u00e9curit\u00e9 rigoureuses. Propuls\u00e9s par des moteurs diesel ou \u00e9lectriques, ces appareils mobiles sont capables de forer des puits peu profonds \u00e0 tr\u00e8s profonds, s&#039;adaptant \u00e0 diverses conditions environnementales avec un temps d&#039;arr\u00eat minimal. Les appareils de forage jouent un r\u00f4le essentiel dans les activit\u00e9s d&#039;exploration, de d\u00e9veloppement et de production, contribuant \u00e0 une utilisation efficace des ressources et \u00e0 une responsabilit\u00e9 environnementale.","protected":false},"excerpt":{"rendered":"<p>Les installations de forage sont des machines sophistiqu\u00e9es, essentielles \u00e0 l&#039;exploration et \u00e0 l&#039;extraction de ressources naturelles comme le p\u00e9trole et le gaz provenant de diverses formations g\u00e9ologiques, aussi bien \u00e0 terre que sur terre\u2026<\/p>","protected":false},"featured_media":0,"template":"","meta":{"_acf_changed":false,"om_disable_all_campaigns":false,"_monsterinsights_skip_tracking":false,"_monsterinsights_sitenote_active":false,"_monsterinsights_sitenote_note":"","_monsterinsights_sitenote_category":0},"product_brand":[],"product_cat":[15],"product_tag":[],"class_list":{"0":"post-13712","1":"product","2":"type-product","3":"status-publish","5":"product_cat-general","7":"first","8":"instock","9":"taxable","10":"shipping-taxable","11":"product-type-simple"},"acf":[],"aioseo_notices":[],"yoast_head":"<!-- This site is optimized with the Yoast SEO plugin v27.4 - https:\/\/yoast.com\/product\/yoast-seo-wordpress\/ -->\n<title>Drilling Rigs | Mitey Titan\u2019s Advanced Machines for Resource Extraction<\/title>\n<meta name=\"description\" content=\"Discover Mitey Titan&#039;s advanced drilling rigs, equipped with top drives, rotary tables, and powerful mud systems, designed for efficient and safe exploration and extraction.\" \/>\n<meta name=\"robots\" content=\"index, follow, max-snippet:-1, max-image-preview:large, max-video-preview:-1\" \/>\n<link rel=\"canonical\" href=\"https:\/\/miteytitan.com\/fr\/product\/drilling-rigs\/\" \/>\n<meta property=\"og:locale\" content=\"fr_CA\" \/>\n<meta property=\"og:type\" content=\"article\" \/>\n<meta property=\"og:title\" content=\"Drilling Rigs | Mitey Titan\u2019s Advanced Machines for Resource Extraction\" \/>\n<meta property=\"og:description\" content=\"Discover Mitey Titan&#039;s advanced drilling rigs, equipped with top drives, rotary tables, and powerful mud systems, designed for efficient and safe exploration and extraction.\" \/>\n<meta property=\"og:url\" content=\"https:\/\/miteytitan.com\/fr\/product\/drilling-rigs\/\" \/>\n<meta property=\"og:site_name\" content=\"Mitey Titan Industries Inc\" \/>\n<meta property=\"article:publisher\" content=\"https:\/\/www.facebook.com\/miteytitanindustriesinc\/\" \/>\n<meta property=\"article:modified_time\" content=\"2024-11-15T19:38:45+00:00\" \/>\n<meta name=\"twitter:card\" content=\"summary_large_image\" \/>\n<meta name=\"twitter:label1\" content=\"Est. reading time\" \/>\n\t<meta name=\"twitter:data1\" content=\"1 minute\" \/>\n<script type=\"application\/ld+json\" class=\"yoast-schema-graph\">{\"@context\":\"https:\\\/\\\/schema.org\",\"@graph\":[{\"@type\":\"WebPage\",\"@id\":\"https:\\\/\\\/miteytitan.com\\\/product\\\/drilling-rigs\\\/\",\"url\":\"https:\\\/\\\/miteytitan.com\\\/product\\\/drilling-rigs\\\/\",\"name\":\"Drilling Rigs | Mitey Titan\u2019s Advanced Machines for Resource Extraction\",\"isPartOf\":{\"@id\":\"https:\\\/\\\/miteytitan.com\\\/#website\"},\"datePublished\":\"2024-09-17T21:06:27+00:00\",\"dateModified\":\"2024-11-15T19:38:45+00:00\",\"description\":\"Discover Mitey Titan's advanced drilling rigs, equipped with top drives, rotary tables, and powerful mud systems, designed for efficient and safe exploration and extraction.\",\"breadcrumb\":{\"@id\":\"https:\\\/\\\/miteytitan.com\\\/product\\\/drilling-rigs\\\/#breadcrumb\"},\"inLanguage\":\"fr-CA\",\"potentialAction\":[{\"@type\":\"ReadAction\",\"target\":[\"https:\\\/\\\/miteytitan.com\\\/product\\\/drilling-rigs\\\/\"]}]},{\"@type\":\"BreadcrumbList\",\"@id\":\"https:\\\/\\\/miteytitan.com\\\/product\\\/drilling-rigs\\\/#breadcrumb\",\"itemListElement\":[{\"@type\":\"ListItem\",\"position\":1,\"name\":\"Home\",\"item\":\"https:\\\/\\\/miteytitan.com\\\/\"},{\"@type\":\"ListItem\",\"position\":2,\"name\":\"Drilling Rigs\"}]},{\"@type\":\"WebSite\",\"@id\":\"https:\\\/\\\/miteytitan.com\\\/#website\",\"url\":\"https:\\\/\\\/miteytitan.com\\\/\",\"name\":\"Mitey Titan Industries Inc\",\"description\":\"The Future ||Is {{Mitey}}\",\"publisher\":{\"@id\":\"https:\\\/\\\/miteytitan.com\\\/#organization\"},\"potentialAction\":[{\"@type\":\"SearchAction\",\"target\":{\"@type\":\"EntryPoint\",\"urlTemplate\":\"https:\\\/\\\/miteytitan.com\\\/?s={search_term_string}\"},\"query-input\":{\"@type\":\"PropertyValueSpecification\",\"valueRequired\":true,\"valueName\":\"search_term_string\"}}],\"inLanguage\":\"fr-CA\"},{\"@type\":\"Organization\",\"@id\":\"https:\\\/\\\/miteytitan.com\\\/#organization\",\"name\":\"Mitey Titan Industries Inc\",\"url\":\"https:\\\/\\\/miteytitan.com\\\/\",\"logo\":{\"@type\":\"ImageObject\",\"inLanguage\":\"fr-CA\",\"@id\":\"https:\\\/\\\/miteytitan.com\\\/#\\\/schema\\\/logo\\\/image\\\/\",\"url\":\"https:\\\/\\\/miteytitan.com\\\/wp-content\\\/uploads\\\/2024\\\/08\\\/miteytitan_logo.png\",\"contentUrl\":\"https:\\\/\\\/miteytitan.com\\\/wp-content\\\/uploads\\\/2024\\\/08\\\/miteytitan_logo.png\",\"width\":256,\"height\":60,\"caption\":\"Mitey Titan Industries Inc\"},\"image\":{\"@id\":\"https:\\\/\\\/miteytitan.com\\\/#\\\/schema\\\/logo\\\/image\\\/\"},\"sameAs\":[\"https:\\\/\\\/www.facebook.com\\\/miteytitanindustriesinc\\\/\",\"https:\\\/\\\/www.linkedin.com\\\/company\\\/mitey-titan-industries-inc.\",\"https:\\\/\\\/www.instagram.com\\\/miteytitan\\\/\",\"https:\\\/\\\/www.youtube.com\\\/channel\\\/UCwfPhYcHE5oLLdR1hjuRKJQ\"]}]}<\/script>\n<!-- \/ Yoast SEO plugin. -->","yoast_head_json":{"title":"Plateformes de forage | Machines de pointe Mitey Titan pour l&#039;extraction des ressources","description":"D\u00e9couvrez les installations de forage de pointe de Mitey Titan, \u00e9quip\u00e9es de t\u00eates de forage, de tables rotatives et de puissants syst\u00e8mes de boue, con\u00e7ues pour une exploration et une extraction efficaces et s\u00fbres.","robots":{"index":"index","follow":"follow","max-snippet":"max-snippet:-1","max-image-preview":"max-image-preview:large","max-video-preview":"max-video-preview:-1"},"canonical":"https:\/\/miteytitan.com\/fr\/product\/drilling-rigs\/","og_locale":"fr_CA","og_type":"article","og_title":"Drilling Rigs | Mitey Titan\u2019s Advanced Machines for Resource Extraction","og_description":"Discover Mitey Titan's advanced drilling rigs, equipped with top drives, rotary tables, and powerful mud systems, designed for efficient and safe exploration and extraction.","og_url":"https:\/\/miteytitan.com\/fr\/product\/drilling-rigs\/","og_site_name":"Mitey Titan Industries Inc","article_publisher":"https:\/\/www.facebook.com\/miteytitanindustriesinc\/","article_modified_time":"2024-11-15T19:38:45+00:00","twitter_card":"summary_large_image","twitter_misc":{"Est. reading time":"1 minute"},"schema":{"@context":"https:\/\/schema.org","@graph":[{"@type":"WebPage","@id":"https:\/\/miteytitan.com\/product\/drilling-rigs\/","url":"https:\/\/miteytitan.com\/product\/drilling-rigs\/","name":"Plateformes de forage | Machines de pointe Mitey Titan pour l&#039;extraction des ressources","isPartOf":{"@id":"https:\/\/miteytitan.com\/#website"},"datePublished":"2024-09-17T21:06:27+00:00","dateModified":"2024-11-15T19:38:45+00:00","description":"D\u00e9couvrez les installations de forage de pointe de Mitey Titan, \u00e9quip\u00e9es de t\u00eates de forage, de tables rotatives et de puissants syst\u00e8mes de boue, con\u00e7ues pour une exploration et une extraction efficaces et s\u00fbres.","breadcrumb":{"@id":"https:\/\/miteytitan.com\/product\/drilling-rigs\/#breadcrumb"},"inLanguage":"fr-CA","potentialAction":[{"@type":"ReadAction","target":["https:\/\/miteytitan.com\/product\/drilling-rigs\/"]}]},{"@type":"BreadcrumbList","@id":"https:\/\/miteytitan.com\/product\/drilling-rigs\/#breadcrumb","itemListElement":[{"@type":"ListItem","position":1,"name":"Home","item":"https:\/\/miteytitan.com\/"},{"@type":"ListItem","position":2,"name":"Drilling Rigs"}]},{"@type":"WebSite","@id":"https:\/\/miteytitan.com\/#website","url":"https:\/\/miteytitan.com\/","name":"Mitey Titan Industries Inc","description":"L&#039;avenir || est {{Mitey}}","publisher":{"@id":"https:\/\/miteytitan.com\/#organization"},"potentialAction":[{"@type":"SearchAction","target":{"@type":"EntryPoint","urlTemplate":"https:\/\/miteytitan.com\/?s={search_term_string}"},"query-input":{"@type":"PropertyValueSpecification","valueRequired":true,"valueName":"search_term_string"}}],"inLanguage":"fr-CA"},{"@type":"Organization","@id":"https:\/\/miteytitan.com\/#organization","name":"Mitey Titan Industries Inc","url":"https:\/\/miteytitan.com\/","logo":{"@type":"ImageObject","inLanguage":"fr-CA","@id":"https:\/\/miteytitan.com\/#\/schema\/logo\/image\/","url":"https:\/\/miteytitan.com\/wp-content\/uploads\/2024\/08\/miteytitan_logo.png","contentUrl":"https:\/\/miteytitan.com\/wp-content\/uploads\/2024\/08\/miteytitan_logo.png","width":256,"height":60,"caption":"Mitey Titan Industries Inc"},"image":{"@id":"https:\/\/miteytitan.com\/#\/schema\/logo\/image\/"},"sameAs":["https:\/\/www.facebook.com\/miteytitanindustriesinc\/","https:\/\/www.linkedin.com\/company\/mitey-titan-industries-inc.","https:\/\/www.instagram.com\/miteytitan\/","https:\/\/www.youtube.com\/channel\/UCwfPhYcHE5oLLdR1hjuRKJQ"]}]}},"_links":{"self":[{"href":"https:\/\/miteytitan.com\/fr\/wp-json\/wp\/v2\/product\/13712","targetHints":{"allow":["GET"]}}],"collection":[{"href":"https:\/\/miteytitan.com\/fr\/wp-json\/wp\/v2\/product"}],"about":[{"href":"https:\/\/miteytitan.com\/fr\/wp-json\/wp\/v2\/types\/product"}],"wp:attachment":[{"href":"https:\/\/miteytitan.com\/fr\/wp-json\/wp\/v2\/media?parent=13712"}],"wp:term":[{"taxonomy":"product_brand","embeddable":true,"href":"https:\/\/miteytitan.com\/fr\/wp-json\/wp\/v2\/product_brand?post=13712"},{"taxonomy":"product_cat","embeddable":true,"href":"https:\/\/miteytitan.com\/fr\/wp-json\/wp\/v2\/product_cat?post=13712"},{"taxonomy":"product_tag","embeddable":true,"href":"https:\/\/miteytitan.com\/fr\/wp-json\/wp\/v2\/product_tag?post=13712"}],"curies":[{"name":"wp","href":"https:\/\/api.w.org\/{rel}","templated":true}]}}