{"id":13710,"date":"2024-09-17T15:06:11","date_gmt":"2024-09-17T21:06:11","guid":{"rendered":"http:\/\/159.203.44.46\/?post_type=product&#038;p=13710"},"modified":"2024-11-15T14:06:01","modified_gmt":"2024-11-15T21:06:01","slug":"land-rigs","status":"publish","type":"product","link":"https:\/\/miteytitan.com\/fr\/product\/land-rigs\/","title":{"rendered":"Plateformes terrestres"},"content":{"rendered":"Les plateformes terrestres sont des plateformes polyvalentes, essentielles \u00e0 l&#039;exploration et \u00e0 la production p\u00e9troli\u00e8res et gazi\u00e8res terrestres. Elles sont con\u00e7ues pour une mobilit\u00e9 sur des terrains vari\u00e9s et permettent de forer \u00e0 des profondeurs importantes, des puits peu profonds aux puits ultra-profonds. Ces plateformes sont dot\u00e9es de puissants syst\u00e8mes de levage pour la manutention de charges lourdes, de dispositifs de s\u00e9curit\u00e9 avanc\u00e9s et d&#039;une conception efficace qui minimise les temps d&#039;arr\u00eat tout en optimisant les performances de forage. \u00c9quip\u00e9es d&#039;un groupe \u00e9lectrog\u00e8ne diesel ou \u00e9lectrique et d&#039;\u00e9quipements de forage essentiels tels que des treuils et des syst\u00e8mes de boue, les plateformes terrestres sont essentielles aux op\u00e9rations d&#039;exploration, de d\u00e9veloppement et de forage directionnel. Leur construction robuste garantit une fiabilit\u00e9 op\u00e9rationnelle dans des environnements difficiles tels que les d\u00e9serts, les jungles et les zones recul\u00e9es, contribuant ainsi \u00e0 la rentabilit\u00e9 et au respect de l&#039;environnement.","protected":false},"excerpt":{"rendered":"<p>Les plateformes terrestres sont des installations polyvalentes essentielles \u00e0 l&#039;exploration et \u00e0 la production de p\u00e9trole et de gaz \u00e0 terre, con\u00e7ues pour se d\u00e9placer sur des terrains vari\u00e9s et capables\u2026<\/p>","protected":false},"featured_media":14017,"template":"","meta":{"_acf_changed":false,"om_disable_all_campaigns":false,"_monsterinsights_skip_tracking":false,"_monsterinsights_sitenote_active":false,"_monsterinsights_sitenote_note":"","_monsterinsights_sitenote_category":0},"product_brand":[],"product_cat":[15],"product_tag":[],"class_list":{"0":"post-13710","1":"product","2":"type-product","3":"status-publish","4":"has-post-thumbnail","6":"product_cat-general","8":"first","9":"instock","10":"taxable","11":"shipping-taxable","12":"product-type-simple"},"acf":[],"aioseo_notices":[],"yoast_head":"<!-- This site is optimized with the Yoast SEO plugin v27.4 - https:\/\/yoast.com\/product\/yoast-seo-wordpress\/ -->\n<title>Land Rigs | Mitey Titan\u2019s Reliable Onshore Drilling Platforms<\/title>\n<meta name=\"description\" content=\"Explore Mitey Titan&#039;s versatile land rigs, designed for efficient onshore oil and gas drilling operations. Ideal for diverse terrains and depths.\" \/>\n<meta name=\"robots\" content=\"index, follow, max-snippet:-1, max-image-preview:large, max-video-preview:-1\" \/>\n<link rel=\"canonical\" href=\"https:\/\/miteytitan.com\/fr\/product\/land-rigs\/\" \/>\n<meta property=\"og:locale\" content=\"fr_CA\" \/>\n<meta property=\"og:type\" content=\"article\" \/>\n<meta property=\"og:title\" content=\"Land Rigs | Mitey Titan\u2019s Reliable Onshore Drilling Platforms\" \/>\n<meta property=\"og:description\" content=\"Explore Mitey Titan&#039;s versatile land rigs, designed for efficient onshore oil and gas drilling operations. Ideal for diverse terrains and depths.\" \/>\n<meta property=\"og:url\" content=\"https:\/\/miteytitan.com\/fr\/product\/land-rigs\/\" \/>\n<meta property=\"og:site_name\" content=\"Mitey Titan Industries Inc\" \/>\n<meta property=\"article:publisher\" content=\"https:\/\/www.facebook.com\/miteytitanindustriesinc\/\" \/>\n<meta property=\"article:modified_time\" content=\"2024-11-15T21:06:01+00:00\" \/>\n<meta property=\"og:image\" content=\"https:\/\/miteytitan.com\/wp-content\/uploads\/2024\/09\/Untitled-1-1024x1024.png\" \/>\n\t<meta property=\"og:image:width\" content=\"1024\" \/>\n\t<meta property=\"og:image:height\" content=\"1024\" \/>\n\t<meta property=\"og:image:type\" content=\"image\/png\" \/>\n<meta name=\"twitter:card\" content=\"summary_large_image\" \/>\n<meta name=\"twitter:label1\" content=\"Est. reading time\" \/>\n\t<meta name=\"twitter:data1\" content=\"1 minute\" \/>\n<script type=\"application\/ld+json\" class=\"yoast-schema-graph\">{\"@context\":\"https:\\\/\\\/schema.org\",\"@graph\":[{\"@type\":\"WebPage\",\"@id\":\"https:\\\/\\\/miteytitan.com\\\/product\\\/land-rigs\\\/\",\"url\":\"https:\\\/\\\/miteytitan.com\\\/product\\\/land-rigs\\\/\",\"name\":\"Land Rigs | Mitey Titan\u2019s Reliable Onshore Drilling Platforms\",\"isPartOf\":{\"@id\":\"https:\\\/\\\/miteytitan.com\\\/#website\"},\"primaryImageOfPage\":{\"@id\":\"https:\\\/\\\/miteytitan.com\\\/product\\\/land-rigs\\\/#primaryimage\"},\"image\":{\"@id\":\"https:\\\/\\\/miteytitan.com\\\/product\\\/land-rigs\\\/#primaryimage\"},\"thumbnailUrl\":\"https:\\\/\\\/miteytitan.com\\\/wp-content\\\/uploads\\\/2024\\\/09\\\/Untitled-1.png\",\"datePublished\":\"2024-09-17T21:06:11+00:00\",\"dateModified\":\"2024-11-15T21:06:01+00:00\",\"description\":\"Explore Mitey Titan's versatile land rigs, designed for efficient onshore oil and gas drilling operations. Ideal for diverse terrains and depths.\",\"breadcrumb\":{\"@id\":\"https:\\\/\\\/miteytitan.com\\\/product\\\/land-rigs\\\/#breadcrumb\"},\"inLanguage\":\"fr-CA\",\"potentialAction\":[{\"@type\":\"ReadAction\",\"target\":[\"https:\\\/\\\/miteytitan.com\\\/product\\\/land-rigs\\\/\"]}]},{\"@type\":\"ImageObject\",\"inLanguage\":\"fr-CA\",\"@id\":\"https:\\\/\\\/miteytitan.com\\\/product\\\/land-rigs\\\/#primaryimage\",\"url\":\"https:\\\/\\\/miteytitan.com\\\/wp-content\\\/uploads\\\/2024\\\/09\\\/Untitled-1.png\",\"contentUrl\":\"https:\\\/\\\/miteytitan.com\\\/wp-content\\\/uploads\\\/2024\\\/09\\\/Untitled-1.png\",\"width\":1920,\"height\":1920},{\"@type\":\"BreadcrumbList\",\"@id\":\"https:\\\/\\\/miteytitan.com\\\/product\\\/land-rigs\\\/#breadcrumb\",\"itemListElement\":[{\"@type\":\"ListItem\",\"position\":1,\"name\":\"Home\",\"item\":\"https:\\\/\\\/miteytitan.com\\\/\"},{\"@type\":\"ListItem\",\"position\":2,\"name\":\"Land Rigs\"}]},{\"@type\":\"WebSite\",\"@id\":\"https:\\\/\\\/miteytitan.com\\\/#website\",\"url\":\"https:\\\/\\\/miteytitan.com\\\/\",\"name\":\"Mitey Titan Industries Inc\",\"description\":\"The Future ||Is {{Mitey}}\",\"publisher\":{\"@id\":\"https:\\\/\\\/miteytitan.com\\\/#organization\"},\"potentialAction\":[{\"@type\":\"SearchAction\",\"target\":{\"@type\":\"EntryPoint\",\"urlTemplate\":\"https:\\\/\\\/miteytitan.com\\\/?s={search_term_string}\"},\"query-input\":{\"@type\":\"PropertyValueSpecification\",\"valueRequired\":true,\"valueName\":\"search_term_string\"}}],\"inLanguage\":\"fr-CA\"},{\"@type\":\"Organization\",\"@id\":\"https:\\\/\\\/miteytitan.com\\\/#organization\",\"name\":\"Mitey Titan Industries Inc\",\"url\":\"https:\\\/\\\/miteytitan.com\\\/\",\"logo\":{\"@type\":\"ImageObject\",\"inLanguage\":\"fr-CA\",\"@id\":\"https:\\\/\\\/miteytitan.com\\\/#\\\/schema\\\/logo\\\/image\\\/\",\"url\":\"https:\\\/\\\/miteytitan.com\\\/wp-content\\\/uploads\\\/2024\\\/08\\\/miteytitan_logo.png\",\"contentUrl\":\"https:\\\/\\\/miteytitan.com\\\/wp-content\\\/uploads\\\/2024\\\/08\\\/miteytitan_logo.png\",\"width\":256,\"height\":60,\"caption\":\"Mitey Titan Industries Inc\"},\"image\":{\"@id\":\"https:\\\/\\\/miteytitan.com\\\/#\\\/schema\\\/logo\\\/image\\\/\"},\"sameAs\":[\"https:\\\/\\\/www.facebook.com\\\/miteytitanindustriesinc\\\/\",\"https:\\\/\\\/www.linkedin.com\\\/company\\\/mitey-titan-industries-inc.\",\"https:\\\/\\\/www.instagram.com\\\/miteytitan\\\/\",\"https:\\\/\\\/www.youtube.com\\\/channel\\\/UCwfPhYcHE5oLLdR1hjuRKJQ\"]}]}<\/script>\n<!-- \/ Yoast SEO plugin. -->","yoast_head_json":{"title":"Plateformes de forage terrestres | Les plateformes de forage terrestres fiables de Mitey Titan","description":"D\u00e9couvrez les plateformes terrestres polyvalentes de Mitey Titan, con\u00e7ues pour des op\u00e9rations de forage p\u00e9trolier et gazier onshore efficaces. Id\u00e9ales pour des terrains et des profondeurs vari\u00e9s.","robots":{"index":"index","follow":"follow","max-snippet":"max-snippet:-1","max-image-preview":"max-image-preview:large","max-video-preview":"max-video-preview:-1"},"canonical":"https:\/\/miteytitan.com\/fr\/product\/land-rigs\/","og_locale":"fr_CA","og_type":"article","og_title":"Land Rigs | Mitey Titan\u2019s Reliable Onshore Drilling Platforms","og_description":"Explore Mitey Titan's versatile land rigs, designed for efficient onshore oil and gas drilling operations. Ideal for diverse terrains and depths.","og_url":"https:\/\/miteytitan.com\/fr\/product\/land-rigs\/","og_site_name":"Mitey Titan Industries Inc","article_publisher":"https:\/\/www.facebook.com\/miteytitanindustriesinc\/","article_modified_time":"2024-11-15T21:06:01+00:00","og_image":[{"width":1024,"height":1024,"url":"https:\/\/miteytitan.com\/wp-content\/uploads\/2024\/09\/Untitled-1-1024x1024.png","type":"image\/png"}],"twitter_card":"summary_large_image","twitter_misc":{"Est. reading time":"1 minute"},"schema":{"@context":"https:\/\/schema.org","@graph":[{"@type":"WebPage","@id":"https:\/\/miteytitan.com\/product\/land-rigs\/","url":"https:\/\/miteytitan.com\/product\/land-rigs\/","name":"Plateformes de forage terrestres | Les plateformes de forage terrestres fiables de Mitey Titan","isPartOf":{"@id":"https:\/\/miteytitan.com\/#website"},"primaryImageOfPage":{"@id":"https:\/\/miteytitan.com\/product\/land-rigs\/#primaryimage"},"image":{"@id":"https:\/\/miteytitan.com\/product\/land-rigs\/#primaryimage"},"thumbnailUrl":"https:\/\/miteytitan.com\/wp-content\/uploads\/2024\/09\/Untitled-1.png","datePublished":"2024-09-17T21:06:11+00:00","dateModified":"2024-11-15T21:06:01+00:00","description":"D\u00e9couvrez les plateformes terrestres polyvalentes de Mitey Titan, con\u00e7ues pour des op\u00e9rations de forage p\u00e9trolier et gazier onshore efficaces. Id\u00e9ales pour des terrains et des profondeurs vari\u00e9s.","breadcrumb":{"@id":"https:\/\/miteytitan.com\/product\/land-rigs\/#breadcrumb"},"inLanguage":"fr-CA","potentialAction":[{"@type":"ReadAction","target":["https:\/\/miteytitan.com\/product\/land-rigs\/"]}]},{"@type":"ImageObject","inLanguage":"fr-CA","@id":"https:\/\/miteytitan.com\/product\/land-rigs\/#primaryimage","url":"https:\/\/miteytitan.com\/wp-content\/uploads\/2024\/09\/Untitled-1.png","contentUrl":"https:\/\/miteytitan.com\/wp-content\/uploads\/2024\/09\/Untitled-1.png","width":1920,"height":1920},{"@type":"BreadcrumbList","@id":"https:\/\/miteytitan.com\/product\/land-rigs\/#breadcrumb","itemListElement":[{"@type":"ListItem","position":1,"name":"Home","item":"https:\/\/miteytitan.com\/"},{"@type":"ListItem","position":2,"name":"Land Rigs"}]},{"@type":"WebSite","@id":"https:\/\/miteytitan.com\/#website","url":"https:\/\/miteytitan.com\/","name":"Mitey Titan Industries Inc","description":"L&#039;avenir || est {{Mitey}}","publisher":{"@id":"https:\/\/miteytitan.com\/#organization"},"potentialAction":[{"@type":"SearchAction","target":{"@type":"EntryPoint","urlTemplate":"https:\/\/miteytitan.com\/?s={search_term_string}"},"query-input":{"@type":"PropertyValueSpecification","valueRequired":true,"valueName":"search_term_string"}}],"inLanguage":"fr-CA"},{"@type":"Organization","@id":"https:\/\/miteytitan.com\/#organization","name":"Mitey Titan Industries Inc","url":"https:\/\/miteytitan.com\/","logo":{"@type":"ImageObject","inLanguage":"fr-CA","@id":"https:\/\/miteytitan.com\/#\/schema\/logo\/image\/","url":"https:\/\/miteytitan.com\/wp-content\/uploads\/2024\/08\/miteytitan_logo.png","contentUrl":"https:\/\/miteytitan.com\/wp-content\/uploads\/2024\/08\/miteytitan_logo.png","width":256,"height":60,"caption":"Mitey Titan Industries Inc"},"image":{"@id":"https:\/\/miteytitan.com\/#\/schema\/logo\/image\/"},"sameAs":["https:\/\/www.facebook.com\/miteytitanindustriesinc\/","https:\/\/www.linkedin.com\/company\/mitey-titan-industries-inc.","https:\/\/www.instagram.com\/miteytitan\/","https:\/\/www.youtube.com\/channel\/UCwfPhYcHE5oLLdR1hjuRKJQ"]}]}},"_links":{"self":[{"href":"https:\/\/miteytitan.com\/fr\/wp-json\/wp\/v2\/product\/13710","targetHints":{"allow":["GET"]}}],"collection":[{"href":"https:\/\/miteytitan.com\/fr\/wp-json\/wp\/v2\/product"}],"about":[{"href":"https:\/\/miteytitan.com\/fr\/wp-json\/wp\/v2\/types\/product"}],"wp:featuredmedia":[{"embeddable":true,"href":"https:\/\/miteytitan.com\/fr\/wp-json\/wp\/v2\/media\/14017"}],"wp:attachment":[{"href":"https:\/\/miteytitan.com\/fr\/wp-json\/wp\/v2\/media?parent=13710"}],"wp:term":[{"taxonomy":"product_brand","embeddable":true,"href":"https:\/\/miteytitan.com\/fr\/wp-json\/wp\/v2\/product_brand?post=13710"},{"taxonomy":"product_cat","embeddable":true,"href":"https:\/\/miteytitan.com\/fr\/wp-json\/wp\/v2\/product_cat?post=13710"},{"taxonomy":"product_tag","embeddable":true,"href":"https:\/\/miteytitan.com\/fr\/wp-json\/wp\/v2\/product_tag?post=13710"}],"curies":[{"name":"wp","href":"https:\/\/api.w.org\/{rel}","templated":true}]}}