{"id":13707,"date":"2024-09-17T15:05:43","date_gmt":"2024-09-17T21:05:43","guid":{"rendered":"http:\/\/159.203.44.46\/?post_type=product&#038;p=13707"},"modified":"2024-11-15T14:17:49","modified_gmt":"2024-11-15T21:17:49","slug":"mud-pumps-mud-tanks","status":"publish","type":"product","link":"https:\/\/miteytitan.com\/fr\/product\/mud-pumps-mud-tanks\/","title":{"rendered":"Pompes \u00e0 boue et r\u00e9servoirs \u00e0 boue"},"content":{"rendered":"Les pompes et r\u00e9servoirs \u00e0 boue sont des composants essentiels des op\u00e9rations de forage. Ils sont con\u00e7us pour assurer la stabilit\u00e9 du puits, la circulation des fluides et la gestion des d\u00e9blais dans divers environnements. Dot\u00e9s de syst\u00e8mes de pompage haute capacit\u00e9 et d&#039;une construction robuste, ces syst\u00e8mes facilitent le forage continu en assurant une circulation efficace des fluides et un stockage s\u00e9curis\u00e9 des d\u00e9blais. Ils sont essentiels au maintien de la fiabilit\u00e9 op\u00e9rationnelle, \u00e0 l&#039;am\u00e9lioration de la s\u00e9curit\u00e9 gr\u00e2ce \u00e0 des syst\u00e8mes de contr\u00f4le avanc\u00e9s et au respect de l&#039;environnement gr\u00e2ce \u00e0 une gestion efficace des d\u00e9chets. Que ce soit en eaux profondes, dans le d\u00e9sert ou en conditions arctiques, les pompes et r\u00e9servoirs \u00e0 boue jouent un r\u00f4le essentiel dans l&#039;optimisation des performances de forage tout en minimisant les temps d&#039;arr\u00eat et les co\u00fbts d&#039;exploitation.","protected":false},"excerpt":{"rendered":"<p>Les pompes \u00e0 boue et les r\u00e9servoirs de boue sont des composants essentiels des op\u00e9rations de forage, con\u00e7us pour assurer une stabilit\u00e9 efficace du puits, la circulation du fluide de forage et l&#039;\u00e9vacuation des d\u00e9blais\u2026<\/p>","protected":false},"featured_media":14027,"template":"","meta":{"_acf_changed":false,"om_disable_all_campaigns":false,"_monsterinsights_skip_tracking":false,"_monsterinsights_sitenote_active":false,"_monsterinsights_sitenote_note":"","_monsterinsights_sitenote_category":0},"product_brand":[],"product_cat":[30],"product_tag":[],"class_list":{"0":"post-13707","1":"product","2":"type-product","3":"status-publish","4":"has-post-thumbnail","6":"product_cat-request-a-quote","8":"first","9":"instock","10":"taxable","11":"shipping-taxable","12":"product-type-simple"},"acf":[],"aioseo_notices":[],"yoast_head":"<!-- This site is optimized with the Yoast SEO plugin v27.4 - https:\/\/yoast.com\/product\/yoast-seo-wordpress\/ -->\n<title>Mud Pumps and Mud Tanks | Mitey Titan\u2019s Solutions for Efficient Drilling Operations<\/title>\n<meta name=\"description\" content=\"Explore Mitey Titan\u2019s Mud Pumps and Mud Tanks, designed to ensure wellbore stability, effective fluid circulation, and secure cuttings management in diverse drilling environments.\" \/>\n<meta name=\"robots\" content=\"index, follow, max-snippet:-1, max-image-preview:large, max-video-preview:-1\" \/>\n<link rel=\"canonical\" href=\"https:\/\/miteytitan.com\/fr\/product\/mud-pumps-mud-tanks\/\" \/>\n<meta property=\"og:locale\" content=\"fr_CA\" \/>\n<meta property=\"og:type\" content=\"article\" \/>\n<meta property=\"og:title\" content=\"Mud Pumps and Mud Tanks | Mitey Titan\u2019s Solutions for Efficient Drilling Operations\" \/>\n<meta property=\"og:description\" content=\"Explore Mitey Titan\u2019s Mud Pumps and Mud Tanks, designed to ensure wellbore stability, effective fluid circulation, and secure cuttings management in diverse drilling environments.\" \/>\n<meta property=\"og:url\" content=\"https:\/\/miteytitan.com\/fr\/product\/mud-pumps-mud-tanks\/\" \/>\n<meta property=\"og:site_name\" content=\"Mitey Titan Industries Inc\" \/>\n<meta property=\"article:publisher\" content=\"https:\/\/www.facebook.com\/miteytitanindustriesinc\/\" \/>\n<meta property=\"article:modified_time\" content=\"2024-11-15T21:17:49+00:00\" \/>\n<meta property=\"og:image\" content=\"https:\/\/miteytitan.com\/wp-content\/uploads\/2024\/09\/TOTAL-RIGUP-7-15-2.jpg\" \/>\n\t<meta property=\"og:image:width\" content=\"1920\" \/>\n\t<meta property=\"og:image:height\" content=\"1172\" \/>\n\t<meta property=\"og:image:type\" content=\"image\/jpeg\" \/>\n<meta name=\"twitter:card\" content=\"summary_large_image\" \/>\n<meta name=\"twitter:label1\" content=\"Est. reading time\" \/>\n\t<meta name=\"twitter:data1\" content=\"1 minute\" \/>\n<script type=\"application\/ld+json\" class=\"yoast-schema-graph\">{\"@context\":\"https:\\\/\\\/schema.org\",\"@graph\":[{\"@type\":\"WebPage\",\"@id\":\"https:\\\/\\\/miteytitan.com\\\/product\\\/mud-pumps-mud-tanks\\\/\",\"url\":\"https:\\\/\\\/miteytitan.com\\\/product\\\/mud-pumps-mud-tanks\\\/\",\"name\":\"Mud Pumps and Mud Tanks | Mitey Titan\u2019s Solutions for Efficient Drilling Operations\",\"isPartOf\":{\"@id\":\"https:\\\/\\\/miteytitan.com\\\/#website\"},\"primaryImageOfPage\":{\"@id\":\"https:\\\/\\\/miteytitan.com\\\/product\\\/mud-pumps-mud-tanks\\\/#primaryimage\"},\"image\":{\"@id\":\"https:\\\/\\\/miteytitan.com\\\/product\\\/mud-pumps-mud-tanks\\\/#primaryimage\"},\"thumbnailUrl\":\"https:\\\/\\\/miteytitan.com\\\/wp-content\\\/uploads\\\/2024\\\/09\\\/TOTAL-RIGUP-7-15-2.jpg\",\"datePublished\":\"2024-09-17T21:05:43+00:00\",\"dateModified\":\"2024-11-15T21:17:49+00:00\",\"description\":\"Explore Mitey Titan\u2019s Mud Pumps and Mud Tanks, designed to ensure wellbore stability, effective fluid circulation, and secure cuttings management in diverse drilling environments.\",\"breadcrumb\":{\"@id\":\"https:\\\/\\\/miteytitan.com\\\/product\\\/mud-pumps-mud-tanks\\\/#breadcrumb\"},\"inLanguage\":\"fr-CA\",\"potentialAction\":[{\"@type\":\"ReadAction\",\"target\":[\"https:\\\/\\\/miteytitan.com\\\/product\\\/mud-pumps-mud-tanks\\\/\"]}]},{\"@type\":\"ImageObject\",\"inLanguage\":\"fr-CA\",\"@id\":\"https:\\\/\\\/miteytitan.com\\\/product\\\/mud-pumps-mud-tanks\\\/#primaryimage\",\"url\":\"https:\\\/\\\/miteytitan.com\\\/wp-content\\\/uploads\\\/2024\\\/09\\\/TOTAL-RIGUP-7-15-2.jpg\",\"contentUrl\":\"https:\\\/\\\/miteytitan.com\\\/wp-content\\\/uploads\\\/2024\\\/09\\\/TOTAL-RIGUP-7-15-2.jpg\",\"width\":1920,\"height\":1172,\"caption\":\"t\\\/sdcard\\\/DCIM\\\/100GOPRO\\\/G0020211\"},{\"@type\":\"BreadcrumbList\",\"@id\":\"https:\\\/\\\/miteytitan.com\\\/product\\\/mud-pumps-mud-tanks\\\/#breadcrumb\",\"itemListElement\":[{\"@type\":\"ListItem\",\"position\":1,\"name\":\"Home\",\"item\":\"https:\\\/\\\/miteytitan.com\\\/\"},{\"@type\":\"ListItem\",\"position\":2,\"name\":\"Mud Pumps &#038; Mud Tanks\"}]},{\"@type\":\"WebSite\",\"@id\":\"https:\\\/\\\/miteytitan.com\\\/#website\",\"url\":\"https:\\\/\\\/miteytitan.com\\\/\",\"name\":\"Mitey Titan Industries Inc\",\"description\":\"The Future ||Is {{Mitey}}\",\"publisher\":{\"@id\":\"https:\\\/\\\/miteytitan.com\\\/#organization\"},\"potentialAction\":[{\"@type\":\"SearchAction\",\"target\":{\"@type\":\"EntryPoint\",\"urlTemplate\":\"https:\\\/\\\/miteytitan.com\\\/?s={search_term_string}\"},\"query-input\":{\"@type\":\"PropertyValueSpecification\",\"valueRequired\":true,\"valueName\":\"search_term_string\"}}],\"inLanguage\":\"fr-CA\"},{\"@type\":\"Organization\",\"@id\":\"https:\\\/\\\/miteytitan.com\\\/#organization\",\"name\":\"Mitey Titan Industries Inc\",\"url\":\"https:\\\/\\\/miteytitan.com\\\/\",\"logo\":{\"@type\":\"ImageObject\",\"inLanguage\":\"fr-CA\",\"@id\":\"https:\\\/\\\/miteytitan.com\\\/#\\\/schema\\\/logo\\\/image\\\/\",\"url\":\"https:\\\/\\\/miteytitan.com\\\/wp-content\\\/uploads\\\/2024\\\/08\\\/miteytitan_logo.png\",\"contentUrl\":\"https:\\\/\\\/miteytitan.com\\\/wp-content\\\/uploads\\\/2024\\\/08\\\/miteytitan_logo.png\",\"width\":256,\"height\":60,\"caption\":\"Mitey Titan Industries Inc\"},\"image\":{\"@id\":\"https:\\\/\\\/miteytitan.com\\\/#\\\/schema\\\/logo\\\/image\\\/\"},\"sameAs\":[\"https:\\\/\\\/www.facebook.com\\\/miteytitanindustriesinc\\\/\",\"https:\\\/\\\/www.linkedin.com\\\/company\\\/mitey-titan-industries-inc.\",\"https:\\\/\\\/www.instagram.com\\\/miteytitan\\\/\",\"https:\\\/\\\/www.youtube.com\\\/channel\\\/UCwfPhYcHE5oLLdR1hjuRKJQ\"]}]}<\/script>\n<!-- \/ Yoast SEO plugin. -->","yoast_head_json":{"title":"Pompes \u00e0 boue et r\u00e9servoirs de boue | Les solutions Mitey Titan pour des op\u00e9rations de forage efficaces","description":"D\u00e9couvrez les pompes \u00e0 boue et les r\u00e9servoirs \u00e0 boue Mitey Titan, con\u00e7us pour assurer la stabilit\u00e9 du puits, une circulation efficace des fluides et une gestion s\u00e9curis\u00e9e des d\u00e9blais dans divers environnements de forage.","robots":{"index":"index","follow":"follow","max-snippet":"max-snippet:-1","max-image-preview":"max-image-preview:large","max-video-preview":"max-video-preview:-1"},"canonical":"https:\/\/miteytitan.com\/fr\/product\/mud-pumps-mud-tanks\/","og_locale":"fr_CA","og_type":"article","og_title":"Mud Pumps and Mud Tanks | Mitey Titan\u2019s Solutions for Efficient Drilling Operations","og_description":"Explore Mitey Titan\u2019s Mud Pumps and Mud Tanks, designed to ensure wellbore stability, effective fluid circulation, and secure cuttings management in diverse drilling environments.","og_url":"https:\/\/miteytitan.com\/fr\/product\/mud-pumps-mud-tanks\/","og_site_name":"Mitey Titan Industries Inc","article_publisher":"https:\/\/www.facebook.com\/miteytitanindustriesinc\/","article_modified_time":"2024-11-15T21:17:49+00:00","og_image":[{"width":1920,"height":1172,"url":"https:\/\/miteytitan.com\/wp-content\/uploads\/2024\/09\/TOTAL-RIGUP-7-15-2.jpg","type":"image\/jpeg"}],"twitter_card":"summary_large_image","twitter_misc":{"Est. reading time":"1 minute"},"schema":{"@context":"https:\/\/schema.org","@graph":[{"@type":"WebPage","@id":"https:\/\/miteytitan.com\/product\/mud-pumps-mud-tanks\/","url":"https:\/\/miteytitan.com\/product\/mud-pumps-mud-tanks\/","name":"Pompes \u00e0 boue et r\u00e9servoirs de boue | Les solutions Mitey Titan pour des op\u00e9rations de forage efficaces","isPartOf":{"@id":"https:\/\/miteytitan.com\/#website"},"primaryImageOfPage":{"@id":"https:\/\/miteytitan.com\/product\/mud-pumps-mud-tanks\/#primaryimage"},"image":{"@id":"https:\/\/miteytitan.com\/product\/mud-pumps-mud-tanks\/#primaryimage"},"thumbnailUrl":"https:\/\/miteytitan.com\/wp-content\/uploads\/2024\/09\/TOTAL-RIGUP-7-15-2.jpg","datePublished":"2024-09-17T21:05:43+00:00","dateModified":"2024-11-15T21:17:49+00:00","description":"D\u00e9couvrez les pompes \u00e0 boue et les r\u00e9servoirs \u00e0 boue Mitey Titan, con\u00e7us pour assurer la stabilit\u00e9 du puits, une circulation efficace des fluides et une gestion s\u00e9curis\u00e9e des d\u00e9blais dans divers environnements de forage.","breadcrumb":{"@id":"https:\/\/miteytitan.com\/product\/mud-pumps-mud-tanks\/#breadcrumb"},"inLanguage":"fr-CA","potentialAction":[{"@type":"ReadAction","target":["https:\/\/miteytitan.com\/product\/mud-pumps-mud-tanks\/"]}]},{"@type":"ImageObject","inLanguage":"fr-CA","@id":"https:\/\/miteytitan.com\/product\/mud-pumps-mud-tanks\/#primaryimage","url":"https:\/\/miteytitan.com\/wp-content\/uploads\/2024\/09\/TOTAL-RIGUP-7-15-2.jpg","contentUrl":"https:\/\/miteytitan.com\/wp-content\/uploads\/2024\/09\/TOTAL-RIGUP-7-15-2.jpg","width":1920,"height":1172,"caption":"t\/sdcard\/DCIM\/100GOPRO\/G0020211"},{"@type":"BreadcrumbList","@id":"https:\/\/miteytitan.com\/product\/mud-pumps-mud-tanks\/#breadcrumb","itemListElement":[{"@type":"ListItem","position":1,"name":"Home","item":"https:\/\/miteytitan.com\/"},{"@type":"ListItem","position":2,"name":"Mud Pumps &#038; Mud Tanks"}]},{"@type":"WebSite","@id":"https:\/\/miteytitan.com\/#website","url":"https:\/\/miteytitan.com\/","name":"Mitey Titan Industries Inc","description":"L&#039;avenir || est {{Mitey}}","publisher":{"@id":"https:\/\/miteytitan.com\/#organization"},"potentialAction":[{"@type":"SearchAction","target":{"@type":"EntryPoint","urlTemplate":"https:\/\/miteytitan.com\/?s={search_term_string}"},"query-input":{"@type":"PropertyValueSpecification","valueRequired":true,"valueName":"search_term_string"}}],"inLanguage":"fr-CA"},{"@type":"Organization","@id":"https:\/\/miteytitan.com\/#organization","name":"Mitey Titan Industries Inc","url":"https:\/\/miteytitan.com\/","logo":{"@type":"ImageObject","inLanguage":"fr-CA","@id":"https:\/\/miteytitan.com\/#\/schema\/logo\/image\/","url":"https:\/\/miteytitan.com\/wp-content\/uploads\/2024\/08\/miteytitan_logo.png","contentUrl":"https:\/\/miteytitan.com\/wp-content\/uploads\/2024\/08\/miteytitan_logo.png","width":256,"height":60,"caption":"Mitey Titan Industries Inc"},"image":{"@id":"https:\/\/miteytitan.com\/#\/schema\/logo\/image\/"},"sameAs":["https:\/\/www.facebook.com\/miteytitanindustriesinc\/","https:\/\/www.linkedin.com\/company\/mitey-titan-industries-inc.","https:\/\/www.instagram.com\/miteytitan\/","https:\/\/www.youtube.com\/channel\/UCwfPhYcHE5oLLdR1hjuRKJQ"]}]}},"_links":{"self":[{"href":"https:\/\/miteytitan.com\/fr\/wp-json\/wp\/v2\/product\/13707","targetHints":{"allow":["GET"]}}],"collection":[{"href":"https:\/\/miteytitan.com\/fr\/wp-json\/wp\/v2\/product"}],"about":[{"href":"https:\/\/miteytitan.com\/fr\/wp-json\/wp\/v2\/types\/product"}],"wp:featuredmedia":[{"embeddable":true,"href":"https:\/\/miteytitan.com\/fr\/wp-json\/wp\/v2\/media\/14027"}],"wp:attachment":[{"href":"https:\/\/miteytitan.com\/fr\/wp-json\/wp\/v2\/media?parent=13707"}],"wp:term":[{"taxonomy":"product_brand","embeddable":true,"href":"https:\/\/miteytitan.com\/fr\/wp-json\/wp\/v2\/product_brand?post=13707"},{"taxonomy":"product_cat","embeddable":true,"href":"https:\/\/miteytitan.com\/fr\/wp-json\/wp\/v2\/product_cat?post=13707"},{"taxonomy":"product_tag","embeddable":true,"href":"https:\/\/miteytitan.com\/fr\/wp-json\/wp\/v2\/product_tag?post=13707"}],"curies":[{"name":"wp","href":"https:\/\/api.w.org\/{rel}","templated":true}]}}