{"id":13704,"date":"2024-09-17T15:05:04","date_gmt":"2024-09-17T21:05:04","guid":{"rendered":"http:\/\/159.203.44.46\/?post_type=product&#038;p=13704"},"modified":"2024-11-15T14:12:06","modified_gmt":"2024-11-15T21:12:06","slug":"mini-snubbing-units","status":"publish","type":"product","link":"https:\/\/miteytitan.com\/fr\/product\/mini-snubbing-units\/","title":{"rendered":"Mini-unit\u00e9s de snubbing"},"content":{"rendered":"Les unit\u00e9s de reconditionnement Mitey Titan (MT) Compact Mini (CM), commun\u00e9ment appel\u00e9es unit\u00e9s Rig-Assist Hydraulic Workover (HWO), sont des outils compacts et polyvalents con\u00e7us pour une intervention efficace et s\u00fbre sur les puits dans des espaces confin\u00e9s ou des puits plus petits. Avec une capacit\u00e9 de charge allant de 50 000 \u00e0 150 000 livres, ces unit\u00e9s sont id\u00e9ales pour les op\u00e9rations de puits vivants, les compl\u00e9tions de puits, la maintenance et les t\u00e2ches de bouchage et d&#039;abandon. Leur conception compacte permet un d\u00e9ploiement dans des zones restreintes, r\u00e9duisant le temps non productif (NPT) et les co\u00fbts d&#039;exploitation gr\u00e2ce \u00e0 une configuration et une ex\u00e9cution rapides. \u00c9quip\u00e9es de syst\u00e8mes hydrauliques \u00e0 haut rendement pour des op\u00e9rations puissantes et pr\u00e9cises, et de syst\u00e8mes de contr\u00f4le avanc\u00e9s pour am\u00e9liorer la s\u00e9curit\u00e9 en minimisant la manutention manuelle, les unit\u00e9s de reconditionnement MT Compact Mini offrent une solution rentable, efficace et s\u00fbre pour diverses t\u00e2ches d&#039;intervention sur les puits. L\u00e9g\u00e8res et modulaires, elles sont faciles \u00e0 transporter et \u00e0 installer, ce qui les rend parfaites pour les emplacements \u00e9loign\u00e9s et les distingue des unit\u00e9s de reconditionnement conventionnelles.","protected":false},"excerpt":{"rendered":"<p>Les unit\u00e9s de reconditionnement Mitey Titan (MT) Compact Mini (CM), commun\u00e9ment appel\u00e9es unit\u00e9s de reconditionnement hydraulique Rig-Assist (HWO), sont des outils compacts et polyvalents\u2026<\/p>","protected":false},"featured_media":13751,"template":"","meta":{"_acf_changed":false,"om_disable_all_campaigns":false,"_monsterinsights_skip_tracking":false,"_monsterinsights_sitenote_active":false,"_monsterinsights_sitenote_note":"","_monsterinsights_sitenote_category":0},"product_brand":[],"product_cat":[15],"product_tag":[],"class_list":{"0":"post-13704","1":"product","2":"type-product","3":"status-publish","4":"has-post-thumbnail","6":"product_cat-general","8":"first","9":"instock","10":"taxable","11":"shipping-taxable","12":"product-type-simple"},"acf":[],"aioseo_notices":[],"yoast_head":"<!-- This site is optimized with the Yoast SEO plugin v27.4 - https:\/\/yoast.com\/product\/yoast-seo-wordpress\/ -->\n<title>Mini Snubbing Units - Mitey Titan Industries Inc<\/title>\n<meta name=\"robots\" content=\"index, follow, max-snippet:-1, max-image-preview:large, max-video-preview:-1\" \/>\n<link rel=\"canonical\" href=\"https:\/\/miteytitan.com\/fr\/product\/mini-snubbing-units\/\" \/>\n<meta property=\"og:locale\" content=\"fr_CA\" \/>\n<meta property=\"og:type\" content=\"article\" \/>\n<meta property=\"og:title\" content=\"Mini Snubbing Units - Mitey Titan Industries Inc\" \/>\n<meta property=\"og:description\" content=\"Mitey Titan (MT) Compact Mini (CM) Snubbing Units, commonly referred to as Rig-Assist Hydraulic Workover (HWO) units, are compact and versatile tools&hellip;\" \/>\n<meta property=\"og:url\" content=\"https:\/\/miteytitan.com\/fr\/product\/mini-snubbing-units\/\" \/>\n<meta property=\"og:site_name\" content=\"Mitey Titan Industries Inc\" \/>\n<meta property=\"article:publisher\" content=\"https:\/\/www.facebook.com\/miteytitanindustriesinc\/\" \/>\n<meta property=\"article:modified_time\" content=\"2024-11-15T21:12:06+00:00\" \/>\n<meta property=\"og:image\" content=\"https:\/\/miteytitan.com\/wp-content\/uploads\/2024\/09\/miteytitan_onshore_08.jpg\" \/>\n\t<meta property=\"og:image:width\" content=\"1092\" \/>\n\t<meta property=\"og:image:height\" content=\"812\" \/>\n\t<meta property=\"og:image:type\" content=\"image\/jpeg\" \/>\n<meta name=\"twitter:card\" content=\"summary_large_image\" \/>\n<meta name=\"twitter:label1\" content=\"Est. reading time\" \/>\n\t<meta name=\"twitter:data1\" content=\"1 minute\" \/>\n<script type=\"application\/ld+json\" class=\"yoast-schema-graph\">{\"@context\":\"https:\\\/\\\/schema.org\",\"@graph\":[{\"@type\":\"WebPage\",\"@id\":\"https:\\\/\\\/miteytitan.com\\\/product\\\/mini-snubbing-units\\\/\",\"url\":\"https:\\\/\\\/miteytitan.com\\\/product\\\/mini-snubbing-units\\\/\",\"name\":\"Mini Snubbing Units - Mitey Titan Industries Inc\",\"isPartOf\":{\"@id\":\"https:\\\/\\\/miteytitan.com\\\/#website\"},\"primaryImageOfPage\":{\"@id\":\"https:\\\/\\\/miteytitan.com\\\/product\\\/mini-snubbing-units\\\/#primaryimage\"},\"image\":{\"@id\":\"https:\\\/\\\/miteytitan.com\\\/product\\\/mini-snubbing-units\\\/#primaryimage\"},\"thumbnailUrl\":\"https:\\\/\\\/miteytitan.com\\\/wp-content\\\/uploads\\\/2024\\\/09\\\/miteytitan_onshore_08.jpg\",\"datePublished\":\"2024-09-17T21:05:04+00:00\",\"dateModified\":\"2024-11-15T21:12:06+00:00\",\"breadcrumb\":{\"@id\":\"https:\\\/\\\/miteytitan.com\\\/product\\\/mini-snubbing-units\\\/#breadcrumb\"},\"inLanguage\":\"fr-CA\",\"potentialAction\":[{\"@type\":\"ReadAction\",\"target\":[\"https:\\\/\\\/miteytitan.com\\\/product\\\/mini-snubbing-units\\\/\"]}]},{\"@type\":\"ImageObject\",\"inLanguage\":\"fr-CA\",\"@id\":\"https:\\\/\\\/miteytitan.com\\\/product\\\/mini-snubbing-units\\\/#primaryimage\",\"url\":\"https:\\\/\\\/miteytitan.com\\\/wp-content\\\/uploads\\\/2024\\\/09\\\/miteytitan_onshore_08.jpg\",\"contentUrl\":\"https:\\\/\\\/miteytitan.com\\\/wp-content\\\/uploads\\\/2024\\\/09\\\/miteytitan_onshore_08.jpg\",\"width\":1092,\"height\":812},{\"@type\":\"BreadcrumbList\",\"@id\":\"https:\\\/\\\/miteytitan.com\\\/product\\\/mini-snubbing-units\\\/#breadcrumb\",\"itemListElement\":[{\"@type\":\"ListItem\",\"position\":1,\"name\":\"Home\",\"item\":\"https:\\\/\\\/miteytitan.com\\\/\"},{\"@type\":\"ListItem\",\"position\":2,\"name\":\"Mini Snubbing Units\"}]},{\"@type\":\"WebSite\",\"@id\":\"https:\\\/\\\/miteytitan.com\\\/#website\",\"url\":\"https:\\\/\\\/miteytitan.com\\\/\",\"name\":\"Mitey Titan Industries Inc\",\"description\":\"The Future ||Is {{Mitey}}\",\"publisher\":{\"@id\":\"https:\\\/\\\/miteytitan.com\\\/#organization\"},\"potentialAction\":[{\"@type\":\"SearchAction\",\"target\":{\"@type\":\"EntryPoint\",\"urlTemplate\":\"https:\\\/\\\/miteytitan.com\\\/?s={search_term_string}\"},\"query-input\":{\"@type\":\"PropertyValueSpecification\",\"valueRequired\":true,\"valueName\":\"search_term_string\"}}],\"inLanguage\":\"fr-CA\"},{\"@type\":\"Organization\",\"@id\":\"https:\\\/\\\/miteytitan.com\\\/#organization\",\"name\":\"Mitey Titan Industries Inc\",\"url\":\"https:\\\/\\\/miteytitan.com\\\/\",\"logo\":{\"@type\":\"ImageObject\",\"inLanguage\":\"fr-CA\",\"@id\":\"https:\\\/\\\/miteytitan.com\\\/#\\\/schema\\\/logo\\\/image\\\/\",\"url\":\"https:\\\/\\\/miteytitan.com\\\/wp-content\\\/uploads\\\/2024\\\/08\\\/miteytitan_logo.png\",\"contentUrl\":\"https:\\\/\\\/miteytitan.com\\\/wp-content\\\/uploads\\\/2024\\\/08\\\/miteytitan_logo.png\",\"width\":256,\"height\":60,\"caption\":\"Mitey Titan Industries Inc\"},\"image\":{\"@id\":\"https:\\\/\\\/miteytitan.com\\\/#\\\/schema\\\/logo\\\/image\\\/\"},\"sameAs\":[\"https:\\\/\\\/www.facebook.com\\\/miteytitanindustriesinc\\\/\",\"https:\\\/\\\/www.linkedin.com\\\/company\\\/mitey-titan-industries-inc.\",\"https:\\\/\\\/www.instagram.com\\\/miteytitan\\\/\",\"https:\\\/\\\/www.youtube.com\\\/channel\\\/UCwfPhYcHE5oLLdR1hjuRKJQ\"]}]}<\/script>\n<!-- \/ Yoast SEO plugin. -->","yoast_head_json":{"title":"Mini unit\u00e9s d&#039;amortissement - Mitey Titan Industries Inc.","robots":{"index":"index","follow":"follow","max-snippet":"max-snippet:-1","max-image-preview":"max-image-preview:large","max-video-preview":"max-video-preview:-1"},"canonical":"https:\/\/miteytitan.com\/fr\/product\/mini-snubbing-units\/","og_locale":"fr_CA","og_type":"article","og_title":"Mini Snubbing Units - Mitey Titan Industries Inc","og_description":"Mitey Titan (MT) Compact Mini (CM) Snubbing Units, commonly referred to as Rig-Assist Hydraulic Workover (HWO) units, are compact and versatile tools&hellip;","og_url":"https:\/\/miteytitan.com\/fr\/product\/mini-snubbing-units\/","og_site_name":"Mitey Titan Industries Inc","article_publisher":"https:\/\/www.facebook.com\/miteytitanindustriesinc\/","article_modified_time":"2024-11-15T21:12:06+00:00","og_image":[{"width":1092,"height":812,"url":"https:\/\/miteytitan.com\/wp-content\/uploads\/2024\/09\/miteytitan_onshore_08.jpg","type":"image\/jpeg"}],"twitter_card":"summary_large_image","twitter_misc":{"Est. reading time":"1 minute"},"schema":{"@context":"https:\/\/schema.org","@graph":[{"@type":"WebPage","@id":"https:\/\/miteytitan.com\/product\/mini-snubbing-units\/","url":"https:\/\/miteytitan.com\/product\/mini-snubbing-units\/","name":"Mini unit\u00e9s d&#039;amortissement - Mitey Titan Industries Inc.","isPartOf":{"@id":"https:\/\/miteytitan.com\/#website"},"primaryImageOfPage":{"@id":"https:\/\/miteytitan.com\/product\/mini-snubbing-units\/#primaryimage"},"image":{"@id":"https:\/\/miteytitan.com\/product\/mini-snubbing-units\/#primaryimage"},"thumbnailUrl":"https:\/\/miteytitan.com\/wp-content\/uploads\/2024\/09\/miteytitan_onshore_08.jpg","datePublished":"2024-09-17T21:05:04+00:00","dateModified":"2024-11-15T21:12:06+00:00","breadcrumb":{"@id":"https:\/\/miteytitan.com\/product\/mini-snubbing-units\/#breadcrumb"},"inLanguage":"fr-CA","potentialAction":[{"@type":"ReadAction","target":["https:\/\/miteytitan.com\/product\/mini-snubbing-units\/"]}]},{"@type":"ImageObject","inLanguage":"fr-CA","@id":"https:\/\/miteytitan.com\/product\/mini-snubbing-units\/#primaryimage","url":"https:\/\/miteytitan.com\/wp-content\/uploads\/2024\/09\/miteytitan_onshore_08.jpg","contentUrl":"https:\/\/miteytitan.com\/wp-content\/uploads\/2024\/09\/miteytitan_onshore_08.jpg","width":1092,"height":812},{"@type":"BreadcrumbList","@id":"https:\/\/miteytitan.com\/product\/mini-snubbing-units\/#breadcrumb","itemListElement":[{"@type":"ListItem","position":1,"name":"Home","item":"https:\/\/miteytitan.com\/"},{"@type":"ListItem","position":2,"name":"Mini Snubbing Units"}]},{"@type":"WebSite","@id":"https:\/\/miteytitan.com\/#website","url":"https:\/\/miteytitan.com\/","name":"Mitey Titan Industries Inc","description":"L&#039;avenir || est {{Mitey}}","publisher":{"@id":"https:\/\/miteytitan.com\/#organization"},"potentialAction":[{"@type":"SearchAction","target":{"@type":"EntryPoint","urlTemplate":"https:\/\/miteytitan.com\/?s={search_term_string}"},"query-input":{"@type":"PropertyValueSpecification","valueRequired":true,"valueName":"search_term_string"}}],"inLanguage":"fr-CA"},{"@type":"Organization","@id":"https:\/\/miteytitan.com\/#organization","name":"Mitey Titan Industries Inc","url":"https:\/\/miteytitan.com\/","logo":{"@type":"ImageObject","inLanguage":"fr-CA","@id":"https:\/\/miteytitan.com\/#\/schema\/logo\/image\/","url":"https:\/\/miteytitan.com\/wp-content\/uploads\/2024\/08\/miteytitan_logo.png","contentUrl":"https:\/\/miteytitan.com\/wp-content\/uploads\/2024\/08\/miteytitan_logo.png","width":256,"height":60,"caption":"Mitey Titan Industries Inc"},"image":{"@id":"https:\/\/miteytitan.com\/#\/schema\/logo\/image\/"},"sameAs":["https:\/\/www.facebook.com\/miteytitanindustriesinc\/","https:\/\/www.linkedin.com\/company\/mitey-titan-industries-inc.","https:\/\/www.instagram.com\/miteytitan\/","https:\/\/www.youtube.com\/channel\/UCwfPhYcHE5oLLdR1hjuRKJQ"]}]}},"_links":{"self":[{"href":"https:\/\/miteytitan.com\/fr\/wp-json\/wp\/v2\/product\/13704","targetHints":{"allow":["GET"]}}],"collection":[{"href":"https:\/\/miteytitan.com\/fr\/wp-json\/wp\/v2\/product"}],"about":[{"href":"https:\/\/miteytitan.com\/fr\/wp-json\/wp\/v2\/types\/product"}],"wp:featuredmedia":[{"embeddable":true,"href":"https:\/\/miteytitan.com\/fr\/wp-json\/wp\/v2\/media\/13751"}],"wp:attachment":[{"href":"https:\/\/miteytitan.com\/fr\/wp-json\/wp\/v2\/media?parent=13704"}],"wp:term":[{"taxonomy":"product_brand","embeddable":true,"href":"https:\/\/miteytitan.com\/fr\/wp-json\/wp\/v2\/product_brand?post=13704"},{"taxonomy":"product_cat","embeddable":true,"href":"https:\/\/miteytitan.com\/fr\/wp-json\/wp\/v2\/product_cat?post=13704"},{"taxonomy":"product_tag","embeddable":true,"href":"https:\/\/miteytitan.com\/fr\/wp-json\/wp\/v2\/product_tag?post=13704"}],"curies":[{"name":"wp","href":"https:\/\/api.w.org\/{rel}","templated":true}]}}