{"id":13701,"date":"2024-09-17T15:04:25","date_gmt":"2024-09-17T21:04:25","guid":{"rendered":"http:\/\/159.203.44.46\/?post_type=product&#038;p=13701"},"modified":"2024-11-15T14:45:20","modified_gmt":"2024-11-15T21:45:20","slug":"rig-assisted-hydraulic-workover-units","status":"publish","type":"product","link":"https:\/\/miteytitan.com\/fr\/product\/rig-assisted-hydraulic-workover-units\/","title":{"rendered":"Unit\u00e9s de reconditionnement hydrauliques assist\u00e9es par plate-forme"},"content":{"rendered":"Les unit\u00e9s de reconditionnement hydraulique assist\u00e9es par plateforme (HWU) sont des outils essentiels pour l&#039;intervention et l&#039;entretien des puits. Elles sont con\u00e7ues pour am\u00e9liorer l&#039;efficacit\u00e9 op\u00e9rationnelle en compl\u00e9ment des plateformes de forage traditionnelles. Polyvalentes, elles prennent en charge les op\u00e9rations de compl\u00e9tion, de reconditionnement, de d\u00e9viation, de bouchage et d&#039;abandon de puits. Leurs commandes hydrauliques avanc\u00e9es garantissent des performances pr\u00e9cises, s\u00fbres et efficaces. Elles offrent g\u00e9n\u00e9ralement une capacit\u00e9 de charge de 45\u00a0000 \u00e0 272\u00a0000 kg, des syst\u00e8mes hydrauliques haute performance et des syst\u00e8mes de contr\u00f4le de pointe pour une surveillance en temps r\u00e9el. En s&#039;int\u00e9grant parfaitement \u00e0 l&#039;infrastructure de la plateforme, les HWU assist\u00e9es par plateforme r\u00e9duisent les temps morts, les co\u00fbts et la s\u00e9curit\u00e9, ce qui les rend id\u00e9ales pour la maintenance courante et les interventions complexes sur les puits.","protected":false},"excerpt":{"rendered":"<p>Les unit\u00e9s de reconditionnement hydrauliques assist\u00e9es par l&#039;appareil de forage (HWU) sont des outils essentiels pour l&#039;intervention et l&#039;entretien des puits, con\u00e7us pour am\u00e9liorer l&#039;efficacit\u00e9 op\u00e9rationnelle en travaillant aux c\u00f4t\u00e9s\u2026<\/p>","protected":false},"featured_media":14058,"template":"","meta":{"_acf_changed":false,"om_disable_all_campaigns":false,"_monsterinsights_skip_tracking":false,"_monsterinsights_sitenote_active":false,"_monsterinsights_sitenote_note":"","_monsterinsights_sitenote_category":0},"product_brand":[],"product_cat":[30],"product_tag":[],"class_list":{"0":"post-13701","1":"product","2":"type-product","3":"status-publish","4":"has-post-thumbnail","6":"product_cat-request-a-quote","8":"first","9":"instock","10":"taxable","11":"shipping-taxable","12":"product-type-simple"},"acf":[],"aioseo_notices":[],"yoast_head":"<!-- This site is optimized with the Yoast SEO plugin v27.4 - https:\/\/yoast.com\/product\/yoast-seo-wordpress\/ -->\n<title>Rig Assisted Hydraulic Workover Units | Mitey Titan&#039;s Advanced Well Intervention Solutions<\/title>\n<meta name=\"description\" content=\"Enhance well intervention with Mitey Titan\u2019s Rig Assisted Hydraulic Workover Units (HWUs). Ideal for workover, sidetracking, and plug and abandonment operations.\" \/>\n<meta name=\"robots\" content=\"index, follow, max-snippet:-1, max-image-preview:large, max-video-preview:-1\" \/>\n<link rel=\"canonical\" href=\"https:\/\/miteytitan.com\/fr\/product\/rig-assisted-hydraulic-workover-units\/\" \/>\n<meta property=\"og:locale\" content=\"fr_CA\" \/>\n<meta property=\"og:type\" content=\"article\" \/>\n<meta property=\"og:title\" content=\"Rig Assisted Hydraulic Workover Units | Mitey Titan&#039;s Advanced Well Intervention Solutions\" \/>\n<meta property=\"og:description\" content=\"Enhance well intervention with Mitey Titan\u2019s Rig Assisted Hydraulic Workover Units (HWUs). Ideal for workover, sidetracking, and plug and abandonment operations.\" \/>\n<meta property=\"og:url\" content=\"https:\/\/miteytitan.com\/fr\/product\/rig-assisted-hydraulic-workover-units\/\" \/>\n<meta property=\"og:site_name\" content=\"Mitey Titan Industries Inc\" \/>\n<meta property=\"article:publisher\" content=\"https:\/\/www.facebook.com\/miteytitanindustriesinc\/\" \/>\n<meta property=\"article:modified_time\" content=\"2024-11-15T21:45:20+00:00\" \/>\n<meta property=\"og:image\" content=\"https:\/\/miteytitan.com\/wp-content\/uploads\/2024\/09\/Compact-Mini-Hydraulic-Workover-and-Snubbing-Units-for-Land-or-Offshore.jpg\" \/>\n\t<meta property=\"og:image:width\" content=\"901\" \/>\n\t<meta property=\"og:image:height\" content=\"901\" \/>\n\t<meta property=\"og:image:type\" content=\"image\/jpeg\" \/>\n<meta name=\"twitter:card\" content=\"summary_large_image\" \/>\n<meta name=\"twitter:label1\" content=\"Est. reading time\" \/>\n\t<meta name=\"twitter:data1\" content=\"1 minute\" \/>\n<script type=\"application\/ld+json\" class=\"yoast-schema-graph\">{\"@context\":\"https:\\\/\\\/schema.org\",\"@graph\":[{\"@type\":\"WebPage\",\"@id\":\"https:\\\/\\\/miteytitan.com\\\/product\\\/rig-assisted-hydraulic-workover-units\\\/\",\"url\":\"https:\\\/\\\/miteytitan.com\\\/product\\\/rig-assisted-hydraulic-workover-units\\\/\",\"name\":\"Rig Assisted Hydraulic Workover Units | Mitey Titan's Advanced Well Intervention Solutions\",\"isPartOf\":{\"@id\":\"https:\\\/\\\/miteytitan.com\\\/#website\"},\"primaryImageOfPage\":{\"@id\":\"https:\\\/\\\/miteytitan.com\\\/product\\\/rig-assisted-hydraulic-workover-units\\\/#primaryimage\"},\"image\":{\"@id\":\"https:\\\/\\\/miteytitan.com\\\/product\\\/rig-assisted-hydraulic-workover-units\\\/#primaryimage\"},\"thumbnailUrl\":\"https:\\\/\\\/miteytitan.com\\\/wp-content\\\/uploads\\\/2024\\\/09\\\/Compact-Mini-Hydraulic-Workover-and-Snubbing-Units-for-Land-or-Offshore.jpg\",\"datePublished\":\"2024-09-17T21:04:25+00:00\",\"dateModified\":\"2024-11-15T21:45:20+00:00\",\"description\":\"Enhance well intervention with Mitey Titan\u2019s Rig Assisted Hydraulic Workover Units (HWUs). Ideal for workover, sidetracking, and plug and abandonment operations.\",\"breadcrumb\":{\"@id\":\"https:\\\/\\\/miteytitan.com\\\/product\\\/rig-assisted-hydraulic-workover-units\\\/#breadcrumb\"},\"inLanguage\":\"fr-CA\",\"potentialAction\":[{\"@type\":\"ReadAction\",\"target\":[\"https:\\\/\\\/miteytitan.com\\\/product\\\/rig-assisted-hydraulic-workover-units\\\/\"]}]},{\"@type\":\"ImageObject\",\"inLanguage\":\"fr-CA\",\"@id\":\"https:\\\/\\\/miteytitan.com\\\/product\\\/rig-assisted-hydraulic-workover-units\\\/#primaryimage\",\"url\":\"https:\\\/\\\/miteytitan.com\\\/wp-content\\\/uploads\\\/2024\\\/09\\\/Compact-Mini-Hydraulic-Workover-and-Snubbing-Units-for-Land-or-Offshore.jpg\",\"contentUrl\":\"https:\\\/\\\/miteytitan.com\\\/wp-content\\\/uploads\\\/2024\\\/09\\\/Compact-Mini-Hydraulic-Workover-and-Snubbing-Units-for-Land-or-Offshore.jpg\",\"width\":901,\"height\":901},{\"@type\":\"BreadcrumbList\",\"@id\":\"https:\\\/\\\/miteytitan.com\\\/product\\\/rig-assisted-hydraulic-workover-units\\\/#breadcrumb\",\"itemListElement\":[{\"@type\":\"ListItem\",\"position\":1,\"name\":\"Home\",\"item\":\"https:\\\/\\\/miteytitan.com\\\/\"},{\"@type\":\"ListItem\",\"position\":2,\"name\":\"Rig Assisted Hydraulic Workover Units\"}]},{\"@type\":\"WebSite\",\"@id\":\"https:\\\/\\\/miteytitan.com\\\/#website\",\"url\":\"https:\\\/\\\/miteytitan.com\\\/\",\"name\":\"Mitey Titan Industries Inc\",\"description\":\"The Future ||Is {{Mitey}}\",\"publisher\":{\"@id\":\"https:\\\/\\\/miteytitan.com\\\/#organization\"},\"potentialAction\":[{\"@type\":\"SearchAction\",\"target\":{\"@type\":\"EntryPoint\",\"urlTemplate\":\"https:\\\/\\\/miteytitan.com\\\/?s={search_term_string}\"},\"query-input\":{\"@type\":\"PropertyValueSpecification\",\"valueRequired\":true,\"valueName\":\"search_term_string\"}}],\"inLanguage\":\"fr-CA\"},{\"@type\":\"Organization\",\"@id\":\"https:\\\/\\\/miteytitan.com\\\/#organization\",\"name\":\"Mitey Titan Industries Inc\",\"url\":\"https:\\\/\\\/miteytitan.com\\\/\",\"logo\":{\"@type\":\"ImageObject\",\"inLanguage\":\"fr-CA\",\"@id\":\"https:\\\/\\\/miteytitan.com\\\/#\\\/schema\\\/logo\\\/image\\\/\",\"url\":\"https:\\\/\\\/miteytitan.com\\\/wp-content\\\/uploads\\\/2024\\\/08\\\/miteytitan_logo.png\",\"contentUrl\":\"https:\\\/\\\/miteytitan.com\\\/wp-content\\\/uploads\\\/2024\\\/08\\\/miteytitan_logo.png\",\"width\":256,\"height\":60,\"caption\":\"Mitey Titan Industries Inc\"},\"image\":{\"@id\":\"https:\\\/\\\/miteytitan.com\\\/#\\\/schema\\\/logo\\\/image\\\/\"},\"sameAs\":[\"https:\\\/\\\/www.facebook.com\\\/miteytitanindustriesinc\\\/\",\"https:\\\/\\\/www.linkedin.com\\\/company\\\/mitey-titan-industries-inc.\",\"https:\\\/\\\/www.instagram.com\\\/miteytitan\\\/\",\"https:\\\/\\\/www.youtube.com\\\/channel\\\/UCwfPhYcHE5oLLdR1hjuRKJQ\"]}]}<\/script>\n<!-- \/ Yoast SEO plugin. -->","yoast_head_json":{"title":"Unit\u00e9s de reconditionnement hydrauliques assist\u00e9es par appareil de forage | Solutions d&#039;intervention de puits avanc\u00e9es de Mitey Titan","description":"Optimisez vos interventions sur puits gr\u00e2ce aux unit\u00e9s de reconditionnement hydrauliques assist\u00e9es par appareil de forage (HWU) de Mitey Titan. Id\u00e9ales pour les op\u00e9rations de reconditionnement, de forage lat\u00e9ral, de bouchage et d&#039;abandon.","robots":{"index":"index","follow":"follow","max-snippet":"max-snippet:-1","max-image-preview":"max-image-preview:large","max-video-preview":"max-video-preview:-1"},"canonical":"https:\/\/miteytitan.com\/fr\/product\/rig-assisted-hydraulic-workover-units\/","og_locale":"fr_CA","og_type":"article","og_title":"Rig Assisted Hydraulic Workover Units | Mitey Titan's Advanced Well Intervention Solutions","og_description":"Enhance well intervention with Mitey Titan\u2019s Rig Assisted Hydraulic Workover Units (HWUs). Ideal for workover, sidetracking, and plug and abandonment operations.","og_url":"https:\/\/miteytitan.com\/fr\/product\/rig-assisted-hydraulic-workover-units\/","og_site_name":"Mitey Titan Industries Inc","article_publisher":"https:\/\/www.facebook.com\/miteytitanindustriesinc\/","article_modified_time":"2024-11-15T21:45:20+00:00","og_image":[{"width":901,"height":901,"url":"https:\/\/miteytitan.com\/wp-content\/uploads\/2024\/09\/Compact-Mini-Hydraulic-Workover-and-Snubbing-Units-for-Land-or-Offshore.jpg","type":"image\/jpeg"}],"twitter_card":"summary_large_image","twitter_misc":{"Est. reading time":"1 minute"},"schema":{"@context":"https:\/\/schema.org","@graph":[{"@type":"WebPage","@id":"https:\/\/miteytitan.com\/product\/rig-assisted-hydraulic-workover-units\/","url":"https:\/\/miteytitan.com\/product\/rig-assisted-hydraulic-workover-units\/","name":"Unit\u00e9s de reconditionnement hydrauliques assist\u00e9es par appareil de forage | Solutions d&#039;intervention de puits avanc\u00e9es de Mitey Titan","isPartOf":{"@id":"https:\/\/miteytitan.com\/#website"},"primaryImageOfPage":{"@id":"https:\/\/miteytitan.com\/product\/rig-assisted-hydraulic-workover-units\/#primaryimage"},"image":{"@id":"https:\/\/miteytitan.com\/product\/rig-assisted-hydraulic-workover-units\/#primaryimage"},"thumbnailUrl":"https:\/\/miteytitan.com\/wp-content\/uploads\/2024\/09\/Compact-Mini-Hydraulic-Workover-and-Snubbing-Units-for-Land-or-Offshore.jpg","datePublished":"2024-09-17T21:04:25+00:00","dateModified":"2024-11-15T21:45:20+00:00","description":"Optimisez vos interventions sur puits gr\u00e2ce aux unit\u00e9s de reconditionnement hydrauliques assist\u00e9es par appareil de forage (HWU) de Mitey Titan. Id\u00e9ales pour les op\u00e9rations de reconditionnement, de forage lat\u00e9ral, de bouchage et d&#039;abandon.","breadcrumb":{"@id":"https:\/\/miteytitan.com\/product\/rig-assisted-hydraulic-workover-units\/#breadcrumb"},"inLanguage":"fr-CA","potentialAction":[{"@type":"ReadAction","target":["https:\/\/miteytitan.com\/product\/rig-assisted-hydraulic-workover-units\/"]}]},{"@type":"ImageObject","inLanguage":"fr-CA","@id":"https:\/\/miteytitan.com\/product\/rig-assisted-hydraulic-workover-units\/#primaryimage","url":"https:\/\/miteytitan.com\/wp-content\/uploads\/2024\/09\/Compact-Mini-Hydraulic-Workover-and-Snubbing-Units-for-Land-or-Offshore.jpg","contentUrl":"https:\/\/miteytitan.com\/wp-content\/uploads\/2024\/09\/Compact-Mini-Hydraulic-Workover-and-Snubbing-Units-for-Land-or-Offshore.jpg","width":901,"height":901},{"@type":"BreadcrumbList","@id":"https:\/\/miteytitan.com\/product\/rig-assisted-hydraulic-workover-units\/#breadcrumb","itemListElement":[{"@type":"ListItem","position":1,"name":"Home","item":"https:\/\/miteytitan.com\/"},{"@type":"ListItem","position":2,"name":"Rig Assisted Hydraulic Workover Units"}]},{"@type":"WebSite","@id":"https:\/\/miteytitan.com\/#website","url":"https:\/\/miteytitan.com\/","name":"Mitey Titan Industries Inc","description":"L&#039;avenir || est {{Mitey}}","publisher":{"@id":"https:\/\/miteytitan.com\/#organization"},"potentialAction":[{"@type":"SearchAction","target":{"@type":"EntryPoint","urlTemplate":"https:\/\/miteytitan.com\/?s={search_term_string}"},"query-input":{"@type":"PropertyValueSpecification","valueRequired":true,"valueName":"search_term_string"}}],"inLanguage":"fr-CA"},{"@type":"Organization","@id":"https:\/\/miteytitan.com\/#organization","name":"Mitey Titan Industries Inc","url":"https:\/\/miteytitan.com\/","logo":{"@type":"ImageObject","inLanguage":"fr-CA","@id":"https:\/\/miteytitan.com\/#\/schema\/logo\/image\/","url":"https:\/\/miteytitan.com\/wp-content\/uploads\/2024\/08\/miteytitan_logo.png","contentUrl":"https:\/\/miteytitan.com\/wp-content\/uploads\/2024\/08\/miteytitan_logo.png","width":256,"height":60,"caption":"Mitey Titan Industries Inc"},"image":{"@id":"https:\/\/miteytitan.com\/#\/schema\/logo\/image\/"},"sameAs":["https:\/\/www.facebook.com\/miteytitanindustriesinc\/","https:\/\/www.linkedin.com\/company\/mitey-titan-industries-inc.","https:\/\/www.instagram.com\/miteytitan\/","https:\/\/www.youtube.com\/channel\/UCwfPhYcHE5oLLdR1hjuRKJQ"]}]}},"_links":{"self":[{"href":"https:\/\/miteytitan.com\/fr\/wp-json\/wp\/v2\/product\/13701","targetHints":{"allow":["GET"]}}],"collection":[{"href":"https:\/\/miteytitan.com\/fr\/wp-json\/wp\/v2\/product"}],"about":[{"href":"https:\/\/miteytitan.com\/fr\/wp-json\/wp\/v2\/types\/product"}],"wp:featuredmedia":[{"embeddable":true,"href":"https:\/\/miteytitan.com\/fr\/wp-json\/wp\/v2\/media\/14058"}],"wp:attachment":[{"href":"https:\/\/miteytitan.com\/fr\/wp-json\/wp\/v2\/media?parent=13701"}],"wp:term":[{"taxonomy":"product_brand","embeddable":true,"href":"https:\/\/miteytitan.com\/fr\/wp-json\/wp\/v2\/product_brand?post=13701"},{"taxonomy":"product_cat","embeddable":true,"href":"https:\/\/miteytitan.com\/fr\/wp-json\/wp\/v2\/product_cat?post=13701"},{"taxonomy":"product_tag","embeddable":true,"href":"https:\/\/miteytitan.com\/fr\/wp-json\/wp\/v2\/product_tag?post=13701"}],"curies":[{"name":"wp","href":"https:\/\/api.w.org\/{rel}","templated":true}]}}