{"id":13698,"date":"2024-09-17T15:03:46","date_gmt":"2024-09-17T21:03:46","guid":{"rendered":"http:\/\/159.203.44.46\/?post_type=product&#038;p=13698"},"modified":"2024-11-15T15:40:41","modified_gmt":"2024-11-15T22:40:41","slug":"standalone-hydraulic-workover-units","status":"publish","type":"product","link":"https:\/\/miteytitan.com\/fr\/product\/standalone-hydraulic-workover-units\/","title":{"rendered":"Unit\u00e9s de reconditionnement hydrauliques autonomes"},"content":{"rendered":"Mitey Titan est sp\u00e9cialis\u00e9 dans les unit\u00e9s de reconditionnement hydraulique autonomes (HWU), des solutions innovantes pour une intervention et un entretien polyvalents des puits. Ces unit\u00e9s offrent efficacit\u00e9 et rentabilit\u00e9 pour les t\u00e2ches l\u00e9g\u00e8res \u00e0 lourdes, avec des syst\u00e8mes hydrauliques avanc\u00e9s pour un contr\u00f4le pr\u00e9cis, un d\u00e9ploiement rapide et des mesures de s\u00e9curit\u00e9 am\u00e9lior\u00e9es pour r\u00e9duire les temps non productifs et les co\u00fbts d&#039;exploitation. Adapt\u00e9es aux applications telles que la maintenance, l&#039;intervention et le d\u00e9classement des puits, les HWU ont une empreinte et un co\u00fbt inf\u00e9rieurs \u00e0 ceux des plates-formes conventionnelles, maximisant ainsi la productivit\u00e9 des puits. Avec plus de 15 ans d&#039;exp\u00e9rience, Mitey Titan excelle dans la fourniture de services de reconditionnement de haute qualit\u00e9 pour les puits \u00e0 moyenne et haute pression, en particulier dans les applications offshore. Connus pour restaurer rapidement la fonctionnalit\u00e9 des puits \u00e0 faible co\u00fbt, nos services offrent une solution polyvalente et rentable pour les nettoyages de sable, les remplacements et les r\u00e9parations de fuites de tubage.","protected":false},"excerpt":{"rendered":"<p>Mitey Titan est sp\u00e9cialis\u00e9e dans les unit\u00e9s de reconditionnement hydrauliques autonomes (HWU), des solutions innovantes pour l&#039;intervention et l&#039;entretien polyvalents des puits. Ces unit\u00e9s offrent efficacit\u00e9 et\u2026<\/p>","protected":false},"featured_media":14071,"template":"","meta":{"_acf_changed":false,"om_disable_all_campaigns":false,"_monsterinsights_skip_tracking":false,"_monsterinsights_sitenote_active":false,"_monsterinsights_sitenote_note":"","_monsterinsights_sitenote_category":0},"product_brand":[],"product_cat":[30],"product_tag":[],"class_list":{"0":"post-13698","1":"product","2":"type-product","3":"status-publish","4":"has-post-thumbnail","6":"product_cat-request-a-quote","8":"first","9":"instock","10":"taxable","11":"shipping-taxable","12":"product-type-simple"},"acf":[],"aioseo_notices":[],"yoast_head":"<!-- This site is optimized with the Yoast SEO plugin v27.4 - https:\/\/yoast.com\/product\/yoast-seo-wordpress\/ -->\n<title>Standalone Hydraulic Workover Units | Efficient Well Servicing by Mitey Titan<\/title>\n<meta name=\"description\" content=\"Discover Mitey Titan\u2019s Standalone Hydraulic Workover Units (HWUs) for cost-effective and efficient well intervention. Ideal for offshore well maintenance and decommissioning.\" \/>\n<meta name=\"robots\" content=\"index, follow, max-snippet:-1, max-image-preview:large, max-video-preview:-1\" \/>\n<link rel=\"canonical\" href=\"https:\/\/miteytitan.com\/fr\/product\/standalone-hydraulic-workover-units\/\" \/>\n<meta property=\"og:locale\" content=\"fr_CA\" \/>\n<meta property=\"og:type\" content=\"article\" \/>\n<meta property=\"og:title\" content=\"Standalone Hydraulic Workover Units | Efficient Well Servicing by Mitey Titan\" \/>\n<meta property=\"og:description\" content=\"Discover Mitey Titan\u2019s Standalone Hydraulic Workover Units (HWUs) for cost-effective and efficient well intervention. Ideal for offshore well maintenance and decommissioning.\" \/>\n<meta property=\"og:url\" content=\"https:\/\/miteytitan.com\/fr\/product\/standalone-hydraulic-workover-units\/\" \/>\n<meta property=\"og:site_name\" content=\"Mitey Titan Industries Inc\" \/>\n<meta property=\"article:publisher\" content=\"https:\/\/www.facebook.com\/miteytitanindustriesinc\/\" \/>\n<meta property=\"article:modified_time\" content=\"2024-11-15T22:40:41+00:00\" \/>\n<meta property=\"og:image\" content=\"https:\/\/miteytitan.com\/wp-content\/uploads\/2024\/09\/DSC2861-scaled-1.jpg\" \/>\n\t<meta property=\"og:image:width\" content=\"1920\" \/>\n\t<meta property=\"og:image:height\" content=\"1322\" \/>\n\t<meta property=\"og:image:type\" content=\"image\/jpeg\" \/>\n<meta name=\"twitter:card\" content=\"summary_large_image\" \/>\n<meta name=\"twitter:label1\" content=\"Est. reading time\" \/>\n\t<meta name=\"twitter:data1\" content=\"1 minute\" \/>\n<script type=\"application\/ld+json\" class=\"yoast-schema-graph\">{\"@context\":\"https:\\\/\\\/schema.org\",\"@graph\":[{\"@type\":\"WebPage\",\"@id\":\"https:\\\/\\\/miteytitan.com\\\/product\\\/standalone-hydraulic-workover-units\\\/\",\"url\":\"https:\\\/\\\/miteytitan.com\\\/product\\\/standalone-hydraulic-workover-units\\\/\",\"name\":\"Standalone Hydraulic Workover Units | Efficient Well Servicing by Mitey Titan\",\"isPartOf\":{\"@id\":\"https:\\\/\\\/miteytitan.com\\\/#website\"},\"primaryImageOfPage\":{\"@id\":\"https:\\\/\\\/miteytitan.com\\\/product\\\/standalone-hydraulic-workover-units\\\/#primaryimage\"},\"image\":{\"@id\":\"https:\\\/\\\/miteytitan.com\\\/product\\\/standalone-hydraulic-workover-units\\\/#primaryimage\"},\"thumbnailUrl\":\"https:\\\/\\\/miteytitan.com\\\/wp-content\\\/uploads\\\/2024\\\/09\\\/DSC2861-scaled-1.jpg\",\"datePublished\":\"2024-09-17T21:03:46+00:00\",\"dateModified\":\"2024-11-15T22:40:41+00:00\",\"description\":\"Discover Mitey Titan\u2019s Standalone Hydraulic Workover Units (HWUs) for cost-effective and efficient well intervention. Ideal for offshore well maintenance and decommissioning.\",\"breadcrumb\":{\"@id\":\"https:\\\/\\\/miteytitan.com\\\/product\\\/standalone-hydraulic-workover-units\\\/#breadcrumb\"},\"inLanguage\":\"fr-CA\",\"potentialAction\":[{\"@type\":\"ReadAction\",\"target\":[\"https:\\\/\\\/miteytitan.com\\\/product\\\/standalone-hydraulic-workover-units\\\/\"]}]},{\"@type\":\"ImageObject\",\"inLanguage\":\"fr-CA\",\"@id\":\"https:\\\/\\\/miteytitan.com\\\/product\\\/standalone-hydraulic-workover-units\\\/#primaryimage\",\"url\":\"https:\\\/\\\/miteytitan.com\\\/wp-content\\\/uploads\\\/2024\\\/09\\\/DSC2861-scaled-1.jpg\",\"contentUrl\":\"https:\\\/\\\/miteytitan.com\\\/wp-content\\\/uploads\\\/2024\\\/09\\\/DSC2861-scaled-1.jpg\",\"width\":1920,\"height\":1322},{\"@type\":\"BreadcrumbList\",\"@id\":\"https:\\\/\\\/miteytitan.com\\\/product\\\/standalone-hydraulic-workover-units\\\/#breadcrumb\",\"itemListElement\":[{\"@type\":\"ListItem\",\"position\":1,\"name\":\"Home\",\"item\":\"https:\\\/\\\/miteytitan.com\\\/\"},{\"@type\":\"ListItem\",\"position\":2,\"name\":\"Standalone Hydraulic Workover Units\"}]},{\"@type\":\"WebSite\",\"@id\":\"https:\\\/\\\/miteytitan.com\\\/#website\",\"url\":\"https:\\\/\\\/miteytitan.com\\\/\",\"name\":\"Mitey Titan Industries Inc\",\"description\":\"The Future ||Is {{Mitey}}\",\"publisher\":{\"@id\":\"https:\\\/\\\/miteytitan.com\\\/#organization\"},\"potentialAction\":[{\"@type\":\"SearchAction\",\"target\":{\"@type\":\"EntryPoint\",\"urlTemplate\":\"https:\\\/\\\/miteytitan.com\\\/?s={search_term_string}\"},\"query-input\":{\"@type\":\"PropertyValueSpecification\",\"valueRequired\":true,\"valueName\":\"search_term_string\"}}],\"inLanguage\":\"fr-CA\"},{\"@type\":\"Organization\",\"@id\":\"https:\\\/\\\/miteytitan.com\\\/#organization\",\"name\":\"Mitey Titan Industries Inc\",\"url\":\"https:\\\/\\\/miteytitan.com\\\/\",\"logo\":{\"@type\":\"ImageObject\",\"inLanguage\":\"fr-CA\",\"@id\":\"https:\\\/\\\/miteytitan.com\\\/#\\\/schema\\\/logo\\\/image\\\/\",\"url\":\"https:\\\/\\\/miteytitan.com\\\/wp-content\\\/uploads\\\/2024\\\/08\\\/miteytitan_logo.png\",\"contentUrl\":\"https:\\\/\\\/miteytitan.com\\\/wp-content\\\/uploads\\\/2024\\\/08\\\/miteytitan_logo.png\",\"width\":256,\"height\":60,\"caption\":\"Mitey Titan Industries Inc\"},\"image\":{\"@id\":\"https:\\\/\\\/miteytitan.com\\\/#\\\/schema\\\/logo\\\/image\\\/\"},\"sameAs\":[\"https:\\\/\\\/www.facebook.com\\\/miteytitanindustriesinc\\\/\",\"https:\\\/\\\/www.linkedin.com\\\/company\\\/mitey-titan-industries-inc.\",\"https:\\\/\\\/www.instagram.com\\\/miteytitan\\\/\",\"https:\\\/\\\/www.youtube.com\\\/channel\\\/UCwfPhYcHE5oLLdR1hjuRKJQ\"]}]}<\/script>\n<!-- \/ Yoast SEO plugin. -->","yoast_head_json":{"title":"Unit\u00e9s de reconditionnement hydrauliques autonomes | Services de puits efficaces par Mitey Titan","description":"D\u00e9couvrez les unit\u00e9s de reconditionnement hydrauliques autonomes (HWU) de Mitey Titan pour des interventions sur puits rentables et efficaces. Id\u00e9ales pour la maintenance et le d\u00e9mant\u00e8lement des puits offshore.","robots":{"index":"index","follow":"follow","max-snippet":"max-snippet:-1","max-image-preview":"max-image-preview:large","max-video-preview":"max-video-preview:-1"},"canonical":"https:\/\/miteytitan.com\/fr\/product\/standalone-hydraulic-workover-units\/","og_locale":"fr_CA","og_type":"article","og_title":"Standalone Hydraulic Workover Units | Efficient Well Servicing by Mitey Titan","og_description":"Discover Mitey Titan\u2019s Standalone Hydraulic Workover Units (HWUs) for cost-effective and efficient well intervention. Ideal for offshore well maintenance and decommissioning.","og_url":"https:\/\/miteytitan.com\/fr\/product\/standalone-hydraulic-workover-units\/","og_site_name":"Mitey Titan Industries Inc","article_publisher":"https:\/\/www.facebook.com\/miteytitanindustriesinc\/","article_modified_time":"2024-11-15T22:40:41+00:00","og_image":[{"width":1920,"height":1322,"url":"https:\/\/miteytitan.com\/wp-content\/uploads\/2024\/09\/DSC2861-scaled-1.jpg","type":"image\/jpeg"}],"twitter_card":"summary_large_image","twitter_misc":{"Est. reading time":"1 minute"},"schema":{"@context":"https:\/\/schema.org","@graph":[{"@type":"WebPage","@id":"https:\/\/miteytitan.com\/product\/standalone-hydraulic-workover-units\/","url":"https:\/\/miteytitan.com\/product\/standalone-hydraulic-workover-units\/","name":"Unit\u00e9s de reconditionnement hydrauliques autonomes | Services de puits efficaces par Mitey Titan","isPartOf":{"@id":"https:\/\/miteytitan.com\/#website"},"primaryImageOfPage":{"@id":"https:\/\/miteytitan.com\/product\/standalone-hydraulic-workover-units\/#primaryimage"},"image":{"@id":"https:\/\/miteytitan.com\/product\/standalone-hydraulic-workover-units\/#primaryimage"},"thumbnailUrl":"https:\/\/miteytitan.com\/wp-content\/uploads\/2024\/09\/DSC2861-scaled-1.jpg","datePublished":"2024-09-17T21:03:46+00:00","dateModified":"2024-11-15T22:40:41+00:00","description":"D\u00e9couvrez les unit\u00e9s de reconditionnement hydrauliques autonomes (HWU) de Mitey Titan pour des interventions sur puits rentables et efficaces. Id\u00e9ales pour la maintenance et le d\u00e9mant\u00e8lement des puits offshore.","breadcrumb":{"@id":"https:\/\/miteytitan.com\/product\/standalone-hydraulic-workover-units\/#breadcrumb"},"inLanguage":"fr-CA","potentialAction":[{"@type":"ReadAction","target":["https:\/\/miteytitan.com\/product\/standalone-hydraulic-workover-units\/"]}]},{"@type":"ImageObject","inLanguage":"fr-CA","@id":"https:\/\/miteytitan.com\/product\/standalone-hydraulic-workover-units\/#primaryimage","url":"https:\/\/miteytitan.com\/wp-content\/uploads\/2024\/09\/DSC2861-scaled-1.jpg","contentUrl":"https:\/\/miteytitan.com\/wp-content\/uploads\/2024\/09\/DSC2861-scaled-1.jpg","width":1920,"height":1322},{"@type":"BreadcrumbList","@id":"https:\/\/miteytitan.com\/product\/standalone-hydraulic-workover-units\/#breadcrumb","itemListElement":[{"@type":"ListItem","position":1,"name":"Home","item":"https:\/\/miteytitan.com\/"},{"@type":"ListItem","position":2,"name":"Standalone Hydraulic Workover Units"}]},{"@type":"WebSite","@id":"https:\/\/miteytitan.com\/#website","url":"https:\/\/miteytitan.com\/","name":"Mitey Titan Industries Inc","description":"L&#039;avenir || est {{Mitey}}","publisher":{"@id":"https:\/\/miteytitan.com\/#organization"},"potentialAction":[{"@type":"SearchAction","target":{"@type":"EntryPoint","urlTemplate":"https:\/\/miteytitan.com\/?s={search_term_string}"},"query-input":{"@type":"PropertyValueSpecification","valueRequired":true,"valueName":"search_term_string"}}],"inLanguage":"fr-CA"},{"@type":"Organization","@id":"https:\/\/miteytitan.com\/#organization","name":"Mitey Titan Industries Inc","url":"https:\/\/miteytitan.com\/","logo":{"@type":"ImageObject","inLanguage":"fr-CA","@id":"https:\/\/miteytitan.com\/#\/schema\/logo\/image\/","url":"https:\/\/miteytitan.com\/wp-content\/uploads\/2024\/08\/miteytitan_logo.png","contentUrl":"https:\/\/miteytitan.com\/wp-content\/uploads\/2024\/08\/miteytitan_logo.png","width":256,"height":60,"caption":"Mitey Titan Industries Inc"},"image":{"@id":"https:\/\/miteytitan.com\/#\/schema\/logo\/image\/"},"sameAs":["https:\/\/www.facebook.com\/miteytitanindustriesinc\/","https:\/\/www.linkedin.com\/company\/mitey-titan-industries-inc.","https:\/\/www.instagram.com\/miteytitan\/","https:\/\/www.youtube.com\/channel\/UCwfPhYcHE5oLLdR1hjuRKJQ"]}]}},"_links":{"self":[{"href":"https:\/\/miteytitan.com\/fr\/wp-json\/wp\/v2\/product\/13698","targetHints":{"allow":["GET"]}}],"collection":[{"href":"https:\/\/miteytitan.com\/fr\/wp-json\/wp\/v2\/product"}],"about":[{"href":"https:\/\/miteytitan.com\/fr\/wp-json\/wp\/v2\/types\/product"}],"wp:featuredmedia":[{"embeddable":true,"href":"https:\/\/miteytitan.com\/fr\/wp-json\/wp\/v2\/media\/14071"}],"wp:attachment":[{"href":"https:\/\/miteytitan.com\/fr\/wp-json\/wp\/v2\/media?parent=13698"}],"wp:term":[{"taxonomy":"product_brand","embeddable":true,"href":"https:\/\/miteytitan.com\/fr\/wp-json\/wp\/v2\/product_brand?post=13698"},{"taxonomy":"product_cat","embeddable":true,"href":"https:\/\/miteytitan.com\/fr\/wp-json\/wp\/v2\/product_cat?post=13698"},{"taxonomy":"product_tag","embeddable":true,"href":"https:\/\/miteytitan.com\/fr\/wp-json\/wp\/v2\/product_tag?post=13698"}],"curies":[{"name":"wp","href":"https:\/\/api.w.org\/{rel}","templated":true}]}}