{"id":13672,"date":"2024-09-17T14:25:14","date_gmt":"2024-09-17T20:25:14","guid":{"rendered":"http:\/\/159.203.44.46\/?post_type=product&#038;p=13672"},"modified":"2024-11-15T14:59:29","modified_gmt":"2024-11-15T21:59:29","slug":"standard-hose","status":"publish","type":"product","link":"https:\/\/miteytitan.com\/fr\/product\/standard-hose\/","title":{"rendered":"Tuyau standard"},"content":{"rendered":"Les tuyaux en silicone sont des tubes flexibles et durables fabriqu\u00e9s \u00e0 partir de caoutchouc de silicone de haute qualit\u00e9. Ils peuvent r\u00e9sister \u00e0 des temp\u00e9ratures extr\u00eames et au vieillissement, \u00e0 l&#039;ozone et \u00e0 l&#039;exposition aux UV. Avec une surface int\u00e9rieure lisse pour un d\u00e9bit optimal, ces tuyaux sont fiables.","protected":false},"excerpt":{"rendered":"<p>Les tuyaux en silicone sont des tubes flexibles et durables fabriqu\u00e9s en caoutchouc de silicone de haute qualit\u00e9. Ils r\u00e9sistent aux temp\u00e9ratures extr\u00eames et au vieillissement, \u00e0 l&#039;ozone et aux UV\u2026<\/p>","protected":false},"featured_media":13674,"template":"","meta":{"_acf_changed":false,"om_disable_all_campaigns":false,"_monsterinsights_skip_tracking":false,"_monsterinsights_sitenote_active":false,"_monsterinsights_sitenote_note":"","_monsterinsights_sitenote_category":0},"product_brand":[],"product_cat":[31],"product_tag":[],"class_list":{"0":"post-13672","1":"product","2":"type-product","3":"status-publish","4":"has-post-thumbnail","6":"product_cat-e-commerce","8":"first","9":"instock","10":"taxable","11":"shipping-taxable","12":"purchasable","13":"product-type-variable"},"acf":[],"aioseo_notices":[],"yoast_head":"<!-- This site is optimized with the Yoast SEO plugin v27.4 - https:\/\/yoast.com\/product\/yoast-seo-wordpress\/ -->\n<title>Standard Hose - Mitey Titan Industries Inc<\/title>\n<meta name=\"robots\" content=\"index, follow, max-snippet:-1, max-image-preview:large, max-video-preview:-1\" \/>\n<link rel=\"canonical\" href=\"https:\/\/miteytitan.com\/fr\/product\/standard-hose\/\" \/>\n<meta property=\"og:locale\" content=\"fr_CA\" \/>\n<meta property=\"og:type\" content=\"article\" \/>\n<meta property=\"og:title\" content=\"Standard Hose - Mitey Titan Industries Inc\" \/>\n<meta property=\"og:description\" content=\"Silicone hoses are flexible, durable tubes made from high-quality silicone rubber. They can withstand extreme temperatures and resist aging, ozone, and UV&hellip;\" \/>\n<meta property=\"og:url\" content=\"https:\/\/miteytitan.com\/fr\/product\/standard-hose\/\" \/>\n<meta property=\"og:site_name\" content=\"Mitey Titan Industries Inc\" \/>\n<meta property=\"article:publisher\" content=\"https:\/\/www.facebook.com\/miteytitanindustriesinc\/\" \/>\n<meta property=\"article:modified_time\" content=\"2024-11-15T21:59:29+00:00\" \/>\n<meta property=\"og:image\" content=\"https:\/\/miteytitan.com\/wp-content\/uploads\/2024\/09\/miteytitan_product_02.jpg\" \/>\n\t<meta property=\"og:image:width\" content=\"362\" \/>\n\t<meta property=\"og:image:height\" content=\"234\" \/>\n\t<meta property=\"og:image:type\" content=\"image\/jpeg\" \/>\n<meta name=\"twitter:card\" content=\"summary_large_image\" \/>\n<meta name=\"twitter:label1\" content=\"Est. reading time\" \/>\n\t<meta name=\"twitter:data1\" content=\"1 minute\" \/>\n<script type=\"application\/ld+json\" class=\"yoast-schema-graph\">{\"@context\":\"https:\\\/\\\/schema.org\",\"@graph\":[{\"@type\":\"WebPage\",\"@id\":\"https:\\\/\\\/miteytitan.com\\\/product\\\/standard-hose\\\/\",\"url\":\"https:\\\/\\\/miteytitan.com\\\/product\\\/standard-hose\\\/\",\"name\":\"Standard Hose - Mitey Titan Industries Inc\",\"isPartOf\":{\"@id\":\"https:\\\/\\\/miteytitan.com\\\/#website\"},\"primaryImageOfPage\":{\"@id\":\"https:\\\/\\\/miteytitan.com\\\/product\\\/standard-hose\\\/#primaryimage\"},\"image\":{\"@id\":\"https:\\\/\\\/miteytitan.com\\\/product\\\/standard-hose\\\/#primaryimage\"},\"thumbnailUrl\":\"https:\\\/\\\/miteytitan.com\\\/wp-content\\\/uploads\\\/2024\\\/09\\\/miteytitan_product_02.jpg\",\"datePublished\":\"2024-09-17T20:25:14+00:00\",\"dateModified\":\"2024-11-15T21:59:29+00:00\",\"breadcrumb\":{\"@id\":\"https:\\\/\\\/miteytitan.com\\\/product\\\/standard-hose\\\/#breadcrumb\"},\"inLanguage\":\"fr-CA\",\"potentialAction\":[{\"@type\":\"ReadAction\",\"target\":[\"https:\\\/\\\/miteytitan.com\\\/product\\\/standard-hose\\\/\"]}]},{\"@type\":\"ImageObject\",\"inLanguage\":\"fr-CA\",\"@id\":\"https:\\\/\\\/miteytitan.com\\\/product\\\/standard-hose\\\/#primaryimage\",\"url\":\"https:\\\/\\\/miteytitan.com\\\/wp-content\\\/uploads\\\/2024\\\/09\\\/miteytitan_product_02.jpg\",\"contentUrl\":\"https:\\\/\\\/miteytitan.com\\\/wp-content\\\/uploads\\\/2024\\\/09\\\/miteytitan_product_02.jpg\",\"width\":362,\"height\":234},{\"@type\":\"BreadcrumbList\",\"@id\":\"https:\\\/\\\/miteytitan.com\\\/product\\\/standard-hose\\\/#breadcrumb\",\"itemListElement\":[{\"@type\":\"ListItem\",\"position\":1,\"name\":\"Home\",\"item\":\"https:\\\/\\\/miteytitan.com\\\/\"},{\"@type\":\"ListItem\",\"position\":2,\"name\":\"Standard Hose\"}]},{\"@type\":\"WebSite\",\"@id\":\"https:\\\/\\\/miteytitan.com\\\/#website\",\"url\":\"https:\\\/\\\/miteytitan.com\\\/\",\"name\":\"Mitey Titan Industries Inc\",\"description\":\"The Future ||Is {{Mitey}}\",\"publisher\":{\"@id\":\"https:\\\/\\\/miteytitan.com\\\/#organization\"},\"potentialAction\":[{\"@type\":\"SearchAction\",\"target\":{\"@type\":\"EntryPoint\",\"urlTemplate\":\"https:\\\/\\\/miteytitan.com\\\/?s={search_term_string}\"},\"query-input\":{\"@type\":\"PropertyValueSpecification\",\"valueRequired\":true,\"valueName\":\"search_term_string\"}}],\"inLanguage\":\"fr-CA\"},{\"@type\":\"Organization\",\"@id\":\"https:\\\/\\\/miteytitan.com\\\/#organization\",\"name\":\"Mitey Titan Industries Inc\",\"url\":\"https:\\\/\\\/miteytitan.com\\\/\",\"logo\":{\"@type\":\"ImageObject\",\"inLanguage\":\"fr-CA\",\"@id\":\"https:\\\/\\\/miteytitan.com\\\/#\\\/schema\\\/logo\\\/image\\\/\",\"url\":\"https:\\\/\\\/miteytitan.com\\\/wp-content\\\/uploads\\\/2024\\\/08\\\/miteytitan_logo.png\",\"contentUrl\":\"https:\\\/\\\/miteytitan.com\\\/wp-content\\\/uploads\\\/2024\\\/08\\\/miteytitan_logo.png\",\"width\":256,\"height\":60,\"caption\":\"Mitey Titan Industries Inc\"},\"image\":{\"@id\":\"https:\\\/\\\/miteytitan.com\\\/#\\\/schema\\\/logo\\\/image\\\/\"},\"sameAs\":[\"https:\\\/\\\/www.facebook.com\\\/miteytitanindustriesinc\\\/\",\"https:\\\/\\\/www.linkedin.com\\\/company\\\/mitey-titan-industries-inc.\",\"https:\\\/\\\/www.instagram.com\\\/miteytitan\\\/\",\"https:\\\/\\\/www.youtube.com\\\/channel\\\/UCwfPhYcHE5oLLdR1hjuRKJQ\"]}]}<\/script>\n<!-- \/ Yoast SEO plugin. -->","yoast_head_json":{"title":"Tuyau standard - Mitey Titan Industries Inc.","robots":{"index":"index","follow":"follow","max-snippet":"max-snippet:-1","max-image-preview":"max-image-preview:large","max-video-preview":"max-video-preview:-1"},"canonical":"https:\/\/miteytitan.com\/fr\/product\/standard-hose\/","og_locale":"fr_CA","og_type":"article","og_title":"Standard Hose - Mitey Titan Industries Inc","og_description":"Silicone hoses are flexible, durable tubes made from high-quality silicone rubber. They can withstand extreme temperatures and resist aging, ozone, and UV&hellip;","og_url":"https:\/\/miteytitan.com\/fr\/product\/standard-hose\/","og_site_name":"Mitey Titan Industries Inc","article_publisher":"https:\/\/www.facebook.com\/miteytitanindustriesinc\/","article_modified_time":"2024-11-15T21:59:29+00:00","og_image":[{"width":362,"height":234,"url":"https:\/\/miteytitan.com\/wp-content\/uploads\/2024\/09\/miteytitan_product_02.jpg","type":"image\/jpeg"}],"twitter_card":"summary_large_image","twitter_misc":{"Est. reading time":"1 minute"},"schema":{"@context":"https:\/\/schema.org","@graph":[{"@type":"WebPage","@id":"https:\/\/miteytitan.com\/product\/standard-hose\/","url":"https:\/\/miteytitan.com\/product\/standard-hose\/","name":"Tuyau standard - Mitey Titan Industries Inc.","isPartOf":{"@id":"https:\/\/miteytitan.com\/#website"},"primaryImageOfPage":{"@id":"https:\/\/miteytitan.com\/product\/standard-hose\/#primaryimage"},"image":{"@id":"https:\/\/miteytitan.com\/product\/standard-hose\/#primaryimage"},"thumbnailUrl":"https:\/\/miteytitan.com\/wp-content\/uploads\/2024\/09\/miteytitan_product_02.jpg","datePublished":"2024-09-17T20:25:14+00:00","dateModified":"2024-11-15T21:59:29+00:00","breadcrumb":{"@id":"https:\/\/miteytitan.com\/product\/standard-hose\/#breadcrumb"},"inLanguage":"fr-CA","potentialAction":[{"@type":"ReadAction","target":["https:\/\/miteytitan.com\/product\/standard-hose\/"]}]},{"@type":"ImageObject","inLanguage":"fr-CA","@id":"https:\/\/miteytitan.com\/product\/standard-hose\/#primaryimage","url":"https:\/\/miteytitan.com\/wp-content\/uploads\/2024\/09\/miteytitan_product_02.jpg","contentUrl":"https:\/\/miteytitan.com\/wp-content\/uploads\/2024\/09\/miteytitan_product_02.jpg","width":362,"height":234},{"@type":"BreadcrumbList","@id":"https:\/\/miteytitan.com\/product\/standard-hose\/#breadcrumb","itemListElement":[{"@type":"ListItem","position":1,"name":"Home","item":"https:\/\/miteytitan.com\/"},{"@type":"ListItem","position":2,"name":"Standard Hose"}]},{"@type":"WebSite","@id":"https:\/\/miteytitan.com\/#website","url":"https:\/\/miteytitan.com\/","name":"Mitey Titan Industries Inc","description":"L&#039;avenir || est {{Mitey}}","publisher":{"@id":"https:\/\/miteytitan.com\/#organization"},"potentialAction":[{"@type":"SearchAction","target":{"@type":"EntryPoint","urlTemplate":"https:\/\/miteytitan.com\/?s={search_term_string}"},"query-input":{"@type":"PropertyValueSpecification","valueRequired":true,"valueName":"search_term_string"}}],"inLanguage":"fr-CA"},{"@type":"Organization","@id":"https:\/\/miteytitan.com\/#organization","name":"Mitey Titan Industries Inc","url":"https:\/\/miteytitan.com\/","logo":{"@type":"ImageObject","inLanguage":"fr-CA","@id":"https:\/\/miteytitan.com\/#\/schema\/logo\/image\/","url":"https:\/\/miteytitan.com\/wp-content\/uploads\/2024\/08\/miteytitan_logo.png","contentUrl":"https:\/\/miteytitan.com\/wp-content\/uploads\/2024\/08\/miteytitan_logo.png","width":256,"height":60,"caption":"Mitey Titan Industries Inc"},"image":{"@id":"https:\/\/miteytitan.com\/#\/schema\/logo\/image\/"},"sameAs":["https:\/\/www.facebook.com\/miteytitanindustriesinc\/","https:\/\/www.linkedin.com\/company\/mitey-titan-industries-inc.","https:\/\/www.instagram.com\/miteytitan\/","https:\/\/www.youtube.com\/channel\/UCwfPhYcHE5oLLdR1hjuRKJQ"]}]}},"_links":{"self":[{"href":"https:\/\/miteytitan.com\/fr\/wp-json\/wp\/v2\/product\/13672","targetHints":{"allow":["GET"]}}],"collection":[{"href":"https:\/\/miteytitan.com\/fr\/wp-json\/wp\/v2\/product"}],"about":[{"href":"https:\/\/miteytitan.com\/fr\/wp-json\/wp\/v2\/types\/product"}],"wp:featuredmedia":[{"embeddable":true,"href":"https:\/\/miteytitan.com\/fr\/wp-json\/wp\/v2\/media\/13674"}],"wp:attachment":[{"href":"https:\/\/miteytitan.com\/fr\/wp-json\/wp\/v2\/media?parent=13672"}],"wp:term":[{"taxonomy":"product_brand","embeddable":true,"href":"https:\/\/miteytitan.com\/fr\/wp-json\/wp\/v2\/product_brand?post=13672"},{"taxonomy":"product_cat","embeddable":true,"href":"https:\/\/miteytitan.com\/fr\/wp-json\/wp\/v2\/product_cat?post=13672"},{"taxonomy":"product_tag","embeddable":true,"href":"https:\/\/miteytitan.com\/fr\/wp-json\/wp\/v2\/product_tag?post=13672"}],"curies":[{"name":"wp","href":"https:\/\/api.w.org\/{rel}","templated":true}]}}