{"id":12457,"date":"2023-04-12T08:41:46","date_gmt":"2023-04-12T14:41:46","guid":{"rendered":"http:\/\/159.203.44.46\/?post_type=product&#038;p=12457"},"modified":"2024-11-15T14:34:12","modified_gmt":"2024-11-15T21:34:12","slug":"payout-winch","status":"publish","type":"product","link":"https:\/\/miteytitan.com\/fr\/product\/payout-winch\/","title":{"rendered":"Treuil de paiement"},"content":{"rendered":"Le treuil de paiement Mitey Titan est con\u00e7u pour r\u00e9pondre \u00e0 divers besoins de manutention de tuyaux de reconditionnement hydraulique (HWO), capable de g\u00e9rer jusqu&#039;\u00e0 1 000 lb, rempla\u00e7ant les treuils couramment utilis\u00e9s. Con\u00e7u pour am\u00e9liorer la fonctionnalit\u00e9 des poteaux de reconditionnement, notre treuil fournit la pr\u00e9cision et la puissance n\u00e9cessaires \u00e0 des op\u00e9rations s\u00fbres et efficaces dans les secteurs de la construction, du p\u00e9trole et du gaz et des t\u00e9l\u00e9communications. Avec un m\u00e9canisme de s\u00e9curit\u00e9 int\u00e9gr\u00e9 qui emp\u00eache les dommages aux c\u00e2bles ou aux poteaux de reconditionnement lorsqu&#039;ils sont utilis\u00e9s avec n&#039;importe quel syst\u00e8me de contr\u00f4le de v\u00e9rin d&#039;une unit\u00e9 de reconditionnement hydraulique ou de reconditionnement, nos treuils garantissent des performances fiables, une gestion fluide de la charge et un positionnement pr\u00e9cis. Ils sont construits \u00e0 partir de mat\u00e9riaux durables et \u00e9quip\u00e9s de fonctionnalit\u00e9s telles que des freins automatiques et une protection contre les surcharges, garantissant une fiabilit\u00e9 \u00e0 long terme avec un minimum d&#039;entretien. Polyvalents et conviviaux, nos treuils prennent en charge des t\u00e2ches telles que le levage d&#039;\u00e9quipements lourds, l&#039;\u00e9rection de tours et la facilitation des op\u00e9rations de maintenance.","protected":false},"excerpt":{"rendered":"<p>Mitey Titan Industries fabrique et commercialise des bobines de croisement, des adaptateurs, des t\u00e9s et des croix, des bobines de per\u00e7age et des brides pour connexions API et ANSI. Mitey\u2026<\/p>","protected":false},"featured_media":14047,"template":"","meta":{"_acf_changed":false,"om_disable_all_campaigns":false,"_monsterinsights_skip_tracking":false,"_monsterinsights_sitenote_active":false,"_monsterinsights_sitenote_note":"","_monsterinsights_sitenote_category":0},"product_brand":[],"product_cat":[30],"product_tag":[],"class_list":{"0":"post-12457","1":"product","2":"type-product","3":"status-publish","4":"has-post-thumbnail","6":"product_cat-request-a-quote","8":"first","9":"instock","10":"taxable","11":"shipping-taxable","12":"product-type-simple"},"acf":[],"aioseo_notices":[],"yoast_head":"<!-- This site is optimized with the Yoast SEO plugin v27.4 - https:\/\/yoast.com\/product\/yoast-seo-wordpress\/ -->\n<title>High-Capacity Payout Winches | Mitey Titan\u2019s Precision Tools for Pipe Handling<\/title>\n<meta name=\"description\" content=\"Discover Mitey Titan\u2019s Payout Winches, designed for hydraulic workover and pipe handling. Capable of handling up to 1000 lbs with built-in safety features for construction, oil and gas, and telecommunications industries.\" \/>\n<meta name=\"robots\" content=\"index, follow, max-snippet:-1, max-image-preview:large, max-video-preview:-1\" \/>\n<link rel=\"canonical\" href=\"https:\/\/miteytitan.com\/fr\/product\/payout-winch\/\" \/>\n<meta property=\"og:locale\" content=\"fr_CA\" \/>\n<meta property=\"og:type\" content=\"article\" \/>\n<meta property=\"og:title\" content=\"High-Capacity Payout Winches | Mitey Titan\u2019s Precision Tools for Pipe Handling\" \/>\n<meta property=\"og:description\" content=\"Discover Mitey Titan\u2019s Payout Winches, designed for hydraulic workover and pipe handling. Capable of handling up to 1000 lbs with built-in safety features for construction, oil and gas, and telecommunications industries.\" \/>\n<meta property=\"og:url\" content=\"https:\/\/miteytitan.com\/fr\/product\/payout-winch\/\" \/>\n<meta property=\"og:site_name\" content=\"Mitey Titan Industries Inc\" \/>\n<meta property=\"article:publisher\" content=\"https:\/\/www.facebook.com\/miteytitanindustriesinc\/\" \/>\n<meta property=\"article:modified_time\" content=\"2024-11-15T21:34:12+00:00\" \/>\n<meta property=\"og:image\" content=\"https:\/\/miteytitan.com\/wp-content\/uploads\/2023\/04\/DSC6142-Edit-scaled-1.jpg\" \/>\n\t<meta property=\"og:image:width\" content=\"1920\" \/>\n\t<meta property=\"og:image:height\" content=\"1282\" \/>\n\t<meta property=\"og:image:type\" content=\"image\/jpeg\" \/>\n<meta name=\"twitter:card\" content=\"summary_large_image\" \/>\n<meta name=\"twitter:label1\" content=\"Est. reading time\" \/>\n\t<meta name=\"twitter:data1\" content=\"1 minute\" \/>\n<script type=\"application\/ld+json\" class=\"yoast-schema-graph\">{\"@context\":\"https:\\\/\\\/schema.org\",\"@graph\":[{\"@type\":\"WebPage\",\"@id\":\"https:\\\/\\\/miteytitan.com\\\/product\\\/payout-winch\\\/\",\"url\":\"https:\\\/\\\/miteytitan.com\\\/product\\\/payout-winch\\\/\",\"name\":\"High-Capacity Payout Winches | Mitey Titan\u2019s Precision Tools for Pipe Handling\",\"isPartOf\":{\"@id\":\"https:\\\/\\\/miteytitan.com\\\/#website\"},\"primaryImageOfPage\":{\"@id\":\"https:\\\/\\\/miteytitan.com\\\/product\\\/payout-winch\\\/#primaryimage\"},\"image\":{\"@id\":\"https:\\\/\\\/miteytitan.com\\\/product\\\/payout-winch\\\/#primaryimage\"},\"thumbnailUrl\":\"https:\\\/\\\/miteytitan.com\\\/wp-content\\\/uploads\\\/2023\\\/04\\\/DSC6142-Edit-scaled-1.jpg\",\"datePublished\":\"2023-04-12T14:41:46+00:00\",\"dateModified\":\"2024-11-15T21:34:12+00:00\",\"description\":\"Discover Mitey Titan\u2019s Payout Winches, designed for hydraulic workover and pipe handling. Capable of handling up to 1000 lbs with built-in safety features for construction, oil and gas, and telecommunications industries.\",\"breadcrumb\":{\"@id\":\"https:\\\/\\\/miteytitan.com\\\/product\\\/payout-winch\\\/#breadcrumb\"},\"inLanguage\":\"fr-CA\",\"potentialAction\":[{\"@type\":\"ReadAction\",\"target\":[\"https:\\\/\\\/miteytitan.com\\\/product\\\/payout-winch\\\/\"]}]},{\"@type\":\"ImageObject\",\"inLanguage\":\"fr-CA\",\"@id\":\"https:\\\/\\\/miteytitan.com\\\/product\\\/payout-winch\\\/#primaryimage\",\"url\":\"https:\\\/\\\/miteytitan.com\\\/wp-content\\\/uploads\\\/2023\\\/04\\\/DSC6142-Edit-scaled-1.jpg\",\"contentUrl\":\"https:\\\/\\\/miteytitan.com\\\/wp-content\\\/uploads\\\/2023\\\/04\\\/DSC6142-Edit-scaled-1.jpg\",\"width\":1920,\"height\":1282},{\"@type\":\"BreadcrumbList\",\"@id\":\"https:\\\/\\\/miteytitan.com\\\/product\\\/payout-winch\\\/#breadcrumb\",\"itemListElement\":[{\"@type\":\"ListItem\",\"position\":1,\"name\":\"Home\",\"item\":\"https:\\\/\\\/miteytitan.com\\\/\"},{\"@type\":\"ListItem\",\"position\":2,\"name\":\"Payout Winch\"}]},{\"@type\":\"WebSite\",\"@id\":\"https:\\\/\\\/miteytitan.com\\\/#website\",\"url\":\"https:\\\/\\\/miteytitan.com\\\/\",\"name\":\"Mitey Titan Industries Inc\",\"description\":\"The Future ||Is {{Mitey}}\",\"publisher\":{\"@id\":\"https:\\\/\\\/miteytitan.com\\\/#organization\"},\"potentialAction\":[{\"@type\":\"SearchAction\",\"target\":{\"@type\":\"EntryPoint\",\"urlTemplate\":\"https:\\\/\\\/miteytitan.com\\\/?s={search_term_string}\"},\"query-input\":{\"@type\":\"PropertyValueSpecification\",\"valueRequired\":true,\"valueName\":\"search_term_string\"}}],\"inLanguage\":\"fr-CA\"},{\"@type\":\"Organization\",\"@id\":\"https:\\\/\\\/miteytitan.com\\\/#organization\",\"name\":\"Mitey Titan Industries Inc\",\"url\":\"https:\\\/\\\/miteytitan.com\\\/\",\"logo\":{\"@type\":\"ImageObject\",\"inLanguage\":\"fr-CA\",\"@id\":\"https:\\\/\\\/miteytitan.com\\\/#\\\/schema\\\/logo\\\/image\\\/\",\"url\":\"https:\\\/\\\/miteytitan.com\\\/wp-content\\\/uploads\\\/2024\\\/08\\\/miteytitan_logo.png\",\"contentUrl\":\"https:\\\/\\\/miteytitan.com\\\/wp-content\\\/uploads\\\/2024\\\/08\\\/miteytitan_logo.png\",\"width\":256,\"height\":60,\"caption\":\"Mitey Titan Industries Inc\"},\"image\":{\"@id\":\"https:\\\/\\\/miteytitan.com\\\/#\\\/schema\\\/logo\\\/image\\\/\"},\"sameAs\":[\"https:\\\/\\\/www.facebook.com\\\/miteytitanindustriesinc\\\/\",\"https:\\\/\\\/www.linkedin.com\\\/company\\\/mitey-titan-industries-inc.\",\"https:\\\/\\\/www.instagram.com\\\/miteytitan\\\/\",\"https:\\\/\\\/www.youtube.com\\\/channel\\\/UCwfPhYcHE5oLLdR1hjuRKJQ\"]}]}<\/script>\n<!-- \/ Yoast SEO plugin. -->","yoast_head_json":{"title":"Treuils de d\u00e9roulement haute capacit\u00e9 | Outils de pr\u00e9cision Mitey Titan pour la manutention de tubes","description":"D\u00e9couvrez les treuils de distribution Mitey Titan, con\u00e7us pour les interventions hydrauliques et la manutention de canalisations. Capables de soulever jusqu&#039;\u00e0 454 kg (1\u00a0000 lb), ils int\u00e8grent des dispositifs de s\u00e9curit\u00e9 pour les secteurs de la construction, du p\u00e9trole et du gaz, et des t\u00e9l\u00e9communications.","robots":{"index":"index","follow":"follow","max-snippet":"max-snippet:-1","max-image-preview":"max-image-preview:large","max-video-preview":"max-video-preview:-1"},"canonical":"https:\/\/miteytitan.com\/fr\/product\/payout-winch\/","og_locale":"fr_CA","og_type":"article","og_title":"High-Capacity Payout Winches | Mitey Titan\u2019s Precision Tools for Pipe Handling","og_description":"Discover Mitey Titan\u2019s Payout Winches, designed for hydraulic workover and pipe handling. Capable of handling up to 1000 lbs with built-in safety features for construction, oil and gas, and telecommunications industries.","og_url":"https:\/\/miteytitan.com\/fr\/product\/payout-winch\/","og_site_name":"Mitey Titan Industries Inc","article_publisher":"https:\/\/www.facebook.com\/miteytitanindustriesinc\/","article_modified_time":"2024-11-15T21:34:12+00:00","og_image":[{"width":1920,"height":1282,"url":"https:\/\/miteytitan.com\/wp-content\/uploads\/2023\/04\/DSC6142-Edit-scaled-1.jpg","type":"image\/jpeg"}],"twitter_card":"summary_large_image","twitter_misc":{"Est. reading time":"1 minute"},"schema":{"@context":"https:\/\/schema.org","@graph":[{"@type":"WebPage","@id":"https:\/\/miteytitan.com\/product\/payout-winch\/","url":"https:\/\/miteytitan.com\/product\/payout-winch\/","name":"Treuils de d\u00e9roulement haute capacit\u00e9 | Outils de pr\u00e9cision Mitey Titan pour la manutention de tubes","isPartOf":{"@id":"https:\/\/miteytitan.com\/#website"},"primaryImageOfPage":{"@id":"https:\/\/miteytitan.com\/product\/payout-winch\/#primaryimage"},"image":{"@id":"https:\/\/miteytitan.com\/product\/payout-winch\/#primaryimage"},"thumbnailUrl":"https:\/\/miteytitan.com\/wp-content\/uploads\/2023\/04\/DSC6142-Edit-scaled-1.jpg","datePublished":"2023-04-12T14:41:46+00:00","dateModified":"2024-11-15T21:34:12+00:00","description":"D\u00e9couvrez les treuils de distribution Mitey Titan, con\u00e7us pour les interventions hydrauliques et la manutention de canalisations. Capables de soulever jusqu&#039;\u00e0 454 kg (1\u00a0000 lb), ils int\u00e8grent des dispositifs de s\u00e9curit\u00e9 pour les secteurs de la construction, du p\u00e9trole et du gaz, et des t\u00e9l\u00e9communications.","breadcrumb":{"@id":"https:\/\/miteytitan.com\/product\/payout-winch\/#breadcrumb"},"inLanguage":"fr-CA","potentialAction":[{"@type":"ReadAction","target":["https:\/\/miteytitan.com\/product\/payout-winch\/"]}]},{"@type":"ImageObject","inLanguage":"fr-CA","@id":"https:\/\/miteytitan.com\/product\/payout-winch\/#primaryimage","url":"https:\/\/miteytitan.com\/wp-content\/uploads\/2023\/04\/DSC6142-Edit-scaled-1.jpg","contentUrl":"https:\/\/miteytitan.com\/wp-content\/uploads\/2023\/04\/DSC6142-Edit-scaled-1.jpg","width":1920,"height":1282},{"@type":"BreadcrumbList","@id":"https:\/\/miteytitan.com\/product\/payout-winch\/#breadcrumb","itemListElement":[{"@type":"ListItem","position":1,"name":"Home","item":"https:\/\/miteytitan.com\/"},{"@type":"ListItem","position":2,"name":"Payout Winch"}]},{"@type":"WebSite","@id":"https:\/\/miteytitan.com\/#website","url":"https:\/\/miteytitan.com\/","name":"Mitey Titan Industries Inc","description":"L&#039;avenir || est {{Mitey}}","publisher":{"@id":"https:\/\/miteytitan.com\/#organization"},"potentialAction":[{"@type":"SearchAction","target":{"@type":"EntryPoint","urlTemplate":"https:\/\/miteytitan.com\/?s={search_term_string}"},"query-input":{"@type":"PropertyValueSpecification","valueRequired":true,"valueName":"search_term_string"}}],"inLanguage":"fr-CA"},{"@type":"Organization","@id":"https:\/\/miteytitan.com\/#organization","name":"Mitey Titan Industries Inc","url":"https:\/\/miteytitan.com\/","logo":{"@type":"ImageObject","inLanguage":"fr-CA","@id":"https:\/\/miteytitan.com\/#\/schema\/logo\/image\/","url":"https:\/\/miteytitan.com\/wp-content\/uploads\/2024\/08\/miteytitan_logo.png","contentUrl":"https:\/\/miteytitan.com\/wp-content\/uploads\/2024\/08\/miteytitan_logo.png","width":256,"height":60,"caption":"Mitey Titan Industries Inc"},"image":{"@id":"https:\/\/miteytitan.com\/#\/schema\/logo\/image\/"},"sameAs":["https:\/\/www.facebook.com\/miteytitanindustriesinc\/","https:\/\/www.linkedin.com\/company\/mitey-titan-industries-inc.","https:\/\/www.instagram.com\/miteytitan\/","https:\/\/www.youtube.com\/channel\/UCwfPhYcHE5oLLdR1hjuRKJQ"]}]}},"_links":{"self":[{"href":"https:\/\/miteytitan.com\/fr\/wp-json\/wp\/v2\/product\/12457","targetHints":{"allow":["GET"]}}],"collection":[{"href":"https:\/\/miteytitan.com\/fr\/wp-json\/wp\/v2\/product"}],"about":[{"href":"https:\/\/miteytitan.com\/fr\/wp-json\/wp\/v2\/types\/product"}],"wp:featuredmedia":[{"embeddable":true,"href":"https:\/\/miteytitan.com\/fr\/wp-json\/wp\/v2\/media\/14047"}],"wp:attachment":[{"href":"https:\/\/miteytitan.com\/fr\/wp-json\/wp\/v2\/media?parent=12457"}],"wp:term":[{"taxonomy":"product_brand","embeddable":true,"href":"https:\/\/miteytitan.com\/fr\/wp-json\/wp\/v2\/product_brand?post=12457"},{"taxonomy":"product_cat","embeddable":true,"href":"https:\/\/miteytitan.com\/fr\/wp-json\/wp\/v2\/product_cat?post=12457"},{"taxonomy":"product_tag","embeddable":true,"href":"https:\/\/miteytitan.com\/fr\/wp-json\/wp\/v2\/product_tag?post=12457"}],"curies":[{"name":"wp","href":"https:\/\/api.w.org\/{rel}","templated":true}]}}