{"id":10512,"date":"2020-08-25T13:23:34","date_gmt":"2020-08-25T19:23:34","guid":{"rendered":"http:\/\/159.203.44.46\/?post_type=product&#038;p=10512"},"modified":"2026-03-23T13:35:42","modified_gmt":"2026-03-23T19:35:42","slug":"dodoge-emergency-shutoff-switch-year-2013-and-above","status":"publish","type":"product","link":"https:\/\/miteytitan.com\/fr\/product\/dodoge-emergency-shutoff-switch-year-2013-and-above\/","title":{"rendered":"Interrupteur d&#039;arr\u00eat d&#039;urgence Dodge"},"content":{"rendered":"Un dispositif de s\u00e9curit\u00e9 anti-surr\u00e9gime emp\u00eache un moteur diesel de d\u00e9passer son r\u00e9gime de fonctionnement s\u00e9curitaire, ce qui peut entra\u00eener des dommages importants et des risques pour la s\u00e9curit\u00e9. Le calculateur moteur surveille le r\u00e9gime moteur gr\u00e2ce au capteur de r\u00e9gime et ajuste l&#039;ouverture du papillon des gaz pour \u00e9viter toute surr\u00e9gime. En cas de risque de surr\u00e9gime, le dispositif limite l&#039;arriv\u00e9e de carburant afin de r\u00e9duire les risques de dommages. Un interrupteur de d\u00e9rogation permet de contourner temporairement le syst\u00e8me en cas d&#039;urgence. Ce dispositif se branche sur le corps de papillon des gaz d&#039;origine et coupe le moteur en cas de surr\u00e9gime. Facile \u00e0 installer, il ne n\u00e9cessite aucune vanne suppl\u00e9mentaire ni modification du conduit d&#039;admission d&#039;air. Il est \u00e9galement facile \u00e0 d\u00e9monter et \u00e0 remettre en configuration d&#039;origine.\r\n\r\n&nbsp;","protected":false},"excerpt":{"rendered":"<p>Ce dispositif se branche sur le corps de papillon des gaz install\u00e9 d&#039;origine et coupe le moteur en cas de surr\u00e9gime. Facile\u2026<\/p>","protected":false},"featured_media":13987,"template":"","meta":{"_acf_changed":false,"om_disable_all_campaigns":false,"_monsterinsights_skip_tracking":false,"_monsterinsights_sitenote_active":false,"_monsterinsights_sitenote_note":"","_monsterinsights_sitenote_category":0},"product_brand":[],"product_cat":[31],"product_tag":[],"class_list":{"0":"post-10512","1":"product","2":"type-product","3":"status-publish","4":"has-post-thumbnail","6":"product_cat-e-commerce","8":"first","9":"instock","10":"taxable","11":"shipping-taxable","12":"purchasable","13":"product-type-simple"},"acf":[],"aioseo_notices":[],"yoast_head":"<!-- This site is optimized with the Yoast SEO plugin v27.4 - https:\/\/yoast.com\/product\/yoast-seo-wordpress\/ -->\n<title>Dodge Emergency Shutoff Switch - Mitey Titan Industries Inc<\/title>\n<meta name=\"robots\" content=\"index, follow, max-snippet:-1, max-image-preview:large, max-video-preview:-1\" \/>\n<link rel=\"canonical\" href=\"https:\/\/miteytitan.com\/fr\/product\/dodoge-emergency-shutoff-switch-year-2013-and-above\/\" \/>\n<meta property=\"og:locale\" content=\"fr_CA\" \/>\n<meta property=\"og:type\" content=\"article\" \/>\n<meta property=\"og:title\" content=\"Dodge Emergency Shutoff Switch - Mitey Titan Industries Inc\" \/>\n<meta property=\"og:description\" content=\"This device plugs into the factory installed throttle valve body and perform the engine\u00a0 shutdown in\u00a0case of an engine over speed. Easy&hellip;\" \/>\n<meta property=\"og:url\" content=\"https:\/\/miteytitan.com\/fr\/product\/dodoge-emergency-shutoff-switch-year-2013-and-above\/\" \/>\n<meta property=\"og:site_name\" content=\"Mitey Titan Industries Inc\" \/>\n<meta property=\"article:publisher\" content=\"https:\/\/www.facebook.com\/miteytitanindustriesinc\/\" \/>\n<meta property=\"article:modified_time\" content=\"2026-03-23T19:35:42+00:00\" \/>\n<meta property=\"og:image\" content=\"https:\/\/miteytitan.com\/wp-content\/uploads\/2020\/08\/DSC2234-Edit-Edit-scaled-1.jpg\" \/>\n\t<meta property=\"og:image:width\" content=\"1920\" \/>\n\t<meta property=\"og:image:height\" content=\"1300\" \/>\n\t<meta property=\"og:image:type\" content=\"image\/jpeg\" \/>\n<meta name=\"twitter:card\" content=\"summary_large_image\" \/>\n<meta name=\"twitter:label1\" content=\"Est. reading time\" \/>\n\t<meta name=\"twitter:data1\" content=\"1 minute\" \/>\n<script type=\"application\/ld+json\" class=\"yoast-schema-graph\">{\"@context\":\"https:\\\/\\\/schema.org\",\"@graph\":[{\"@type\":\"WebPage\",\"@id\":\"https:\\\/\\\/miteytitan.com\\\/product\\\/dodoge-emergency-shutoff-switch-year-2013-and-above\\\/\",\"url\":\"https:\\\/\\\/miteytitan.com\\\/product\\\/dodoge-emergency-shutoff-switch-year-2013-and-above\\\/\",\"name\":\"Dodge Emergency Shutoff Switch - Mitey Titan Industries Inc\",\"isPartOf\":{\"@id\":\"https:\\\/\\\/miteytitan.com\\\/#website\"},\"primaryImageOfPage\":{\"@id\":\"https:\\\/\\\/miteytitan.com\\\/product\\\/dodoge-emergency-shutoff-switch-year-2013-and-above\\\/#primaryimage\"},\"image\":{\"@id\":\"https:\\\/\\\/miteytitan.com\\\/product\\\/dodoge-emergency-shutoff-switch-year-2013-and-above\\\/#primaryimage\"},\"thumbnailUrl\":\"https:\\\/\\\/miteytitan.com\\\/wp-content\\\/uploads\\\/2020\\\/08\\\/DSC2234-Edit-Edit-scaled-1.jpg\",\"datePublished\":\"2020-08-25T19:23:34+00:00\",\"dateModified\":\"2026-03-23T19:35:42+00:00\",\"breadcrumb\":{\"@id\":\"https:\\\/\\\/miteytitan.com\\\/product\\\/dodoge-emergency-shutoff-switch-year-2013-and-above\\\/#breadcrumb\"},\"inLanguage\":\"fr-CA\",\"potentialAction\":[{\"@type\":\"ReadAction\",\"target\":[\"https:\\\/\\\/miteytitan.com\\\/product\\\/dodoge-emergency-shutoff-switch-year-2013-and-above\\\/\"]}]},{\"@type\":\"ImageObject\",\"inLanguage\":\"fr-CA\",\"@id\":\"https:\\\/\\\/miteytitan.com\\\/product\\\/dodoge-emergency-shutoff-switch-year-2013-and-above\\\/#primaryimage\",\"url\":\"https:\\\/\\\/miteytitan.com\\\/wp-content\\\/uploads\\\/2020\\\/08\\\/DSC2234-Edit-Edit-scaled-1.jpg\",\"contentUrl\":\"https:\\\/\\\/miteytitan.com\\\/wp-content\\\/uploads\\\/2020\\\/08\\\/DSC2234-Edit-Edit-scaled-1.jpg\",\"width\":1920,\"height\":1300},{\"@type\":\"BreadcrumbList\",\"@id\":\"https:\\\/\\\/miteytitan.com\\\/product\\\/dodoge-emergency-shutoff-switch-year-2013-and-above\\\/#breadcrumb\",\"itemListElement\":[{\"@type\":\"ListItem\",\"position\":1,\"name\":\"Home\",\"item\":\"https:\\\/\\\/miteytitan.com\\\/\"},{\"@type\":\"ListItem\",\"position\":2,\"name\":\"Dodge Emergency Shutoff Switch\"}]},{\"@type\":\"WebSite\",\"@id\":\"https:\\\/\\\/miteytitan.com\\\/#website\",\"url\":\"https:\\\/\\\/miteytitan.com\\\/\",\"name\":\"Mitey Titan Industries Inc\",\"description\":\"The Future ||Is {{Mitey}}\",\"publisher\":{\"@id\":\"https:\\\/\\\/miteytitan.com\\\/#organization\"},\"potentialAction\":[{\"@type\":\"SearchAction\",\"target\":{\"@type\":\"EntryPoint\",\"urlTemplate\":\"https:\\\/\\\/miteytitan.com\\\/?s={search_term_string}\"},\"query-input\":{\"@type\":\"PropertyValueSpecification\",\"valueRequired\":true,\"valueName\":\"search_term_string\"}}],\"inLanguage\":\"fr-CA\"},{\"@type\":\"Organization\",\"@id\":\"https:\\\/\\\/miteytitan.com\\\/#organization\",\"name\":\"Mitey Titan Industries Inc\",\"url\":\"https:\\\/\\\/miteytitan.com\\\/\",\"logo\":{\"@type\":\"ImageObject\",\"inLanguage\":\"fr-CA\",\"@id\":\"https:\\\/\\\/miteytitan.com\\\/#\\\/schema\\\/logo\\\/image\\\/\",\"url\":\"https:\\\/\\\/miteytitan.com\\\/wp-content\\\/uploads\\\/2024\\\/08\\\/miteytitan_logo.png\",\"contentUrl\":\"https:\\\/\\\/miteytitan.com\\\/wp-content\\\/uploads\\\/2024\\\/08\\\/miteytitan_logo.png\",\"width\":256,\"height\":60,\"caption\":\"Mitey Titan Industries Inc\"},\"image\":{\"@id\":\"https:\\\/\\\/miteytitan.com\\\/#\\\/schema\\\/logo\\\/image\\\/\"},\"sameAs\":[\"https:\\\/\\\/www.facebook.com\\\/miteytitanindustriesinc\\\/\",\"https:\\\/\\\/www.linkedin.com\\\/company\\\/mitey-titan-industries-inc.\",\"https:\\\/\\\/www.instagram.com\\\/miteytitan\\\/\",\"https:\\\/\\\/www.youtube.com\\\/channel\\\/UCwfPhYcHE5oLLdR1hjuRKJQ\"]}]}<\/script>\n<!-- \/ Yoast SEO plugin. -->","yoast_head_json":{"title":"Interrupteur d&#039;arr\u00eat d&#039;urgence Dodge - Mitey Titan Industries Inc.","robots":{"index":"index","follow":"follow","max-snippet":"max-snippet:-1","max-image-preview":"max-image-preview:large","max-video-preview":"max-video-preview:-1"},"canonical":"https:\/\/miteytitan.com\/fr\/product\/dodoge-emergency-shutoff-switch-year-2013-and-above\/","og_locale":"fr_CA","og_type":"article","og_title":"Dodge Emergency Shutoff Switch - Mitey Titan Industries Inc","og_description":"This device plugs into the factory installed throttle valve body and perform the engine\u00a0 shutdown in\u00a0case of an engine over speed. Easy&hellip;","og_url":"https:\/\/miteytitan.com\/fr\/product\/dodoge-emergency-shutoff-switch-year-2013-and-above\/","og_site_name":"Mitey Titan Industries Inc","article_publisher":"https:\/\/www.facebook.com\/miteytitanindustriesinc\/","article_modified_time":"2026-03-23T19:35:42+00:00","og_image":[{"width":1920,"height":1300,"url":"https:\/\/miteytitan.com\/wp-content\/uploads\/2020\/08\/DSC2234-Edit-Edit-scaled-1.jpg","type":"image\/jpeg"}],"twitter_card":"summary_large_image","twitter_misc":{"Est. reading time":"1 minute"},"schema":{"@context":"https:\/\/schema.org","@graph":[{"@type":"WebPage","@id":"https:\/\/miteytitan.com\/product\/dodoge-emergency-shutoff-switch-year-2013-and-above\/","url":"https:\/\/miteytitan.com\/product\/dodoge-emergency-shutoff-switch-year-2013-and-above\/","name":"Interrupteur d&#039;arr\u00eat d&#039;urgence Dodge - Mitey Titan Industries Inc.","isPartOf":{"@id":"https:\/\/miteytitan.com\/#website"},"primaryImageOfPage":{"@id":"https:\/\/miteytitan.com\/product\/dodoge-emergency-shutoff-switch-year-2013-and-above\/#primaryimage"},"image":{"@id":"https:\/\/miteytitan.com\/product\/dodoge-emergency-shutoff-switch-year-2013-and-above\/#primaryimage"},"thumbnailUrl":"https:\/\/miteytitan.com\/wp-content\/uploads\/2020\/08\/DSC2234-Edit-Edit-scaled-1.jpg","datePublished":"2020-08-25T19:23:34+00:00","dateModified":"2026-03-23T19:35:42+00:00","breadcrumb":{"@id":"https:\/\/miteytitan.com\/product\/dodoge-emergency-shutoff-switch-year-2013-and-above\/#breadcrumb"},"inLanguage":"fr-CA","potentialAction":[{"@type":"ReadAction","target":["https:\/\/miteytitan.com\/product\/dodoge-emergency-shutoff-switch-year-2013-and-above\/"]}]},{"@type":"ImageObject","inLanguage":"fr-CA","@id":"https:\/\/miteytitan.com\/product\/dodoge-emergency-shutoff-switch-year-2013-and-above\/#primaryimage","url":"https:\/\/miteytitan.com\/wp-content\/uploads\/2020\/08\/DSC2234-Edit-Edit-scaled-1.jpg","contentUrl":"https:\/\/miteytitan.com\/wp-content\/uploads\/2020\/08\/DSC2234-Edit-Edit-scaled-1.jpg","width":1920,"height":1300},{"@type":"BreadcrumbList","@id":"https:\/\/miteytitan.com\/product\/dodoge-emergency-shutoff-switch-year-2013-and-above\/#breadcrumb","itemListElement":[{"@type":"ListItem","position":1,"name":"Home","item":"https:\/\/miteytitan.com\/"},{"@type":"ListItem","position":2,"name":"Dodge Emergency Shutoff Switch"}]},{"@type":"WebSite","@id":"https:\/\/miteytitan.com\/#website","url":"https:\/\/miteytitan.com\/","name":"Mitey Titan Industries Inc","description":"L&#039;avenir || est {{Mitey}}","publisher":{"@id":"https:\/\/miteytitan.com\/#organization"},"potentialAction":[{"@type":"SearchAction","target":{"@type":"EntryPoint","urlTemplate":"https:\/\/miteytitan.com\/?s={search_term_string}"},"query-input":{"@type":"PropertyValueSpecification","valueRequired":true,"valueName":"search_term_string"}}],"inLanguage":"fr-CA"},{"@type":"Organization","@id":"https:\/\/miteytitan.com\/#organization","name":"Mitey Titan Industries Inc","url":"https:\/\/miteytitan.com\/","logo":{"@type":"ImageObject","inLanguage":"fr-CA","@id":"https:\/\/miteytitan.com\/#\/schema\/logo\/image\/","url":"https:\/\/miteytitan.com\/wp-content\/uploads\/2024\/08\/miteytitan_logo.png","contentUrl":"https:\/\/miteytitan.com\/wp-content\/uploads\/2024\/08\/miteytitan_logo.png","width":256,"height":60,"caption":"Mitey Titan Industries Inc"},"image":{"@id":"https:\/\/miteytitan.com\/#\/schema\/logo\/image\/"},"sameAs":["https:\/\/www.facebook.com\/miteytitanindustriesinc\/","https:\/\/www.linkedin.com\/company\/mitey-titan-industries-inc.","https:\/\/www.instagram.com\/miteytitan\/","https:\/\/www.youtube.com\/channel\/UCwfPhYcHE5oLLdR1hjuRKJQ"]}]}},"_links":{"self":[{"href":"https:\/\/miteytitan.com\/fr\/wp-json\/wp\/v2\/product\/10512","targetHints":{"allow":["GET"]}}],"collection":[{"href":"https:\/\/miteytitan.com\/fr\/wp-json\/wp\/v2\/product"}],"about":[{"href":"https:\/\/miteytitan.com\/fr\/wp-json\/wp\/v2\/types\/product"}],"wp:featuredmedia":[{"embeddable":true,"href":"https:\/\/miteytitan.com\/fr\/wp-json\/wp\/v2\/media\/13987"}],"wp:attachment":[{"href":"https:\/\/miteytitan.com\/fr\/wp-json\/wp\/v2\/media?parent=10512"}],"wp:term":[{"taxonomy":"product_brand","embeddable":true,"href":"https:\/\/miteytitan.com\/fr\/wp-json\/wp\/v2\/product_brand?post=10512"},{"taxonomy":"product_cat","embeddable":true,"href":"https:\/\/miteytitan.com\/fr\/wp-json\/wp\/v2\/product_cat?post=10512"},{"taxonomy":"product_tag","embeddable":true,"href":"https:\/\/miteytitan.com\/fr\/wp-json\/wp\/v2\/product_tag?post=10512"}],"curies":[{"name":"wp","href":"https:\/\/api.w.org\/{rel}","templated":true}]}}