{"id":860,"date":"2019-07-18T14:15:46","date_gmt":"2019-07-18T20:15:46","guid":{"rendered":"http:\/\/159.203.44.46\/?page_id=860"},"modified":"2024-08-12T14:46:00","modified_gmt":"2024-08-12T20:46:00","slug":"general-terms-and-conditions-of-sale","status":"publish","type":"page","link":"https:\/\/miteytitan.com\/fr\/general-terms-and-conditions-of-sale\/","title":{"rendered":"Conditions G\u00e9n\u00e9rales de Vente"},"content":{"rendered":"<div class=\"section container\"><div class=\"section row dark row-side full\"><div class=\"col-sm-12\"><div class=\"col-inner\">      <div class=\"obj-content obj obj-content-style-0 py-40 py-md-60 py-lg-100\">\n        <div class=\"obj-inner-wrap\">\n                    <div class=\"obj-inner\">\n                                                                                      <h3>Section 1. Champ d&#039;application<\/h3>\n<h4>1.01<\/h4>\n<p>Toutes les ventes sont soumises aux pr\u00e9sentes conditions g\u00e9n\u00e9rales de vente de Mitey Titan. En effectuant un achat aupr\u00e8s de Mitey Titan Industries Inc. (\u00ab Mitey Titan \u00bb), vous acceptez les conditions g\u00e9n\u00e9rales \u00e9nonc\u00e9es ci-dessous.<\/p>\n<h3>Section 2. Paiement du prix d&#039;achat<\/h3>\n<h4>2.01<\/h4>\n<p>Vous acceptez de payer \u00e0 Mitey Titan le prix, tous les frais et autres charges pour le(s) produit(s) qui vous sont vendus par Mitey Titan (le \u00ab Produit \u00bb), y compris, sans limitation, la fabrication, les tests, la livraison, les taxes et les droits (le \u00ab Prix d&#039;achat \u00bb).<\/p>\n<h4>2.02<\/h4>\n<p>Mitey Titan facturera au moyen d&#039;une facture. Le paiement int\u00e9gral des factures \u00e9mises au cours d&#039;un mois donn\u00e9 doit \u00eatre re\u00e7u par Mitey Titan dans les trente (30) jours calendaires \u00e0 compter de la date d&#039;\u00e9mission de la facture, quelle que soit la date \u00e0 laquelle le produit est livr\u00e9, sauf accord contraire par \u00e9crit. Les montants impay\u00e9s sont soumis \u00e0 des frais financiers de 2% par mois sur tout solde impay\u00e9 ou au maximum autoris\u00e9 par la loi, selon le montant le plus bas, ainsi qu&#039;aux frais de recouvrement.<\/p>\n<h4>2.03<\/h4>\n<p>Si vous pensez que Mitey Titan vous a factur\u00e9 de mani\u00e8re incorrecte, vous devez contacter Mitey Titan par \u00e9crit au plus tard trente (30) jours calendaires \u00e0 compter de la date de la facture sur laquelle l&#039;erreur ou le probl\u00e8me est apparu afin d&#039;\u00eatre \u00e9ligible \u00e0 un ajustement ou \u00e0 un cr\u00e9dit. Les ajustements ou les cr\u00e9dits seront \u00e9mis \u00e0 la seule discr\u00e9tion de Mitey Titan. Mitey Titan est lib\u00e9r\u00e9e de toute r\u00e9clamation pour des factures contest\u00e9es lorsque l&#039;avis est donn\u00e9 en dehors des trente (30) jours calendaires \u00e0 compter de la date de la facture. Cette disposition d\u00e9finit le seul recours dont vous disposez en cas de facturation contest\u00e9e.<\/p>\n<h4>2.04<\/h4>\n<p>Vous serez responsable de toutes les taxes (y compris, mais sans s&#039;y limiter, les taxes f\u00e9d\u00e9rales, provinciales et\/ou d&#039;\u00c9tat), frais, droits ou autres montants, quelle que soit leur d\u00e9signation, y compris, sans s&#039;y limiter, les taxes sur la valeur ajout\u00e9e et les retenues \u00e0 la source, qui sont pr\u00e9lev\u00e9s ou bas\u00e9s sur tout paiement effectu\u00e9 conform\u00e9ment aux pr\u00e9sentes Conditions G\u00e9n\u00e9rales de Vente.<\/p>\n<h4>2.05<\/h4>\n<p>Toutes les ventes de produits sont soumises au paiement effectif du prix d&#039;achat dans son int\u00e9gralit\u00e9. La propri\u00e9t\u00e9 du produit ne vous sera transf\u00e9r\u00e9e qu&#039;\u00e0 r\u00e9ception du paiement final du prix d&#039;achat.<\/p>\n<h3>Section 3. Fabrication du produit<\/h3>\n<p>Le produit sera fabriqu\u00e9 de mani\u00e8re professionnelle et de bonne qualit\u00e9, conform\u00e9ment \u00e0 la description du produit telle qu&#039;elle figure sur le site Web de Mitey Titan, https:\/\/miteytitan.com\/. Les modifications personnalis\u00e9es apport\u00e9es \u00e0 la description du produit doivent \u00eatre approuv\u00e9es par \u00e9crit par Mitey Titan et peuvent entra\u00eener des frais suppl\u00e9mentaires.<\/p>\n<h3>Section 4. Exp\u00e9dition<\/h3>\n<h4>4.01<\/h4>\n<p>Mitey Titan est d&#039;accord :<\/p>\n<p>(a) d&#039;emballer, de marquer et d&#039;exp\u00e9dier correctement le produit conform\u00e9ment \u00e0 ses pratiques habituelles ; et<\/p>\n<p>(b) de fournir, avec chaque exp\u00e9dition, des bordereaux d\u2019exp\u00e9dition sur lesquels est indiqu\u00e9 votre num\u00e9ro de commande.<\/p>\n<h4>4.02<\/h4>\n<p>Mitey Titan conclura un contrat avec un tiers (un \u00ab exp\u00e9diteur \u00bb) pour vous exp\u00e9dier le produit. L&#039;exp\u00e9dition n&#039;est pas effectu\u00e9e par Mitey Titan et se fait \u00e0 vos propres risques. Une fois livr\u00e9 \u00e0 l&#039;exp\u00e9diteur, Mitey Titan ne sera pas responsable de la perte ou des dommages caus\u00e9s au produit ou du d\u00e9lai de livraison du produit.<\/p>\n<h3>Section 5. Examen et acceptation du produit par l&#039;acheteur<\/h3>\n<h4>5.01<\/h4>\n<p>Vous avez le droit d&#039;examiner le produit \u00e0 la livraison et, dans les trois (3) jours ouvrables suivant la date de livraison, de rejeter tout produit qui n&#039;est pas conforme \u00e0 la description du produit ou qui pr\u00e9sente un d\u00e9faut de mat\u00e9riaux ou de fabrication. Apr\u00e8s trois (3) jours ouvrables, vous serez r\u00e9put\u00e9 avoir accept\u00e9 le produit qui n&#039;a pas \u00e9t\u00e9 rejet\u00e9. Un avis \u00e9crit doit \u00eatre remis \u00e0 Mitey Titan dans les d\u00e9lais fix\u00e9s dans la pr\u00e9sente clause.<\/p>\n<h3>Section 6. Produit non conforme<\/h3>\n<h4>6.01<\/h4>\n<p>Si un Produit soumis aux pr\u00e9sentes Conditions G\u00e9n\u00e9rales de Vente est rejet\u00e9 en raison d&#039;un d\u00e9faut de conformit\u00e9 \u00e0 la description du produit, ou en raison d&#039;un d\u00e9faut de fabrication ou de mat\u00e9riaux (un \u00ab Produit Non Conforme \u00bb), Mitey Titan remplacera ce Produit Non Conforme par un Produit conforme \u00e0 la description du produit et exempt de d\u00e9faut dans un d\u00e9lai de quatorze (14) jours.<\/p>\n<h4>6.02<\/h4>\n<p>L&#039;obligation de Mitey Titan se limite au remplacement des unit\u00e9s de produit non conforme par un produit conforme \u00e0 la description du produit et exempt de d\u00e9faut, ou, au choix de Mitey Titan, en cas de d\u00e9faut de fabrication ou de mat\u00e9riaux, \u00e0 la r\u00e9paration de ces \u00e9l\u00e9ments. En aucun cas Mitey Titan ne sera responsable de tout dommage sp\u00e9cial, indirect ou cons\u00e9cutif que vous pourriez subir, tel que, mais sans s&#039;y limiter, la perte de profit ou de revenu, la perte d&#039;utilisation, les temps d&#039;arr\u00eat ou le co\u00fbt d&#039;un produit de remplacement.<\/p>\n<h3>Section 7. Garantie<\/h3>\n<h4>7.01<\/h4>\n<p>Mitey Titan garantit express\u00e9ment que le produit sera conforme \u00e0 la description du produit, qu&#039;il sera fait de mat\u00e9riaux et de fabrication de qualit\u00e9 et exempt de d\u00e9fauts pendant deux (2) ans.<\/p>\n<h4>7.02<\/h4>\n<p>En aucun cas, la garantie de Mitey Titan ne s&#039;\u00e9tend au produit si le produit a \u00e9t\u00e9 soumis \u00e0 une mauvaise utilisation, \u00e0 des tests, une installation, un stockage ou une manipulation inappropri\u00e9s, \u00e0 une contrainte, une condition ou une utilisation anormale, \u00e0 une r\u00e9paration ou une modification autre que celle effectu\u00e9e par Mitey Titan ou par des personnes autoris\u00e9es par Mitey Titan, ou a \u00e9t\u00e9 utilis\u00e9 avec un produit ou un mat\u00e9riel tiers non autoris\u00e9 ou approuv\u00e9 par \u00e9crit par Mitey Titan.<\/p>\n<h4>7.03<\/h4>\n<p>La responsabilit\u00e9 de Mitey Titan, qu&#039;elle soit contractuelle, d\u00e9lictuelle (y compris la n\u00e9gligence) ou autre, pour toute perte ou tout dommage d\u00e9coulant, li\u00e9 ou r\u00e9sultant d&#039;une violation de la pr\u00e9sente garantie par Mitey Titan est limit\u00e9e au prix r\u00e9ellement pay\u00e9 par vous pour l&#039;unit\u00e9 sp\u00e9cifique du produit, ou une partie de celle-ci, qui donne lieu \u00e0 la r\u00e9clamation, au remplacement du produit ou, au choix de Mitey Titan, \u00e0 la r\u00e9paration de ce produit. En aucun cas, Mitey Titan ne sera responsable de tout dommage sp\u00e9cial, indirect ou cons\u00e9cutif que vous auriez subi, tel que, mais sans s&#039;y limiter, la perte de profit ou de revenu, la perte d&#039;utilisation, les temps d&#039;arr\u00eat ou le co\u00fbt d&#039;un produit de remplacement.<\/p>\n<h4>7.04<\/h4>\n<p>Mitey Titan d\u00e9cline express\u00e9ment toute connaissance de l&#039;usage que vous comptez faire du Produit. Les informations contenues dans la description du produit figurant sur le site Web de Mitey Titan, https:\/\/miteytitan.com\/, sont destin\u00e9es \u00e0 \u00eatre des informations g\u00e9n\u00e9rales et rien de plus. Vous devez examiner attentivement si le Produit vous convient. La nature sp\u00e9cifique de chaque demande client rend impossible pour Mitey Titan de faire une quelconque d\u00e9claration quant \u00e0 l&#039;ad\u00e9quation du Produit \u00e0 l&#039;usage que vous souhaitez en faire, et par cons\u00e9quent, Mitey Titan ne fait aucune d\u00e9claration de ce type.<\/p>\n<h4>7.05<\/h4>\n<p>Sauf indication contraire expresse ci-dessus, Mitey Titan d\u00e9cline toute garantie.<\/p>\n<h3>Article 8. Limitation de responsabilit\u00e9<\/h3>\n<h4>8.01<\/h4>\n<p>SAUF DISPOSITION CONTRAIRE CI-DESSUS, LA RESPONSABILIT\u00c9 MAXIMALE DE MITEY TITAN POUR TOUTE ACTION D\u00c9COULANT DE L&#039;OBJET DE L&#039;ACCORD, QUELLE QUE SOIT LA FORME DE L&#039;ACTION ET QU&#039;IL S&#039;AGISSE D&#039;UN D\u00c9LIT, D&#039;UN CONTRAT OU D&#039;UNE AUTRE FORME DE RESPONSABILIT\u00c9, NE DOIT EN AUCUN CAS D\u00c9PASSER LE PRIX R\u00c9ELLEMENT PAY\u00c9 PAR VOUS POUR L&#039;UNIT\u00c9 SP\u00c9CIFIQUE DE PRODUIT DONNANT LIEU \u00c0 LA RESPONSABILIT\u00c9. EN AUCUN CAS, MITEY TITAN NE SERA RESPONSABLE DES DOMMAGES INDIRECTS, SP\u00c9CIAUX, ACCESSOIRES OU CONS\u00c9CUTIFS DE QUELQUE NATURE QUE CE SOIT, Y COMPRIS, SANS LIMITATION, LA PERTE DE DONN\u00c9ES, LA PERTE DE PROFITS, D&#039;OPPORTUNIT\u00c9S OU DE CONTRIBUTIONS, LA PERTE D&#039;UTILISATION, DE CLIENT\u00c8LE, L&#039;INTERRUPTION D&#039;ACTIVIT\u00c9, LE CO\u00dbT DE COUVERTURE OU TOUTE AUTRE PERTE P\u00c9CUNIAIRE OU NON P\u00c9CUNIAIRE, QUELLE QU&#039;EN SOIT LA RAISON, M\u00caME SI MITEY TITAN A \u00c9T\u00c9 AVIS\u00c9 DE LA POSSIBILIT\u00c9 DE TELS DOMMAGES. MITEY TITAN D\u00c9CLINE EXPLICITEMENT TOUTE INDEMNIT\u00c9 POUR LA RESPONSABILIT\u00c9 DE TIERS. LES PARTIES CONVIENNENT DE LA R\u00c9PARTITION DES RISQUES \u00c9NONC\u00c9E DANS LES PR\u00c9SENTES.<\/p>\n<h3>Article 9. Relation entre les parties<\/h3>\n<h4>9.01<\/h4>\n<p>Mitey Titan et vous \u00eates des parties contractantes ind\u00e9pendantes et rien dans les pr\u00e9sentes Conditions G\u00e9n\u00e9rales de Vente ne fera de l&#039;une ou l&#039;autre des parties l&#039;agent ou le repr\u00e9sentant l\u00e9gal de l&#039;autre \u00e0 quelque fin que ce soit, ni n&#039;accordera \u00e0 l&#039;une ou l&#039;autre des parties l&#039;autorit\u00e9 d&#039;assumer ou de cr\u00e9er une obligation au nom ou au nom de l&#039;autre.<\/p>\n<h3>Article 10. Force majeure<\/h3>\n<h4>10.01<\/h4>\n<p>Tout retard ou manquement de l&#039;une des parties \u00e0 ses obligations en vertu des pr\u00e9sentes Conditions G\u00e9n\u00e9rales de Vente sera excus\u00e9 si, et dans la mesure o\u00f9, le retard ou le manquement est caus\u00e9 par un \u00e9v\u00e9nement ou une circonstance \u00e9chappant au contr\u00f4le raisonnable de la partie et sans faute ou n\u00e9gligence de sa part, tel que, \u00e0 titre d&#039;exemple et sans limitation, les cas de force majeure, l&#039;action d&#039;une autorit\u00e9 gouvernementale (valide ou non), les incendies, les inondations, les temp\u00eates de vent, les explosions, les \u00e9meutes, les catastrophes naturelles, les \u00e9pid\u00e9mies, les guerres, le sabotage, les conflits sociaux (y compris les lock-out, les gr\u00e8ves et les ralentissements), l&#039;incapacit\u00e9 d&#039;obtenir de l&#039;\u00e9lectricit\u00e9, du mat\u00e9riel, de la main-d&#039;\u0153uvre, de l&#039;\u00e9quipement ou des transports, ou une injonction ou une ordonnance d&#039;un tribunal ; \u00e0 condition qu&#039;un avis \u00e9crit du retard (y compris la dur\u00e9e pr\u00e9vue du retard) soit donn\u00e9 par la partie concern\u00e9e \u00e0 l&#039;autre partie dans un d\u00e9lai de dix (10) jours calendaires. Un retard ou un manquement d&#039;une partie en raison d&#039;une incapacit\u00e9 \u00e0 obtenir un financement ou de toute autre incapacit\u00e9 financi\u00e8re de la part de cette partie ne sera pas excus\u00e9.<\/p>\n<h3>Article 11. Loi applicable et for<\/h3>\n<h4>11.01<\/h4>\n<p>Les pr\u00e9sentes conditions g\u00e9n\u00e9rales de vente doivent \u00eatre interpr\u00e9t\u00e9es conform\u00e9ment aux lois de la province de l&#039;Alberta et aux lois du Canada qui y sont applicables. Les parties aux pr\u00e9sentes reconnaissent irr\u00e9vocablement la comp\u00e9tence exclusive des tribunaux de la province de l&#039;Alberta. La Convention des Nations Unies sur les contrats de vente internationale de marchandises ne s&#039;applique pas aux pr\u00e9sentes conditions g\u00e9n\u00e9rales de vente.<\/p>\n<h3>Section 12. Heure<\/h3>\n<h4>12.01<\/h4>\n<p>Le d\u00e9lai sera un \u00e9l\u00e9ment essentiel des pr\u00e9sentes Conditions G\u00e9n\u00e9rales de Vente.<\/p>\n<h3>Article 13. Divisibilit\u00e9<\/h3>\n<h4>13.01<\/h4>\n<p>Si l&#039;une des clauses des pr\u00e9sentes Conditions G\u00e9n\u00e9rales de Vente est invalide ou inapplicable en vertu d&#039;une loi, d&#039;un r\u00e8glement, d&#039;une ordonnance, d&#039;un ordre ou d&#039;une autre r\u00e8gle de droit, cette clause sera r\u00e9put\u00e9e modifi\u00e9e ou supprim\u00e9e, mais uniquement dans la mesure n\u00e9cessaire pour se conformer \u00e0 la loi, au r\u00e8glement, \u00e0 l&#039;ordonnance, \u00e0 l&#039;ordre ou \u00e0 la r\u00e8gle, et les autres dispositions des pr\u00e9sentes Conditions G\u00e9n\u00e9rales de Vente resteront pleinement en vigueur.<\/p>\n<h3>Article 14. Aucune renonciation implicite<\/h3>\n<h4>14.01<\/h4>\n<p>Le fait pour l&#039;une des parties de ne pas exiger \u00e0 un moment donn\u00e9 l&#039;ex\u00e9cution par l&#039;autre partie d&#039;une disposition des pr\u00e9sentes Conditions G\u00e9n\u00e9rales de Vente n&#039;affectera en rien le droit d&#039;exiger l&#039;ex\u00e9cution \u00e0 tout moment par la suite, et la renonciation de l&#039;une des parties \u00e0 une violation d&#039;une disposition des pr\u00e9sentes Conditions G\u00e9n\u00e9rales de Vente ne constituera pas une renonciation \u00e0 toute violation ult\u00e9rieure de la m\u00eame disposition ou de toute autre disposition.<\/p>\n<h3>Article 15. Avis<\/h3>\n<h4>15.01<\/h4>\n<p>Tout avis ou autre \u00e9crit requis ou autoris\u00e9 \u00e0 \u00eatre donn\u00e9 en vertu des pr\u00e9sentes Conditions G\u00e9n\u00e9rales de Vente ou aux fins de celles-ci \u00e0 toute partie, sera suffisamment donn\u00e9 s&#039;il est remis en personne, ou s&#039;il est envoy\u00e9 par courrier recommand\u00e9 affranchi ou s&#039;il est transmis par t\u00e9lex, t\u00e9l\u00e9copie ou autre forme de communication \u00e9lectronique \u00e0 cette partie :<\/p>\n<p>(a) dans le cas d&#039;une notification \u00e0 votre adresse e-mail fournie \u00e0 Mitey Titan lors de l&#039;ouverture de votre compte sur https:\/\/miteytitan.com\/ ; et<\/p>\n<p>(b) dans le cas d&#039;un avis adress\u00e9 \u00e0 Mitey Titan \u00e0 info@miteytitan.com,<br \/>\nou \u00e0 toute autre adresse que la partie \u00e0 laquelle l&#039;\u00e9crit doit \u00eatre remis aura notifi\u00e9e en dernier lieu \u00e0 l&#039;autre partie. Tout avis remis \u00e0 la partie \u00e0 laquelle il est adress\u00e9 sera r\u00e9put\u00e9 avoir \u00e9t\u00e9 remis et re\u00e7u le jour de sa remise \u00e0 cette adresse, ou dans le cas d&#039;un avis transmis par t\u00e9l\u00e9copieur ou autre forme de communication \u00e9lectronique, le jour de sa transmission, \u00e0 condition que si ce jour n&#039;est pas un jour ouvrable, ou s&#039;il est remis apr\u00e8s 17h00 CMT, alors l&#039;avis sera r\u00e9put\u00e9 avoir \u00e9t\u00e9 remis et re\u00e7u le jour ouvrable suivant ce jour. Tout avis envoy\u00e9 par la poste sera r\u00e9put\u00e9 avoir \u00e9t\u00e9 remis et re\u00e7u le cinqui\u00e8me (5e) jour ouvrable suivant la date de son envoi.<\/p>\n<h3>Article 16. Int\u00e9gralit\u00e9 de l&#039;accord<\/h3>\n<h4>16.01<\/h4>\n<p>Les pr\u00e9sentes conditions g\u00e9n\u00e9rales de vente constituent l&#039;int\u00e9gralit\u00e9 de l&#039;accord entre Mitey Titan et vous concernant l&#039;objet qui y est contenu et remplacent toutes les d\u00e9clarations, conditions et accords ant\u00e9rieurs, oraux ou \u00e9crits. Les pr\u00e9sentes conditions g\u00e9n\u00e9rales de vente ne peuvent \u00eatre modifi\u00e9es que par un accord \u00e9crit d\u00fbment sign\u00e9 par Mitey Titan et vous.<\/p>\n                                                                                                    <\/div>\n                  <\/div>\n      <\/div>\n    <\/div><\/div><\/div><\/div>","protected":false},"excerpt":{"rendered":"Section 1. Application 1.01 All sales are subject to these Mitey Titan General Terms and Conditions of Sale. By purchasing from Mitey Titan Industries Inc. (\u201cMitey Titan\u201d), you agree to the terms and conditions set forth below. Section 2. Payment of Purchase Price 2.01 You agree to pay Mitey Titan the price, all fees and [...]","protected":false},"author":1,"featured_media":0,"parent":0,"menu_order":7,"comment_status":"closed","ping_status":"closed","template":"","meta":{"_acf_changed":false,"om_disable_all_campaigns":false,"_monsterinsights_skip_tracking":false,"_monsterinsights_sitenote_active":false,"_monsterinsights_sitenote_note":"","_monsterinsights_sitenote_category":0,"footnotes":""},"class_list":["post-860","page","type-page","status-publish","hentry"],"acf":[],"aioseo_notices":[],"yoast_head":"<!-- This site is optimized with the Yoast SEO plugin v27.5 - https:\/\/yoast.com\/product\/yoast-seo-wordpress\/ -->\n<title>General Terms and Conditions of Sale - Mitey Titan Industries Inc<\/title>\n<meta name=\"robots\" content=\"index, follow, max-snippet:-1, max-image-preview:large, max-video-preview:-1\" \/>\n<link rel=\"canonical\" href=\"https:\/\/miteytitan.com\/fr\/general-terms-and-conditions-of-sale\/\" \/>\n<meta property=\"og:locale\" content=\"fr_CA\" \/>\n<meta property=\"og:type\" content=\"article\" \/>\n<meta property=\"og:title\" content=\"General Terms and Conditions of Sale - Mitey Titan Industries Inc\" \/>\n<meta property=\"og:url\" content=\"https:\/\/miteytitan.com\/fr\/general-terms-and-conditions-of-sale\/\" \/>\n<meta property=\"og:site_name\" content=\"Mitey Titan Industries Inc\" \/>\n<meta property=\"article:publisher\" content=\"https:\/\/www.facebook.com\/miteytitanindustriesinc\/\" \/>\n<meta property=\"article:modified_time\" content=\"2024-08-12T20:46:00+00:00\" \/>\n<meta name=\"twitter:card\" content=\"summary_large_image\" \/>\n<meta name=\"twitter:label1\" content=\"Est. reading time\" \/>\n\t<meta name=\"twitter:data1\" content=\"1 minute\" \/>\n<script type=\"application\/ld+json\" class=\"yoast-schema-graph\">{\"@context\":\"https:\\\/\\\/schema.org\",\"@graph\":[{\"@type\":\"WebPage\",\"@id\":\"https:\\\/\\\/miteytitan.com\\\/general-terms-and-conditions-of-sale\\\/\",\"url\":\"https:\\\/\\\/miteytitan.com\\\/general-terms-and-conditions-of-sale\\\/\",\"name\":\"General Terms and Conditions of Sale - Mitey Titan Industries Inc\",\"isPartOf\":{\"@id\":\"https:\\\/\\\/miteytitan.com\\\/#website\"},\"datePublished\":\"2019-07-18T20:15:46+00:00\",\"dateModified\":\"2024-08-12T20:46:00+00:00\",\"breadcrumb\":{\"@id\":\"https:\\\/\\\/miteytitan.com\\\/general-terms-and-conditions-of-sale\\\/#breadcrumb\"},\"inLanguage\":\"fr-CA\",\"potentialAction\":[{\"@type\":\"ReadAction\",\"target\":[\"https:\\\/\\\/miteytitan.com\\\/general-terms-and-conditions-of-sale\\\/\"]}]},{\"@type\":\"BreadcrumbList\",\"@id\":\"https:\\\/\\\/miteytitan.com\\\/general-terms-and-conditions-of-sale\\\/#breadcrumb\",\"itemListElement\":[{\"@type\":\"ListItem\",\"position\":1,\"name\":\"Home\",\"item\":\"https:\\\/\\\/miteytitan.com\\\/\"},{\"@type\":\"ListItem\",\"position\":2,\"name\":\"General Terms and Conditions of Sale\"}]},{\"@type\":\"WebSite\",\"@id\":\"https:\\\/\\\/miteytitan.com\\\/#website\",\"url\":\"https:\\\/\\\/miteytitan.com\\\/\",\"name\":\"Mitey Titan Industries Inc\",\"description\":\"The Future ||Is {{Mitey}}\",\"publisher\":{\"@id\":\"https:\\\/\\\/miteytitan.com\\\/#organization\"},\"potentialAction\":[{\"@type\":\"SearchAction\",\"target\":{\"@type\":\"EntryPoint\",\"urlTemplate\":\"https:\\\/\\\/miteytitan.com\\\/?s={search_term_string}\"},\"query-input\":{\"@type\":\"PropertyValueSpecification\",\"valueRequired\":true,\"valueName\":\"search_term_string\"}}],\"inLanguage\":\"fr-CA\"},{\"@type\":\"Organization\",\"@id\":\"https:\\\/\\\/miteytitan.com\\\/#organization\",\"name\":\"Mitey Titan Industries Inc\",\"url\":\"https:\\\/\\\/miteytitan.com\\\/\",\"logo\":{\"@type\":\"ImageObject\",\"inLanguage\":\"fr-CA\",\"@id\":\"https:\\\/\\\/miteytitan.com\\\/#\\\/schema\\\/logo\\\/image\\\/\",\"url\":\"https:\\\/\\\/miteytitan.com\\\/wp-content\\\/uploads\\\/2024\\\/08\\\/miteytitan_logo.png\",\"contentUrl\":\"https:\\\/\\\/miteytitan.com\\\/wp-content\\\/uploads\\\/2024\\\/08\\\/miteytitan_logo.png\",\"width\":256,\"height\":60,\"caption\":\"Mitey Titan Industries Inc\"},\"image\":{\"@id\":\"https:\\\/\\\/miteytitan.com\\\/#\\\/schema\\\/logo\\\/image\\\/\"},\"sameAs\":[\"https:\\\/\\\/www.facebook.com\\\/miteytitanindustriesinc\\\/\",\"https:\\\/\\\/www.linkedin.com\\\/company\\\/mitey-titan-industries-inc.\",\"https:\\\/\\\/www.instagram.com\\\/miteytitan\\\/\",\"https:\\\/\\\/www.youtube.com\\\/channel\\\/UCwfPhYcHE5oLLdR1hjuRKJQ\"]}]}<\/script>\n<!-- \/ Yoast SEO plugin. -->","yoast_head_json":{"title":"General Terms and Conditions of Sale - Mitey Titan Industries Inc","robots":{"index":"index","follow":"follow","max-snippet":"max-snippet:-1","max-image-preview":"max-image-preview:large","max-video-preview":"max-video-preview:-1"},"canonical":"https:\/\/miteytitan.com\/fr\/general-terms-and-conditions-of-sale\/","og_locale":"fr_CA","og_type":"article","og_title":"General Terms and Conditions of Sale - Mitey Titan Industries Inc","og_url":"https:\/\/miteytitan.com\/fr\/general-terms-and-conditions-of-sale\/","og_site_name":"Mitey Titan Industries Inc","article_publisher":"https:\/\/www.facebook.com\/miteytitanindustriesinc\/","article_modified_time":"2024-08-12T20:46:00+00:00","twitter_card":"summary_large_image","twitter_misc":{"Est. reading time":"1 minute"},"schema":{"@context":"https:\/\/schema.org","@graph":[{"@type":"WebPage","@id":"https:\/\/miteytitan.com\/general-terms-and-conditions-of-sale\/","url":"https:\/\/miteytitan.com\/general-terms-and-conditions-of-sale\/","name":"General Terms and Conditions of Sale - Mitey Titan Industries Inc","isPartOf":{"@id":"https:\/\/miteytitan.com\/#website"},"datePublished":"2019-07-18T20:15:46+00:00","dateModified":"2024-08-12T20:46:00+00:00","breadcrumb":{"@id":"https:\/\/miteytitan.com\/general-terms-and-conditions-of-sale\/#breadcrumb"},"inLanguage":"fr-CA","potentialAction":[{"@type":"ReadAction","target":["https:\/\/miteytitan.com\/general-terms-and-conditions-of-sale\/"]}]},{"@type":"BreadcrumbList","@id":"https:\/\/miteytitan.com\/general-terms-and-conditions-of-sale\/#breadcrumb","itemListElement":[{"@type":"ListItem","position":1,"name":"Home","item":"https:\/\/miteytitan.com\/"},{"@type":"ListItem","position":2,"name":"General Terms and Conditions of Sale"}]},{"@type":"WebSite","@id":"https:\/\/miteytitan.com\/#website","url":"https:\/\/miteytitan.com\/","name":"Mitey Titan Industries Inc","description":"L&#039;avenir || est {{Mitey}}","publisher":{"@id":"https:\/\/miteytitan.com\/#organization"},"potentialAction":[{"@type":"SearchAction","target":{"@type":"EntryPoint","urlTemplate":"https:\/\/miteytitan.com\/?s={search_term_string}"},"query-input":{"@type":"PropertyValueSpecification","valueRequired":true,"valueName":"search_term_string"}}],"inLanguage":"fr-CA"},{"@type":"Organization","@id":"https:\/\/miteytitan.com\/#organization","name":"Mitey Titan Industries Inc","url":"https:\/\/miteytitan.com\/","logo":{"@type":"ImageObject","inLanguage":"fr-CA","@id":"https:\/\/miteytitan.com\/#\/schema\/logo\/image\/","url":"https:\/\/miteytitan.com\/wp-content\/uploads\/2024\/08\/miteytitan_logo.png","contentUrl":"https:\/\/miteytitan.com\/wp-content\/uploads\/2024\/08\/miteytitan_logo.png","width":256,"height":60,"caption":"Mitey Titan Industries Inc"},"image":{"@id":"https:\/\/miteytitan.com\/#\/schema\/logo\/image\/"},"sameAs":["https:\/\/www.facebook.com\/miteytitanindustriesinc\/","https:\/\/www.linkedin.com\/company\/mitey-titan-industries-inc.","https:\/\/www.instagram.com\/miteytitan\/","https:\/\/www.youtube.com\/channel\/UCwfPhYcHE5oLLdR1hjuRKJQ"]}]}},"_links":{"self":[{"href":"https:\/\/miteytitan.com\/fr\/wp-json\/wp\/v2\/pages\/860","targetHints":{"allow":["GET"]}}],"collection":[{"href":"https:\/\/miteytitan.com\/fr\/wp-json\/wp\/v2\/pages"}],"about":[{"href":"https:\/\/miteytitan.com\/fr\/wp-json\/wp\/v2\/types\/page"}],"author":[{"embeddable":true,"href":"https:\/\/miteytitan.com\/fr\/wp-json\/wp\/v2\/users\/1"}],"replies":[{"embeddable":true,"href":"https:\/\/miteytitan.com\/fr\/wp-json\/wp\/v2\/comments?post=860"}],"version-history":[{"count":4,"href":"https:\/\/miteytitan.com\/fr\/wp-json\/wp\/v2\/pages\/860\/revisions"}],"predecessor-version":[{"id":13312,"href":"https:\/\/miteytitan.com\/fr\/wp-json\/wp\/v2\/pages\/860\/revisions\/13312"}],"wp:attachment":[{"href":"https:\/\/miteytitan.com\/fr\/wp-json\/wp\/v2\/media?parent=860"}],"curies":[{"name":"wp","href":"https:\/\/api.w.org\/{rel}","templated":true}]}}