{"id":785,"date":"2019-07-09T08:30:58","date_gmt":"2019-07-09T14:30:58","guid":{"rendered":"http:\/\/159.203.44.46\/?page_id=785"},"modified":"2024-08-12T14:42:46","modified_gmt":"2024-08-12T20:42:46","slug":"website-terms-of-use","status":"publish","type":"page","link":"https:\/\/miteytitan.com\/fr\/website-terms-of-use\/","title":{"rendered":"Conditions d&#039;utilisation du site Web"},"content":{"rendered":"<div class=\"section container\"><div class=\"section row dark row-side full\"><div class=\"col-sm-12\"><div class=\"col-inner\">      <div class=\"obj-content obj obj-content-style-0 py-40 py-md-60 py-lg-100\">\n        <div class=\"obj-inner-wrap\">\n                    <div class=\"obj-inner\">\n                                                                                      <p>Mitey Titan Industries Inc. (\u00ab Mitey Titan \u00bb) g\u00e8re ce site Web \u00e0 titre de service pour ses clients. En utilisant les sites Web d\u00e9tenus et exploit\u00e9s par Mitey Titan, vous acceptez de vous conformer et d&#039;\u00eatre li\u00e9 par les conditions d&#039;utilisation suivantes. Veuillez lire attentivement les conditions suivantes. Si vous n&#039;acceptez pas ces conditions, vous ne devez pas consulter les informations ni obtenir de documents \u00e0 partir de ce site.<\/p>\n<h3>Section 1. Acceptation de l&#039;accord<\/h3>\n<h4>1.01<\/h4>\n<p>Vous acceptez les termes et conditions d\u00e9crits dans le pr\u00e9sent Contrat d&#039;utilisation du site Web (\u00ab Contrat \u00bb) concernant le site Web de Mitey Titan et toute interface de compte client accessible \u00e0 partir de celui-ci (le \u00ab Site \u00bb).<\/p>\n<h4>1.02<\/h4>\n<p>Le pr\u00e9sent Contrat constitue l\u2019int\u00e9gralit\u00e9 et l\u2019unique accord entre Mitey Titan et un utilisateur du Site (\u00ab Utilisateur \u00bb), et remplace tous les accords, repr\u00e9sentations, garanties et ententes ant\u00e9rieurs ou contemporains concernant le Site et l\u2019objet du pr\u00e9sent Contrat.<\/p>\n<h4>1.03<\/h4>\n<p>Les utilisateurs s&#039;engagent \u00e0 consulter le pr\u00e9sent Accord avant de consulter toute information ou d&#039;obtenir tout document.<\/p>\n<h4>1.04<\/h4>\n<p>Nous pouvons modifier le pr\u00e9sent Contrat de temps \u00e0 autre sans pr\u00e9avis sp\u00e9cifique. Le Contrat le plus r\u00e9cent sera publi\u00e9 sur le Site et vous devez le consulter avant d&#039;utiliser le site.<\/p>\n<h3>Section 2. Droits d&#039;auteur<\/h3>\n<h4>2.01<\/h4>\n<p>Le contenu, l&#039;organisation, la collecte, la compilation, la traduction magn\u00e9tique, la conversion num\u00e9rique et d&#039;autres \u00e9l\u00e9ments li\u00e9s au Site sont prot\u00e9g\u00e9s par les droits d&#039;auteur, les marques de commerce et autres droits de propri\u00e9t\u00e9 (y compris, mais sans s&#039;y limiter, la propri\u00e9t\u00e9 intellectuelle) applicables.<\/p>\n<h4>2.02<\/h4>\n<p>La copie, la redistribution, l&#039;utilisation ou la publication par un Utilisateur de tout contenu ou de toute partie du Site, sauf dans les cas autoris\u00e9s par l&#039;Article 3, est strictement interdite.<\/p>\n<h4>2.03<\/h4>\n<p>L&#039;Utilisateur n&#039;acquiert aucun droit de propri\u00e9t\u00e9 sur aucun contenu ou document obtenu via le Site. La publication d&#039;informations ou de documents sur le Site ne constitue pas une renonciation \u00e0 un quelconque droit sur ces informations et documents.<\/p>\n<h3>Section 3. Droit d&#039;utilisation limit\u00e9<\/h3>\n<h4>3.01<\/h4>\n<p>La visualisation ou le t\u00e9l\u00e9chargement de tout contenu, formulaire ou document n&#039;accorde \u00e0 l&#039;Utilisateur qu&#039;une licence limit\u00e9e et non exclusive pour une utilisation uniquement par l&#039;Utilisateur pour son usage personnel et non pour une republication, une distribution, une cession, une sous-licence, une vente, une pr\u00e9paration d&#039;\u0153uvres d\u00e9riv\u00e9es ou toute autre utilisation.<\/p>\n<h4>3.02<\/h4>\n<p>Aucune partie de tout contenu, formulaire ou document ne peut \u00eatre reproduite sous quelque forme que ce soit ou incorpor\u00e9e dans un syst\u00e8me de recherche d&#039;informations, \u00e9lectronique ou m\u00e9canique, autrement que pour l&#039;usage personnel de l&#039;utilisateur (mais pas pour la revente ou la redistribution).<\/p>\n<h3>Section 4. Utilisation des contributions et des messages des utilisateurs<\/h3>\n<h4>4.01<\/h4>\n<p>Vous ne devez envoyer aucune information confidentielle \u00e0 Mitey Titan via le Site. Nous traiterons les questions, commentaires, conceptions et autres informations des utilisateurs re\u00e7ues via ce Site comme non confidentielles et pourrons reproduire, utiliser ou divulguer et distribuer ces \u00e9l\u00e9ments sans pr\u00e9avis ni obligation envers l&#039;Utilisateur, sous r\u00e9serve de la Politique de confidentialit\u00e9 de Mitey Titan.<\/p>\n<h4>4.02<\/h4>\n<p>Mitey Titan permet aux utilisateurs de lui soumettre des conceptions, des plans et des dessins (\u00ab Soumissions \u00bb) via le Site dans le cadre de son initiative \u00ab Soumettez votre id\u00e9e \u00bb. Mitey Titan renonce \u00e0 toute propri\u00e9t\u00e9 sur les Soumissions et utilisera les Soumissions uniquement sous licence accord\u00e9e par l&#039;Utilisateur. En effectuant une soumission, l&#039;Utilisateur accorde \u00e0 Mitey Titan une licence non exclusive pour stocker et reproduire la Soumission et pour utiliser la Soumission comme indiqu\u00e9 par l&#039;Utilisateur. L&#039;Utilisateur garantit et d\u00e9clare \u00e0 Mitey Titan qu&#039;il a le pouvoir d&#039;accorder une telle licence et accepte d&#039;indemniser et de d\u00e9gager Mitey Titan de toute responsabilit\u00e9 pour les r\u00e9clamations ou litiges de tiers r\u00e9sultant de la confiance de Mitey Titan dans cette d\u00e9claration. Les soumissions et toute information fournie via le Site ne seront pas trait\u00e9es comme des informations confidentielles.<\/p>\n<h3>Section 5. \u00c9dition, suppression et modification<\/h3>\n<h4>5.01<\/h4>\n<p>Mitey Titan se r\u00e9serve le droit, \u00e0 sa seule discr\u00e9tion, de modifier ou de supprimer tout document, information ou autre contenu apparaissant sur le site.<\/p>\n<h3>Section 6. Non transf\u00e9rable<\/h3>\n<h4>6.01<\/h4>\n<p>Le droit de l&#039;Utilisateur d&#039;utiliser le Site n&#039;est pas transf\u00e9rable. Tout mot de passe ou droit accord\u00e9 \u00e0 l&#039;Utilisateur pour obtenir un acc\u00e8s n&#039;est pas transf\u00e9rable.<\/p>\n<h3>Section 7. Clause de non-responsabilit\u00e9 et limitation de responsabilit\u00e9<\/h3>\n<h4>7.01<\/h4>\n<p>Nous avons essay\u00e9 d&#039;inclure des informations exactes, compl\u00e8tes et \u00e0 jour sur ce site Web. Cependant, nous ne donnons aucune garantie (expresse ou implicite) concernant ce site ou son contenu. Les informations contenues dans ce site sont fournies \u00ab EN L&#039;\u00c9TAT \u00bb. Nous d\u00e9clinons toute responsabilit\u00e9 quant \u00e0 leur utilisation ou leur mauvaise utilisation et n&#039;assumons aucune responsabilit\u00e9 envers vous ou tout tiers pour les cons\u00e9quences d&#039;\u00e9ventuelles erreurs ou omissions.<\/p>\n<h4>7.02<\/h4>\n<p>MITEY TITAN, SES SOCI\u00c9T\u00c9S AFFILI\u00c9ES ET LEURS DIRIGEANTS, ADMINISTRATEURS, EMPLOY\u00c9S OU AGENTS RESPECTIFS NE SERONT EN AUCUN CAS RESPONSABLES DE TOUT DOMMAGE DIRECT, CONS\u00c9CUTIF, ACCESSOIRE, INDIRECT OU SP\u00c9CIAL, DE QUELQUE NATURE QUE CE SOIT, OU DE TOUT AUTRE DOMMAGE, Y COMPRIS, SANS LIMITATION, CEUX D\u00c9COULANT DE TOUTE D\u00c9CISION PRISE OU ACTION ENTREPRISE PAR VOUS OU UN TIERS EN FONCTION DU CONTENU DE CE SITE, OU DE TOUTE INCAPACIT\u00c9 \u00c0 UTILISER TOUT CONTENU DE CE SITE, OU TOUTE AUTRE CAUSE ; ET M\u00caME SI CES DOMMAGES SONT CAUS\u00c9S PAR LA N\u00c9GLIGENCE DE MITEY TITAN OU DE SES FILIALES OU DE LEURS CONC\u00c9DANTS DE LICENCE, FOURNISSEURS DE SERVICES OU FOURNISSEURS RESPECTIFS, ET M\u00caME SI L&#039;UN D&#039;ENTRE EUX A \u00c9T\u00c9 INFORM\u00c9 DE LA PROBABILIT\u00c9 QUE DE TELS DOMMAGES SE PRODUISENT. CES LIMITATIONS ET EXCLUSIONS S&#039;APPLIQUERONT \u00c0 VOUS DANS TOUTE LA MESURE PERMISE PAR LA LOI APPLICABLE, DANS TOUTES LES ACTIONS DE TOUTE SORTE, QU&#039;ELLES SOIENT BAS\u00c9ES SUR UN CONTRAT, UN D\u00c9LIT (Y COMPRIS, SANS LIMITATION, LA N\u00c9GLIGENCE) OU TOUTE AUTRE TH\u00c9ORIE JURIDIQUE OU \u00c9QUITABLE. TOUTE CLAUSE D\u00c9CLAR\u00c9E INVALIDE SERA CONSID\u00c9R\u00c9E DISSOCIABLE ET N&#039;AFFECTERA PAS LA VALIDIT\u00c9 OU L&#039;EX\u00c9CUTION DU RESTE DES PR\u00c9SENTES CONDITIONS D&#039;UTILISATION.<\/p>\n<h3>Section 8. Indemnisation<\/h3>\n<h4>8.01<\/h4>\n<p>L&#039;utilisateur s&#039;engage \u00e0 indemniser, d\u00e9fendre et d\u00e9gager de toute responsabilit\u00e9 Mitey Titan, ses soci\u00e9t\u00e9s affili\u00e9es et leurs dirigeants, administrateurs, employ\u00e9s ou agents respectifs de toute responsabilit\u00e9, perte, r\u00e9clamation et d\u00e9pense, y compris les honoraires d&#039;avocat raisonnables, li\u00e9s \u00e0 la violation du pr\u00e9sent accord par un utilisateur ou \u00e0 l&#039;utilisation du site.<\/p>\n<h3>Article 9. Non-renonciation<\/h3>\n<h4>9.01<\/h4>\n<p>Le fait que Mitey Titan ne fasse pas respecter une disposition du pr\u00e9sent Contrat ne sera pas consid\u00e9r\u00e9 comme une renonciation \u00e0 cette disposition ni au droit de faire respecter cette disposition.<\/p>\n<h3>Section 10. Utilisation des informations<\/h3>\n<h4>10.01<\/h4>\n<p>Mitey Titan se r\u00e9serve le droit, et l&#039;utilisateur autorise Mitey Titan, \u00e0 utiliser et \u00e0 c\u00e9der toutes les informations concernant les utilisations du site par l&#039;utilisateur et toutes les informations fournies par l&#039;utilisateur de toute mani\u00e8re conforme \u00e0 la politique de confidentialit\u00e9 de Mitey Titan.<\/p>\n<h3>Article 11. Loi applicable et choix du tribunal comp\u00e9tent<\/h3>\n<h4>11.01<\/h4>\n<p>Les pr\u00e9sentes conditions g\u00e9n\u00e9rales sont r\u00e9gies, interpr\u00e9t\u00e9es et construites conform\u00e9ment aux lois de la province de l\u2019Alberta et aux lois f\u00e9d\u00e9rales du Canada applicables \u00e0 la province de l\u2019Alberta, sans \u00e9gard aux principes de conflits de lois qui imposeraient une loi d\u2019une autre juridiction.<\/p>\n<h4>11.02<\/h4>\n<p>Vous acceptez de vous soumettre irr\u00e9vocablement \u00e0 la comp\u00e9tence exclusive des tribunaux de la province de l&#039;Alberta concernant toutes les questions d\u00e9coulant des pr\u00e9sentes conditions g\u00e9n\u00e9rales ou relatives \u00e0 ce site Web. Vous renoncez par la pr\u00e9sente \u00e0 toute objection que vous pourriez avoir \u00e0 l&#039;encontre du tribunal comp\u00e9tent de la province de l&#039;Alberta.<\/p>\n<h3>Section 12. Liens vers d&#039;autres sites Web<\/h3>\n<h4>12.01<\/h4>\n<p>Ce site contient des liens vers d&#039;autres sites Web. Nous ne sommes pas responsables du contenu, de l&#039;exactitude ou des opinions exprim\u00e9es sur ces sites Web, et ces sites Web ne sont pas \u00e9tudi\u00e9s, surveill\u00e9s ou v\u00e9rifi\u00e9s pour leur exactitude ou leur exhaustivit\u00e9 par nos soins. L&#039;inclusion de tout site Web li\u00e9 n&#039;implique pas notre approbation ou notre soutien du site Web li\u00e9.<\/p>\n<h4>12.02<\/h4>\n<p>Si vous d\u00e9cidez de quitter notre site et d&#039;acc\u00e9der \u00e0 ces sites tiers, vous le faites \u00e0 vos propres risques.<\/p>\n                                                                                                    <\/div>\n                  <\/div>\n      <\/div>\n    <\/div><\/div><\/div><\/div>","protected":false},"excerpt":{"rendered":"Mitey Titan Industries Inc. (\u201cMitey Titan\u201d) maintains this Website as a service to its customers. By using Websites owned and operated by Mitey Titan you are agreeing to comply with and be bound by the following terms of use. Please review the following terms carefully. If you do not agree to these terms, you should [...]","protected":false},"author":1,"featured_media":0,"parent":0,"menu_order":8,"comment_status":"closed","ping_status":"closed","template":"","meta":{"_acf_changed":false,"om_disable_all_campaigns":false,"_monsterinsights_skip_tracking":false,"_monsterinsights_sitenote_active":false,"_monsterinsights_sitenote_note":"","_monsterinsights_sitenote_category":0,"footnotes":""},"class_list":["post-785","page","type-page","status-publish","hentry"],"acf":[],"aioseo_notices":[],"yoast_head":"<!-- This site is optimized with the Yoast SEO plugin v27.5 - https:\/\/yoast.com\/product\/yoast-seo-wordpress\/ -->\n<title>Website Terms of Use - Mitey Titan Industries Inc<\/title>\n<meta name=\"robots\" content=\"index, follow, max-snippet:-1, max-image-preview:large, max-video-preview:-1\" \/>\n<link rel=\"canonical\" href=\"https:\/\/miteytitan.com\/fr\/website-terms-of-use\/\" \/>\n<meta property=\"og:locale\" content=\"fr_CA\" \/>\n<meta property=\"og:type\" content=\"article\" \/>\n<meta property=\"og:title\" content=\"Website Terms of Use - Mitey Titan Industries Inc\" \/>\n<meta property=\"og:url\" content=\"https:\/\/miteytitan.com\/fr\/website-terms-of-use\/\" \/>\n<meta property=\"og:site_name\" content=\"Mitey Titan Industries Inc\" \/>\n<meta property=\"article:publisher\" content=\"https:\/\/www.facebook.com\/miteytitanindustriesinc\/\" \/>\n<meta property=\"article:modified_time\" content=\"2024-08-12T20:42:46+00:00\" \/>\n<meta name=\"twitter:card\" content=\"summary_large_image\" \/>\n<meta name=\"twitter:label1\" content=\"Est. reading time\" \/>\n\t<meta name=\"twitter:data1\" content=\"1 minute\" \/>\n<script type=\"application\/ld+json\" class=\"yoast-schema-graph\">{\"@context\":\"https:\\\/\\\/schema.org\",\"@graph\":[{\"@type\":\"WebPage\",\"@id\":\"https:\\\/\\\/miteytitan.com\\\/website-terms-of-use\\\/\",\"url\":\"https:\\\/\\\/miteytitan.com\\\/website-terms-of-use\\\/\",\"name\":\"Website Terms of Use - Mitey Titan Industries Inc\",\"isPartOf\":{\"@id\":\"https:\\\/\\\/miteytitan.com\\\/#website\"},\"datePublished\":\"2019-07-09T14:30:58+00:00\",\"dateModified\":\"2024-08-12T20:42:46+00:00\",\"breadcrumb\":{\"@id\":\"https:\\\/\\\/miteytitan.com\\\/website-terms-of-use\\\/#breadcrumb\"},\"inLanguage\":\"fr-CA\",\"potentialAction\":[{\"@type\":\"ReadAction\",\"target\":[\"https:\\\/\\\/miteytitan.com\\\/website-terms-of-use\\\/\"]}]},{\"@type\":\"BreadcrumbList\",\"@id\":\"https:\\\/\\\/miteytitan.com\\\/website-terms-of-use\\\/#breadcrumb\",\"itemListElement\":[{\"@type\":\"ListItem\",\"position\":1,\"name\":\"Home\",\"item\":\"https:\\\/\\\/miteytitan.com\\\/\"},{\"@type\":\"ListItem\",\"position\":2,\"name\":\"Website Terms of Use\"}]},{\"@type\":\"WebSite\",\"@id\":\"https:\\\/\\\/miteytitan.com\\\/#website\",\"url\":\"https:\\\/\\\/miteytitan.com\\\/\",\"name\":\"Mitey Titan Industries Inc\",\"description\":\"The Future ||Is {{Mitey}}\",\"publisher\":{\"@id\":\"https:\\\/\\\/miteytitan.com\\\/#organization\"},\"potentialAction\":[{\"@type\":\"SearchAction\",\"target\":{\"@type\":\"EntryPoint\",\"urlTemplate\":\"https:\\\/\\\/miteytitan.com\\\/?s={search_term_string}\"},\"query-input\":{\"@type\":\"PropertyValueSpecification\",\"valueRequired\":true,\"valueName\":\"search_term_string\"}}],\"inLanguage\":\"fr-CA\"},{\"@type\":\"Organization\",\"@id\":\"https:\\\/\\\/miteytitan.com\\\/#organization\",\"name\":\"Mitey Titan Industries Inc\",\"url\":\"https:\\\/\\\/miteytitan.com\\\/\",\"logo\":{\"@type\":\"ImageObject\",\"inLanguage\":\"fr-CA\",\"@id\":\"https:\\\/\\\/miteytitan.com\\\/#\\\/schema\\\/logo\\\/image\\\/\",\"url\":\"https:\\\/\\\/miteytitan.com\\\/wp-content\\\/uploads\\\/2024\\\/08\\\/miteytitan_logo.png\",\"contentUrl\":\"https:\\\/\\\/miteytitan.com\\\/wp-content\\\/uploads\\\/2024\\\/08\\\/miteytitan_logo.png\",\"width\":256,\"height\":60,\"caption\":\"Mitey Titan Industries Inc\"},\"image\":{\"@id\":\"https:\\\/\\\/miteytitan.com\\\/#\\\/schema\\\/logo\\\/image\\\/\"},\"sameAs\":[\"https:\\\/\\\/www.facebook.com\\\/miteytitanindustriesinc\\\/\",\"https:\\\/\\\/www.linkedin.com\\\/company\\\/mitey-titan-industries-inc.\",\"https:\\\/\\\/www.instagram.com\\\/miteytitan\\\/\",\"https:\\\/\\\/www.youtube.com\\\/channel\\\/UCwfPhYcHE5oLLdR1hjuRKJQ\"]}]}<\/script>\n<!-- \/ Yoast SEO plugin. -->","yoast_head_json":{"title":"Website Terms of Use - Mitey Titan Industries Inc","robots":{"index":"index","follow":"follow","max-snippet":"max-snippet:-1","max-image-preview":"max-image-preview:large","max-video-preview":"max-video-preview:-1"},"canonical":"https:\/\/miteytitan.com\/fr\/website-terms-of-use\/","og_locale":"fr_CA","og_type":"article","og_title":"Website Terms of Use - Mitey Titan Industries Inc","og_url":"https:\/\/miteytitan.com\/fr\/website-terms-of-use\/","og_site_name":"Mitey Titan Industries Inc","article_publisher":"https:\/\/www.facebook.com\/miteytitanindustriesinc\/","article_modified_time":"2024-08-12T20:42:46+00:00","twitter_card":"summary_large_image","twitter_misc":{"Est. reading time":"1 minute"},"schema":{"@context":"https:\/\/schema.org","@graph":[{"@type":"WebPage","@id":"https:\/\/miteytitan.com\/website-terms-of-use\/","url":"https:\/\/miteytitan.com\/website-terms-of-use\/","name":"Website Terms of Use - Mitey Titan Industries Inc","isPartOf":{"@id":"https:\/\/miteytitan.com\/#website"},"datePublished":"2019-07-09T14:30:58+00:00","dateModified":"2024-08-12T20:42:46+00:00","breadcrumb":{"@id":"https:\/\/miteytitan.com\/website-terms-of-use\/#breadcrumb"},"inLanguage":"fr-CA","potentialAction":[{"@type":"ReadAction","target":["https:\/\/miteytitan.com\/website-terms-of-use\/"]}]},{"@type":"BreadcrumbList","@id":"https:\/\/miteytitan.com\/website-terms-of-use\/#breadcrumb","itemListElement":[{"@type":"ListItem","position":1,"name":"Home","item":"https:\/\/miteytitan.com\/"},{"@type":"ListItem","position":2,"name":"Website Terms of Use"}]},{"@type":"WebSite","@id":"https:\/\/miteytitan.com\/#website","url":"https:\/\/miteytitan.com\/","name":"Mitey Titan Industries Inc","description":"L&#039;avenir || est {{Mitey}}","publisher":{"@id":"https:\/\/miteytitan.com\/#organization"},"potentialAction":[{"@type":"SearchAction","target":{"@type":"EntryPoint","urlTemplate":"https:\/\/miteytitan.com\/?s={search_term_string}"},"query-input":{"@type":"PropertyValueSpecification","valueRequired":true,"valueName":"search_term_string"}}],"inLanguage":"fr-CA"},{"@type":"Organization","@id":"https:\/\/miteytitan.com\/#organization","name":"Mitey Titan Industries Inc","url":"https:\/\/miteytitan.com\/","logo":{"@type":"ImageObject","inLanguage":"fr-CA","@id":"https:\/\/miteytitan.com\/#\/schema\/logo\/image\/","url":"https:\/\/miteytitan.com\/wp-content\/uploads\/2024\/08\/miteytitan_logo.png","contentUrl":"https:\/\/miteytitan.com\/wp-content\/uploads\/2024\/08\/miteytitan_logo.png","width":256,"height":60,"caption":"Mitey Titan Industries Inc"},"image":{"@id":"https:\/\/miteytitan.com\/#\/schema\/logo\/image\/"},"sameAs":["https:\/\/www.facebook.com\/miteytitanindustriesinc\/","https:\/\/www.linkedin.com\/company\/mitey-titan-industries-inc.","https:\/\/www.instagram.com\/miteytitan\/","https:\/\/www.youtube.com\/channel\/UCwfPhYcHE5oLLdR1hjuRKJQ"]}]}},"_links":{"self":[{"href":"https:\/\/miteytitan.com\/fr\/wp-json\/wp\/v2\/pages\/785","targetHints":{"allow":["GET"]}}],"collection":[{"href":"https:\/\/miteytitan.com\/fr\/wp-json\/wp\/v2\/pages"}],"about":[{"href":"https:\/\/miteytitan.com\/fr\/wp-json\/wp\/v2\/types\/page"}],"author":[{"embeddable":true,"href":"https:\/\/miteytitan.com\/fr\/wp-json\/wp\/v2\/users\/1"}],"replies":[{"embeddable":true,"href":"https:\/\/miteytitan.com\/fr\/wp-json\/wp\/v2\/comments?post=785"}],"version-history":[{"count":3,"href":"https:\/\/miteytitan.com\/fr\/wp-json\/wp\/v2\/pages\/785\/revisions"}],"predecessor-version":[{"id":13310,"href":"https:\/\/miteytitan.com\/fr\/wp-json\/wp\/v2\/pages\/785\/revisions\/13310"}],"wp:attachment":[{"href":"https:\/\/miteytitan.com\/fr\/wp-json\/wp\/v2\/media?parent=785"}],"curies":[{"name":"wp","href":"https:\/\/api.w.org\/{rel}","templated":true}]}}