{"id":3,"date":"2019-01-16T22:28:14","date_gmt":"2019-01-16T22:28:14","guid":{"rendered":"http:\/\/159.203.44.46\/?page_id=3"},"modified":"2024-08-12T12:54:58","modified_gmt":"2024-08-12T18:54:58","slug":"privacy-policy","status":"publish","type":"page","link":"https:\/\/miteytitan.com\/fr\/privacy-policy\/","title":{"rendered":"politique de confidentialit\u00e9"},"content":{"rendered":"<div class=\"section container\"><div class=\"section row dark row-side full\"><div class=\"col-sm-12\"><div class=\"col-inner\">      <div class=\"obj-content obj obj-content-style-0 py-40 py-md-60 py-lg-100\">\n        <div class=\"obj-inner-wrap\">\n                    <div class=\"obj-inner\">\n                                                                                      <p>Chez Mitey Titan Industries Inc. (\u00ab Mitey Titan \u00bb), nous nous engageons \u00e0 fournir \u00e0 nos clients un service exceptionnel. \u00c9tant donn\u00e9 que la fourniture de ce service implique la collecte, l\u2019utilisation et la divulgation de certains renseignements personnels sur nos clients, la protection de leurs renseignements personnels est l\u2019une de nos plus grandes priorit\u00e9s.<\/p>\n<p>Bien que nous ayons toujours respect\u00e9 la vie priv\u00e9e de nos clients et prot\u00e9g\u00e9 leurs renseignements personnels, nous avons renforc\u00e9 notre engagement \u00e0 prot\u00e9ger les renseignements personnels en vertu de la Personal Information Protection Act (PIPA) de l&#039;Alberta. La PIPA, qui est entr\u00e9e en vigueur le 2 juin 2005, \u00e9tablit les r\u00e8gles de base r\u00e9gissant la mani\u00e8re dont les entreprises albertaines peuvent recueillir, utiliser et divulguer des renseignements personnels.<\/p>\n<p>Nous informerons nos clients des raisons pour lesquelles et de la mani\u00e8re dont nous recueillons, utilisons et divulguons leurs renseignements personnels, obtiendrons leur consentement si n\u00e9cessaire et traiterons leurs renseignements personnels uniquement d\u2019une mani\u00e8re qu\u2019une personne raisonnable consid\u00e9rerait appropri\u00e9e dans les circonstances.<\/p>\n<p>Cette politique de confidentialit\u00e9, conforme \u00e0 la PIPA, d\u00e9crit les principes et pratiques que nous suivrons pour prot\u00e9ger les informations personnelles des clients. Notre engagement en mati\u00e8re de confidentialit\u00e9 comprend la garantie de l&#039;exactitude, de la confidentialit\u00e9 et de la s\u00e9curit\u00e9 des informations personnelles de nos clients et la possibilit\u00e9 pour nos clients de demander l&#039;acc\u00e8s et la communication de ces informations.<br \/>\ncorrection de leurs informations personnelles.<\/p>\n<h3>D\u00e9finitions<\/h3>\n<p><em><strong>Renseignements personnels<\/strong><\/em>\u00a0\u2013 d\u00e9signe les informations concernant une personne identifiable et peut inclure l&#039;adresse, le num\u00e9ro de t\u00e9l\u00e9phone ou les informations de carte de cr\u00e9dit d&#039;une personne. Les informations personnelles n&#039;incluent pas les coordonn\u00e9es professionnelles (d\u00e9crites ci-dessous).<\/p>\n<p><em><strong>Coordonn\u00e9es de l&#039;entreprise<\/strong><\/em>\u00a0\u2013 d\u00e9signe les informations qui permettraient de contacter une personne dans un lieu de travail et comprennent le nom, le poste ou le titre, le num\u00e9ro de t\u00e9l\u00e9phone professionnel, l&#039;adresse professionnelle, l&#039;adresse \u00e9lectronique professionnelle ou le num\u00e9ro de t\u00e9l\u00e9copieur professionnel. Les coordonn\u00e9es ne sont pas couvertes par la pr\u00e9sente politique ou par la PIPA.<\/p>\n<p><em><strong>Responsable de la protection de la vie priv\u00e9e<\/strong><\/em>\u00a0\u2013 d\u00e9signe la personne d\u00e9sign\u00e9e comme responsable de veiller \u00e0 ce que Mitey Titan se conforme \u00e0 cette politique et \u00e0 la PIPA.<\/p>\n<h3>Section 1. Collecte de renseignements personnels<\/h3>\n<h4>1.01<\/h4>\n<p>\u00c0 moins que les fins de la collecte de renseignements personnels ne soient \u00e9videntes et que le client fournisse volontairement ses renseignements personnels \u00e0 ces fins, nous communiquerons les fins pour lesquelles les renseignements personnels sont collect\u00e9s, oralement ou par \u00e9crit, avant ou au moment de la collecte.<\/p>\n<h4>1.02<\/h4>\n<p>Nous ne collecterons que les informations client n\u00e9cessaires pour atteindre les objectifs suivants\u00a0:<\/p>\n<ul>\n<li>Pour ouvrir et g\u00e9rer un compte (votre nom et votre email)<\/li>\n<li>Pour livrer les produits et services demand\u00e9s (votre adresse postale et vos informations de carte de cr\u00e9dit)<\/li>\n<li>Pour contacter nos clients dans le cadre d\u2019initiatives de collecte de fonds ;<\/li>\n<\/ul>\n<h3>Section 2. Consent<\/h3>\n<h4>2.01<\/h4>\n<p>Nous obtiendrons le consentement du client pour recueillir, utiliser ou divulguer des renseignements personnels (sauf lorsque, comme indiqu\u00e9 ci-dessous, nous sommes autoris\u00e9s \u00e0 le faire sans consentement).<\/p>\n<h4>2.02<\/h4>\n<p>Le consentement peut \u00eatre fourni par courrier \u00e9lectronique ou en contactant directement un repr\u00e9sentant autoris\u00e9 ou il peut \u00eatre implicite lorsque le but de la collecte, de l&#039;utilisation ou de la divulgation des renseignements personnels serait consid\u00e9r\u00e9 comme \u00e9vident et que le client fournit volontairement des renseignements personnels \u00e0 cette fin.<\/p>\n<h4>2.03<\/h4>\n<p>Le consentement peut \u00e9galement \u00eatre implicite lorsqu\u2019un client re\u00e7oit un avis et une possibilit\u00e9 raisonnable de refuser que ses renseignements personnels soient utilis\u00e9s aux fins \u00e9nonc\u00e9es \u00e0 l\u2019article 1.02 et que le client ne refuse pas.<\/p>\n<h4>2.04<\/h4>\n<p>Sous r\u00e9serve de certaines exceptions (par exemple, si les renseignements personnels sont n\u00e9cessaires pour fournir le service ou le produit, ou si le retrait du consentement entraverait l&#039;ex\u00e9cution d&#039;une obligation l\u00e9gale), les clients peuvent refuser ou retirer leur consentement \u00e0 ce que Mitey Titan utilise leurs renseignements personnels de certaines mani\u00e8res. La d\u00e9cision d&#039;un client de refuser ou de retirer son consentement \u00e0 certaines utilisations des renseignements personnels peut restreindre notre capacit\u00e9 \u00e0 fournir un service ou un produit particulier. Si tel est le cas, nous expliquerons la situation pour aider le client \u00e0 prendre sa d\u00e9cision.<\/p>\n<h4>2.05<\/h4>\n<p>Nous pouvons recueillir, utiliser ou divulguer des informations personnelles \u00e0 l&#039;insu du client ou sans son consentement dans les circonstances limit\u00e9es suivantes :<\/p>\n<ul>\n<li>Lorsque la collecte, l\u2019utilisation ou la divulgation de renseignements personnels est autoris\u00e9e ou requise par la loi;<\/li>\n<li>Lorsque les renseignements personnels sont disponibles aupr\u00e8s d\u2019une source publique (par exemple, un annuaire t\u00e9l\u00e9phonique)\u00a0;<\/li>\n<li>Lorsque nous avons besoin de conseils juridiques d\u2019un avocat ;<\/li>\n<li>Aux fins de recouvrement d\u2019une cr\u00e9ance;<\/li>\n<li>Pour nous prot\u00e9ger de la fraude ;<\/li>\n<li>Pour enqu\u00eater sur une violation anticip\u00e9e d&#039;un accord ou une infraction \u00e0 la loi<\/li>\n<\/ul>\n<h3>Section 3. Utilisation et divulgation des renseignements personnels<\/h3>\n<h4>3.01<\/h4>\n<p>Nous n&#039;utiliserons ou ne divulguerons les informations personnelles des clients que lorsque cela est n\u00e9cessaire pour atteindre les objectifs identifi\u00e9s au moment de la collecte ou \u00e0 des fins raisonnablement li\u00e9es \u00e0 ces objectifs, comme pour contacter nos clients au sujet d&#039;un \u00e9v\u00e9nement de collecte de fonds.<\/p>\n<h4>3.02<\/h4>\n<p>Nous n\u2019utiliserons ni ne divulguerons les informations personnelles des clients \u00e0 d\u2019autres fins, sauf si nous obtenons leur consentement pour le faire.<\/p>\n<h4>3.03<\/h4>\n<p>Nous ne vendrons pas de listes de clients ni d\u2019informations personnelles \u00e0 des tiers.<\/p>\n<h3>Section 4. Conservation des informations personnelles<\/h3>\n<h4>4.01<\/h4>\n<p>Si nous utilisons les informations personnelles du client pour prendre une d\u00e9cision qui affecte directement le client, nous conserverons ces informations personnelles pendant au moins un an afin que le client ait une possibilit\u00e9 raisonnable de demander l\u2019acc\u00e8s \u00e0 celles-ci.<\/p>\n<h4>4.02<\/h4>\n<p>Sous r\u00e9serve du paragraphe 4.01, nous conserverons les renseignements personnels des clients uniquement aussi longtemps que n\u00e9cessaire pour atteindre les objectifs identifi\u00e9s ou un objectif juridique ou commercial.<\/p>\n<h3>Section 5. Assurer l&#039;exactitude des renseignements personnels<\/h3>\n<h4>5.01<\/h4>\n<p>Nous d\u00e9ploierons des efforts raisonnables pour garantir que les informations personnelles des clients sont exactes et compl\u00e8tes lorsqu\u2019elles peuvent \u00eatre utilis\u00e9es pour prendre une d\u00e9cision concernant le client ou divulgu\u00e9es \u00e0 une autre organisation.<\/p>\n<h4>5.02<\/h4>\n<p>Les clients peuvent demander la correction de leurs informations personnelles afin de garantir leur exactitude et leur exhaustivit\u00e9. Une demande de correction d&#039;informations personnelles doit \u00eatre faite par \u00e9crit par courrier \u00e9lectronique et fournir suffisamment de d\u00e9tails pour identifier les informations personnelles et la correction demand\u00e9e.<\/p>\n<h4>5.03<\/h4>\n<p>Si les renseignements personnels s&#039;av\u00e8rent inexacts ou incomplets, nous les corrigerons comme il se doit et enverrons les renseignements corrig\u00e9s \u00e0 toute organisation \u00e0 laquelle nous avons divulgu\u00e9 les renseignements personnels au cours de l&#039;ann\u00e9e pr\u00e9c\u00e9dente. Si la correction n&#039;est pas effectu\u00e9e, nous noterons la demande de correction du client dans le dossier.<\/p>\n<h3>Section 6. Protection des informations personnelles<\/h3>\n<h4>6.01<\/h4>\n<p>Nous nous engageons \u00e0 assurer la s\u00e9curit\u00e9 des informations personnelles des clients afin de les prot\u00e9ger contre tout acc\u00e8s, collecte, utilisation, divulgation, copie, modification ou \u00e9limination non autoris\u00e9s ou tout risque similaire.<\/p>\n<h4>6.02<\/h4>\n<p>Les mesures de s\u00e9curit\u00e9 suivantes seront suivies pour garantir que les informations personnelles des clients sont correctement prot\u00e9g\u00e9es : mots de passe, restriction de l&#039;acc\u00e8s des employ\u00e9s aux informations personnelles selon le cas (c&#039;est-\u00e0-dire que seules les personnes qui ont besoin de savoir y auront acc\u00e8s) et exigence contractuelle de tout fournisseur de services de fournir des mesures de s\u00e9curit\u00e9 comparables.<\/p>\n<h4>6.03<\/h4>\n<p>Nous utiliserons des mesures de s\u00e9curit\u00e9 appropri\u00e9es lors de la destruction des informations personnelles des clients, telles que le d\u00e9chiquetage de documents et la suppression des informations stock\u00e9es \u00e9lectroniquement.<\/p>\n<h4>6.04<\/h4>\n<p>Nous r\u00e9viserons et mettrons continuellement \u00e0 jour nos politiques et contr\u00f4les de s\u00e9curit\u00e9 \u00e0 mesure que la technologie \u00e9volue afin de garantir la s\u00e9curit\u00e9 continue des informations personnelles.<\/p>\n<h3>Section 7. Acc\u00e8s des clients aux informations personnelles<\/h3>\n<h4>7.01<\/h4>\n<p>Les clients ont le droit d&#039;acc\u00e9der \u00e0 leurs informations personnelles, sous r\u00e9serve d&#039;exceptions limit\u00e9es :<\/p>\n<ul>\n<li>les informations r\u00e9v\u00e9leraient des renseignements personnels sur une autre personne;<\/li>\n<li>la divulgation des renseignements pourrait raisonnablement \u00eatre consid\u00e9r\u00e9e comme mena\u00e7ante pour la vie ou la s\u00e9curit\u00e9 d\u2019une autre personne; et<\/li>\n<li>les renseignements r\u00e9v\u00e9leraient l\u2019identit\u00e9 d\u2019une personne qui a donn\u00e9 son avis confidentiellement sur une autre personne et la personne qui donne son avis ne consent pas \u00e0 la divulgation de son identit\u00e9.<\/li>\n<\/ul>\n<h4>7.02<\/h4>\n<p>A request to access personal information must be made via email &#x74;&#x6f;\u00a0&#105;&#110;fo&#x40;&#x6d;&#x69;&#x74;&#101;&#121;ti&#x74;&#x61;&#x6e;&#x2e;&#99;&#111;m\u00a0and provide sufficient detail to identify the personal information being sought.<\/p>\n<h4>7.03<\/h4>\n<p>Sur demande, nous indiquerons \u00e9galement aux clients comment nous utilisons leurs informations personnelles et \u00e0 qui elles ont \u00e9t\u00e9 divulgu\u00e9es, le cas \u00e9ch\u00e9ant.<\/p>\n<h4>7.04<\/h4>\n<p>Nous mettrons \u00e0 disposition les informations demand\u00e9es dans un d\u00e9lai de 30 jours ouvrables ou fournirons un avis \u00e9crit d\u2019une prolongation si un d\u00e9lai suppl\u00e9mentaire est n\u00e9cessaire pour r\u00e9pondre \u00e0 la demande.<\/p>\n<h4>7.05<\/h4>\n<p>Des frais minimes peuvent \u00eatre factur\u00e9s pour l&#039;acc\u00e8s aux renseignements personnels. Lorsque des frais peuvent s&#039;appliquer, nous informerons le client du co\u00fbt et lui demanderons des instructions suppl\u00e9mentaires pour savoir si nous devons ou non donner suite \u00e0 sa demande.<\/p>\n<h4>7.06<\/h4>\n<p>Si une demande est refus\u00e9e en tout ou en partie, nous en informerons le client par \u00e9crit, en lui indiquant les motifs du refus et les recours dont il dispose.<\/p>\n<h3>Section 8. Questions et plaintes : le r\u00f4le du responsable de la protection de la vie priv\u00e9e ou de la personne d\u00e9sign\u00e9e<\/h3>\n<h4>8.01<\/h4>\n<p>Le responsable de la protection de la vie priv\u00e9e est charg\u00e9 de veiller \u00e0 la conformit\u00e9 de Mitey Titan avec cette politique et la Loi sur la protection des renseignements personnels.<\/p>\n<h4>8.02<\/h4>\n<p>Les clients doivent adresser par \u00e9crit toute plainte, pr\u00e9occupation ou question concernant la conformit\u00e9 de Mitey Titan au responsable de la protection de la vie priv\u00e9e. Si le responsable de la protection de la vie priv\u00e9e n&#039;est pas en mesure de r\u00e9soudre le probl\u00e8me, le client peut \u00e9galement \u00e9crire au commissaire \u00e0 l&#039;information et \u00e0 la protection de la vie priv\u00e9e de l&#039;Alberta.<\/p>\n<p>Coordonn\u00e9es du responsable de la confidentialit\u00e9 de Mitey Titan\u00a0:<br \/>\nATT : Responsable de la protection de la vie priv\u00e9e<br \/>\nCourriel : info@miteytitan.com<br \/>\nContact : (780)465-0910<\/p>\n                                                                                                    <\/div>\n                  <\/div>\n      <\/div>\n    <\/div><\/div><\/div><\/div>","protected":false},"excerpt":{"rendered":"At Mitey Titan Industries Inc. (\u201cMitey Titan\u201d), we are committed to providing our customers with exceptional service. As providing this service involves the collection, use and disclosure of some personal information about our customers, protecting their personal information is one of our highest priorities. While we have always respected our customer\u2019s privacy and safeguarded their [...]","protected":false},"author":1,"featured_media":0,"parent":0,"menu_order":17,"comment_status":"closed","ping_status":"closed","template":"","meta":{"_acf_changed":false,"om_disable_all_campaigns":false,"_monsterinsights_skip_tracking":false,"_monsterinsights_sitenote_active":false,"_monsterinsights_sitenote_note":"","_monsterinsights_sitenote_category":0,"footnotes":""},"class_list":["post-3","page","type-page","status-publish","hentry"],"acf":[],"aioseo_notices":[],"yoast_head":"<!-- This site is optimized with the Yoast SEO plugin v27.5 - https:\/\/yoast.com\/product\/yoast-seo-wordpress\/ -->\n<title>Privacy Policy - Mitey Titan Industries Inc<\/title>\n<meta name=\"robots\" content=\"index, follow, max-snippet:-1, max-image-preview:large, max-video-preview:-1\" \/>\n<link rel=\"canonical\" href=\"https:\/\/miteytitan.com\/fr\/privacy-policy\/\" \/>\n<meta property=\"og:locale\" content=\"fr_CA\" \/>\n<meta property=\"og:type\" content=\"article\" \/>\n<meta property=\"og:title\" content=\"Privacy Policy - Mitey Titan Industries Inc\" \/>\n<meta property=\"og:url\" content=\"https:\/\/miteytitan.com\/fr\/privacy-policy\/\" \/>\n<meta property=\"og:site_name\" content=\"Mitey Titan Industries Inc\" \/>\n<meta property=\"article:publisher\" content=\"https:\/\/www.facebook.com\/miteytitanindustriesinc\/\" \/>\n<meta property=\"article:modified_time\" content=\"2024-08-12T18:54:58+00:00\" \/>\n<meta name=\"twitter:card\" content=\"summary_large_image\" \/>\n<meta name=\"twitter:label1\" content=\"Est. reading time\" \/>\n\t<meta name=\"twitter:data1\" content=\"7 minutes\" \/>\n<script type=\"application\/ld+json\" class=\"yoast-schema-graph\">{\"@context\":\"https:\\\/\\\/schema.org\",\"@graph\":[{\"@type\":\"WebPage\",\"@id\":\"https:\\\/\\\/miteytitan.com\\\/privacy-policy\\\/\",\"url\":\"https:\\\/\\\/miteytitan.com\\\/privacy-policy\\\/\",\"name\":\"Privacy Policy - Mitey Titan Industries Inc\",\"isPartOf\":{\"@id\":\"https:\\\/\\\/miteytitan.com\\\/#website\"},\"datePublished\":\"2019-01-16T22:28:14+00:00\",\"dateModified\":\"2024-08-12T18:54:58+00:00\",\"breadcrumb\":{\"@id\":\"https:\\\/\\\/miteytitan.com\\\/privacy-policy\\\/#breadcrumb\"},\"inLanguage\":\"fr-CA\",\"potentialAction\":[{\"@type\":\"ReadAction\",\"target\":[\"https:\\\/\\\/miteytitan.com\\\/privacy-policy\\\/\"]}]},{\"@type\":\"BreadcrumbList\",\"@id\":\"https:\\\/\\\/miteytitan.com\\\/privacy-policy\\\/#breadcrumb\",\"itemListElement\":[{\"@type\":\"ListItem\",\"position\":1,\"name\":\"Home\",\"item\":\"https:\\\/\\\/miteytitan.com\\\/\"},{\"@type\":\"ListItem\",\"position\":2,\"name\":\"Privacy Policy\"}]},{\"@type\":\"WebSite\",\"@id\":\"https:\\\/\\\/miteytitan.com\\\/#website\",\"url\":\"https:\\\/\\\/miteytitan.com\\\/\",\"name\":\"Mitey Titan Industries Inc\",\"description\":\"The Future ||Is {{Mitey}}\",\"publisher\":{\"@id\":\"https:\\\/\\\/miteytitan.com\\\/#organization\"},\"potentialAction\":[{\"@type\":\"SearchAction\",\"target\":{\"@type\":\"EntryPoint\",\"urlTemplate\":\"https:\\\/\\\/miteytitan.com\\\/?s={search_term_string}\"},\"query-input\":{\"@type\":\"PropertyValueSpecification\",\"valueRequired\":true,\"valueName\":\"search_term_string\"}}],\"inLanguage\":\"fr-CA\"},{\"@type\":\"Organization\",\"@id\":\"https:\\\/\\\/miteytitan.com\\\/#organization\",\"name\":\"Mitey Titan Industries Inc\",\"url\":\"https:\\\/\\\/miteytitan.com\\\/\",\"logo\":{\"@type\":\"ImageObject\",\"inLanguage\":\"fr-CA\",\"@id\":\"https:\\\/\\\/miteytitan.com\\\/#\\\/schema\\\/logo\\\/image\\\/\",\"url\":\"https:\\\/\\\/miteytitan.com\\\/wp-content\\\/uploads\\\/2024\\\/08\\\/miteytitan_logo.png\",\"contentUrl\":\"https:\\\/\\\/miteytitan.com\\\/wp-content\\\/uploads\\\/2024\\\/08\\\/miteytitan_logo.png\",\"width\":256,\"height\":60,\"caption\":\"Mitey Titan Industries Inc\"},\"image\":{\"@id\":\"https:\\\/\\\/miteytitan.com\\\/#\\\/schema\\\/logo\\\/image\\\/\"},\"sameAs\":[\"https:\\\/\\\/www.facebook.com\\\/miteytitanindustriesinc\\\/\",\"https:\\\/\\\/www.linkedin.com\\\/company\\\/mitey-titan-industries-inc.\",\"https:\\\/\\\/www.instagram.com\\\/miteytitan\\\/\",\"https:\\\/\\\/www.youtube.com\\\/channel\\\/UCwfPhYcHE5oLLdR1hjuRKJQ\"]}]}<\/script>\n<!-- \/ Yoast SEO plugin. -->","yoast_head_json":{"title":"Politique de confidentialit\u00e9 - Mitey Titan Industries Inc.","robots":{"index":"index","follow":"follow","max-snippet":"max-snippet:-1","max-image-preview":"max-image-preview:large","max-video-preview":"max-video-preview:-1"},"canonical":"https:\/\/miteytitan.com\/fr\/privacy-policy\/","og_locale":"fr_CA","og_type":"article","og_title":"Privacy Policy - Mitey Titan Industries Inc","og_url":"https:\/\/miteytitan.com\/fr\/privacy-policy\/","og_site_name":"Mitey Titan Industries Inc","article_publisher":"https:\/\/www.facebook.com\/miteytitanindustriesinc\/","article_modified_time":"2024-08-12T18:54:58+00:00","twitter_card":"summary_large_image","twitter_misc":{"Est. reading time":"7 minutes"},"schema":{"@context":"https:\/\/schema.org","@graph":[{"@type":"WebPage","@id":"https:\/\/miteytitan.com\/privacy-policy\/","url":"https:\/\/miteytitan.com\/privacy-policy\/","name":"Politique de confidentialit\u00e9 - Mitey Titan Industries Inc.","isPartOf":{"@id":"https:\/\/miteytitan.com\/#website"},"datePublished":"2019-01-16T22:28:14+00:00","dateModified":"2024-08-12T18:54:58+00:00","breadcrumb":{"@id":"https:\/\/miteytitan.com\/privacy-policy\/#breadcrumb"},"inLanguage":"fr-CA","potentialAction":[{"@type":"ReadAction","target":["https:\/\/miteytitan.com\/privacy-policy\/"]}]},{"@type":"BreadcrumbList","@id":"https:\/\/miteytitan.com\/privacy-policy\/#breadcrumb","itemListElement":[{"@type":"ListItem","position":1,"name":"Home","item":"https:\/\/miteytitan.com\/"},{"@type":"ListItem","position":2,"name":"Privacy Policy"}]},{"@type":"WebSite","@id":"https:\/\/miteytitan.com\/#website","url":"https:\/\/miteytitan.com\/","name":"Mitey Titan Industries Inc","description":"L&#039;avenir || est {{Mitey}}","publisher":{"@id":"https:\/\/miteytitan.com\/#organization"},"potentialAction":[{"@type":"SearchAction","target":{"@type":"EntryPoint","urlTemplate":"https:\/\/miteytitan.com\/?s={search_term_string}"},"query-input":{"@type":"PropertyValueSpecification","valueRequired":true,"valueName":"search_term_string"}}],"inLanguage":"fr-CA"},{"@type":"Organization","@id":"https:\/\/miteytitan.com\/#organization","name":"Mitey Titan Industries Inc","url":"https:\/\/miteytitan.com\/","logo":{"@type":"ImageObject","inLanguage":"fr-CA","@id":"https:\/\/miteytitan.com\/#\/schema\/logo\/image\/","url":"https:\/\/miteytitan.com\/wp-content\/uploads\/2024\/08\/miteytitan_logo.png","contentUrl":"https:\/\/miteytitan.com\/wp-content\/uploads\/2024\/08\/miteytitan_logo.png","width":256,"height":60,"caption":"Mitey Titan Industries Inc"},"image":{"@id":"https:\/\/miteytitan.com\/#\/schema\/logo\/image\/"},"sameAs":["https:\/\/www.facebook.com\/miteytitanindustriesinc\/","https:\/\/www.linkedin.com\/company\/mitey-titan-industries-inc.","https:\/\/www.instagram.com\/miteytitan\/","https:\/\/www.youtube.com\/channel\/UCwfPhYcHE5oLLdR1hjuRKJQ"]}]}},"_links":{"self":[{"href":"https:\/\/miteytitan.com\/fr\/wp-json\/wp\/v2\/pages\/3","targetHints":{"allow":["GET"]}}],"collection":[{"href":"https:\/\/miteytitan.com\/fr\/wp-json\/wp\/v2\/pages"}],"about":[{"href":"https:\/\/miteytitan.com\/fr\/wp-json\/wp\/v2\/types\/page"}],"author":[{"embeddable":true,"href":"https:\/\/miteytitan.com\/fr\/wp-json\/wp\/v2\/users\/1"}],"replies":[{"embeddable":true,"href":"https:\/\/miteytitan.com\/fr\/wp-json\/wp\/v2\/comments?post=3"}],"version-history":[{"count":9,"href":"https:\/\/miteytitan.com\/fr\/wp-json\/wp\/v2\/pages\/3\/revisions"}],"predecessor-version":[{"id":13309,"href":"https:\/\/miteytitan.com\/fr\/wp-json\/wp\/v2\/pages\/3\/revisions\/13309"}],"wp:attachment":[{"href":"https:\/\/miteytitan.com\/fr\/wp-json\/wp\/v2\/media?parent=3"}],"curies":[{"name":"wp","href":"https:\/\/api.w.org\/{rel}","templated":true}]}}