{"id":14174,"date":"2026-02-04T20:34:35","date_gmt":"2026-02-05T03:34:35","guid":{"rendered":"https:\/\/miteytitan.com\/privacy\/"},"modified":"2026-02-04T20:34:35","modified_gmt":"2026-02-05T03:34:35","slug":"privacy","status":"publish","type":"page","link":"https:\/\/miteytitan.com\/fr\/privacy\/","title":{"rendered":"politique de confidentialit\u00e9"},"content":{"rendered":"<h2 class=\"wp-block-heading\">politique de confidentialit\u00e9<\/h2>\n\n\n<p>Cette politique de confidentialit\u00e9 d\u00e9crit comment nous recueillons, utilisons et prot\u00e9geons vos renseignements personnels lorsque vous utilisez notre site Web et nos services.<\/p>\n\n\n\n<h3 class=\"wp-block-heading\">1. Informations que nous recueillons<\/h3>\n\n\n\n<p>Nous recueillons les informations que vous nous fournissez directement, par exemple lorsque vous cr\u00e9ez un compte, effectuez un achat ou nous contactez pour obtenir de l&#039;aide. Ces informations peuvent inclure votre nom, votre adresse \u00e9lectronique, votre adresse postale, votre num\u00e9ro de t\u00e9l\u00e9phone et vos informations de paiement.<\/p>\n\n\n\n<h3 class=\"wp-block-heading\">2. Comment nous utilisons vos informations<\/h3>\n\n\n\n<p>Nous utilisons les informations que nous recueillons pour\u00a0:<\/p>\n\n\n\n<ul class=\"wp-block-list\">\n<li>Traiter et ex\u00e9cuter vos commandes<\/li>\n<li>Je vous envoie des confirmations de commande et des mises \u00e0 jour.<\/li>\n<li>R\u00e9pondre \u00e0 vos commentaires et questions<\/li>\n<li>Am\u00e9liorer notre site web et nos services<\/li>\n<li>Vous envoyer des communications marketing (avec votre consentement)<\/li>\n<\/ul>\n\n\n\n<h3 class=\"wp-block-heading\">3. Partage d&#039;informations<\/h3>\n\n\n\n<p>Nous ne vendons, n&#039;\u00e9changeons ni ne louons vos informations personnelles \u00e0 des tiers. Nous pouvons partager vos informations avec des prestataires de services qui nous aident \u00e0 exploiter notre site web et \u00e0 g\u00e9rer notre activit\u00e9, \u00e0 condition que ces derniers s&#039;engagent \u00e0 en pr\u00e9server la confidentialit\u00e9.<\/p>\n\n\n\n<h3 class=\"wp-block-heading\">4. S\u00e9curit\u00e9 des donn\u00e9es<\/h3>\n\n\n\n<p>Nous mettons en \u0153uvre des mesures de s\u00e9curit\u00e9 appropri\u00e9es pour prot\u00e9ger vos informations personnelles contre tout acc\u00e8s, modification, divulgation ou destruction non autoris\u00e9s.<\/p>\n\n\n\n<h3 class=\"wp-block-heading\">5. Vos droits<\/h3>\n\n\n\n<p>Vous avez le droit d&#039;acc\u00e9der \u00e0 vos donn\u00e9es personnelles, de les mettre \u00e0 jour ou de les supprimer \u00e0 tout moment. Vous pouvez \u00e9galement vous d\u00e9sinscrire de nos communications marketing.<\/p>\n\n\n\n<h3 class=\"wp-block-heading\">6. Cookies<\/h3>\n\n\n\n<p>Nous utilisons des cookies pour am\u00e9liorer votre exp\u00e9rience sur notre site web. Vous pouvez d\u00e9sactiver les cookies dans les param\u00e8tres de votre navigateur, mais cela pourrait affecter le fonctionnement du site.<\/p>\n\n\n\n<h3 class=\"wp-block-heading\">7. Modifications apport\u00e9es \u00e0 la pr\u00e9sente politique<\/h3>\n\n\n\n<p>Nous pouvons \u00eatre amen\u00e9s \u00e0 modifier cette politique de confidentialit\u00e9. Nous vous informerons de toute modification en publiant la nouvelle politique sur cette page.<\/p>\n\n\n\n<h3 class=\"wp-block-heading\">8. Contactez-nous<\/h3>\n\n\n\n<p>Si vous avez des questions concernant cette politique de confidentialit\u00e9, veuillez nous contacter.<\/p>","protected":false},"excerpt":{"rendered":"<p>Privacy Policy This privacy policy describes how we collect, use, and protect your personal information when you use our website and services.&hellip;<\/p>","protected":false},"author":151,"featured_media":0,"parent":0,"menu_order":0,"comment_status":"closed","ping_status":"closed","template":"","meta":{"_acf_changed":false,"om_disable_all_campaigns":false,"_monsterinsights_skip_tracking":false,"_monsterinsights_sitenote_active":false,"_monsterinsights_sitenote_note":"","_monsterinsights_sitenote_category":0,"footnotes":""},"class_list":["post-14174","page","type-page","status-publish","hentry"],"acf":[],"aioseo_notices":[],"yoast_head":"<!-- This site is optimized with the Yoast SEO plugin v27.5 - https:\/\/yoast.com\/product\/yoast-seo-wordpress\/ -->\n<title>Privacy Policy - Mitey Titan Industries Inc<\/title>\n<meta name=\"robots\" content=\"index, follow, max-snippet:-1, max-image-preview:large, max-video-preview:-1\" \/>\n<link rel=\"canonical\" href=\"https:\/\/miteytitan.com\/fr\/privacy\/\" \/>\n<meta property=\"og:locale\" content=\"fr_CA\" \/>\n<meta property=\"og:type\" content=\"article\" \/>\n<meta property=\"og:title\" content=\"Privacy Policy - Mitey Titan Industries Inc\" \/>\n<meta property=\"og:description\" content=\"Privacy Policy This privacy policy describes how we collect, use, and protect your personal information when you use our website and services.&hellip;\" \/>\n<meta property=\"og:url\" content=\"https:\/\/miteytitan.com\/fr\/privacy\/\" \/>\n<meta property=\"og:site_name\" content=\"Mitey Titan Industries Inc\" \/>\n<meta property=\"article:publisher\" content=\"https:\/\/www.facebook.com\/miteytitanindustriesinc\/\" \/>\n<meta name=\"twitter:card\" content=\"summary_large_image\" \/>\n<meta name=\"twitter:label1\" content=\"Est. reading time\" \/>\n\t<meta name=\"twitter:data1\" content=\"1 minute\" \/>\n<script type=\"application\/ld+json\" class=\"yoast-schema-graph\">{\"@context\":\"https:\\\/\\\/schema.org\",\"@graph\":[{\"@type\":\"WebPage\",\"@id\":\"https:\\\/\\\/miteytitan.com\\\/privacy\\\/\",\"url\":\"https:\\\/\\\/miteytitan.com\\\/privacy\\\/\",\"name\":\"Privacy Policy - Mitey Titan Industries Inc\",\"isPartOf\":{\"@id\":\"https:\\\/\\\/miteytitan.com\\\/#website\"},\"datePublished\":\"2026-02-05T03:34:35+00:00\",\"breadcrumb\":{\"@id\":\"https:\\\/\\\/miteytitan.com\\\/privacy\\\/#breadcrumb\"},\"inLanguage\":\"fr-CA\",\"potentialAction\":[{\"@type\":\"ReadAction\",\"target\":[\"https:\\\/\\\/miteytitan.com\\\/privacy\\\/\"]}]},{\"@type\":\"BreadcrumbList\",\"@id\":\"https:\\\/\\\/miteytitan.com\\\/privacy\\\/#breadcrumb\",\"itemListElement\":[{\"@type\":\"ListItem\",\"position\":1,\"name\":\"Home\",\"item\":\"https:\\\/\\\/miteytitan.com\\\/\"},{\"@type\":\"ListItem\",\"position\":2,\"name\":\"Privacy Policy\"}]},{\"@type\":\"WebSite\",\"@id\":\"https:\\\/\\\/miteytitan.com\\\/#website\",\"url\":\"https:\\\/\\\/miteytitan.com\\\/\",\"name\":\"Mitey Titan Industries Inc\",\"description\":\"The Future ||Is {{Mitey}}\",\"publisher\":{\"@id\":\"https:\\\/\\\/miteytitan.com\\\/#organization\"},\"potentialAction\":[{\"@type\":\"SearchAction\",\"target\":{\"@type\":\"EntryPoint\",\"urlTemplate\":\"https:\\\/\\\/miteytitan.com\\\/?s={search_term_string}\"},\"query-input\":{\"@type\":\"PropertyValueSpecification\",\"valueRequired\":true,\"valueName\":\"search_term_string\"}}],\"inLanguage\":\"fr-CA\"},{\"@type\":\"Organization\",\"@id\":\"https:\\\/\\\/miteytitan.com\\\/#organization\",\"name\":\"Mitey Titan Industries Inc\",\"url\":\"https:\\\/\\\/miteytitan.com\\\/\",\"logo\":{\"@type\":\"ImageObject\",\"inLanguage\":\"fr-CA\",\"@id\":\"https:\\\/\\\/miteytitan.com\\\/#\\\/schema\\\/logo\\\/image\\\/\",\"url\":\"https:\\\/\\\/miteytitan.com\\\/wp-content\\\/uploads\\\/2024\\\/08\\\/miteytitan_logo.png\",\"contentUrl\":\"https:\\\/\\\/miteytitan.com\\\/wp-content\\\/uploads\\\/2024\\\/08\\\/miteytitan_logo.png\",\"width\":256,\"height\":60,\"caption\":\"Mitey Titan Industries Inc\"},\"image\":{\"@id\":\"https:\\\/\\\/miteytitan.com\\\/#\\\/schema\\\/logo\\\/image\\\/\"},\"sameAs\":[\"https:\\\/\\\/www.facebook.com\\\/miteytitanindustriesinc\\\/\",\"https:\\\/\\\/www.linkedin.com\\\/company\\\/mitey-titan-industries-inc.\",\"https:\\\/\\\/www.instagram.com\\\/miteytitan\\\/\",\"https:\\\/\\\/www.youtube.com\\\/channel\\\/UCwfPhYcHE5oLLdR1hjuRKJQ\"]}]}<\/script>\n<!-- \/ Yoast SEO plugin. -->","yoast_head_json":{"title":"Politique de confidentialit\u00e9 - Mitey Titan Industries Inc.","robots":{"index":"index","follow":"follow","max-snippet":"max-snippet:-1","max-image-preview":"max-image-preview:large","max-video-preview":"max-video-preview:-1"},"canonical":"https:\/\/miteytitan.com\/fr\/privacy\/","og_locale":"fr_CA","og_type":"article","og_title":"Privacy Policy - Mitey Titan Industries Inc","og_description":"Privacy Policy This privacy policy describes how we collect, use, and protect your personal information when you use our website and services.&hellip;","og_url":"https:\/\/miteytitan.com\/fr\/privacy\/","og_site_name":"Mitey Titan Industries Inc","article_publisher":"https:\/\/www.facebook.com\/miteytitanindustriesinc\/","twitter_card":"summary_large_image","twitter_misc":{"Est. reading time":"1 minute"},"schema":{"@context":"https:\/\/schema.org","@graph":[{"@type":"WebPage","@id":"https:\/\/miteytitan.com\/privacy\/","url":"https:\/\/miteytitan.com\/privacy\/","name":"Politique de confidentialit\u00e9 - Mitey Titan Industries Inc.","isPartOf":{"@id":"https:\/\/miteytitan.com\/#website"},"datePublished":"2026-02-05T03:34:35+00:00","breadcrumb":{"@id":"https:\/\/miteytitan.com\/privacy\/#breadcrumb"},"inLanguage":"fr-CA","potentialAction":[{"@type":"ReadAction","target":["https:\/\/miteytitan.com\/privacy\/"]}]},{"@type":"BreadcrumbList","@id":"https:\/\/miteytitan.com\/privacy\/#breadcrumb","itemListElement":[{"@type":"ListItem","position":1,"name":"Home","item":"https:\/\/miteytitan.com\/"},{"@type":"ListItem","position":2,"name":"Privacy Policy"}]},{"@type":"WebSite","@id":"https:\/\/miteytitan.com\/#website","url":"https:\/\/miteytitan.com\/","name":"Mitey Titan Industries Inc","description":"L&#039;avenir || est {{Mitey}}","publisher":{"@id":"https:\/\/miteytitan.com\/#organization"},"potentialAction":[{"@type":"SearchAction","target":{"@type":"EntryPoint","urlTemplate":"https:\/\/miteytitan.com\/?s={search_term_string}"},"query-input":{"@type":"PropertyValueSpecification","valueRequired":true,"valueName":"search_term_string"}}],"inLanguage":"fr-CA"},{"@type":"Organization","@id":"https:\/\/miteytitan.com\/#organization","name":"Mitey Titan Industries Inc","url":"https:\/\/miteytitan.com\/","logo":{"@type":"ImageObject","inLanguage":"fr-CA","@id":"https:\/\/miteytitan.com\/#\/schema\/logo\/image\/","url":"https:\/\/miteytitan.com\/wp-content\/uploads\/2024\/08\/miteytitan_logo.png","contentUrl":"https:\/\/miteytitan.com\/wp-content\/uploads\/2024\/08\/miteytitan_logo.png","width":256,"height":60,"caption":"Mitey Titan Industries Inc"},"image":{"@id":"https:\/\/miteytitan.com\/#\/schema\/logo\/image\/"},"sameAs":["https:\/\/www.facebook.com\/miteytitanindustriesinc\/","https:\/\/www.linkedin.com\/company\/mitey-titan-industries-inc.","https:\/\/www.instagram.com\/miteytitan\/","https:\/\/www.youtube.com\/channel\/UCwfPhYcHE5oLLdR1hjuRKJQ"]}]}},"_links":{"self":[{"href":"https:\/\/miteytitan.com\/fr\/wp-json\/wp\/v2\/pages\/14174","targetHints":{"allow":["GET"]}}],"collection":[{"href":"https:\/\/miteytitan.com\/fr\/wp-json\/wp\/v2\/pages"}],"about":[{"href":"https:\/\/miteytitan.com\/fr\/wp-json\/wp\/v2\/types\/page"}],"author":[{"embeddable":true,"href":"https:\/\/miteytitan.com\/fr\/wp-json\/wp\/v2\/users\/151"}],"replies":[{"embeddable":true,"href":"https:\/\/miteytitan.com\/fr\/wp-json\/wp\/v2\/comments?post=14174"}],"version-history":[{"count":0,"href":"https:\/\/miteytitan.com\/fr\/wp-json\/wp\/v2\/pages\/14174\/revisions"}],"wp:attachment":[{"href":"https:\/\/miteytitan.com\/fr\/wp-json\/wp\/v2\/media?parent=14174"}],"curies":[{"name":"wp","href":"https:\/\/api.w.org\/{rel}","templated":true}]}}