{"id":14173,"date":"2026-02-04T20:34:33","date_gmt":"2026-02-05T03:34:33","guid":{"rendered":"https:\/\/miteytitan.com\/terms\/"},"modified":"2026-02-04T20:34:33","modified_gmt":"2026-02-05T03:34:33","slug":"terms","status":"publish","type":"page","link":"https:\/\/miteytitan.com\/fr\/terms\/","title":{"rendered":"Termes et conditions"},"content":{"rendered":"<h2 class=\"wp-block-heading\">Termes et conditions<\/h2>\n\n\n<p>Veuillez lire attentivement les pr\u00e9sentes conditions g\u00e9n\u00e9rales avant d&#039;utiliser notre site web et nos services.<\/p>\n\n\n\n<h3 class=\"wp-block-heading\">1. Acceptation des conditions<\/h3>\n\n\n\n<p>En acc\u00e9dant \u00e0 ce site Web et en l&#039;utilisant, vous acceptez d&#039;\u00eatre li\u00e9 par les termes et dispositions du pr\u00e9sent accord.<\/p>\n\n\n\n<h3 class=\"wp-block-heading\">2. Licence d&#039;utilisation<\/h3>\n\n\n\n<p>L&#039;autorisation est accord\u00e9e de t\u00e9l\u00e9charger temporairement une copie des documents pr\u00e9sents sur ce site web pour une consultation personnelle et non commerciale.<\/p>\n\n\n\n<h3 class=\"wp-block-heading\">3. Clause de non-responsabilit\u00e9<\/h3>\n\n\n\n<p>Les informations pr\u00e9sentes sur ce site web sont fournies \u00ab\u00a0en l\u2019\u00e9tat\u00a0\u00bb. Nous n\u2019offrons aucune garantie, expresse ou implicite, et d\u00e9clinons par la pr\u00e9sente toute autre garantie, y compris, sans limitation, les garanties ou conditions implicites de qualit\u00e9 marchande, d\u2019ad\u00e9quation \u00e0 un usage particulier ou d\u2019absence de contrefa\u00e7on de propri\u00e9t\u00e9 intellectuelle ou autre violation de droits.<\/p>\n\n\n\n<h3 class=\"wp-block-heading\">4. Limitations<\/h3>\n\n\n\n<p>En aucun cas, nous ou nos fournisseurs ne serons responsables des dommages (y compris, sans limitation, les dommages pour perte de donn\u00e9es ou de profits, ou dus \u00e0 une interruption d&#039;activit\u00e9) d\u00e9coulant de l&#039;utilisation ou de l&#039;incapacit\u00e9 d&#039;utiliser les \u00e9l\u00e9ments de ce site Web.<\/p>\n\n\n\n<h3 class=\"wp-block-heading\">5. R\u00e9visions<\/h3>\n\n\n\n<p>Nous pouvons modifier ces conditions d&#039;utilisation \u00e0 tout moment et sans pr\u00e9avis. En utilisant ce site web, vous acceptez d&#039;\u00eatre li\u00e9 par la version en vigueur de ces conditions d&#039;utilisation.<\/p>\n\n\n\n<h3 class=\"wp-block-heading\">6. Informations de contact<\/h3>\n\n\n\n<p>Si vous avez des questions concernant ces conditions g\u00e9n\u00e9rales, veuillez nous contacter.<\/p>","protected":false},"excerpt":{"rendered":"<p>Terms and Conditions Please read these terms and conditions carefully before using our website and services. 1. Acceptance of Terms By accessing&hellip;<\/p>","protected":false},"author":151,"featured_media":0,"parent":0,"menu_order":0,"comment_status":"closed","ping_status":"closed","template":"","meta":{"_acf_changed":false,"om_disable_all_campaigns":false,"_monsterinsights_skip_tracking":false,"_monsterinsights_sitenote_active":false,"_monsterinsights_sitenote_note":"","_monsterinsights_sitenote_category":0,"footnotes":""},"class_list":["post-14173","page","type-page","status-publish","hentry"],"acf":[],"aioseo_notices":[],"yoast_head":"<!-- This site is optimized with the Yoast SEO plugin v27.5 - https:\/\/yoast.com\/product\/yoast-seo-wordpress\/ -->\n<title>Terms and Conditions - Mitey Titan Industries Inc<\/title>\n<meta name=\"robots\" content=\"index, follow, max-snippet:-1, max-image-preview:large, max-video-preview:-1\" \/>\n<link rel=\"canonical\" href=\"https:\/\/miteytitan.com\/fr\/terms\/\" \/>\n<meta property=\"og:locale\" content=\"fr_CA\" \/>\n<meta property=\"og:type\" content=\"article\" \/>\n<meta property=\"og:title\" content=\"Terms and Conditions - Mitey Titan Industries Inc\" \/>\n<meta property=\"og:description\" content=\"Terms and Conditions Please read these terms and conditions carefully before using our website and services. 1. Acceptance of Terms By accessing&hellip;\" \/>\n<meta property=\"og:url\" content=\"https:\/\/miteytitan.com\/fr\/terms\/\" \/>\n<meta property=\"og:site_name\" content=\"Mitey Titan Industries Inc\" \/>\n<meta property=\"article:publisher\" content=\"https:\/\/www.facebook.com\/miteytitanindustriesinc\/\" \/>\n<meta name=\"twitter:card\" content=\"summary_large_image\" \/>\n<meta name=\"twitter:label1\" content=\"Est. reading time\" \/>\n\t<meta name=\"twitter:data1\" content=\"1 minute\" \/>\n<script type=\"application\/ld+json\" class=\"yoast-schema-graph\">{\"@context\":\"https:\\\/\\\/schema.org\",\"@graph\":[{\"@type\":\"WebPage\",\"@id\":\"https:\\\/\\\/miteytitan.com\\\/terms\\\/\",\"url\":\"https:\\\/\\\/miteytitan.com\\\/terms\\\/\",\"name\":\"Terms and Conditions - Mitey Titan Industries Inc\",\"isPartOf\":{\"@id\":\"https:\\\/\\\/miteytitan.com\\\/#website\"},\"datePublished\":\"2026-02-05T03:34:33+00:00\",\"breadcrumb\":{\"@id\":\"https:\\\/\\\/miteytitan.com\\\/terms\\\/#breadcrumb\"},\"inLanguage\":\"fr-CA\",\"potentialAction\":[{\"@type\":\"ReadAction\",\"target\":[\"https:\\\/\\\/miteytitan.com\\\/terms\\\/\"]}]},{\"@type\":\"BreadcrumbList\",\"@id\":\"https:\\\/\\\/miteytitan.com\\\/terms\\\/#breadcrumb\",\"itemListElement\":[{\"@type\":\"ListItem\",\"position\":1,\"name\":\"Home\",\"item\":\"https:\\\/\\\/miteytitan.com\\\/\"},{\"@type\":\"ListItem\",\"position\":2,\"name\":\"Terms and Conditions\"}]},{\"@type\":\"WebSite\",\"@id\":\"https:\\\/\\\/miteytitan.com\\\/#website\",\"url\":\"https:\\\/\\\/miteytitan.com\\\/\",\"name\":\"Mitey Titan Industries Inc\",\"description\":\"The Future ||Is {{Mitey}}\",\"publisher\":{\"@id\":\"https:\\\/\\\/miteytitan.com\\\/#organization\"},\"potentialAction\":[{\"@type\":\"SearchAction\",\"target\":{\"@type\":\"EntryPoint\",\"urlTemplate\":\"https:\\\/\\\/miteytitan.com\\\/?s={search_term_string}\"},\"query-input\":{\"@type\":\"PropertyValueSpecification\",\"valueRequired\":true,\"valueName\":\"search_term_string\"}}],\"inLanguage\":\"fr-CA\"},{\"@type\":\"Organization\",\"@id\":\"https:\\\/\\\/miteytitan.com\\\/#organization\",\"name\":\"Mitey Titan Industries Inc\",\"url\":\"https:\\\/\\\/miteytitan.com\\\/\",\"logo\":{\"@type\":\"ImageObject\",\"inLanguage\":\"fr-CA\",\"@id\":\"https:\\\/\\\/miteytitan.com\\\/#\\\/schema\\\/logo\\\/image\\\/\",\"url\":\"https:\\\/\\\/miteytitan.com\\\/wp-content\\\/uploads\\\/2024\\\/08\\\/miteytitan_logo.png\",\"contentUrl\":\"https:\\\/\\\/miteytitan.com\\\/wp-content\\\/uploads\\\/2024\\\/08\\\/miteytitan_logo.png\",\"width\":256,\"height\":60,\"caption\":\"Mitey Titan Industries Inc\"},\"image\":{\"@id\":\"https:\\\/\\\/miteytitan.com\\\/#\\\/schema\\\/logo\\\/image\\\/\"},\"sameAs\":[\"https:\\\/\\\/www.facebook.com\\\/miteytitanindustriesinc\\\/\",\"https:\\\/\\\/www.linkedin.com\\\/company\\\/mitey-titan-industries-inc.\",\"https:\\\/\\\/www.instagram.com\\\/miteytitan\\\/\",\"https:\\\/\\\/www.youtube.com\\\/channel\\\/UCwfPhYcHE5oLLdR1hjuRKJQ\"]}]}<\/script>\n<!-- \/ Yoast SEO plugin. -->","yoast_head_json":{"title":"Terms and Conditions - Mitey Titan Industries Inc","robots":{"index":"index","follow":"follow","max-snippet":"max-snippet:-1","max-image-preview":"max-image-preview:large","max-video-preview":"max-video-preview:-1"},"canonical":"https:\/\/miteytitan.com\/fr\/terms\/","og_locale":"fr_CA","og_type":"article","og_title":"Terms and Conditions - Mitey Titan Industries Inc","og_description":"Terms and Conditions Please read these terms and conditions carefully before using our website and services. 1. Acceptance of Terms By accessing&hellip;","og_url":"https:\/\/miteytitan.com\/fr\/terms\/","og_site_name":"Mitey Titan Industries Inc","article_publisher":"https:\/\/www.facebook.com\/miteytitanindustriesinc\/","twitter_card":"summary_large_image","twitter_misc":{"Est. reading time":"1 minute"},"schema":{"@context":"https:\/\/schema.org","@graph":[{"@type":"WebPage","@id":"https:\/\/miteytitan.com\/terms\/","url":"https:\/\/miteytitan.com\/terms\/","name":"Terms and Conditions - Mitey Titan Industries Inc","isPartOf":{"@id":"https:\/\/miteytitan.com\/#website"},"datePublished":"2026-02-05T03:34:33+00:00","breadcrumb":{"@id":"https:\/\/miteytitan.com\/terms\/#breadcrumb"},"inLanguage":"fr-CA","potentialAction":[{"@type":"ReadAction","target":["https:\/\/miteytitan.com\/terms\/"]}]},{"@type":"BreadcrumbList","@id":"https:\/\/miteytitan.com\/terms\/#breadcrumb","itemListElement":[{"@type":"ListItem","position":1,"name":"Home","item":"https:\/\/miteytitan.com\/"},{"@type":"ListItem","position":2,"name":"Terms and Conditions"}]},{"@type":"WebSite","@id":"https:\/\/miteytitan.com\/#website","url":"https:\/\/miteytitan.com\/","name":"Mitey Titan Industries Inc","description":"L&#039;avenir || est {{Mitey}}","publisher":{"@id":"https:\/\/miteytitan.com\/#organization"},"potentialAction":[{"@type":"SearchAction","target":{"@type":"EntryPoint","urlTemplate":"https:\/\/miteytitan.com\/?s={search_term_string}"},"query-input":{"@type":"PropertyValueSpecification","valueRequired":true,"valueName":"search_term_string"}}],"inLanguage":"fr-CA"},{"@type":"Organization","@id":"https:\/\/miteytitan.com\/#organization","name":"Mitey Titan Industries Inc","url":"https:\/\/miteytitan.com\/","logo":{"@type":"ImageObject","inLanguage":"fr-CA","@id":"https:\/\/miteytitan.com\/#\/schema\/logo\/image\/","url":"https:\/\/miteytitan.com\/wp-content\/uploads\/2024\/08\/miteytitan_logo.png","contentUrl":"https:\/\/miteytitan.com\/wp-content\/uploads\/2024\/08\/miteytitan_logo.png","width":256,"height":60,"caption":"Mitey Titan Industries Inc"},"image":{"@id":"https:\/\/miteytitan.com\/#\/schema\/logo\/image\/"},"sameAs":["https:\/\/www.facebook.com\/miteytitanindustriesinc\/","https:\/\/www.linkedin.com\/company\/mitey-titan-industries-inc.","https:\/\/www.instagram.com\/miteytitan\/","https:\/\/www.youtube.com\/channel\/UCwfPhYcHE5oLLdR1hjuRKJQ"]}]}},"_links":{"self":[{"href":"https:\/\/miteytitan.com\/fr\/wp-json\/wp\/v2\/pages\/14173","targetHints":{"allow":["GET"]}}],"collection":[{"href":"https:\/\/miteytitan.com\/fr\/wp-json\/wp\/v2\/pages"}],"about":[{"href":"https:\/\/miteytitan.com\/fr\/wp-json\/wp\/v2\/types\/page"}],"author":[{"embeddable":true,"href":"https:\/\/miteytitan.com\/fr\/wp-json\/wp\/v2\/users\/151"}],"replies":[{"embeddable":true,"href":"https:\/\/miteytitan.com\/fr\/wp-json\/wp\/v2\/comments?post=14173"}],"version-history":[{"count":0,"href":"https:\/\/miteytitan.com\/fr\/wp-json\/wp\/v2\/pages\/14173\/revisions"}],"wp:attachment":[{"href":"https:\/\/miteytitan.com\/fr\/wp-json\/wp\/v2\/media?parent=14173"}],"curies":[{"name":"wp","href":"https:\/\/api.w.org\/{rel}","templated":true}]}}