{"id":13555,"date":"2024-09-04T17:43:20","date_gmt":"2024-09-04T23:43:20","guid":{"rendered":"http:\/\/159.203.44.46\/?page_id=13555"},"modified":"2024-09-05T11:42:00","modified_gmt":"2024-09-05T17:42:00","slug":"site-map","status":"publish","type":"page","link":"https:\/\/miteytitan.com\/fr\/site-map\/","title":{"rendered":"Plan du site"},"content":{"rendered":"<div class=\"section container\"><div class=\"section row dark row-side full\"><div class=\"col-sm-12\"><div class=\"col-inner\">      <div class=\"obj-content obj obj-content-style-0 py-40 py-md-60 py-lg-100\">\n        <div class=\"obj-inner-wrap\">\n                    <div class=\"obj-inner\">\n                                                                                      <div class=\"wsp-container\">\n<h2 class=\"wsp-pages-title\">Pages<\/h2>\n<ul class=\"wsp-pages-list\">\n<li class=\"page_item page-item-14174\"><a href=\"https:\/\/miteytitan.com\/fr\/privacy\/\">politique de confidentialit\u00e9<\/a><\/li>\n<li class=\"page_item page-item-13555\"><a href=\"https:\/\/miteytitan.com\/fr\/site-map\/\">Plan du site<\/a><\/li>\n<li class=\"page_item page-item-14173\"><a href=\"https:\/\/miteytitan.com\/fr\/terms\/\">Termes et conditions<\/a><\/li>\n<li class=\"page_item page-item-13540 page_item_has_children\"><a href=\"https:\/\/miteytitan.com\/fr\/positive-air-shutoff-valves\/\">Vannes d&#039;arr\u00eat d&#039;air positives<\/a>\n<ul class='children'>\n<li class=\"page_item page-item-13587\"><a href=\"https:\/\/miteytitan.com\/fr\/positive-air-shutoff-valves\/products\/\">S\u00e9curit\u00e9 des moteurs diesel<\/a><\/li>\n<\/ul>\n<\/li>\n<li class=\"page_item page-item-13601 page_item_has_children\"><a href=\"https:\/\/miteytitan.com\/fr\/offshore\/\">Extrac\u00f4tier<\/a>\n<ul class='children'>\n<li class=\"page_item page-item-13607\"><a href=\"https:\/\/miteytitan.com\/fr\/offshore\/products\/\">Produits<\/a><\/li>\n<\/ul>\n<\/li>\n<li class=\"page_item page-item-13405 page_item_has_children\"><a href=\"https:\/\/miteytitan.com\/fr\/onshore\/\">\u00c0 terre<\/a>\n<ul class='children'>\n<li class=\"page_item page-item-13476\"><a href=\"https:\/\/miteytitan.com\/fr\/onshore\/products\/\">Produits<\/a><\/li>\n<\/ul>\n<\/li>\n<li class=\"page_item page-item-13353\"><a href=\"https:\/\/miteytitan.com\/fr\/our-group\/\">Notre Groupe<\/a><\/li>\n<li class=\"page_item page-item-10586\"><a href=\"https:\/\/miteytitan.com\/fr\/careers\/\">Carri\u00e8res<\/a><\/li>\n<li class=\"page_item page-item-860\"><a href=\"https:\/\/miteytitan.com\/fr\/general-terms-and-conditions-of-sale\/\">Conditions G\u00e9n\u00e9rales de Vente<\/a><\/li>\n<li class=\"page_item page-item-785\"><a href=\"https:\/\/miteytitan.com\/fr\/website-terms-of-use\/\">Conditions d&#039;utilisation du site Web<\/a><\/li>\n<li class=\"page_item page-item-714\"><a href=\"https:\/\/miteytitan.com\/fr\/returns\/\">Retours<\/a><\/li>\n<li class=\"page_item page-item-163\"><a href=\"https:\/\/miteytitan.com\/fr\/contact\/\">Contact<\/a><\/li>\n<li class=\"page_item page-item-123\"><a href=\"https:\/\/miteytitan.com\/fr\/services\/\">Nos services<\/a><\/li>\n<li class=\"page_item page-item-65\"><a href=\"https:\/\/miteytitan.com\/fr\/search\/\">Trouver des manuels et des brochures<\/a><\/li>\n<li class=\"page_item page-item-8\"><a href=\"https:\/\/miteytitan.com\/fr\/my-account\/\">Mon compte<\/a><\/li>\n<li class=\"page_item page-item-7\"><a href=\"https:\/\/miteytitan.com\/fr\/checkout\/\">V\u00e9rifier<\/a><\/li>\n<li class=\"page_item page-item-6\"><a href=\"https:\/\/miteytitan.com\/fr\/cart\/\">Panier<\/a><\/li>\n<li class=\"page_item page-item-5\"><a href=\"https:\/\/miteytitan.com\/fr\/our-products\/\">Nos produits<\/a><\/li>\n<li class=\"page_item page-item-3\"><a href=\"https:\/\/miteytitan.com\/fr\/privacy-policy\/\">politique de confidentialit\u00e9<\/a><\/li>\n<li class=\"page_item page-item-2\"><a href=\"https:\/\/miteytitan.com\/fr\/\">Maison<\/a><\/li>\n<\/ul>\n<h2 class=\"wsp-products-title\">Produits<\/h2>\n<ul class=\"wsp-products-list\">\n<li><a href=\"https:\/\/miteytitan.com\/fr\/product\/pas02-relay-harness\/\">Faisceau de relais PAS02<\/a><\/li>\n<li><a href=\"https:\/\/miteytitan.com\/fr\/product\/rs-bags\/\">Sacs RS<\/a><\/li>\n<li><a href=\"https:\/\/miteytitan.com\/fr\/product\/power-tongs\/\">Pinces \u00e9lectriques<\/a><\/li>\n<li><a href=\"https:\/\/miteytitan.com\/fr\/product\/pas01-wire-harness\/\">Faisceau de c\u00e2bles PAS01<\/a><\/li>\n<li><a href=\"https:\/\/miteytitan.com\/fr\/product\/bushings\/\">Bagues<\/a><\/li>\n<li><a href=\"https:\/\/miteytitan.com\/fr\/product\/slips\/\">Glissades<\/a><\/li>\n<li><a href=\"https:\/\/miteytitan.com\/fr\/product\/rotary-table\/\">Table rotative<\/a><\/li>\n<li><a href=\"https:\/\/miteytitan.com\/fr\/product\/modular-offshore-hydraulic-workover-units\/\">Unit\u00e9s de reconditionnement hydrauliques offshore modulaires<\/a><\/li>\n<li><a href=\"https:\/\/miteytitan.com\/fr\/product\/gin-pole\/\">P\u00f4le Gin<\/a><\/li>\n<li><a href=\"https:\/\/miteytitan.com\/fr\/product\/load-manager-skidding-system\/\">Gestionnaire de charge avanc\u00e9 et syst\u00e8mes de d\u00e9rapage<\/a><\/li>\n<li><a href=\"https:\/\/miteytitan.com\/fr\/product\/centrifugal-pump\/\">Pompe centrifuge<\/a><\/li>\n<li><a href=\"https:\/\/miteytitan.com\/fr\/product\/degasser-hopper\/\">D\u00e9gazeur\/Tr\u00e9mie<\/a><\/li>\n<li><a href=\"https:\/\/miteytitan.com\/fr\/product\/gravel-pack-blender-and-sand-mixing-units\/\">Unit\u00e9s de m\u00e9lange de gravier et de sable<\/a><\/li>\n<li><a href=\"https:\/\/miteytitan.com\/fr\/product\/hydraulic-power-pack\/\">Groupe hydraulique<\/a><\/li>\n<li><a href=\"https:\/\/miteytitan.com\/fr\/product\/standalone-hydraulic-workover-units\/\">Unit\u00e9s de reconditionnement hydrauliques autonomes<\/a><\/li>\n<li><a href=\"https:\/\/miteytitan.com\/fr\/product\/rig-assisted-hydraulic-workover-units\/\">Unit\u00e9s de reconditionnement hydrauliques assist\u00e9es par plate-forme<\/a><\/li>\n<li><a href=\"https:\/\/miteytitan.com\/fr\/product\/mini-snubbing-units\/\">Mini-unit\u00e9s de snubbing<\/a><\/li>\n<li><a href=\"https:\/\/miteytitan.com\/fr\/product\/mitey-titan-safety-workover-platforms\/\">Plateformes de reconditionnement s\u00e9curis\u00e9es<\/a><\/li>\n<li><a href=\"https:\/\/miteytitan.com\/fr\/product\/mud-pumps-mud-tanks\/\">Pompes \u00e0 boue et r\u00e9servoirs \u00e0 boue<\/a><\/li>\n<li><a href=\"https:\/\/miteytitan.com\/fr\/product\/manual-and-hydraulic-catwalks\/\">Passerelles manuelles et hydrauliques<\/a><\/li>\n<li><a href=\"https:\/\/miteytitan.com\/fr\/product\/oilfield-freeze-units\/\">Unit\u00e9s de cong\u00e9lation<\/a><\/li>\n<li><a href=\"https:\/\/miteytitan.com\/fr\/product\/ground-handling-systems\/\">Syst\u00e8mes de manutention au sol<\/a><\/li>\n<li><a href=\"https:\/\/miteytitan.com\/fr\/product\/land-rigs\/\">Plateformes terrestres<\/a><\/li>\n<li><a href=\"https:\/\/miteytitan.com\/fr\/product\/drilling-rigs\/\">Appareils de forage<\/a><\/li>\n<li><a href=\"https:\/\/miteytitan.com\/fr\/product\/multi-service-plug-abandonment-decommissioning-units\/\">Unit\u00e9s multiservices de mise hors service et d&#039;abandon<\/a><\/li>\n<li><a href=\"https:\/\/miteytitan.com\/fr\/product\/pas01\/\">PAS01<\/a><\/li>\n<li><a href=\"https:\/\/miteytitan.com\/fr\/product\/pas02\/\">PAS02<\/a><\/li>\n<li><a href=\"https:\/\/miteytitan.com\/fr\/product\/volvo-d13-kit-manual\/\">Kit Volvo D13<\/a><\/li>\n<li><a href=\"https:\/\/miteytitan.com\/fr\/product\/volvo-d13-kit-auto-reset\/\">Kit Volvo D13<\/a><\/li>\n<li><a href=\"https:\/\/miteytitan.com\/fr\/product\/volvo-d16-kit-manual\/\">Kit Volvo D16<\/a><\/li>\n<li><a href=\"https:\/\/miteytitan.com\/fr\/product\/volvo-d16-kit-auto-reset\/\">Kit Volvo D16<\/a><\/li>\n<li><a href=\"https:\/\/miteytitan.com\/fr\/product\/ford-emergency-shutoff-switch\/\">Interrupteur d&#039;arr\u00eat d&#039;urgence Ford<\/a><\/li>\n<li><a href=\"https:\/\/miteytitan.com\/fr\/product\/gmc-chevrolet-emergency-shutoff-switch\/\">Interrupteur d&#039;arr\u00eat d&#039;urgence GMC \/ Chevrolet<\/a><\/li>\n<li><a href=\"https:\/\/miteytitan.com\/fr\/product\/dodoge-emergency-shutoff-switch-year-2013-and-above\/\">Interrupteur d&#039;arr\u00eat d&#039;urgence Dodge<\/a><\/li>\n<li><a href=\"https:\/\/miteytitan.com\/fr\/product\/90-degree-hose\/\">Tuyau \u00e0 90\u00b0<\/a><\/li>\n<li><a href=\"https:\/\/miteytitan.com\/fr\/product\/45-degree-hose\/\">Tuyau \u00e0 45\u00b0<\/a><\/li>\n<li><a href=\"https:\/\/miteytitan.com\/fr\/product\/standard-hose\/\">Tuyau standard<\/a><\/li>\n<li><a href=\"https:\/\/miteytitan.com\/fr\/product\/hump-hose\/\">Tuyau \u00e0 bosse<\/a><\/li>\n<li><a href=\"https:\/\/miteytitan.com\/fr\/product\/reducer-hose\/\">Tuyau r\u00e9ducteur<\/a><\/li>\n<li><a href=\"https:\/\/miteytitan.com\/fr\/product\/v-clamp-hose\/\">Collier de serrage en V pour tuyau<\/a><\/li>\n<li><a href=\"https:\/\/miteytitan.com\/fr\/product\/v-clamp\/\">Collier de serrage en V<\/a><\/li>\n<li><a href=\"https:\/\/miteytitan.com\/fr\/product\/pull-cable\/\">C\u00e2ble de traction<\/a><\/li>\n<li><a href=\"https:\/\/miteytitan.com\/fr\/product\/solenoid\/\">Kit sol\u00e9no\u00efde<\/a><\/li>\n<li><a href=\"https:\/\/miteytitan.com\/fr\/product\/hose-barb-t-clamps\/\">Colliers de serrage en T pour flexibles cannel\u00e9s<\/a><\/li>\n<li><a href=\"https:\/\/miteytitan.com\/fr\/product\/auto-trip-rpm-switch\/\">Harnais de tr\/min pour d\u00e9clenchement automatique<\/a><\/li>\n<li><a href=\"https:\/\/miteytitan.com\/fr\/product\/magnetic-pick-up\/\">Capteur magn\u00e9tique<\/a><\/li>\n<li><a href=\"https:\/\/miteytitan.com\/fr\/product\/coupling\/\">Couplage<\/a><\/li>\n<li><a href=\"https:\/\/miteytitan.com\/fr\/product\/payout-winch\/\">Treuil de paiement<\/a><\/li>\n<li><a href=\"https:\/\/miteytitan.com\/fr\/product\/hanger-flanges\/\">Brides de suspension<\/a><\/li>\n<li><a href=\"https:\/\/miteytitan.com\/fr\/product\/hydraulic-workover-pulling-unit\/\">Unit\u00e9 de reconditionnement hydraulique (HWO)<\/a><\/li>\n<li><a href=\"https:\/\/miteytitan.com\/fr\/product\/mitey-titan-crossover-spools-adapters-and-tees\/\">Bobines, adaptateurs et t\u00e9s crois\u00e9s Mitey Titan<\/a><\/li>\n<li><a href=\"https:\/\/miteytitan.com\/fr\/product\/rs-stripping-head\/\">T\u00eate de d\u00e9nudage RS<\/a><\/li>\n<\/ul>\n<\/div>\n                                                                                                    <\/div>\n                  <\/div>\n      <\/div>\n    <\/div><\/div><\/div><\/div>","protected":false},"excerpt":{"rendered":"Pages Privacy Policy Site Map Terms and Conditions Positive Air Shutoff Valves Diesel Engine Safety Offshore Products Onshore Products Our Group Careers General Terms and Conditions of Sale Website Terms of Use Returns Contact Our Services Find Manuals &#038; Brochures My account Checkout Cart Our Products Privacy Policy Home Products PAS02 Relay Harness RS Bags [...]","protected":false},"author":205,"featured_media":0,"parent":0,"menu_order":0,"comment_status":"closed","ping_status":"closed","template":"","meta":{"_acf_changed":false,"om_disable_all_campaigns":false,"_monsterinsights_skip_tracking":false,"_monsterinsights_sitenote_active":false,"_monsterinsights_sitenote_note":"","_monsterinsights_sitenote_category":0,"footnotes":""},"class_list":["post-13555","page","type-page","status-publish","hentry"],"acf":[],"aioseo_notices":[],"yoast_head":"<!-- This site is optimized with the Yoast SEO plugin v27.5 - https:\/\/yoast.com\/product\/yoast-seo-wordpress\/ -->\n<title>Site Map - Mitey Titan Industries Inc<\/title>\n<meta name=\"robots\" content=\"index, follow, max-snippet:-1, max-image-preview:large, max-video-preview:-1\" \/>\n<link rel=\"canonical\" href=\"https:\/\/miteytitan.com\/fr\/site-map\/\" \/>\n<meta property=\"og:locale\" content=\"fr_CA\" \/>\n<meta property=\"og:type\" content=\"article\" \/>\n<meta property=\"og:title\" content=\"Site Map - Mitey Titan Industries Inc\" \/>\n<meta property=\"og:url\" content=\"https:\/\/miteytitan.com\/fr\/site-map\/\" \/>\n<meta property=\"og:site_name\" content=\"Mitey Titan Industries Inc\" \/>\n<meta property=\"article:publisher\" content=\"https:\/\/www.facebook.com\/miteytitanindustriesinc\/\" \/>\n<meta property=\"article:modified_time\" content=\"2024-09-05T17:42:00+00:00\" \/>\n<meta name=\"twitter:card\" content=\"summary_large_image\" \/>\n<meta name=\"twitter:label1\" content=\"Est. reading time\" \/>\n\t<meta name=\"twitter:data1\" content=\"1 minute\" \/>\n<script type=\"application\/ld+json\" class=\"yoast-schema-graph\">{\"@context\":\"https:\\\/\\\/schema.org\",\"@graph\":[{\"@type\":\"WebPage\",\"@id\":\"https:\\\/\\\/miteytitan.com\\\/site-map\\\/\",\"url\":\"https:\\\/\\\/miteytitan.com\\\/site-map\\\/\",\"name\":\"Site Map - Mitey Titan Industries Inc\",\"isPartOf\":{\"@id\":\"https:\\\/\\\/miteytitan.com\\\/#website\"},\"datePublished\":\"2024-09-04T23:43:20+00:00\",\"dateModified\":\"2024-09-05T17:42:00+00:00\",\"breadcrumb\":{\"@id\":\"https:\\\/\\\/miteytitan.com\\\/site-map\\\/#breadcrumb\"},\"inLanguage\":\"fr-CA\",\"potentialAction\":[{\"@type\":\"ReadAction\",\"target\":[\"https:\\\/\\\/miteytitan.com\\\/site-map\\\/\"]}]},{\"@type\":\"BreadcrumbList\",\"@id\":\"https:\\\/\\\/miteytitan.com\\\/site-map\\\/#breadcrumb\",\"itemListElement\":[{\"@type\":\"ListItem\",\"position\":1,\"name\":\"Home\",\"item\":\"https:\\\/\\\/miteytitan.com\\\/\"},{\"@type\":\"ListItem\",\"position\":2,\"name\":\"Site Map\"}]},{\"@type\":\"WebSite\",\"@id\":\"https:\\\/\\\/miteytitan.com\\\/#website\",\"url\":\"https:\\\/\\\/miteytitan.com\\\/\",\"name\":\"Mitey Titan Industries Inc\",\"description\":\"The Future ||Is {{Mitey}}\",\"publisher\":{\"@id\":\"https:\\\/\\\/miteytitan.com\\\/#organization\"},\"potentialAction\":[{\"@type\":\"SearchAction\",\"target\":{\"@type\":\"EntryPoint\",\"urlTemplate\":\"https:\\\/\\\/miteytitan.com\\\/?s={search_term_string}\"},\"query-input\":{\"@type\":\"PropertyValueSpecification\",\"valueRequired\":true,\"valueName\":\"search_term_string\"}}],\"inLanguage\":\"fr-CA\"},{\"@type\":\"Organization\",\"@id\":\"https:\\\/\\\/miteytitan.com\\\/#organization\",\"name\":\"Mitey Titan Industries Inc\",\"url\":\"https:\\\/\\\/miteytitan.com\\\/\",\"logo\":{\"@type\":\"ImageObject\",\"inLanguage\":\"fr-CA\",\"@id\":\"https:\\\/\\\/miteytitan.com\\\/#\\\/schema\\\/logo\\\/image\\\/\",\"url\":\"https:\\\/\\\/miteytitan.com\\\/wp-content\\\/uploads\\\/2024\\\/08\\\/miteytitan_logo.png\",\"contentUrl\":\"https:\\\/\\\/miteytitan.com\\\/wp-content\\\/uploads\\\/2024\\\/08\\\/miteytitan_logo.png\",\"width\":256,\"height\":60,\"caption\":\"Mitey Titan Industries Inc\"},\"image\":{\"@id\":\"https:\\\/\\\/miteytitan.com\\\/#\\\/schema\\\/logo\\\/image\\\/\"},\"sameAs\":[\"https:\\\/\\\/www.facebook.com\\\/miteytitanindustriesinc\\\/\",\"https:\\\/\\\/www.linkedin.com\\\/company\\\/mitey-titan-industries-inc.\",\"https:\\\/\\\/www.instagram.com\\\/miteytitan\\\/\",\"https:\\\/\\\/www.youtube.com\\\/channel\\\/UCwfPhYcHE5oLLdR1hjuRKJQ\"]}]}<\/script>\n<!-- \/ Yoast SEO plugin. -->","yoast_head_json":{"title":"Site Map - Mitey Titan Industries Inc","robots":{"index":"index","follow":"follow","max-snippet":"max-snippet:-1","max-image-preview":"max-image-preview:large","max-video-preview":"max-video-preview:-1"},"canonical":"https:\/\/miteytitan.com\/fr\/site-map\/","og_locale":"fr_CA","og_type":"article","og_title":"Site Map - Mitey Titan Industries Inc","og_url":"https:\/\/miteytitan.com\/fr\/site-map\/","og_site_name":"Mitey Titan Industries Inc","article_publisher":"https:\/\/www.facebook.com\/miteytitanindustriesinc\/","article_modified_time":"2024-09-05T17:42:00+00:00","twitter_card":"summary_large_image","twitter_misc":{"Est. reading time":"1 minute"},"schema":{"@context":"https:\/\/schema.org","@graph":[{"@type":"WebPage","@id":"https:\/\/miteytitan.com\/site-map\/","url":"https:\/\/miteytitan.com\/site-map\/","name":"Site Map - Mitey Titan Industries Inc","isPartOf":{"@id":"https:\/\/miteytitan.com\/#website"},"datePublished":"2024-09-04T23:43:20+00:00","dateModified":"2024-09-05T17:42:00+00:00","breadcrumb":{"@id":"https:\/\/miteytitan.com\/site-map\/#breadcrumb"},"inLanguage":"fr-CA","potentialAction":[{"@type":"ReadAction","target":["https:\/\/miteytitan.com\/site-map\/"]}]},{"@type":"BreadcrumbList","@id":"https:\/\/miteytitan.com\/site-map\/#breadcrumb","itemListElement":[{"@type":"ListItem","position":1,"name":"Home","item":"https:\/\/miteytitan.com\/"},{"@type":"ListItem","position":2,"name":"Site Map"}]},{"@type":"WebSite","@id":"https:\/\/miteytitan.com\/#website","url":"https:\/\/miteytitan.com\/","name":"Mitey Titan Industries Inc","description":"L&#039;avenir || est {{Mitey}}","publisher":{"@id":"https:\/\/miteytitan.com\/#organization"},"potentialAction":[{"@type":"SearchAction","target":{"@type":"EntryPoint","urlTemplate":"https:\/\/miteytitan.com\/?s={search_term_string}"},"query-input":{"@type":"PropertyValueSpecification","valueRequired":true,"valueName":"search_term_string"}}],"inLanguage":"fr-CA"},{"@type":"Organization","@id":"https:\/\/miteytitan.com\/#organization","name":"Mitey Titan Industries Inc","url":"https:\/\/miteytitan.com\/","logo":{"@type":"ImageObject","inLanguage":"fr-CA","@id":"https:\/\/miteytitan.com\/#\/schema\/logo\/image\/","url":"https:\/\/miteytitan.com\/wp-content\/uploads\/2024\/08\/miteytitan_logo.png","contentUrl":"https:\/\/miteytitan.com\/wp-content\/uploads\/2024\/08\/miteytitan_logo.png","width":256,"height":60,"caption":"Mitey Titan Industries Inc"},"image":{"@id":"https:\/\/miteytitan.com\/#\/schema\/logo\/image\/"},"sameAs":["https:\/\/www.facebook.com\/miteytitanindustriesinc\/","https:\/\/www.linkedin.com\/company\/mitey-titan-industries-inc.","https:\/\/www.instagram.com\/miteytitan\/","https:\/\/www.youtube.com\/channel\/UCwfPhYcHE5oLLdR1hjuRKJQ"]}]}},"_links":{"self":[{"href":"https:\/\/miteytitan.com\/fr\/wp-json\/wp\/v2\/pages\/13555","targetHints":{"allow":["GET"]}}],"collection":[{"href":"https:\/\/miteytitan.com\/fr\/wp-json\/wp\/v2\/pages"}],"about":[{"href":"https:\/\/miteytitan.com\/fr\/wp-json\/wp\/v2\/types\/page"}],"author":[{"embeddable":true,"href":"https:\/\/miteytitan.com\/fr\/wp-json\/wp\/v2\/users\/205"}],"replies":[{"embeddable":true,"href":"https:\/\/miteytitan.com\/fr\/wp-json\/wp\/v2\/comments?post=13555"}],"version-history":[{"count":2,"href":"https:\/\/miteytitan.com\/fr\/wp-json\/wp\/v2\/pages\/13555\/revisions"}],"predecessor-version":[{"id":13568,"href":"https:\/\/miteytitan.com\/fr\/wp-json\/wp\/v2\/pages\/13555\/revisions\/13568"}],"wp:attachment":[{"href":"https:\/\/miteytitan.com\/fr\/wp-json\/wp\/v2\/media?parent=13555"}],"curies":[{"name":"wp","href":"https:\/\/api.w.org\/{rel}","templated":true}]}}