{"id":10586,"date":"2020-10-26T14:28:31","date_gmt":"2020-10-26T20:28:31","guid":{"rendered":"http:\/\/159.203.44.46\/?page_id=10586"},"modified":"2024-09-13T13:52:23","modified_gmt":"2024-09-13T19:52:23","slug":"careers","status":"publish","type":"page","link":"https:\/\/miteytitan.com\/fr\/careers\/","title":{"rendered":"Carri\u00e8res"},"content":{"rendered":"<div class=\"section row has-outline right dark row-side full no-gutters\"><div class=\"col-sm-12 col-lg-5 col-md-4\"><div class=\"col-inner\">\n\t<div  class=\"wpb_single_image wpb_content_element text-left\">\n\t\t\n\t\t<figure class=\"wpb_wrapper vc_figure\">\n\t\t\t<div class=\"vc_single_image-wrapper   vc_box_border_grey\"><img decoding=\"async\" width=\"656\" height=\"906\" src=\"https:\/\/miteytitan.com\/wp-content\/uploads\/2024\/08\/miteytitan_figure_career_01.jpg\" class=\"obj-img img-fluid attachment-full web3-load img-fluid\" alt=\"\" title=\"miteytitan_figure_carriere_01\" srcset=\"https:\/\/miteytitan.com\/wp-content\/uploads\/2024\/08\/miteytitan_figure_career_01.jpg 656w, https:\/\/miteytitan.com\/wp-content\/uploads\/2024\/08\/miteytitan_figure_career_01-217x300.jpg 217w, https:\/\/miteytitan.com\/wp-content\/uploads\/2024\/08\/miteytitan_figure_career_01-600x829.jpg 600w\" sizes=\"auto, (max-width: 656px) 100vw, 656px\" loading=\"lazy\" \/><\/div>\n\t\t<\/figure>\n\t<\/div>\n<\/div><\/div><div class=\"side-1 col-sm-12 col-lg-7 col-md-8 column-has-ex column-has-ex-prev\"><span class=\"deco deco-initial\"><span class=\"obj-svg-holder\"><span class=\"obj-svg-wrap\"><svg xmlns=\"http:\/\/www.w3.org\/2000\/svg\" width=\"415.261\" height=\"394.994\" viewbox=\"0 0 415.261 394.994\" fill=\"currentColor\" preserveaspectratio=\"xMinYMin\">\n  <path d=\"M267.855,0a16.624,16.624,0,0,1-.988,1.818L160.513,146.3l-1.35,1.649c-.356-.6-.672-1.033-.909-1.508L83.105,1.581C82.829,1.067,82.67.514,82.445,0H0V394.994H2.208L25.321,101.079l1.31,2.135q34.356,62.472,68.858,124.762l49.2,89.424c1.3,2.259,3.2,2.3,4.981,0l52.053-66.8,96.189-123.667,1.9-2.293L278.527,394.994h105.41L415.261,0Z\"\/>\n<\/svg><\/span><\/span><\/span><div class=\"col-inner\">      <div class=\"obj-content obj obj-content-style-0 py-40 px-15 py-md-60 pl-md-30 pr-md-0 py-lg-100 pl-lg-60 pr-lg-0\">\n        <div class=\"obj-inner-wrap\">\n                    <div class=\"obj-inner\">\n                      <h3 class=\"obj-title\">Comment faire <b>\u00eatre avare<\/b> <br>&amp; devenir <b>un titan<\/b><\/h3>            <h3 class=\"mb-20 obj-title-sub\"><small class=\"text-small\">\u00ab Fueling Careers : rejoignez notre \u00e9quipe et propulsez votre avenir dans l&#039;industrie p\u00e9troli\u00e8re et gazi\u00e8re ! \u00bb<\/small><\/h3>                                                    <p>Rejoignez notre \u00e9quipe chez Mitey Titan Industries Inc. et participez \u00e0 la r\u00e9volution de la fabrication dans l&#039;industrie p\u00e9troli\u00e8re et gazi\u00e8re ! Fond\u00e9e en 2004, nous sommes devenus un leader mondial, offrant des opportunit\u00e9s de carri\u00e8re passionnantes dans la conception, le d\u00e9veloppement, la qualit\u00e9 et la production innovants. Sp\u00e9cialis\u00e9es dans les machines \u00e0 haut rendement et ax\u00e9es sur la s\u00e9curit\u00e9, nos solutions personnalisables s&#039;adressent \u00e0 diverses industries. \u00c9quip\u00e9s de technologies et de machines de pointe, nous offrons un environnement collaboratif o\u00f9 vos comp\u00e9tences et vos id\u00e9es peuvent s&#039;\u00e9panouir. Explorez notre page carri\u00e8re pour conna\u00eetre les offres d&#039;emploi dans l&#039;ing\u00e9nierie, la fabrication, la R&amp;D et plus encore, et rejoignez-nous pour fa\u00e7onner l&#039;avenir de la fabrication !<\/p>\n                                                                                                    <\/div>\n                  <\/div>\n      <\/div>\n    <\/div><\/div><\/div><div class=\"section row vc_custom_1725052916050 dark row-side full row-has-fill no-gutters\"><div class=\"col-sm-12\"><div class=\"col-inner\">        <\/div><\/div><\/div>","protected":false},"excerpt":{"rendered":"How to be mitey &amp; become a titan \u201cFueling Careers: Join Our Team and Power Your Future in the Oil &amp; Gas Industry!\" Join Our Team at Mitey Titan Industries Inc. and Be Part of Revolutionizing Manufacturing in the Oil &amp; Gas Industry! Founded in 2004, we've grown into a global leader, offering exciting career [...]","protected":false},"author":151,"featured_media":0,"parent":0,"menu_order":5,"comment_status":"closed","ping_status":"closed","template":"","meta":{"_acf_changed":false,"om_disable_all_campaigns":false,"_monsterinsights_skip_tracking":false,"_monsterinsights_sitenote_active":false,"_monsterinsights_sitenote_note":"","_monsterinsights_sitenote_category":0,"footnotes":""},"class_list":["post-10586","page","type-page","status-publish","hentry"],"acf":[],"aioseo_notices":[],"yoast_head":"<!-- This site is optimized with the Yoast SEO plugin v27.5 - https:\/\/yoast.com\/product\/yoast-seo-wordpress\/ -->\n<title>Careers - Mitey Titan Industries Inc<\/title>\n<meta name=\"robots\" content=\"index, follow, max-snippet:-1, max-image-preview:large, max-video-preview:-1\" \/>\n<link rel=\"canonical\" href=\"https:\/\/miteytitan.com\/fr\/careers\/\" \/>\n<meta property=\"og:locale\" content=\"fr_CA\" \/>\n<meta property=\"og:type\" content=\"article\" \/>\n<meta property=\"og:title\" content=\"Careers - Mitey Titan Industries Inc\" \/>\n<meta property=\"og:url\" content=\"https:\/\/miteytitan.com\/fr\/careers\/\" \/>\n<meta property=\"og:site_name\" content=\"Mitey Titan Industries Inc\" \/>\n<meta property=\"article:publisher\" content=\"https:\/\/www.facebook.com\/miteytitanindustriesinc\/\" \/>\n<meta property=\"article:modified_time\" content=\"2024-09-13T19:52:23+00:00\" \/>\n<meta name=\"twitter:card\" content=\"summary_large_image\" \/>\n<meta name=\"twitter:label1\" content=\"Est. reading time\" \/>\n\t<meta name=\"twitter:data1\" content=\"1 minute\" \/>\n<script type=\"application\/ld+json\" class=\"yoast-schema-graph\">{\"@context\":\"https:\\\/\\\/schema.org\",\"@graph\":[{\"@type\":\"WebPage\",\"@id\":\"https:\\\/\\\/miteytitan.com\\\/careers\\\/\",\"url\":\"https:\\\/\\\/miteytitan.com\\\/careers\\\/\",\"name\":\"Careers - Mitey Titan Industries Inc\",\"isPartOf\":{\"@id\":\"https:\\\/\\\/miteytitan.com\\\/#website\"},\"datePublished\":\"2020-10-26T20:28:31+00:00\",\"dateModified\":\"2024-09-13T19:52:23+00:00\",\"breadcrumb\":{\"@id\":\"https:\\\/\\\/miteytitan.com\\\/careers\\\/#breadcrumb\"},\"inLanguage\":\"fr-CA\",\"potentialAction\":[{\"@type\":\"ReadAction\",\"target\":[\"https:\\\/\\\/miteytitan.com\\\/careers\\\/\"]}]},{\"@type\":\"BreadcrumbList\",\"@id\":\"https:\\\/\\\/miteytitan.com\\\/careers\\\/#breadcrumb\",\"itemListElement\":[{\"@type\":\"ListItem\",\"position\":1,\"name\":\"Home\",\"item\":\"https:\\\/\\\/miteytitan.com\\\/\"},{\"@type\":\"ListItem\",\"position\":2,\"name\":\"Careers\"}]},{\"@type\":\"WebSite\",\"@id\":\"https:\\\/\\\/miteytitan.com\\\/#website\",\"url\":\"https:\\\/\\\/miteytitan.com\\\/\",\"name\":\"Mitey Titan Industries Inc\",\"description\":\"The Future ||Is {{Mitey}}\",\"publisher\":{\"@id\":\"https:\\\/\\\/miteytitan.com\\\/#organization\"},\"potentialAction\":[{\"@type\":\"SearchAction\",\"target\":{\"@type\":\"EntryPoint\",\"urlTemplate\":\"https:\\\/\\\/miteytitan.com\\\/?s={search_term_string}\"},\"query-input\":{\"@type\":\"PropertyValueSpecification\",\"valueRequired\":true,\"valueName\":\"search_term_string\"}}],\"inLanguage\":\"fr-CA\"},{\"@type\":\"Organization\",\"@id\":\"https:\\\/\\\/miteytitan.com\\\/#organization\",\"name\":\"Mitey Titan Industries Inc\",\"url\":\"https:\\\/\\\/miteytitan.com\\\/\",\"logo\":{\"@type\":\"ImageObject\",\"inLanguage\":\"fr-CA\",\"@id\":\"https:\\\/\\\/miteytitan.com\\\/#\\\/schema\\\/logo\\\/image\\\/\",\"url\":\"https:\\\/\\\/miteytitan.com\\\/wp-content\\\/uploads\\\/2024\\\/08\\\/miteytitan_logo.png\",\"contentUrl\":\"https:\\\/\\\/miteytitan.com\\\/wp-content\\\/uploads\\\/2024\\\/08\\\/miteytitan_logo.png\",\"width\":256,\"height\":60,\"caption\":\"Mitey Titan Industries Inc\"},\"image\":{\"@id\":\"https:\\\/\\\/miteytitan.com\\\/#\\\/schema\\\/logo\\\/image\\\/\"},\"sameAs\":[\"https:\\\/\\\/www.facebook.com\\\/miteytitanindustriesinc\\\/\",\"https:\\\/\\\/www.linkedin.com\\\/company\\\/mitey-titan-industries-inc.\",\"https:\\\/\\\/www.instagram.com\\\/miteytitan\\\/\",\"https:\\\/\\\/www.youtube.com\\\/channel\\\/UCwfPhYcHE5oLLdR1hjuRKJQ\"]}]}<\/script>\n<!-- \/ Yoast SEO plugin. -->","yoast_head_json":{"title":"Careers - Mitey Titan Industries Inc","robots":{"index":"index","follow":"follow","max-snippet":"max-snippet:-1","max-image-preview":"max-image-preview:large","max-video-preview":"max-video-preview:-1"},"canonical":"https:\/\/miteytitan.com\/fr\/careers\/","og_locale":"fr_CA","og_type":"article","og_title":"Careers - Mitey Titan Industries Inc","og_url":"https:\/\/miteytitan.com\/fr\/careers\/","og_site_name":"Mitey Titan Industries Inc","article_publisher":"https:\/\/www.facebook.com\/miteytitanindustriesinc\/","article_modified_time":"2024-09-13T19:52:23+00:00","twitter_card":"summary_large_image","twitter_misc":{"Est. reading time":"1 minute"},"schema":{"@context":"https:\/\/schema.org","@graph":[{"@type":"WebPage","@id":"https:\/\/miteytitan.com\/careers\/","url":"https:\/\/miteytitan.com\/careers\/","name":"Careers - Mitey Titan Industries Inc","isPartOf":{"@id":"https:\/\/miteytitan.com\/#website"},"datePublished":"2020-10-26T20:28:31+00:00","dateModified":"2024-09-13T19:52:23+00:00","breadcrumb":{"@id":"https:\/\/miteytitan.com\/careers\/#breadcrumb"},"inLanguage":"fr-CA","potentialAction":[{"@type":"ReadAction","target":["https:\/\/miteytitan.com\/careers\/"]}]},{"@type":"BreadcrumbList","@id":"https:\/\/miteytitan.com\/careers\/#breadcrumb","itemListElement":[{"@type":"ListItem","position":1,"name":"Home","item":"https:\/\/miteytitan.com\/"},{"@type":"ListItem","position":2,"name":"Careers"}]},{"@type":"WebSite","@id":"https:\/\/miteytitan.com\/#website","url":"https:\/\/miteytitan.com\/","name":"Mitey Titan Industries Inc","description":"L&#039;avenir || est {{Mitey}}","publisher":{"@id":"https:\/\/miteytitan.com\/#organization"},"potentialAction":[{"@type":"SearchAction","target":{"@type":"EntryPoint","urlTemplate":"https:\/\/miteytitan.com\/?s={search_term_string}"},"query-input":{"@type":"PropertyValueSpecification","valueRequired":true,"valueName":"search_term_string"}}],"inLanguage":"fr-CA"},{"@type":"Organization","@id":"https:\/\/miteytitan.com\/#organization","name":"Mitey Titan Industries Inc","url":"https:\/\/miteytitan.com\/","logo":{"@type":"ImageObject","inLanguage":"fr-CA","@id":"https:\/\/miteytitan.com\/#\/schema\/logo\/image\/","url":"https:\/\/miteytitan.com\/wp-content\/uploads\/2024\/08\/miteytitan_logo.png","contentUrl":"https:\/\/miteytitan.com\/wp-content\/uploads\/2024\/08\/miteytitan_logo.png","width":256,"height":60,"caption":"Mitey Titan Industries Inc"},"image":{"@id":"https:\/\/miteytitan.com\/#\/schema\/logo\/image\/"},"sameAs":["https:\/\/www.facebook.com\/miteytitanindustriesinc\/","https:\/\/www.linkedin.com\/company\/mitey-titan-industries-inc.","https:\/\/www.instagram.com\/miteytitan\/","https:\/\/www.youtube.com\/channel\/UCwfPhYcHE5oLLdR1hjuRKJQ"]}]}},"_links":{"self":[{"href":"https:\/\/miteytitan.com\/fr\/wp-json\/wp\/v2\/pages\/10586","targetHints":{"allow":["GET"]}}],"collection":[{"href":"https:\/\/miteytitan.com\/fr\/wp-json\/wp\/v2\/pages"}],"about":[{"href":"https:\/\/miteytitan.com\/fr\/wp-json\/wp\/v2\/types\/page"}],"author":[{"embeddable":true,"href":"https:\/\/miteytitan.com\/fr\/wp-json\/wp\/v2\/users\/151"}],"replies":[{"embeddable":true,"href":"https:\/\/miteytitan.com\/fr\/wp-json\/wp\/v2\/comments?post=10586"}],"version-history":[{"count":21,"href":"https:\/\/miteytitan.com\/fr\/wp-json\/wp\/v2\/pages\/10586\/revisions"}],"predecessor-version":[{"id":14127,"href":"https:\/\/miteytitan.com\/fr\/wp-json\/wp\/v2\/pages\/10586\/revisions\/14127"}],"wp:attachment":[{"href":"https:\/\/miteytitan.com\/fr\/wp-json\/wp\/v2\/media?parent=10586"}],"curies":[{"name":"wp","href":"https:\/\/api.w.org\/{rel}","templated":true}]}}